{"id":9118,"date":"2019-02-28T13:22:04","date_gmt":"2019-02-28T13:22:04","guid":{"rendered":"https:\/\/emailchef.com\/?page_id=9118"},"modified":"2021-07-27T10:04:29","modified_gmt":"2021-07-27T10:04:29","slug":"email-marketing-wordpress-newsletter-lead-generator","status":"publish","type":"page","link":"https:\/\/www.emailchef.com\/it\/email-marketing-wordpress-newsletter-lead-generator\/","title":{"rendered":"Newsletter con WordPress: i plugin pi\u00f9 efficaci per l\u2019email marketing"},"content":{"rendered":"<h3>La generazione di lead attraverso il contact form<\/h3>\n<p><strong>Il form per i contatti \u00e8 il principale strumento<\/strong> a disposizione di un sito internet per acquisire nuovi contatti (<em>lead generation<\/em>). <a href=\"https:\/\/wpforms.com\/8-reasons-why-you-need-a-contact-form\/\" target=\"_blank\" rel=\"noopener\">I benefici sono numerosi<\/a> e spaziano dalla protezione della propria casella email rispetto allo SPAM, sino alla possibilit\u00e0 di offrire l\u2019iscrizione alla newsletter.<\/p>\n<p>L\u2019utente deve essere <strong>molto motivato<\/strong> per inserire i suoi dati e &#8211; soprattutto! &#8211; l\u2019indirizzo email all\u2019interno di un form. Anche se tale operazione richiedesse meno di un minuto, questo \u00e8 un momento cruciale per guadagnarsi un nuovo contatto. Alcune <strong>pratiche diffuse<\/strong> <strong>prevedono un \u201comaggio\u201d a sottoscrizione avvenuta<\/strong>, come l\u2019invio via email di un ebook, un catalogo o un buono sconto per il primo acquisto.<\/p>\n<p>Anche<strong> l\u2019iscrizione alla newsletter<\/strong> pu\u00f2 essere una motivazione sufficiente, sempre che il contenuto del sito internet abbia suscitato il convinto interesse dell\u2019utente. <strong>Una formula utile per questo<\/strong> potrebbe essere la casella (in cui l\u2019utente deve apporre la spunta) \u201cAcconsento a rimanere aggiornato su servizi e iniziative promozionali\u201d.<\/p>\n<p>Ogni nuovo contatto &#8211; o <em>lead<\/em> &#8211; ottenuto attraverso il form \u00e8 quindi una <strong>risorsa preziosa<\/strong>, un potenziale cliente. Esso deve essere trasferito nel database aziendale e preferibilmente inserito in una lista. Opportunamente, molte aziende ripartiscono gli indirizzi email dei <em>lead<\/em> in diversi <strong>elenchi \u201ctematici\u201d<\/strong>, le liste appunto. Alcuni esempi di liste sono i contatti istituzionali, i fornitori, gli acquirenti di un determinato prodotto e cos\u00ec via. Ogni gruppo pu\u00f2 essere soggetto a una comunicazione differente e specifica.<\/p>\n<p>Il <strong>caricamento del nuovo <em>lead<\/em><\/strong> nel database deve avvenire <strong>in tempi brevi<\/strong>, in modo che il nuovo utente sottoscrittore sia messo in condizione di ricevere le comunicazioni aziendali quanto prima. Tuttavia, non poche aziende ricorrono all\u2019<strong>inserimento manuale dei nuovi contatti<\/strong> all\u2019interno del database, un <strong>procedimento certo non ottimale<\/strong> dal punto di vista delle tempistiche e dell\u2019efficienza. Infatti, caricando i <em>lead<\/em> uno alla volta \u00e8 facile fare errori di battitura o di copia-incolla nel foglio di calcolo.<\/p>\n<h3>WordPress e il plugin Contact Form 7<\/h3>\n<p>WordPress \u00e8 <strong>uno dei sistemi pi\u00f9 diffusi al mondo <\/strong>per creare siti internet. \u00c8 stato calcolato che, <a href=\"https:\/\/blog.serverplan.com\/2018\/03\/19\/siti-con-wordpress-statistiche\/#Perche_scegliere_WordPress\" target=\"_blank\" rel=\"noopener\">su 10 milioni di siti web monitorati<\/a>, circa il 30% utilizzi questo CMS (<em>Content Management System<\/em>). Il motivo di un simile successo \u00e8 semplice: <strong>WordPress \u00e8 facile da usare<\/strong> anche per utenti con limitate conoscenze tecniche. Inoltre, la vivace community che si \u00e8 sviluppata intorno alla piattaforma ha messo in circolazione innumerevoli plugin. Oggi, <strong>non c\u2019\u00e8 quasi limite alle potenzialit\u00e0 di un sito realizzato con WordPress<\/strong>.<\/p>\n<p><strong>Tra i plugin gratuiti<\/strong>, uno in particolare \u00e8 molto diffuso per la gestione del form di contatto in un sito internet: <a href=\"https:\/\/it.wordpress.org\/plugins\/contact-form-7\/\" target=\"_blank\" rel=\"noopener\">Contact Form 7<\/a> permette non solo di creare la maschera per l\u2019inserimento dei campi, ma ne consente anche un\u2019elevata personalizzazione.<\/p>\n<p>Il plugin gestisce inoltre l\u2019<strong>invio delle email<\/strong> che chiedono al nuovo utente sottoscrittore di confermare la propria registrazione al sito che ospita il contact form. Si tratta di una <strong>misura di sicurezza oggi imprescindibile<\/strong> nel processo di acquisizione di nuovi contatti.<\/p>\n<p><img fetchpriority=\"high\" decoding=\"async\" class=\"alignnone wp-image-9129 size-large\" src=\"https:\/\/emailchef.com\/wp-content\/uploads\/2019\/02\/Contact-Form-7-screenshot-1-1-1024x781.png\" alt=\"Contact Form 7\" width=\"686\" height=\"523\"><\/p>\n<p>A scanso di equivoci, \u00e8 opportuno sottolineare che non \u00e8 possibile inviare alcunch\u00e9 ai propri contatti se questi non hanno acconsentito al ricevimento di comunicazioni da parte del sito internet. <a href=\"https:\/\/contactform7.com\/2018\/04\/16\/how-to-make-privacy-friendly-contact-forms\/\" target=\"_blank\" rel=\"noopener\">Qui puoi trovare alcuni consigli<\/a> per realizzare un <strong>contact form rispettoso della normativa sulla tutela della privacy<\/strong>.<\/p>\n<h3>Il plugin Emailchef a coronamento della lead generation<\/h3>\n<p><a href=\"https:\/\/emailchef.com\/it\/email-marketing-con-wordpress-e-emailchef\/\" target=\"_blank\" rel=\"noopener\">Il plugin Emailchef<\/a> <strong>lavora in simbiosi con Contact Form 7<\/strong>. Prendendo in considerazione un sito web realizzato con WordPress, le informazioni di ogni nuovo contatto che compila un form vengono direttamente trasmesse alle liste presenti nell\u2019account Emailchef.<\/p>\n<p><img decoding=\"async\" class=\"alignnone wp-image-9136 size-full\" src=\"https:\/\/emailchef.com\/wp-content\/uploads\/2019\/02\/plugin-WP-screenshot-1.png\" alt=\"Emailchef's plugin for WordPress\" width=\"972\" height=\"129\" srcset=\"https:\/\/www.emailchef.com\/wp-content\/uploads\/2019\/02\/plugin-WP-screenshot-1.png 972w, https:\/\/www.emailchef.com\/wp-content\/uploads\/2019\/02\/plugin-WP-screenshot-1-300x40.png 300w, https:\/\/www.emailchef.com\/wp-content\/uploads\/2019\/02\/plugin-WP-screenshot-1-768x102.png 768w, https:\/\/www.emailchef.com\/wp-content\/uploads\/2019\/02\/plugin-WP-screenshot-1-968x128.png 968w, https:\/\/www.emailchef.com\/wp-content\/uploads\/2019\/02\/plugin-WP-screenshot-1-636x84.png 636w, https:\/\/www.emailchef.com\/wp-content\/uploads\/2019\/02\/plugin-WP-screenshot-1-320x42.png 320w, https:\/\/www.emailchef.com\/wp-content\/uploads\/2019\/02\/plugin-WP-screenshot-1-239x32.png 239w\" sizes=\"(max-width: 972px) 100vw, 972px\" \/><\/p>\n<p>In altre parole, non sar\u00e0 pi\u00f9 necessario trascrivere i nuovi <em>lead<\/em> all\u2019interno di file CSV o Excel, oppure direttamente dentro Emailchef. <strong>Il processo \u00e8 interamente automatizzato<\/strong> e tutti i dati inseriti dall\u2019utente che ha compilato la maschera di registrazione saranno caricati nella lista di Emailchef collegata al form. Ogni dato viene sincronizzato all\u2019interno del relativo campo.<\/p>\n<p><img decoding=\"async\" class=\"alignnone wp-image-9143 size-full\" src=\"https:\/\/emailchef.com\/wp-content\/uploads\/2019\/02\/plugin-WP-screenshot-2.png\" alt=\"Emailchef plugin screenshot\" width=\"797\" height=\"614\" srcset=\"https:\/\/www.emailchef.com\/wp-content\/uploads\/2019\/02\/plugin-WP-screenshot-2.png 797w, https:\/\/www.emailchef.com\/wp-content\/uploads\/2019\/02\/plugin-WP-screenshot-2-300x231.png 300w, https:\/\/www.emailchef.com\/wp-content\/uploads\/2019\/02\/plugin-WP-screenshot-2-768x592.png 768w, https:\/\/www.emailchef.com\/wp-content\/uploads\/2019\/02\/plugin-WP-screenshot-2-636x490.png 636w, https:\/\/www.emailchef.com\/wp-content\/uploads\/2019\/02\/plugin-WP-screenshot-2-320x247.png 320w, https:\/\/www.emailchef.com\/wp-content\/uploads\/2019\/02\/plugin-WP-screenshot-2-239x184.png 239w\" sizes=\"(max-width: 797px) 100vw, 797px\" \/><\/p>\n<p>Il plugin permette quindi di velocizzare e automatizzare il caricamento e la <strong>distribuzione dei <em>lead<\/em> tra le liste di Emailchef<\/strong>. Non \u00e8 infatti da escludere la necessit\u00e0 di creare una maschera di contatto per ciascun tipo di <em>lead<\/em>: clienti finali, rivenditori, fornitori, eccetera.<\/p>\n<p>A beneficiare di ci\u00f2 saranno <strong>le relazioni con i clienti interessati<\/strong> ai prodotti o ai servizi dell\u2019azienda, che potranno contare su un <strong>rapido <em>feedback<\/em><\/strong> per quanto riguarda le comunicazioni che hanno sottoscritto.<\/p>\n<p>Come \u00e8 stato spiegato all\u2019inizio, compilare e inviare il contact form di un sito internet \u00e8 un <strong>atto \u201cforte\u201d da parte dell\u2019utente<\/strong> del web, il quale &#8211; spuntando l\u2019apposita casella &#8211; accetta di ricevere nuove email nella propria casella di posta elettronica. <strong>Questo legame \u00e8 al cuore di un rapporto duraturo<\/strong> che prevede due soggetti in accordo, l\u2019azienda e l\u2019utente &#8211; nonch\u00e9 potenziale cliente &#8211; basato sull\u2019email marketing. Attraverso l\u2019ottimizzazione del flusso dei <em>lead<\/em>, il plugin Emailchef permette di cominciare questa relazione con la <strong>necessaria sistematicit\u00e0<\/strong>.<\/p>\n<p>Hai gi\u00e0 scaricato il plugin per Emailchef? <strong>Guarda il video<\/strong> per procedere a installazione e settaggio in pochi minuti.<\/p>\n<p style=\"text-align: center;\"><a id=\"\" class=\"g1-button g1-button--big g1-button--solid g1-button--standard \" href=\"https:\/\/it.wordpress.org\/plugins\/emailchef\/\" title=\"Scarica il plugin di WordPress\">Scarica il plugin di WordPress<\/a><\/p>\n","protected":false},"excerpt":{"rendered":"<p>La generazione di lead attraverso il contact form Il form per i contatti \u00e8 il principale strumento a disposizione di un sito internet per acquisire nuovi contatti (lead generation). I benefici sono numerosi e spaziano dalla protezione della propria casella email rispetto allo SPAM, sino alla possibilit\u00e0 di offrire l\u2019iscrizione alla newsletter. L\u2019utente deve essere [&hellip;]<\/p>\n","protected":false},"author":11,"featured_media":0,"parent":0,"menu_order":0,"comment_status":"closed","ping_status":"closed","template":"","meta":{"_acf_changed":false,"inline_featured_image":false,"footnotes":""},"g1_relation_tag":[],"class_list":["post-9118","page","type-page","status-publish","hentry"],"acf":[],"yoast_head":"<!-- This site is optimized with the Yoast SEO plugin v27.5 - https:\/\/yoast.com\/product\/yoast-seo-wordpress\/ -->\n<title>Newsletter con Wordpress: i plugin pi\u00f9 efficaci per l\u2019email marketing<\/title>\n<meta name=\"description\" content=\"Generare lead per l&#039;invio di newsletter \u00e8 la principale strategia per acquisire clienti. Scopri i plugin gratuiti per ottimizzare il lavoro su WordPress.\" \/>\n<meta name=\"robots\" content=\"index, follow, max-snippet:-1, max-image-preview:large, max-video-preview:-1\" \/>\n<link rel=\"canonical\" href=\"https:\/\/www.emailchef.com\/it\/email-marketing-wordpress-newsletter-lead-generator\/\" \/>\n<meta name=\"twitter:label1\" content=\"Tempo di lettura stimato\" \/>\n\t<meta name=\"twitter:data1\" content=\"5 minuti\" \/>\n<script type=\"application\/ld+json\" class=\"yoast-schema-graph\">{\"@context\":\"https:\\\/\\\/schema.org\",\"@graph\":[{\"@type\":\"WebPage\",\"@id\":\"https:\\\/\\\/www.emailchef.com\\\/it\\\/email-marketing-wordpress-newsletter-lead-generator\\\/\",\"url\":\"https:\\\/\\\/www.emailchef.com\\\/it\\\/email-marketing-wordpress-newsletter-lead-generator\\\/\",\"name\":\"Newsletter con Wordpress: i plugin pi\u00f9 efficaci per l\u2019email marketing\",\"isPartOf\":{\"@id\":\"https:\\\/\\\/www.emailchef.com\\\/#website\"},\"primaryImageOfPage\":{\"@id\":\"https:\\\/\\\/www.emailchef.com\\\/it\\\/email-marketing-wordpress-newsletter-lead-generator\\\/#primaryimage\"},\"image\":{\"@id\":\"https:\\\/\\\/www.emailchef.com\\\/it\\\/email-marketing-wordpress-newsletter-lead-generator\\\/#primaryimage\"},\"thumbnailUrl\":\"https:\\\/\\\/emailchef.com\\\/wp-content\\\/uploads\\\/2019\\\/02\\\/Contact-Form-7-screenshot-1-1-1024x781.png\",\"datePublished\":\"2019-02-28T13:22:04+00:00\",\"dateModified\":\"2021-07-27T10:04:29+00:00\",\"description\":\"Generare lead per l'invio di newsletter \u00e8 la principale strategia per acquisire clienti. Scopri i plugin gratuiti per ottimizzare il lavoro su WordPress.\",\"breadcrumb\":{\"@id\":\"https:\\\/\\\/www.emailchef.com\\\/it\\\/email-marketing-wordpress-newsletter-lead-generator\\\/#breadcrumb\"},\"inLanguage\":\"it-IT\",\"potentialAction\":[{\"@type\":\"ReadAction\",\"target\":[\"https:\\\/\\\/www.emailchef.com\\\/it\\\/email-marketing-wordpress-newsletter-lead-generator\\\/\"]}]},{\"@type\":\"ImageObject\",\"inLanguage\":\"it-IT\",\"@id\":\"https:\\\/\\\/www.emailchef.com\\\/it\\\/email-marketing-wordpress-newsletter-lead-generator\\\/#primaryimage\",\"url\":\"https:\\\/\\\/emailchef.com\\\/wp-content\\\/uploads\\\/2019\\\/02\\\/Contact-Form-7-screenshot-1-1-1024x781.png\",\"contentUrl\":\"https:\\\/\\\/emailchef.com\\\/wp-content\\\/uploads\\\/2019\\\/02\\\/Contact-Form-7-screenshot-1-1-1024x781.png\"},{\"@type\":\"BreadcrumbList\",\"@id\":\"https:\\\/\\\/www.emailchef.com\\\/it\\\/email-marketing-wordpress-newsletter-lead-generator\\\/#breadcrumb\",\"itemListElement\":[{\"@type\":\"ListItem\",\"position\":1,\"name\":\"Home\",\"item\":\"https:\\\/\\\/www.emailchef.com\\\/it\\\/\"},{\"@type\":\"ListItem\",\"position\":2,\"name\":\"Newsletter con WordPress: i plugin pi\u00f9 efficaci per l\u2019email marketing\"}]},{\"@type\":\"WebSite\",\"@id\":\"https:\\\/\\\/www.emailchef.com\\\/#website\",\"url\":\"https:\\\/\\\/www.emailchef.com\\\/\",\"name\":\"Emailchef\",\"description\":\"Gustose ricette di email marketing\",\"publisher\":{\"@id\":\"https:\\\/\\\/www.emailchef.com\\\/#organization\"},\"potentialAction\":[{\"@type\":\"SearchAction\",\"target\":{\"@type\":\"EntryPoint\",\"urlTemplate\":\"https:\\\/\\\/www.emailchef.com\\\/?s={search_term_string}\"},\"query-input\":{\"@type\":\"PropertyValueSpecification\",\"valueRequired\":true,\"valueName\":\"search_term_string\"}}],\"inLanguage\":\"it-IT\"},{\"@type\":\"Organization\",\"@id\":\"https:\\\/\\\/www.emailchef.com\\\/#organization\",\"name\":\"Delivery Tech Corp.\",\"url\":\"https:\\\/\\\/www.emailchef.com\\\/\",\"logo\":{\"@type\":\"ImageObject\",\"inLanguage\":\"it-IT\",\"@id\":\"https:\\\/\\\/www.emailchef.com\\\/#\\\/schema\\\/logo\\\/image\\\/\",\"url\":\"https:\\\/\\\/www.emailchef.com\\\/wp-content\\\/uploads\\\/2022\\\/04\\\/logo-sama.png\",\"contentUrl\":\"https:\\\/\\\/www.emailchef.com\\\/wp-content\\\/uploads\\\/2022\\\/04\\\/logo-sama.png\",\"width\":237,\"height\":80,\"caption\":\"Delivery Tech Corp.\"},\"image\":{\"@id\":\"https:\\\/\\\/www.emailchef.com\\\/#\\\/schema\\\/logo\\\/image\\\/\"}}]}<\/script>\n<!-- \/ Yoast SEO plugin. -->","yoast_head_json":{"title":"Newsletter con Wordpress: i plugin pi\u00f9 efficaci per l\u2019email marketing","description":"Generare lead per l'invio di newsletter \u00e8 la principale strategia per acquisire clienti. Scopri i plugin gratuiti per ottimizzare il lavoro su WordPress.","robots":{"index":"index","follow":"follow","max-snippet":"max-snippet:-1","max-image-preview":"max-image-preview:large","max-video-preview":"max-video-preview:-1"},"canonical":"https:\/\/www.emailchef.com\/it\/email-marketing-wordpress-newsletter-lead-generator\/","twitter_misc":{"Tempo di lettura stimato":"5 minuti"},"schema":{"@context":"https:\/\/schema.org","@graph":[{"@type":"WebPage","@id":"https:\/\/www.emailchef.com\/it\/email-marketing-wordpress-newsletter-lead-generator\/","url":"https:\/\/www.emailchef.com\/it\/email-marketing-wordpress-newsletter-lead-generator\/","name":"Newsletter con Wordpress: i plugin pi\u00f9 efficaci per l\u2019email marketing","isPartOf":{"@id":"https:\/\/www.emailchef.com\/#website"},"primaryImageOfPage":{"@id":"https:\/\/www.emailchef.com\/it\/email-marketing-wordpress-newsletter-lead-generator\/#primaryimage"},"image":{"@id":"https:\/\/www.emailchef.com\/it\/email-marketing-wordpress-newsletter-lead-generator\/#primaryimage"},"thumbnailUrl":"https:\/\/emailchef.com\/wp-content\/uploads\/2019\/02\/Contact-Form-7-screenshot-1-1-1024x781.png","datePublished":"2019-02-28T13:22:04+00:00","dateModified":"2021-07-27T10:04:29+00:00","description":"Generare lead per l'invio di newsletter \u00e8 la principale strategia per acquisire clienti. Scopri i plugin gratuiti per ottimizzare il lavoro su WordPress.","breadcrumb":{"@id":"https:\/\/www.emailchef.com\/it\/email-marketing-wordpress-newsletter-lead-generator\/#breadcrumb"},"inLanguage":"it-IT","potentialAction":[{"@type":"ReadAction","target":["https:\/\/www.emailchef.com\/it\/email-marketing-wordpress-newsletter-lead-generator\/"]}]},{"@type":"ImageObject","inLanguage":"it-IT","@id":"https:\/\/www.emailchef.com\/it\/email-marketing-wordpress-newsletter-lead-generator\/#primaryimage","url":"https:\/\/emailchef.com\/wp-content\/uploads\/2019\/02\/Contact-Form-7-screenshot-1-1-1024x781.png","contentUrl":"https:\/\/emailchef.com\/wp-content\/uploads\/2019\/02\/Contact-Form-7-screenshot-1-1-1024x781.png"},{"@type":"BreadcrumbList","@id":"https:\/\/www.emailchef.com\/it\/email-marketing-wordpress-newsletter-lead-generator\/#breadcrumb","itemListElement":[{"@type":"ListItem","position":1,"name":"Home","item":"https:\/\/www.emailchef.com\/it\/"},{"@type":"ListItem","position":2,"name":"Newsletter con WordPress: i plugin pi\u00f9 efficaci per l\u2019email marketing"}]},{"@type":"WebSite","@id":"https:\/\/www.emailchef.com\/#website","url":"https:\/\/www.emailchef.com\/","name":"Emailchef","description":"Gustose ricette di email marketing","publisher":{"@id":"https:\/\/www.emailchef.com\/#organization"},"potentialAction":[{"@type":"SearchAction","target":{"@type":"EntryPoint","urlTemplate":"https:\/\/www.emailchef.com\/?s={search_term_string}"},"query-input":{"@type":"PropertyValueSpecification","valueRequired":true,"valueName":"search_term_string"}}],"inLanguage":"it-IT"},{"@type":"Organization","@id":"https:\/\/www.emailchef.com\/#organization","name":"Delivery Tech Corp.","url":"https:\/\/www.emailchef.com\/","logo":{"@type":"ImageObject","inLanguage":"it-IT","@id":"https:\/\/www.emailchef.com\/#\/schema\/logo\/image\/","url":"https:\/\/www.emailchef.com\/wp-content\/uploads\/2022\/04\/logo-sama.png","contentUrl":"https:\/\/www.emailchef.com\/wp-content\/uploads\/2022\/04\/logo-sama.png","width":237,"height":80,"caption":"Delivery Tech Corp."},"image":{"@id":"https:\/\/www.emailchef.com\/#\/schema\/logo\/image\/"}}]}},"_links":{"self":[{"href":"https:\/\/www.emailchef.com\/it\/wp-json\/wp\/v2\/pages\/9118","targetHints":{"allow":["GET"]}}],"collection":[{"href":"https:\/\/www.emailchef.com\/it\/wp-json\/wp\/v2\/pages"}],"about":[{"href":"https:\/\/www.emailchef.com\/it\/wp-json\/wp\/v2\/types\/page"}],"author":[{"embeddable":true,"href":"https:\/\/www.emailchef.com\/it\/wp-json\/wp\/v2\/users\/11"}],"replies":[{"embeddable":true,"href":"https:\/\/www.emailchef.com\/it\/wp-json\/wp\/v2\/comments?post=9118"}],"version-history":[{"count":11,"href":"https:\/\/www.emailchef.com\/it\/wp-json\/wp\/v2\/pages\/9118\/revisions"}],"predecessor-version":[{"id":46952,"href":"https:\/\/www.emailchef.com\/it\/wp-json\/wp\/v2\/pages\/9118\/revisions\/46952"}],"wp:attachment":[{"href":"https:\/\/www.emailchef.com\/it\/wp-json\/wp\/v2\/media?parent=9118"}],"wp:term":[{"taxonomy":"g1_relation_tag","embeddable":true,"href":"https:\/\/www.emailchef.com\/it\/wp-json\/wp\/v2\/g1_relation_tag?post=9118"}],"curies":[{"name":"wp","href":"https:\/\/api.w.org\/{rel}","templated":true}]}}