{"id":28204,"date":"2020-11-10T15:22:01","date_gmt":"2020-11-10T15:22:01","guid":{"rendered":"https:\/\/emailchef.com\/?page_id=28204"},"modified":"2021-07-23T09:08:39","modified_gmt":"2021-07-23T09:08:39","slug":"menu-qr-code-e-servizi-digitali-per-ristoranti","status":"publish","type":"page","link":"https:\/\/www.emailchef.com\/it\/menu-qr-code-e-servizi-digitali-per-ristoranti\/","title":{"rendered":"Apparecchia la tua tavola virtuale"},"content":{"rendered":"<div class=\"gb-container gb-container-782261ef\"><div class=\"gb-inside-container\">\n<ul class=\"g1-grid\"><li class=\"g1-column g1-one-half g1-valign-middle\">\n<h1 class=\"title-h1\">Apparecchia la tua tavola virtuale<\/h1>\n<h2 class=\"title-h2\">Servizi <del>al tavolo<\/del> online per la ristorazione ai tempi del Covid19<\/h2>\n<\/li><!-- -->\n<li class=\"g1-column g1-one-half g1-valign-middle\">\n<p style=\"margin-top: 10px; margin-bottom: 0px; text-align: center;\"><img decoding=\"async\" src=\"https:\/\/emailchef.com\/wp-content\/uploads\/2020\/11\/restaurant2.png\" alt=\"Alternativa Mailchimp in italiano\" style=\"width: 80%; border: none; margin-bottom: -4px;\" \/><\/p>\n<\/li><!-- --><\/ul>\n\n<\/div><\/div>\n\n<div class=\"gb-container gb-container-9c3e717b\"><div class=\"gb-inside-container\">\n<style>\n.g1-section .g1-layout-inner {\n    font-size: 16px !important;\n}\n.cta {\n    text-align: center;\n    margin: 0px;\n    padding: 0px;\n    font-size: 18px !important;\n    padding: 10px 45px 15px;\n    background-color: #f47200;\n    border-color: #f47200;\n}\n.separator {\n   height: 1px;\n    line-height: 1px;\n    font-size: 1px;\n    border-top: solid #ccc 1px;\n    margin: 0px 0px 20px;\n    width: 100%;\n}\n#landing_title {\n    background-size: cover;\n    background-position: top center;\n}\n.title-h1 {\n    font-size: 3.0em;\n    font-weight: 600;\n    margin-top: 30px;\n}\n.title-h2 {\n    font-size: 1.8em;\n    font-weight: 500;\n    margin-bottom: 20px;\n}\ndiv #wpcf7-f28844-p28204-o1 {\n    background-color: #fff;\n    margin-top: 0px;\n    padding: 25px 30px;\n    -webkit-box-shadow: 0px 0px 10px 0px rgba(0,0,0,0.31);\n    -moz-box-shadow: 0px 0px 10px 0px rgba(0,0,0,0.31);\n    box-shadow: 0px 0px 10px 0px rgba(0,0,0,0.31);\n}\ndiv #wpcf7-f28844-p28204-o1 h3 {\n    font-weight: 700;\n    margin-bottom: 10px;\n    color: #f47200;\n}\ndiv #wpcf7-f28844-p28204-o1 h4 {\n    font-size: 1em;\n}\ndiv #wpcf7-f28844-p28204-o1 .wpcf7-form p {\n    margin-bottom: 0px;\n}\ndiv #wpcf7-f28844-p28204-o1 .wpcf7-form p label {\n    padding-top: 0px;\n}\ndiv #wpcf7-f28844-p28204-o1 .wpcf7-form p label input[type=checkbox] {\n    margin: 4px 5px 0px 0;\n    position: absolute;\n}\ndiv #wpcf7-f28844-p28204-o1 .wpcf7-form span.wpcf7-list-item {\n    margin: 0 0 0 0em;\n    font-size: 0.8em;\n}\ndiv #wpcf7-f28844-p28204-o1 .wpcf7-form span.wpcf7-list-item label {\n    padding-bottom: 0px;\n}\ndiv #wpcf7-f28844-p28204-o1 .wpcf7-form .wpcf7-list-item-label {\n    display: inline-block;\n    margin-left: 20px;\n}\ndiv #wpcf7-f28844-p28204-o1 input.wpcf7-submit {\n    margin-top: 15px;\n}\n@media screen and (max-width: 900px) {\ndiv #wpcf7-f28844-p28204-o1 input.wpcf7-submit, div #wpcf7-f28844-p28204-o1 input[type=text], div #wpcf7-f28844-p28204-o1 input[type=email] {\n    width: 100%;\n}\n}\n@media screen and (max-width: 850px) {\n.title-h1 {\n    font-size: 2.2em;\n    font-weight: 600;\n}\n.title-h2 {\n    font-size: 1.4em;\n    font-weight: 500;\n}\n}\n@media screen and (max-width: 600px) {\n.title-h1 {\n    font-size: 3.0em;\n    font-weight: 600;\n    text-align: center;\n    margin-top: 30px;\n}\n.title-h2 {\n    font-size: 1.8em;\n    font-weight: 500;\n    text-align: center;\n}\n}\n<\/style>\n<p><script>\ndocument.addEventListener( 'wpcf7submit', function( event ) {\n  if ( '28844' == event.detail.contactFormId ) {\n    console.log( \"The contact form has been sent.\" );\n    fbq('track', 'CompleteRegistration', {content_name: 'Restaurants', currency:'EUR', value:1.00});\n  }\n}, false );\n<\/script><\/p>\n\n<\/div><\/div>\n\n<div class=\"gb-container gb-container-03ef5dfe\"><div class=\"gb-inside-container\">\n<div id=\"\" class=\"g1-section gb-container \"  style=\"background-color: #fff; background-repeat:no-repeat; background-position:left top; background-attachment:static; padding-bottom:30px; padding-top:50px;\"><div class=\"g1-layout-inner\">\n<ul class=\"g1-grid\"><li class=\"g1-column g1-one-half g1-valign-middle\">\n<h2 style=\"font-weight: 600;\">QRcode, Men\u00f9 Online e Soluzioni Digital per Ristoranti<\/h2>\n<p style=\"font-size: 1.3em;\">I men\u00f9 cartacei non possono pi\u00f9 essere toccati con mano dai clienti, i coperti sono limitati e gli orari di apertura delle attivit\u00e0 di ristorazione sono stati di recente ridotti.<\/p>\n<p><p style=\"font-size: 1.3em;\">Cosa fare per sopravvivere ai tempi del Covid19?<br \/>Se hai un bar, un ristorante, una pasticceria o qualsiasi altra attivit\u00e0 di ristorazione sei approdato nel posto giusto. Il nostro intento \u00e8 quello di fornirti gli <strong>ingredienti digitali necessari<\/strong> a mantenere in vita la tua attivit\u00e0 nonostante le limitazioni imposte dalla pandemia.<\/p>\n<\/li><!-- -->\n<li class=\"g1-column g1-one-half g1-valign-middle\">\n<p>[contact-form-7 id=\"28844\" title=\"Info Request for Restaurant\"]<\/p>\n<\/li><!-- --><\/ul>\n<div class=\"g1-space\" style=\"height: 40px;\"><\/div>\n<h2 style=\"font-weight: 600;\">Cosa ti offriamo<\/h2>\n<p>Il nostro servizio Personal Chef per le attivit\u00e0 impiegate nel settore Food \u00e8 un piano strutturato in <strong>3 step<\/strong>, che ti aiuter\u00e0 a raggiungere i seguenti <strong>obiettivi<\/strong>:<\/p>\n<ul style=\"list-style-type: disc;\">\n<li style=\"padding-bottom: 10px;\">portare i tuoi clienti dal consumo al ristorante al consumo a casa<\/li>\n<li style=\"padding-bottom: 10px;\">comunicare con empatia per stimolare gli ordini e non la paura<\/li>\n<li style=\"padding-bottom: 10px;\">ottenere contatti preziosi per campagne email e sms attraverso strumenti digitali<\/li>\n<li style=\"padding-bottom: 10px;\">creare e inviare campagne email e sms per la fidelizzazione dei clienti<\/li>\n<\/ul>\n<div class=\"g1-space\" style=\"height: 40px;\"><\/div>\n<h2 style=\"font-weight: 600;\">Step 1: Men\u00f9 con QR Code e form di raccolta contatti<\/h2>\n<p>Come facilitare la raccolta dei dati dei clienti e garantire al contempo il massimo igiene? Semplice, grazie a un <strong>men\u00f9 con QR code<\/strong> che includa un <strong>form iniziale per la raccolta di nominativi e contatti<\/strong>.<\/p>\n<p>Il men\u00f9 con QR code \u00e8 diventato fondamentale nei ristoranti e sta sostituendo sempre di pi\u00f9 il men\u00f9 cartaceo a seguito delle restrizioni dettate dalla pandemia (il cartaceo, infatti, dovrebbe essere igienizzato ad ogni tocco). Le buone norme per la gestione dell\u2019attivit\u00e0 ai tempi del Covid impongono anche la <strong>raccolta dei dati dei clienti<\/strong> (almeno uno per tavolo) affinch\u00e9 sia possibile contattarli in caso di problemi (contagi nel ristorante in tale data, presenza di un positivo ecc.).<\/p>\n<p>Noi di Emailchef abbiamo studiato per te un QR Code che, una volta scansionato al tavolo attraverso smartphone, restituir\u00e0 un form da compilare in cui il cliente dovr\u00e0 inserire il nome, l\u2019indirizzo email e il numero di cellulare e dare il consenso per il trattamento dei suoi dati personali, avendo anche la possibilit\u00e0 di \u201cspuntare\u201d la casella di autorizzazione per l\u2019<strong>invio di promozioni per le ordinazioni a domicilio<\/strong>.<br \/>\nGrazie a un sistema simile (che prima raccoglie i dati e solo successivamente mostra il men\u00f9) potrai:<\/p>\n<ul style=\"list-style-type: disc;\">\n<li style=\"padding-bottom: 10px;\">ottenere contemporaneamente i dati del cliente per le procedure anti-Covid e per l\u2019invio di newsletter e sms promozionali<\/li>\n<li style=\"padding-bottom: 10px;\">creare un database sicuro con contatti ordinati per data e reperibili in caso di necessit\u00e0<\/li>\n<\/ul>\n<div class=\"g1-space\" style=\"height: 40px;\"><\/div>\n<h2 style=\"font-weight: 600;\">Step 2: Business Card e piano di email marketing<\/h2>\n<ul class=\"g1-grid\"><li class=\"g1-column g1-one-third g1-valign-top\"><br \/>\n<img fetchpriority=\"high\" decoding=\"async\" src=\"https:\/\/emailchef.com\/wp-content\/uploads\/2020\/11\/restaurant-step-2.png\" alt=\"Business Card e piano di email marketing\" width=\"328\" height=\"280\" style=\"border: none;\" \/><br \/>\n<\/li><!-- -->\n<li class=\"g1-column g1-two-third g1-valign-top\">\n<p>Il secondo step del piano Emailchef per la ristorazione comprende i <strong>flyers <\/strong>da inserire all\u2019interno dei sacchetti per l\u2019asporto e la consegna a domicilio. Sul volantino sar\u00e0 presente un QR Code che <strong>invita i clienti a iscriversi alla newsletter<\/strong> per ricevere uno sconto sul prossimo ordine, ricevere il men\u00f9 sul proprio cellulare o rimanere in contatto in caso di offerte future. Il flyer riporter\u00e0 un messaggio simpatico che inviter\u00e0 il cliente ad appenderlo al frigo. Se si desidera, si potr\u00e0 anche inserire dei gadget (calamite, apribottiglie e simili) all\u2019interno dei sacchetti.<\/p>\n<p>Con l\u2019aiuto dei flyers riuscirai a:<\/p>\n<ul style=\"list-style-type: disc;\">\n<li style=\"padding-bottom: 10px;\">portare il cliente dal tavolo all\u2019online ed essere sempre presente nella sua cucina (luogo in cui si \u201cpensa\u201d a cosa preparare da mangiare)<\/li>\n<li style=\"padding-bottom: 10px;\">ottenere un contatto diretto con il cliente, avendo la possibilit\u00e0 di stimolare la domanda con campagne email ed sms ad hoc<\/li>\n<\/ul>\n<\/li><!-- --><\/ul>\n<div class=\"g1-space\" style=\"height: 40px;\"><\/div>\n<h2 style=\"font-weight: 600;\">Step 3: Campagna email di benvenuto \u201cDillo a un amico\u201d<\/h2>\n<p>Dopo l\u2019iscrizione alla newsletter, il cliente ricever\u00e0 una <strong>campagna email di benvenuto<\/strong> dove - con la promessa di uno sconto - verr\u00e0 spinto a inoltrare il messaggio a un amico e a seguire l\u2019azienda sui canali social. <\/p>\n<p>Con la campagna \u201cDillo a un amico\u201d progettata da Emailchef sarai in grado di:<\/p>\n<ul style=\"list-style-type: disc;\">\n<li style=\"padding-bottom: 10px;\">fidelizzare i tuoi clienti grazie alle offerte e agli sconti<\/li>\n<li style=\"padding-bottom: 10px;\">raggiungere pi\u00f9 contatti grazie a un potente passaparola<\/li>\n<li style=\"padding-bottom: 10px;\">migliorare la reputazione del tuo IP e quindi il tuo tasso di consegna, assicurandoti che le tue email giungano sempre a destinazione senza finire in spam<\/li>\n<li style=\"padding-bottom: 10px;\">fare attivit\u00e0 di branding e far crescere la popolarit\u00e0 del tuo ristorante anche attraverso i social network<\/li>\n<\/ul>\n<div class=\"g1-space\" style=\"height: 40px;\"><\/div>\n<h2 style=\"font-weight: 600;\">Step 4: Comunicazione grafica per il social media marketing<\/h2>\n<ul class=\"g1-grid\"><li class=\"g1-column g1-one-third g1-valign-top\"><br \/>\n<img decoding=\"async\" src=\"https:\/\/emailchef.com\/wp-content\/uploads\/2020\/11\/restaurant-step-4.png\" alt=\"Comunicazione grafica per il social media marketing\" width=\"328\" height=\"248\" style=\"border: none;\" \/><br \/>\n<\/li><!-- -->\n<li class=\"g1-column g1-two-third g1-valign-top\">\n<p>Per aiutarti a gestire i tuoi canali social progetteremo per te delle <strong>grafiche accattivanti<\/strong> per informare i tuoi clienti sulle variazioni degli orari di apertura, i metodi e i contatti per ordinare online o per telefono ed eventuali offerte speciali. In questo modo potrai:<\/p>\n<ul style=\"list-style-type: disc;\">\n<li style=\"padding-bottom: 10px;\">avere a disposizione un pacchetto di grafiche social gi\u00e0 pronte e personalizzate per la tua attivit\u00e0<\/li>\n<li style=\"padding-bottom: 10px;\">accrescere ulteriormente la tua fama sui tuoi canali<\/li>\n<li style=\"padding-bottom: 10px;\">decidere di inserire nelle grafiche il QR Code dello Step 2 in modo da stimolare l\u2019iscrizione alla newsletter<\/li>\n<li style=\"padding-bottom: 10px;\">stimolare nuovi ordini anche in assenza di un tuo sito internet<\/li>\n<\/ul>\n<\/li><!-- --><\/ul>\n<div class=\"g1-space\" style=\"height: 40px;\"><\/div>\n<h2 style=\"font-weight: 600;\">Step 5: Campagna email \u201cSiamo con voi\u201d per fidelizzare i clienti<\/h2>\n<p>Grazie ai contatti ottenuti in ristorante con il form di iscrizione e il QR code (primo step); a domicilio e con l\u2019asporto tramite i flyers (secondo step); grazie alla campagna \u201cDillo a un amico\u201de alla comunicazione social (terzo e quarto step) potrai avviare una <strong>campagna email di Lead Nurturing<\/strong> per \u201cnutrire\u201d i tuoi clienti effettivi e potenziali con contenuti coinvolgenti.<\/p>\n<p>Suggerisci i migliori abbinamenti di vini per le tue pietanze, dai consigli per riciclare gli avanzi, suggerisci idee per aperitivi e ricette con prodotti di stagione.<\/p>\n<p>Ricorda: una campagna di lead nurturing \u00e8 il modo migliore per <strong>fidelizzare i tuoi clienti<\/strong>!<\/p>\n<p>Tu metti l\u2019idea e noi la realizziamo e potrai anche beneficiare di un percorso di training con i nostri consulenti per sviluppare le tue campagne future in autonomia.<\/p>\n<div class=\"g1-space\" style=\"height: 40px;\"><\/div>\n<h2 style=\"font-weight: 600;\">Come funziona il piano Personal Chef per i ristoranti<\/h2>\n<ul class=\"g1-grid\"><li class=\"g1-column g1-one-third g1-valign-top\"><img decoding=\"async\" src=\"https:\/\/emailchef.com\/wp-content\/uploads\/2020\/11\/personal-chef.png\" alt=\"Business Card e piano di email marketing\" width=\"328\" height=\"472\" style=\"border: none;\" \/><br \/>\n<\/li><!-- -->\n<li class=\"g1-column g1-two-third g1-valign-top\">\n<p>Noi di Emailchef comprendiamo le difficolt\u00e0 che stai attraversando in questo momento. Ecco perch\u00e9 vogliamo renderti tutto pi\u00f9 facile e permetterti di <strong>affrontare al meglio l\u2019emergenza Coronavirus<\/strong> con potenti strumenti digitali da integrare a quelli tradizionali.<\/p>\n<p>Se decidi di sottoscrivere il nostro piano:<\/p>\n<ul style=\"list-style-type: disc;\">\n<li style=\"padding-bottom: 10px;\">avrai a disposizione tutti gli strumenti digitali in 3\/ 5 giorni lavorativi <\/li>\n<li style=\"padding-bottom: 10px;\">riceverai direttamente nella tua sede il materiale cartaceo - QR code, flyers e business cards. <em>I tempi di spedizione potrebbero variare in relazione al CAP di destinazione<\/em><\/li>\n<li style=\"padding-bottom: 10px;\">riceverai assistenza completa h24<\/li>\n<li style=\"padding-bottom: 10px;\">avrai a disposizione un pacchetto personalizzato in base al tuo budget e al numero di contatti che desideri raggiungere <\/li>\n<li style=\"padding-bottom: 10px;\">potrai rateizzare il pagamento in base alle tue esigenze<\/li>\n<\/ul>\n<\/li><!-- --><\/ul>\n<div class=\"g1-space\" style=\"height: 40px;\"><\/div>\n<h3 style=\"font-weight: 600; text-align: center;\">Ti abbiamo convinto? Vuoi dare una svolta digital alla tua attivit\u00e0 di ristorazione? <\/h3>\n<p style=\"text-align: center;\"><a id=\"\" class=\"g1-button g1-button--big g1-button--simple g1-button--standard cta\" href=\"https:\/\/emailchef.com\/it\/chat\/\" title=\"\">CONTATTA DIRETTAMENTE UNO DI NOI<\/a><\/p>\n<\/div><\/div>\n\n<\/div><\/div>","protected":false},"excerpt":{"rendered":"","protected":false},"author":1,"featured_media":0,"parent":0,"menu_order":0,"comment_status":"closed","ping_status":"closed","template":"","meta":{"_acf_changed":false,"inline_featured_image":false,"footnotes":""},"g1_relation_tag":[],"class_list":["post-28204","page","type-page","status-publish","hentry"],"acf":[],"yoast_head":"<!-- This site is optimized with the Yoast SEO plugin v27.5 - https:\/\/yoast.com\/product\/yoast-seo-wordpress\/ -->\n<title>Men\u00f9 con QR Code e servizi digitali per i ristoranti<\/title>\n<meta name=\"description\" content=\"Come promuovere asporto e delivery ai tempi del Covid: QR Code, form di raccolta dati, flyers, campagne di email marketing e grafiche social in un solo pacchetto!\" \/>\n<meta name=\"robots\" content=\"index, follow, max-snippet:-1, max-image-preview:large, max-video-preview:-1\" \/>\n<link rel=\"canonical\" href=\"https:\/\/www.emailchef.com\/it\/menu-qr-code-e-servizi-digitali-per-ristoranti\/\" \/>\n<meta name=\"twitter:label1\" content=\"Tempo di lettura stimato\" \/>\n\t<meta name=\"twitter:data1\" content=\"8 minuti\" \/>\n<script type=\"application\/ld+json\" class=\"yoast-schema-graph\">{\"@context\":\"https:\\\/\\\/schema.org\",\"@graph\":[{\"@type\":\"WebPage\",\"@id\":\"https:\\\/\\\/www.emailchef.com\\\/it\\\/menu-qr-code-e-servizi-digitali-per-ristoranti\\\/\",\"url\":\"https:\\\/\\\/www.emailchef.com\\\/it\\\/menu-qr-code-e-servizi-digitali-per-ristoranti\\\/\",\"name\":\"Men\u00f9 con QR Code e servizi digitali per i ristoranti\",\"isPartOf\":{\"@id\":\"https:\\\/\\\/www.emailchef.com\\\/#website\"},\"primaryImageOfPage\":{\"@id\":\"https:\\\/\\\/www.emailchef.com\\\/it\\\/menu-qr-code-e-servizi-digitali-per-ristoranti\\\/#primaryimage\"},\"image\":{\"@id\":\"https:\\\/\\\/www.emailchef.com\\\/it\\\/menu-qr-code-e-servizi-digitali-per-ristoranti\\\/#primaryimage\"},\"thumbnailUrl\":\"https:\\\/\\\/emailchef.com\\\/wp-content\\\/uploads\\\/2020\\\/11\\\/restaurant2.png\",\"datePublished\":\"2020-11-10T15:22:01+00:00\",\"dateModified\":\"2021-07-23T09:08:39+00:00\",\"description\":\"Come promuovere asporto e delivery ai tempi del Covid: QR Code, form di raccolta dati, flyers, campagne di email marketing e grafiche social in un solo pacchetto!\",\"breadcrumb\":{\"@id\":\"https:\\\/\\\/www.emailchef.com\\\/it\\\/menu-qr-code-e-servizi-digitali-per-ristoranti\\\/#breadcrumb\"},\"inLanguage\":\"it-IT\",\"potentialAction\":[{\"@type\":\"ReadAction\",\"target\":[\"https:\\\/\\\/www.emailchef.com\\\/it\\\/menu-qr-code-e-servizi-digitali-per-ristoranti\\\/\"]}]},{\"@type\":\"ImageObject\",\"inLanguage\":\"it-IT\",\"@id\":\"https:\\\/\\\/www.emailchef.com\\\/it\\\/menu-qr-code-e-servizi-digitali-per-ristoranti\\\/#primaryimage\",\"url\":\"https:\\\/\\\/emailchef.com\\\/wp-content\\\/uploads\\\/2020\\\/11\\\/restaurant2.png\",\"contentUrl\":\"https:\\\/\\\/emailchef.com\\\/wp-content\\\/uploads\\\/2020\\\/11\\\/restaurant2.png\"},{\"@type\":\"BreadcrumbList\",\"@id\":\"https:\\\/\\\/www.emailchef.com\\\/it\\\/menu-qr-code-e-servizi-digitali-per-ristoranti\\\/#breadcrumb\",\"itemListElement\":[{\"@type\":\"ListItem\",\"position\":1,\"name\":\"Home\",\"item\":\"https:\\\/\\\/www.emailchef.com\\\/it\\\/\"},{\"@type\":\"ListItem\",\"position\":2,\"name\":\"Apparecchia la tua tavola virtuale\"}]},{\"@type\":\"WebSite\",\"@id\":\"https:\\\/\\\/www.emailchef.com\\\/#website\",\"url\":\"https:\\\/\\\/www.emailchef.com\\\/\",\"name\":\"Emailchef\",\"description\":\"Gustose ricette di email marketing\",\"publisher\":{\"@id\":\"https:\\\/\\\/www.emailchef.com\\\/#organization\"},\"potentialAction\":[{\"@type\":\"SearchAction\",\"target\":{\"@type\":\"EntryPoint\",\"urlTemplate\":\"https:\\\/\\\/www.emailchef.com\\\/?s={search_term_string}\"},\"query-input\":{\"@type\":\"PropertyValueSpecification\",\"valueRequired\":true,\"valueName\":\"search_term_string\"}}],\"inLanguage\":\"it-IT\"},{\"@type\":\"Organization\",\"@id\":\"https:\\\/\\\/www.emailchef.com\\\/#organization\",\"name\":\"Delivery Tech Corp.\",\"url\":\"https:\\\/\\\/www.emailchef.com\\\/\",\"logo\":{\"@type\":\"ImageObject\",\"inLanguage\":\"it-IT\",\"@id\":\"https:\\\/\\\/www.emailchef.com\\\/#\\\/schema\\\/logo\\\/image\\\/\",\"url\":\"https:\\\/\\\/www.emailchef.com\\\/wp-content\\\/uploads\\\/2022\\\/04\\\/logo-sama.png\",\"contentUrl\":\"https:\\\/\\\/www.emailchef.com\\\/wp-content\\\/uploads\\\/2022\\\/04\\\/logo-sama.png\",\"width\":237,\"height\":80,\"caption\":\"Delivery Tech Corp.\"},\"image\":{\"@id\":\"https:\\\/\\\/www.emailchef.com\\\/#\\\/schema\\\/logo\\\/image\\\/\"}}]}<\/script>\n<!-- \/ Yoast SEO plugin. -->","yoast_head_json":{"title":"Men\u00f9 con QR Code e servizi digitali per i ristoranti","description":"Come promuovere asporto e delivery ai tempi del Covid: QR Code, form di raccolta dati, flyers, campagne di email marketing e grafiche social in un solo pacchetto!","robots":{"index":"index","follow":"follow","max-snippet":"max-snippet:-1","max-image-preview":"max-image-preview:large","max-video-preview":"max-video-preview:-1"},"canonical":"https:\/\/www.emailchef.com\/it\/menu-qr-code-e-servizi-digitali-per-ristoranti\/","twitter_misc":{"Tempo di lettura stimato":"8 minuti"},"schema":{"@context":"https:\/\/schema.org","@graph":[{"@type":"WebPage","@id":"https:\/\/www.emailchef.com\/it\/menu-qr-code-e-servizi-digitali-per-ristoranti\/","url":"https:\/\/www.emailchef.com\/it\/menu-qr-code-e-servizi-digitali-per-ristoranti\/","name":"Men\u00f9 con QR Code e servizi digitali per i ristoranti","isPartOf":{"@id":"https:\/\/www.emailchef.com\/#website"},"primaryImageOfPage":{"@id":"https:\/\/www.emailchef.com\/it\/menu-qr-code-e-servizi-digitali-per-ristoranti\/#primaryimage"},"image":{"@id":"https:\/\/www.emailchef.com\/it\/menu-qr-code-e-servizi-digitali-per-ristoranti\/#primaryimage"},"thumbnailUrl":"https:\/\/emailchef.com\/wp-content\/uploads\/2020\/11\/restaurant2.png","datePublished":"2020-11-10T15:22:01+00:00","dateModified":"2021-07-23T09:08:39+00:00","description":"Come promuovere asporto e delivery ai tempi del Covid: QR Code, form di raccolta dati, flyers, campagne di email marketing e grafiche social in un solo pacchetto!","breadcrumb":{"@id":"https:\/\/www.emailchef.com\/it\/menu-qr-code-e-servizi-digitali-per-ristoranti\/#breadcrumb"},"inLanguage":"it-IT","potentialAction":[{"@type":"ReadAction","target":["https:\/\/www.emailchef.com\/it\/menu-qr-code-e-servizi-digitali-per-ristoranti\/"]}]},{"@type":"ImageObject","inLanguage":"it-IT","@id":"https:\/\/www.emailchef.com\/it\/menu-qr-code-e-servizi-digitali-per-ristoranti\/#primaryimage","url":"https:\/\/emailchef.com\/wp-content\/uploads\/2020\/11\/restaurant2.png","contentUrl":"https:\/\/emailchef.com\/wp-content\/uploads\/2020\/11\/restaurant2.png"},{"@type":"BreadcrumbList","@id":"https:\/\/www.emailchef.com\/it\/menu-qr-code-e-servizi-digitali-per-ristoranti\/#breadcrumb","itemListElement":[{"@type":"ListItem","position":1,"name":"Home","item":"https:\/\/www.emailchef.com\/it\/"},{"@type":"ListItem","position":2,"name":"Apparecchia la tua tavola virtuale"}]},{"@type":"WebSite","@id":"https:\/\/www.emailchef.com\/#website","url":"https:\/\/www.emailchef.com\/","name":"Emailchef","description":"Gustose ricette di email marketing","publisher":{"@id":"https:\/\/www.emailchef.com\/#organization"},"potentialAction":[{"@type":"SearchAction","target":{"@type":"EntryPoint","urlTemplate":"https:\/\/www.emailchef.com\/?s={search_term_string}"},"query-input":{"@type":"PropertyValueSpecification","valueRequired":true,"valueName":"search_term_string"}}],"inLanguage":"it-IT"},{"@type":"Organization","@id":"https:\/\/www.emailchef.com\/#organization","name":"Delivery Tech Corp.","url":"https:\/\/www.emailchef.com\/","logo":{"@type":"ImageObject","inLanguage":"it-IT","@id":"https:\/\/www.emailchef.com\/#\/schema\/logo\/image\/","url":"https:\/\/www.emailchef.com\/wp-content\/uploads\/2022\/04\/logo-sama.png","contentUrl":"https:\/\/www.emailchef.com\/wp-content\/uploads\/2022\/04\/logo-sama.png","width":237,"height":80,"caption":"Delivery Tech Corp."},"image":{"@id":"https:\/\/www.emailchef.com\/#\/schema\/logo\/image\/"}}]}},"_links":{"self":[{"href":"https:\/\/www.emailchef.com\/it\/wp-json\/wp\/v2\/pages\/28204","targetHints":{"allow":["GET"]}}],"collection":[{"href":"https:\/\/www.emailchef.com\/it\/wp-json\/wp\/v2\/pages"}],"about":[{"href":"https:\/\/www.emailchef.com\/it\/wp-json\/wp\/v2\/types\/page"}],"author":[{"embeddable":true,"href":"https:\/\/www.emailchef.com\/it\/wp-json\/wp\/v2\/users\/1"}],"replies":[{"embeddable":true,"href":"https:\/\/www.emailchef.com\/it\/wp-json\/wp\/v2\/comments?post=28204"}],"version-history":[{"count":38,"href":"https:\/\/www.emailchef.com\/it\/wp-json\/wp\/v2\/pages\/28204\/revisions"}],"predecessor-version":[{"id":46694,"href":"https:\/\/www.emailchef.com\/it\/wp-json\/wp\/v2\/pages\/28204\/revisions\/46694"}],"wp:attachment":[{"href":"https:\/\/www.emailchef.com\/it\/wp-json\/wp\/v2\/media?parent=28204"}],"wp:term":[{"taxonomy":"g1_relation_tag","embeddable":true,"href":"https:\/\/www.emailchef.com\/it\/wp-json\/wp\/v2\/g1_relation_tag?post=28204"}],"curies":[{"name":"wp","href":"https:\/\/api.w.org\/{rel}","templated":true}]}}