{"id":5608,"date":"2014-09-11T09:45:34","date_gmt":"2014-09-11T09:45:34","guid":{"rendered":"http:\/\/emailchef.com\/?page_id=5608\/"},"modified":"2017-01-31T09:22:50","modified_gmt":"2017-01-31T09:22:50","slug":"najbolje-prakse-za-izradu-ebiltena","status":"publish","type":"page","link":"https:\/\/www.emailchef.com\/hr\/najbolje-prakse-za-izradu-ebiltena\/","title":{"rendered":"Najbolje prakse za izradu e-biltena (newsletter)"},"content":{"rendered":"<p>Izrada <strong>u\u010dinkovitih e-biltena<\/strong> (<strong>newslettera<\/strong>) je istan\u010dana umjetnosti koji zahtjeva odli\u010dno poznavanje i primjenu dobrih praksi. Evo ih:<\/p>\n<p>[related_pages template=&#8221;one_third&#8221; effect=&#8221;none&#8221; hide=&#8221;featured-media,author&#8221;]<\/p>\n<p>[\/related_pages]<\/p>\n","protected":false},"excerpt":{"rendered":"<p>Izrada u\u010dinkovitih e-biltena (newslettera) je istan\u010dana umjetnosti koji zahtjeva odli\u010dno poznavanje i primjenu dobrih praksi. Evo ih: [related_pages template=&#8221;one_third&#8221; effect=&#8221;none&#8221; hide=&#8221;featured-media,author&#8221;] [\/related_pages]<\/p>\n","protected":false},"author":6,"featured_media":0,"parent":0,"menu_order":195,"comment_status":"closed","ping_status":"closed","template":"","meta":{"_acf_changed":false,"inline_featured_image":false,"footnotes":""},"g1_relation_tag":[115],"class_list":["post-5608","page","type-page","status-publish","hentry","g1_relation_tag-newsletter-basic-practices-hr"],"acf":[],"yoast_head":"<!-- This site is optimized with the Yoast SEO plugin v27.5 - https:\/\/yoast.com\/product\/yoast-seo-wordpress\/ -->\n<title>Najbolje prakse za izradu e-biltena (newsletter) - Emailchef<\/title>\n<meta name=\"robots\" content=\"index, follow, max-snippet:-1, max-image-preview:large, max-video-preview:-1\" \/>\n<link rel=\"canonical\" href=\"https:\/\/www.emailchef.com\/hr\/najbolje-prakse-za-izradu-ebiltena\/\" \/>\n<script type=\"application\/ld+json\" class=\"yoast-schema-graph\">{\"@context\":\"https:\\\/\\\/schema.org\",\"@graph\":[{\"@type\":\"WebPage\",\"@id\":\"https:\\\/\\\/www.emailchef.com\\\/hr\\\/najbolje-prakse-za-izradu-ebiltena\\\/\",\"url\":\"https:\\\/\\\/www.emailchef.com\\\/hr\\\/najbolje-prakse-za-izradu-ebiltena\\\/\",\"name\":\"Najbolje prakse za izradu e-biltena (newsletter) - Emailchef\",\"isPartOf\":{\"@id\":\"https:\\\/\\\/www.emailchef.com\\\/#website\"},\"datePublished\":\"2014-09-11T09:45:34+00:00\",\"dateModified\":\"2017-01-31T09:22:50+00:00\",\"breadcrumb\":{\"@id\":\"https:\\\/\\\/www.emailchef.com\\\/hr\\\/najbolje-prakse-za-izradu-ebiltena\\\/#breadcrumb\"},\"inLanguage\":\"hr\",\"potentialAction\":[{\"@type\":\"ReadAction\",\"target\":[\"https:\\\/\\\/www.emailchef.com\\\/hr\\\/najbolje-prakse-za-izradu-ebiltena\\\/\"]}]},{\"@type\":\"BreadcrumbList\",\"@id\":\"https:\\\/\\\/www.emailchef.com\\\/hr\\\/najbolje-prakse-za-izradu-ebiltena\\\/#breadcrumb\",\"itemListElement\":[{\"@type\":\"ListItem\",\"position\":1,\"name\":\"Home\",\"item\":\"https:\\\/\\\/www.emailchef.com\\\/hr\\\/\"},{\"@type\":\"ListItem\",\"position\":2,\"name\":\"Najbolje prakse za izradu e-biltena (newsletter)\"}]},{\"@type\":\"WebSite\",\"@id\":\"https:\\\/\\\/www.emailchef.com\\\/#website\",\"url\":\"https:\\\/\\\/www.emailchef.com\\\/\",\"name\":\"Emailchef\",\"description\":\"Izvrsni recepti za e-mail marketing\",\"publisher\":{\"@id\":\"https:\\\/\\\/www.emailchef.com\\\/#organization\"},\"potentialAction\":[{\"@type\":\"SearchAction\",\"target\":{\"@type\":\"EntryPoint\",\"urlTemplate\":\"https:\\\/\\\/www.emailchef.com\\\/?s={search_term_string}\"},\"query-input\":{\"@type\":\"PropertyValueSpecification\",\"valueRequired\":true,\"valueName\":\"search_term_string\"}}],\"inLanguage\":\"hr\"},{\"@type\":\"Organization\",\"@id\":\"https:\\\/\\\/www.emailchef.com\\\/#organization\",\"name\":\"Delivery Tech Corp.\",\"url\":\"https:\\\/\\\/www.emailchef.com\\\/\",\"logo\":{\"@type\":\"ImageObject\",\"inLanguage\":\"hr\",\"@id\":\"https:\\\/\\\/www.emailchef.com\\\/#\\\/schema\\\/logo\\\/image\\\/\",\"url\":\"https:\\\/\\\/www.emailchef.com\\\/wp-content\\\/uploads\\\/2022\\\/04\\\/logo-sama.png\",\"contentUrl\":\"https:\\\/\\\/www.emailchef.com\\\/wp-content\\\/uploads\\\/2022\\\/04\\\/logo-sama.png\",\"width\":237,\"height\":80,\"caption\":\"Delivery Tech Corp.\"},\"image\":{\"@id\":\"https:\\\/\\\/www.emailchef.com\\\/#\\\/schema\\\/logo\\\/image\\\/\"}}]}<\/script>\n<!-- \/ Yoast SEO plugin. -->","yoast_head_json":{"title":"Najbolje prakse za izradu e-biltena (newsletter) - Emailchef","robots":{"index":"index","follow":"follow","max-snippet":"max-snippet:-1","max-image-preview":"max-image-preview:large","max-video-preview":"max-video-preview:-1"},"canonical":"https:\/\/www.emailchef.com\/hr\/najbolje-prakse-za-izradu-ebiltena\/","schema":{"@context":"https:\/\/schema.org","@graph":[{"@type":"WebPage","@id":"https:\/\/www.emailchef.com\/hr\/najbolje-prakse-za-izradu-ebiltena\/","url":"https:\/\/www.emailchef.com\/hr\/najbolje-prakse-za-izradu-ebiltena\/","name":"Najbolje prakse za izradu e-biltena (newsletter) - Emailchef","isPartOf":{"@id":"https:\/\/www.emailchef.com\/#website"},"datePublished":"2014-09-11T09:45:34+00:00","dateModified":"2017-01-31T09:22:50+00:00","breadcrumb":{"@id":"https:\/\/www.emailchef.com\/hr\/najbolje-prakse-za-izradu-ebiltena\/#breadcrumb"},"inLanguage":"hr","potentialAction":[{"@type":"ReadAction","target":["https:\/\/www.emailchef.com\/hr\/najbolje-prakse-za-izradu-ebiltena\/"]}]},{"@type":"BreadcrumbList","@id":"https:\/\/www.emailchef.com\/hr\/najbolje-prakse-za-izradu-ebiltena\/#breadcrumb","itemListElement":[{"@type":"ListItem","position":1,"name":"Home","item":"https:\/\/www.emailchef.com\/hr\/"},{"@type":"ListItem","position":2,"name":"Najbolje prakse za izradu e-biltena (newsletter)"}]},{"@type":"WebSite","@id":"https:\/\/www.emailchef.com\/#website","url":"https:\/\/www.emailchef.com\/","name":"Emailchef","description":"Izvrsni recepti za e-mail marketing","publisher":{"@id":"https:\/\/www.emailchef.com\/#organization"},"potentialAction":[{"@type":"SearchAction","target":{"@type":"EntryPoint","urlTemplate":"https:\/\/www.emailchef.com\/?s={search_term_string}"},"query-input":{"@type":"PropertyValueSpecification","valueRequired":true,"valueName":"search_term_string"}}],"inLanguage":"hr"},{"@type":"Organization","@id":"https:\/\/www.emailchef.com\/#organization","name":"Delivery Tech Corp.","url":"https:\/\/www.emailchef.com\/","logo":{"@type":"ImageObject","inLanguage":"hr","@id":"https:\/\/www.emailchef.com\/#\/schema\/logo\/image\/","url":"https:\/\/www.emailchef.com\/wp-content\/uploads\/2022\/04\/logo-sama.png","contentUrl":"https:\/\/www.emailchef.com\/wp-content\/uploads\/2022\/04\/logo-sama.png","width":237,"height":80,"caption":"Delivery Tech Corp."},"image":{"@id":"https:\/\/www.emailchef.com\/#\/schema\/logo\/image\/"}}]}},"_links":{"self":[{"href":"https:\/\/www.emailchef.com\/hr\/wp-json\/wp\/v2\/pages\/5608","targetHints":{"allow":["GET"]}}],"collection":[{"href":"https:\/\/www.emailchef.com\/hr\/wp-json\/wp\/v2\/pages"}],"about":[{"href":"https:\/\/www.emailchef.com\/hr\/wp-json\/wp\/v2\/types\/page"}],"author":[{"embeddable":true,"href":"https:\/\/www.emailchef.com\/hr\/wp-json\/wp\/v2\/users\/6"}],"replies":[{"embeddable":true,"href":"https:\/\/www.emailchef.com\/hr\/wp-json\/wp\/v2\/comments?post=5608"}],"version-history":[{"count":2,"href":"https:\/\/www.emailchef.com\/hr\/wp-json\/wp\/v2\/pages\/5608\/revisions"}],"predecessor-version":[{"id":5610,"href":"https:\/\/www.emailchef.com\/hr\/wp-json\/wp\/v2\/pages\/5608\/revisions\/5610"}],"wp:attachment":[{"href":"https:\/\/www.emailchef.com\/hr\/wp-json\/wp\/v2\/media?parent=5608"}],"wp:term":[{"taxonomy":"g1_relation_tag","embeddable":true,"href":"https:\/\/www.emailchef.com\/hr\/wp-json\/wp\/v2\/g1_relation_tag?post=5608"}],"curies":[{"name":"wp","href":"https:\/\/api.w.org\/{rel}","templated":true}]}}