{"id":5451,"date":"2014-10-27T14:25:41","date_gmt":"2014-10-27T14:25:41","guid":{"rendered":"http:\/\/emailchef.com\/?page_id=5451\/"},"modified":"2022-12-30T15:04:22","modified_gmt":"2022-12-30T15:04:22","slug":"kontakt","status":"publish","type":"page","link":"https:\/\/www.emailchef.com\/hr\/kontakt\/","title":{"rendered":"Kontaktirajte nas"},"content":{"rendered":"\t\t<div data-elementor-type=\"wp-page\" data-elementor-id=\"5451\" class=\"elementor elementor-5451 elementor-1589\" data-elementor-post-type=\"page\">\n\t\t\t\t\t\t<section class=\"elementor-section elementor-top-section elementor-element elementor-element-2e29b5ed elementor-section-boxed elementor-section-height-default elementor-section-height-default\" data-id=\"2e29b5ed\" data-element_type=\"section\" data-e-type=\"section\">\n\t\t\t\t\t\t<div class=\"elementor-container elementor-column-gap-default\">\n\t\t\t\t\t<div class=\"elementor-column elementor-col-100 elementor-top-column elementor-element elementor-element-46f6871f\" data-id=\"46f6871f\" data-element_type=\"column\" data-e-type=\"column\">\n\t\t\t<div class=\"elementor-widget-wrap elementor-element-populated\">\n\t\t\t\t\t\t<div class=\"elementor-element elementor-element-68188d11 elementor-hidden-mobile elementor-hidden-tablet elementor-widget elementor-widget-heading\" data-id=\"68188d11\" data-element_type=\"widget\" data-e-type=\"widget\" data-widget_type=\"heading.default\">\n\t\t\t\t<div class=\"elementor-widget-container\">\n\t\t\t\t\t<p class=\"elementor-heading-title elementor-size-default\">Emailchef je platforma za email marketing koja vam omogu\u0107uje izradu, slanje i pra\u0107enje marketin\u0161kih eemailova i newslettera (biltena) na jednostavan na\u010din.<br>Jam\u010dimo visoku stopu isporuke i sigurno slanje.<\/p>\t\t\t\t<\/div>\n\t\t\t\t<\/div>\n\t\t\t\t<div class=\"elementor-element elementor-element-361658b4 elementor-hidden-desktop elementor-widget elementor-widget-heading\" data-id=\"361658b4\" data-element_type=\"widget\" data-e-type=\"widget\" data-widget_type=\"heading.default\">\n\t\t\t\t<div class=\"elementor-widget-container\">\n\t\t\t\t\t<p class=\"elementor-heading-title elementor-size-default\">Emailchef je platforma za email marketing koja vam omogu\u0107uje izradu, slanje i pra\u0107enje marketin\u0161kih eemailova i newslettera (biltena) na jednostavan na\u010din.<br><br>Jam\u010dimo visoku stopu isporuke i sigurno slanje.<\/p>\t\t\t\t<\/div>\n\t\t\t\t<\/div>\n\t\t\t\t<div class=\"elementor-element elementor-element-3339a903 elementor-widget elementor-widget-heading\" data-id=\"3339a903\" data-element_type=\"widget\" data-e-type=\"widget\" data-widget_type=\"heading.default\">\n\t\t\t\t<div class=\"elementor-widget-container\">\n\t\t\t\t\t<h3 class=\"elementor-heading-title elementor-size-default\">Saznajte kako mo\u017eemo pripomo\u0107i va\u0161em poslovnom rastu<\/h3>\t\t\t\t<\/div>\n\t\t\t\t<\/div>\n\t\t\t\t<div class=\"elementor-element elementor-element-434b5940 elementor-hidden-mobile elementor-widget elementor-widget-heading\" data-id=\"434b5940\" data-element_type=\"widget\" data-e-type=\"widget\" data-widget_type=\"heading.default\">\n\t\t\t\t<div class=\"elementor-widget-container\">\n\t\t\t\t\t<p class=\"elementor-heading-title elementor-size-default\">Ispunite sljede\u0107i obrazac s va\u0161im zahtjevom kako bismo vas kontaktirali i pomogli u izgradnji va\u0161eg poslovanja.<\/p>\t\t\t\t<\/div>\n\t\t\t\t<\/div>\n\t\t\t\t<div class=\"elementor-element elementor-element-57d3a752 elementor-hidden-tablet elementor-hidden-desktop elementor-widget elementor-widget-heading\" data-id=\"57d3a752\" data-element_type=\"widget\" data-e-type=\"widget\" data-widget_type=\"heading.default\">\n\t\t\t\t<div class=\"elementor-widget-container\">\n\t\t\t\t\t<p class=\"elementor-heading-title elementor-size-default\">Ispunite sljede\u0107i obrazac s va\u0161im zahtjevom kako bismo vas kontaktirali i pomogli u izgradnji va\u0161eg poslovanja.<\/p>\t\t\t\t<\/div>\n\t\t\t\t<\/div>\n\t\t\t\t<section class=\"elementor-section elementor-inner-section elementor-element elementor-element-1a1a2594 elementor-section-boxed elementor-section-height-default elementor-section-height-default\" data-id=\"1a1a2594\" data-element_type=\"section\" data-e-type=\"section\">\n\t\t\t\t\t\t<div class=\"elementor-container elementor-column-gap-default\">\n\t\t\t\t\t<div class=\"elementor-column elementor-col-100 elementor-inner-column elementor-element elementor-element-41f939e0\" data-id=\"41f939e0\" data-element_type=\"column\" data-e-type=\"column\">\n\t\t\t<div class=\"elementor-widget-wrap elementor-element-populated\">\n\t\t\t\t\t\t<div class=\"elementor-element elementor-element-6b1cef3 custom-form-style elementor-widget elementor-widget-shortcode\" data-id=\"6b1cef3\" data-element_type=\"widget\" data-e-type=\"widget\" data-widget_type=\"shortcode.default\">\n\t\t\t\t<div class=\"elementor-widget-container\">\n\t\t\t\t\t\t\t<div class=\"elementor-shortcode\">[contact-form-7 id=\"5457\" title=\"Contact form HR\"]<\/div>\n\t\t\t\t\t\t<\/div>\n\t\t\t\t<\/div>\n\t\t\t\t\t<\/div>\n\t\t<\/div>\n\t\t\t\t\t<\/div>\n\t\t<\/section>\n\t\t\t\t<div class=\"elementor-element elementor-element-53c9e0c8 elementor-hidden-mobile elementor-widget elementor-widget-heading\" data-id=\"53c9e0c8\" data-element_type=\"widget\" data-e-type=\"widget\" data-widget_type=\"heading.default\">\n\t\t\t\t<div class=\"elementor-widget-container\">\n\t\t\t\t\t<p class=\"elementor-heading-title elementor-size-default\">Emailchef je razvijen i distribuiran od Edisplay Srl.,<br>tvrtka specijalizirana za proizvode digitalnog marketinga.<\/p>\t\t\t\t<\/div>\n\t\t\t\t<\/div>\n\t\t\t\t<div class=\"elementor-element elementor-element-56f0a3c7 elementor-hidden-tablet elementor-hidden-desktop elementor-widget elementor-widget-heading\" data-id=\"56f0a3c7\" data-element_type=\"widget\" data-e-type=\"widget\" data-widget_type=\"heading.default\">\n\t\t\t\t<div class=\"elementor-widget-container\">\n\t\t\t\t\t<p class=\"elementor-heading-title elementor-size-default\">Emailchef je razvijen i distribuiran od Edisplay Srl., tvrtka specijalizirana za proizvode digitalnog marketinga.<\/p>\t\t\t\t<\/div>\n\t\t\t\t<\/div>\n\t\t\t\t<div class=\"elementor-element elementor-element-6f0a600d elementor-widget elementor-widget-heading\" data-id=\"6f0a600d\" data-element_type=\"widget\" data-e-type=\"widget\" data-widget_type=\"heading.default\">\n\t\t\t\t<div class=\"elementor-widget-container\">\n\t\t\t\t\t<p class=\"elementor-heading-title elementor-size-default\"><big><b>Edisplay Srl.<\/b><\/big><br>\n4411 Morena Blvd #230<br>\nSan Diego, CA 92117<br>\n&lt;!--\n<a href=\"tel:+1 619 3547283\">+1 619 3547283<\/a><br>\n<small>Mon - Fri, 10:00 - 15:00 \/ 16:00 - 19:00 (UTC\/GMT -6)<\/small>\n--&gt;<\/p>\t\t\t\t<\/div>\n\t\t\t\t<\/div>\n\t\t\t\t\t<\/div>\n\t\t<\/div>\n\t\t\t\t\t<\/div>\n\t\t<\/section>\n\t\t\t\t<\/div>\n\t\t","protected":false},"excerpt":{"rendered":"<p>Emailchef je platforma za email marketing koja vam omogu\u0107uje izradu, slanje i pra\u0107enje marketin\u0161kih eemailova i newslettera (biltena) na jednostavan na\u010din.Jam\u010dimo visoku stopu isporuke i sigurno slanje. Emailchef je platforma za email marketing koja vam omogu\u0107uje izradu, slanje i pra\u0107enje marketin\u0161kih eemailova i newslettera (biltena) na jednostavan na\u010din. Jam\u010dimo visoku stopu isporuke i sigurno slanje. [&hellip;]<\/p>\n","protected":false},"author":6,"featured_media":0,"parent":0,"menu_order":83,"comment_status":"closed","ping_status":"closed","template":"","meta":{"_acf_changed":false,"inline_featured_image":false,"footnotes":""},"g1_relation_tag":[],"class_list":["post-5451","page","type-page","status-publish","hentry"],"acf":[],"yoast_head":"<!-- This site is optimized with the Yoast SEO plugin v27.5 - https:\/\/yoast.com\/product\/yoast-seo-wordpress\/ -->\n<title>Kontaktirajte nas - Emailchef<\/title>\n<meta name=\"robots\" content=\"index, follow, max-snippet:-1, max-image-preview:large, max-video-preview:-1\" \/>\n<link rel=\"canonical\" href=\"https:\/\/www.emailchef.com\/hr\/kontakt\/\" \/>\n<meta name=\"twitter:label1\" content=\"Procijenjeno vrijeme \u010ditanja\" \/>\n\t<meta name=\"twitter:data1\" content=\"1 minuta\" \/>\n<script type=\"application\/ld+json\" class=\"yoast-schema-graph\">{\"@context\":\"https:\\\/\\\/schema.org\",\"@graph\":[{\"@type\":\"WebPage\",\"@id\":\"https:\\\/\\\/www.emailchef.com\\\/hr\\\/kontakt\\\/\",\"url\":\"https:\\\/\\\/www.emailchef.com\\\/hr\\\/kontakt\\\/\",\"name\":\"Kontaktirajte nas - Emailchef\",\"isPartOf\":{\"@id\":\"https:\\\/\\\/www.emailchef.com\\\/#website\"},\"datePublished\":\"2014-10-27T14:25:41+00:00\",\"dateModified\":\"2022-12-30T15:04:22+00:00\",\"breadcrumb\":{\"@id\":\"https:\\\/\\\/www.emailchef.com\\\/hr\\\/kontakt\\\/#breadcrumb\"},\"inLanguage\":\"hr\",\"potentialAction\":[{\"@type\":\"ReadAction\",\"target\":[\"https:\\\/\\\/www.emailchef.com\\\/hr\\\/kontakt\\\/\"]}]},{\"@type\":\"BreadcrumbList\",\"@id\":\"https:\\\/\\\/www.emailchef.com\\\/hr\\\/kontakt\\\/#breadcrumb\",\"itemListElement\":[{\"@type\":\"ListItem\",\"position\":1,\"name\":\"Home\",\"item\":\"https:\\\/\\\/www.emailchef.com\\\/hr\\\/\"},{\"@type\":\"ListItem\",\"position\":2,\"name\":\"Kontaktirajte nas\"}]},{\"@type\":\"WebSite\",\"@id\":\"https:\\\/\\\/www.emailchef.com\\\/#website\",\"url\":\"https:\\\/\\\/www.emailchef.com\\\/\",\"name\":\"Emailchef\",\"description\":\"Izvrsni recepti za e-mail marketing\",\"publisher\":{\"@id\":\"https:\\\/\\\/www.emailchef.com\\\/#organization\"},\"potentialAction\":[{\"@type\":\"SearchAction\",\"target\":{\"@type\":\"EntryPoint\",\"urlTemplate\":\"https:\\\/\\\/www.emailchef.com\\\/?s={search_term_string}\"},\"query-input\":{\"@type\":\"PropertyValueSpecification\",\"valueRequired\":true,\"valueName\":\"search_term_string\"}}],\"inLanguage\":\"hr\"},{\"@type\":\"Organization\",\"@id\":\"https:\\\/\\\/www.emailchef.com\\\/#organization\",\"name\":\"Delivery Tech Corp.\",\"url\":\"https:\\\/\\\/www.emailchef.com\\\/\",\"logo\":{\"@type\":\"ImageObject\",\"inLanguage\":\"hr\",\"@id\":\"https:\\\/\\\/www.emailchef.com\\\/#\\\/schema\\\/logo\\\/image\\\/\",\"url\":\"https:\\\/\\\/www.emailchef.com\\\/wp-content\\\/uploads\\\/2022\\\/04\\\/logo-sama.png\",\"contentUrl\":\"https:\\\/\\\/www.emailchef.com\\\/wp-content\\\/uploads\\\/2022\\\/04\\\/logo-sama.png\",\"width\":237,\"height\":80,\"caption\":\"Delivery Tech Corp.\"},\"image\":{\"@id\":\"https:\\\/\\\/www.emailchef.com\\\/#\\\/schema\\\/logo\\\/image\\\/\"}}]}<\/script>\n<!-- \/ Yoast SEO plugin. -->","yoast_head_json":{"title":"Kontaktirajte nas - Emailchef","robots":{"index":"index","follow":"follow","max-snippet":"max-snippet:-1","max-image-preview":"max-image-preview:large","max-video-preview":"max-video-preview:-1"},"canonical":"https:\/\/www.emailchef.com\/hr\/kontakt\/","twitter_misc":{"Procijenjeno vrijeme \u010ditanja":"1 minuta"},"schema":{"@context":"https:\/\/schema.org","@graph":[{"@type":"WebPage","@id":"https:\/\/www.emailchef.com\/hr\/kontakt\/","url":"https:\/\/www.emailchef.com\/hr\/kontakt\/","name":"Kontaktirajte nas - Emailchef","isPartOf":{"@id":"https:\/\/www.emailchef.com\/#website"},"datePublished":"2014-10-27T14:25:41+00:00","dateModified":"2022-12-30T15:04:22+00:00","breadcrumb":{"@id":"https:\/\/www.emailchef.com\/hr\/kontakt\/#breadcrumb"},"inLanguage":"hr","potentialAction":[{"@type":"ReadAction","target":["https:\/\/www.emailchef.com\/hr\/kontakt\/"]}]},{"@type":"BreadcrumbList","@id":"https:\/\/www.emailchef.com\/hr\/kontakt\/#breadcrumb","itemListElement":[{"@type":"ListItem","position":1,"name":"Home","item":"https:\/\/www.emailchef.com\/hr\/"},{"@type":"ListItem","position":2,"name":"Kontaktirajte nas"}]},{"@type":"WebSite","@id":"https:\/\/www.emailchef.com\/#website","url":"https:\/\/www.emailchef.com\/","name":"Emailchef","description":"Izvrsni recepti za e-mail marketing","publisher":{"@id":"https:\/\/www.emailchef.com\/#organization"},"potentialAction":[{"@type":"SearchAction","target":{"@type":"EntryPoint","urlTemplate":"https:\/\/www.emailchef.com\/?s={search_term_string}"},"query-input":{"@type":"PropertyValueSpecification","valueRequired":true,"valueName":"search_term_string"}}],"inLanguage":"hr"},{"@type":"Organization","@id":"https:\/\/www.emailchef.com\/#organization","name":"Delivery Tech Corp.","url":"https:\/\/www.emailchef.com\/","logo":{"@type":"ImageObject","inLanguage":"hr","@id":"https:\/\/www.emailchef.com\/#\/schema\/logo\/image\/","url":"https:\/\/www.emailchef.com\/wp-content\/uploads\/2022\/04\/logo-sama.png","contentUrl":"https:\/\/www.emailchef.com\/wp-content\/uploads\/2022\/04\/logo-sama.png","width":237,"height":80,"caption":"Delivery Tech Corp."},"image":{"@id":"https:\/\/www.emailchef.com\/#\/schema\/logo\/image\/"}}]}},"_links":{"self":[{"href":"https:\/\/www.emailchef.com\/hr\/wp-json\/wp\/v2\/pages\/5451","targetHints":{"allow":["GET"]}}],"collection":[{"href":"https:\/\/www.emailchef.com\/hr\/wp-json\/wp\/v2\/pages"}],"about":[{"href":"https:\/\/www.emailchef.com\/hr\/wp-json\/wp\/v2\/types\/page"}],"author":[{"embeddable":true,"href":"https:\/\/www.emailchef.com\/hr\/wp-json\/wp\/v2\/users\/6"}],"replies":[{"embeddable":true,"href":"https:\/\/www.emailchef.com\/hr\/wp-json\/wp\/v2\/comments?post=5451"}],"version-history":[{"count":19,"href":"https:\/\/www.emailchef.com\/hr\/wp-json\/wp\/v2\/pages\/5451\/revisions"}],"predecessor-version":[{"id":62228,"href":"https:\/\/www.emailchef.com\/hr\/wp-json\/wp\/v2\/pages\/5451\/revisions\/62228"}],"wp:attachment":[{"href":"https:\/\/www.emailchef.com\/hr\/wp-json\/wp\/v2\/media?parent=5451"}],"wp:term":[{"taxonomy":"g1_relation_tag","embeddable":true,"href":"https:\/\/www.emailchef.com\/hr\/wp-json\/wp\/v2\/g1_relation_tag?post=5451"}],"curies":[{"name":"wp","href":"https:\/\/api.w.org\/{rel}","templated":true}]}}