{"id":5430,"date":"2017-01-17T17:00:47","date_gmt":"2017-01-17T17:00:47","guid":{"rendered":"http:\/\/emailchef.com\/?page_id=5430\/"},"modified":"2017-01-25T11:21:20","modified_gmt":"2017-01-25T11:21:20","slug":"sigurna-slanja","status":"publish","type":"page","link":"https:\/\/www.emailchef.com\/hr\/sigurna-slanja\/","title":{"rendered":"Sigurna slanja"},"content":{"rendered":"<p>Emailchef izrazito dr\u017ei do va\u0161e <strong>sigurnosti i privatnosti<\/strong> kao najva\u017enije stvari kada je u pitanju slanje masovnih e-mailova.<\/p>\n<p>Jam\u010dimo <strong>sigurna slanja<\/strong> putem vi\u0161eslojnog sustava za\u0161tite od zlonamjernih napada, tj. hakiranja. Svi podaci pohranjeni na na\u0161oj platformi (kao \u0161to su kontakti, poslani i spremljeni e-mailovi, newsletter predlo\u0161ci i ostalo) biti \u0107e sigurni i <strong>nikada se ne\u0107e dijeliti ni s kim<\/strong> izvan na\u0161ih uvjeta pru\u017eanja usluge. Isto vrijedi i za va\u0161e osobne podatke.<\/p>\n<p>Za bilo kakve dodatne upite, slobodno nas kontaktirajte.<\/p>\n","protected":false},"excerpt":{"rendered":"<p>Emailchef izrazito dr\u017ei do va\u0161e sigurnosti i privatnosti kao najva\u017enije stvari kada je u pitanju slanje masovnih e-mailova. Jam\u010dimo sigurna slanja putem vi\u0161eslojnog sustava za\u0161tite od zlonamjernih napada, tj. hakiranja. Svi podaci pohranjeni na na\u0161oj platformi (kao \u0161to su kontakti, poslani i spremljeni e-mailovi, newsletter predlo\u0161ci i ostalo) biti \u0107e sigurni i nikada se ne\u0107e [&hellip;]<\/p>\n","protected":false},"author":6,"featured_media":0,"parent":0,"menu_order":227,"comment_status":"closed","ping_status":"closed","template":"g1_template_page_sidebar_right.php","meta":{"_acf_changed":false,"inline_featured_image":false,"footnotes":""},"g1_relation_tag":[],"class_list":["post-5430","page","type-page","status-publish","hentry"],"acf":[],"yoast_head":"<!-- This site is optimized with the Yoast SEO plugin v27.5 - https:\/\/yoast.com\/product\/yoast-seo-wordpress\/ -->\n<title>Sigurna slanja - Emailchef<\/title>\n<meta name=\"robots\" content=\"index, follow, max-snippet:-1, max-image-preview:large, max-video-preview:-1\" \/>\n<link rel=\"canonical\" href=\"https:\/\/www.emailchef.com\/hr\/sigurna-slanja\/\" \/>\n<script type=\"application\/ld+json\" class=\"yoast-schema-graph\">{\"@context\":\"https:\\\/\\\/schema.org\",\"@graph\":[{\"@type\":\"WebPage\",\"@id\":\"https:\\\/\\\/www.emailchef.com\\\/hr\\\/sigurna-slanja\\\/\",\"url\":\"https:\\\/\\\/www.emailchef.com\\\/hr\\\/sigurna-slanja\\\/\",\"name\":\"Sigurna slanja - Emailchef\",\"isPartOf\":{\"@id\":\"https:\\\/\\\/www.emailchef.com\\\/#website\"},\"datePublished\":\"2017-01-17T17:00:47+00:00\",\"dateModified\":\"2017-01-25T11:21:20+00:00\",\"breadcrumb\":{\"@id\":\"https:\\\/\\\/www.emailchef.com\\\/hr\\\/sigurna-slanja\\\/#breadcrumb\"},\"inLanguage\":\"hr\",\"potentialAction\":[{\"@type\":\"ReadAction\",\"target\":[\"https:\\\/\\\/www.emailchef.com\\\/hr\\\/sigurna-slanja\\\/\"]}]},{\"@type\":\"BreadcrumbList\",\"@id\":\"https:\\\/\\\/www.emailchef.com\\\/hr\\\/sigurna-slanja\\\/#breadcrumb\",\"itemListElement\":[{\"@type\":\"ListItem\",\"position\":1,\"name\":\"Home\",\"item\":\"https:\\\/\\\/www.emailchef.com\\\/hr\\\/\"},{\"@type\":\"ListItem\",\"position\":2,\"name\":\"Sigurna slanja\"}]},{\"@type\":\"WebSite\",\"@id\":\"https:\\\/\\\/www.emailchef.com\\\/#website\",\"url\":\"https:\\\/\\\/www.emailchef.com\\\/\",\"name\":\"Emailchef\",\"description\":\"Izvrsni recepti za e-mail marketing\",\"publisher\":{\"@id\":\"https:\\\/\\\/www.emailchef.com\\\/#organization\"},\"potentialAction\":[{\"@type\":\"SearchAction\",\"target\":{\"@type\":\"EntryPoint\",\"urlTemplate\":\"https:\\\/\\\/www.emailchef.com\\\/?s={search_term_string}\"},\"query-input\":{\"@type\":\"PropertyValueSpecification\",\"valueRequired\":true,\"valueName\":\"search_term_string\"}}],\"inLanguage\":\"hr\"},{\"@type\":\"Organization\",\"@id\":\"https:\\\/\\\/www.emailchef.com\\\/#organization\",\"name\":\"Delivery Tech Corp.\",\"url\":\"https:\\\/\\\/www.emailchef.com\\\/\",\"logo\":{\"@type\":\"ImageObject\",\"inLanguage\":\"hr\",\"@id\":\"https:\\\/\\\/www.emailchef.com\\\/#\\\/schema\\\/logo\\\/image\\\/\",\"url\":\"https:\\\/\\\/www.emailchef.com\\\/wp-content\\\/uploads\\\/2022\\\/04\\\/logo-sama.png\",\"contentUrl\":\"https:\\\/\\\/www.emailchef.com\\\/wp-content\\\/uploads\\\/2022\\\/04\\\/logo-sama.png\",\"width\":237,\"height\":80,\"caption\":\"Delivery Tech Corp.\"},\"image\":{\"@id\":\"https:\\\/\\\/www.emailchef.com\\\/#\\\/schema\\\/logo\\\/image\\\/\"}}]}<\/script>\n<!-- \/ Yoast SEO plugin. -->","yoast_head_json":{"title":"Sigurna slanja - Emailchef","robots":{"index":"index","follow":"follow","max-snippet":"max-snippet:-1","max-image-preview":"max-image-preview:large","max-video-preview":"max-video-preview:-1"},"canonical":"https:\/\/www.emailchef.com\/hr\/sigurna-slanja\/","schema":{"@context":"https:\/\/schema.org","@graph":[{"@type":"WebPage","@id":"https:\/\/www.emailchef.com\/hr\/sigurna-slanja\/","url":"https:\/\/www.emailchef.com\/hr\/sigurna-slanja\/","name":"Sigurna slanja - Emailchef","isPartOf":{"@id":"https:\/\/www.emailchef.com\/#website"},"datePublished":"2017-01-17T17:00:47+00:00","dateModified":"2017-01-25T11:21:20+00:00","breadcrumb":{"@id":"https:\/\/www.emailchef.com\/hr\/sigurna-slanja\/#breadcrumb"},"inLanguage":"hr","potentialAction":[{"@type":"ReadAction","target":["https:\/\/www.emailchef.com\/hr\/sigurna-slanja\/"]}]},{"@type":"BreadcrumbList","@id":"https:\/\/www.emailchef.com\/hr\/sigurna-slanja\/#breadcrumb","itemListElement":[{"@type":"ListItem","position":1,"name":"Home","item":"https:\/\/www.emailchef.com\/hr\/"},{"@type":"ListItem","position":2,"name":"Sigurna slanja"}]},{"@type":"WebSite","@id":"https:\/\/www.emailchef.com\/#website","url":"https:\/\/www.emailchef.com\/","name":"Emailchef","description":"Izvrsni recepti za e-mail marketing","publisher":{"@id":"https:\/\/www.emailchef.com\/#organization"},"potentialAction":[{"@type":"SearchAction","target":{"@type":"EntryPoint","urlTemplate":"https:\/\/www.emailchef.com\/?s={search_term_string}"},"query-input":{"@type":"PropertyValueSpecification","valueRequired":true,"valueName":"search_term_string"}}],"inLanguage":"hr"},{"@type":"Organization","@id":"https:\/\/www.emailchef.com\/#organization","name":"Delivery Tech Corp.","url":"https:\/\/www.emailchef.com\/","logo":{"@type":"ImageObject","inLanguage":"hr","@id":"https:\/\/www.emailchef.com\/#\/schema\/logo\/image\/","url":"https:\/\/www.emailchef.com\/wp-content\/uploads\/2022\/04\/logo-sama.png","contentUrl":"https:\/\/www.emailchef.com\/wp-content\/uploads\/2022\/04\/logo-sama.png","width":237,"height":80,"caption":"Delivery Tech Corp."},"image":{"@id":"https:\/\/www.emailchef.com\/#\/schema\/logo\/image\/"}}]}},"_links":{"self":[{"href":"https:\/\/www.emailchef.com\/hr\/wp-json\/wp\/v2\/pages\/5430","targetHints":{"allow":["GET"]}}],"collection":[{"href":"https:\/\/www.emailchef.com\/hr\/wp-json\/wp\/v2\/pages"}],"about":[{"href":"https:\/\/www.emailchef.com\/hr\/wp-json\/wp\/v2\/types\/page"}],"author":[{"embeddable":true,"href":"https:\/\/www.emailchef.com\/hr\/wp-json\/wp\/v2\/users\/6"}],"replies":[{"embeddable":true,"href":"https:\/\/www.emailchef.com\/hr\/wp-json\/wp\/v2\/comments?post=5430"}],"version-history":[{"count":2,"href":"https:\/\/www.emailchef.com\/hr\/wp-json\/wp\/v2\/pages\/5430\/revisions"}],"predecessor-version":[{"id":5432,"href":"https:\/\/www.emailchef.com\/hr\/wp-json\/wp\/v2\/pages\/5430\/revisions\/5432"}],"wp:attachment":[{"href":"https:\/\/www.emailchef.com\/hr\/wp-json\/wp\/v2\/media?parent=5430"}],"wp:term":[{"taxonomy":"g1_relation_tag","embeddable":true,"href":"https:\/\/www.emailchef.com\/hr\/wp-json\/wp\/v2\/g1_relation_tag?post=5430"}],"curies":[{"name":"wp","href":"https:\/\/api.w.org\/{rel}","templated":true}]}}