{"id":28124,"date":"2020-07-16T13:36:17","date_gmt":"2020-07-16T13:36:17","guid":{"rendered":"https:\/\/emailchef.com\/prezzi-restore\/"},"modified":"2026-04-21T15:47:57","modified_gmt":"2026-04-21T15:47:57","slug":"templates","status":"publish","type":"page","link":"https:\/\/www.emailchef.com\/hr\/templates\/","title":{"rendered":"Templates"},"content":{"rendered":"\t\t<div data-elementor-type=\"wp-page\" data-elementor-id=\"28124\" class=\"elementor elementor-28124 elementor-21622\" data-elementor-post-type=\"page\">\n\t\t\t\t\t\t<section class=\"elementor-section elementor-top-section elementor-element elementor-element-5dccb575 elementor-section-boxed elementor-section-height-default elementor-section-height-default\" data-id=\"5dccb575\" data-element_type=\"section\" data-e-type=\"section\">\n\t\t\t\t\t\t<div class=\"elementor-container elementor-column-gap-default\">\n\t\t\t\t\t<div class=\"elementor-column elementor-col-100 elementor-top-column elementor-element elementor-element-6ff44cfb\" data-id=\"6ff44cfb\" data-element_type=\"column\" data-e-type=\"column\">\n\t\t\t<div class=\"elementor-widget-wrap elementor-element-populated\">\n\t\t\t\t\t\t<div class=\"elementor-element elementor-element-2231b875 elementor-widget elementor-widget-text-editor\" data-id=\"2231b875\" data-element_type=\"widget\" data-e-type=\"widget\" data-widget_type=\"text-editor.default\">\n\t\t\t\t<div class=\"elementor-widget-container\">\n\t\t\t\t\t\t\t\t\t<style>\r\n\t.ec_templates div.gallery {\r\n\t  border: 1px solid #ccc;\r\n\t\tposition: relative;\r\n\t\toverflow: hidden;\r\n\t\tmargin-bottom: 20px;\r\n\t}\r\n\t.ec_templates div.gallery:hover {\r\n\t  border: 1px solid #777;\r\n\t}\r\n\t.ec_templates div.gallery img {\r\n\t\ttransition: .5s;\r\n\t  width: 100%;\r\n\t  height: auto;\r\n\t\tdisplay: block;\r\n\t}\r\n\t.ec_templates div.gallery:hover img{\r\n\t  transform: scale(1.1);\r\n\t}\r\n\t.ec_templates div.desc {\r\n\t\twidth: 100%;\r\n\t\tbottom: -150px;\r\n\t\tposition: absolute;\r\n\t\tpadding: 15px 10px;\r\n\t\ttext-align: center;\r\n\t\tleft: 0;\r\n\t\tcolor: #FFFFFF;\r\n\t\tbackground-color: #899399;\r\n\t\ttransition: .5s;\r\n\t\t-webkit-box-shadow: 0px 0px 16px 0px rgba(0,0,0,0.33); \r\n\t\tbox-shadow: 0px 0px 16px 0px rgba(0,0,0,0.33);\r\n\t}\r\n\t.ec_templates .gallery:hover div.desc {\r\n\t\tbottom: 0;\r\n\t}\r\n\t.ec_templates * {\r\n\t  box-sizing: border-box;\r\n\t}\r\n\t.ec_templates-button{\r\n\t\tposition: absolute;\r\n\t\twidth: 100%;\r\n\t\theight: 100%;\r\n\t\tdisplay: flex;\r\n\t\ttop: 0;\r\n\t\tleft: 0;\r\n\t\talign-items: center;\r\n\t\tjustify-content: center;\r\n\t}\r\n\t.ec_templates a{\r\n\t\ttransition: .5s;\r\n\t\tdisplay: flex;\r\n\t\twidth: 100%;\r\n\t\theight: 100%;\r\n\t\tposition: relative;\r\n\t\ttop: 0;\r\n\t\tbottom: 0;\r\n\t\tleft: 0;\r\n\t\talign-items: center;\r\n\t\tjustify-content: center;\r\n\t}\r\n\t.ec_templates .responsive {\r\n\t  padding: 0 10px;\r\n\t  float: left;\r\n\t  width: 24.99999%;\r\n\t}\r\n\t.ec_templates .elementor-button-content-wrapper{\r\n\t\tdisplay: -webkit-box;\r\n\t\tdisplay: -ms-flexbox;\r\n\t\tdisplay: flex;\r\n\t\t-webkit-box-pack: center;\r\n\t\t-ms-flex-pack: center;\r\n\t\tjustify-content: center;\r\n\t\twidth: 100%;\r\n\t\theight: 100%;\r\n\t\tposition: absolute;\r\n\t\ttop: 0;\r\n\t\talign-items: center;\r\n\t}\r\n\t.ec_templates .elementor-button{\r\n\t\tbackground-color: #23244E;\r\n\t}\r\n\t@media only screen and (max-width: 1024px) {\r\n\t  .ec_templates .responsive {\r\n\t\twidth: 32.99999%;\r\n\t\tmargin: 6px 0;\r\n\t  }\r\n\t}\r\n\t@media only screen and (max-width: 600px) {\r\n\t  .ec_templates .responsive {\r\n\t\twidth: 100%;\r\n\t  }\r\n\t}\r\n\t\r\n<\/style>\r\n<div class=\"ec_templates clearfix\">\r\n<\/div>\r\n\t\t\t\t\t\t\t\t<\/div>\n\t\t\t\t<\/div>\n\t\t\t\t\t<\/div>\n\t\t<\/div>\n\t\t\t\t\t<\/div>\n\t\t<\/section>\n\t\t\t\t<section class=\"elementor-section elementor-top-section elementor-element elementor-element-70fe8742 elementor-section-boxed elementor-section-height-default elementor-section-height-default\" data-id=\"70fe8742\" data-element_type=\"section\" data-e-type=\"section\">\n\t\t\t\t\t\t<div class=\"elementor-container elementor-column-gap-default\">\n\t\t\t\t\t<div class=\"elementor-column elementor-col-100 elementor-top-column elementor-element elementor-element-790a3895\" data-id=\"790a3895\" data-element_type=\"column\" data-e-type=\"column\">\n\t\t\t<div class=\"elementor-widget-wrap elementor-element-populated\">\n\t\t\t\t\t\t<div class=\"elementor-element elementor-element-bb352e1 elementor-widget elementor-widget-text-editor\" data-id=\"bb352e1\" data-element_type=\"widget\" data-e-type=\"widget\" data-widget_type=\"text-editor.default\">\n\t\t\t\t<div class=\"elementor-widget-container\">\n\t\t\t\t\t\t\t\t\t<p>Me\u0111u preko <strong> predlo\u017eaka &#8211; koji<\/strong> su svi temeljito testirani, razvrstani po kategorijama i jezicima &#8211; sigurno \u0107ete prona\u0107i onaj pravi predlo\u017eak za va\u0161e potrebe&#8230; ali to nije sve!<\/p>\t\t\t\t\t\t\t\t<\/div>\n\t\t\t\t<\/div>\n\t\t\t\t\t<\/div>\n\t\t<\/div>\n\t\t\t\t\t<\/div>\n\t\t<\/section>\n\t\t\t\t<section class=\"elementor-section elementor-top-section elementor-element elementor-element-615722be elementor-section-boxed elementor-section-height-default elementor-section-height-default\" data-id=\"615722be\" data-element_type=\"section\" data-e-type=\"section\">\n\t\t\t\t\t\t<div class=\"elementor-container elementor-column-gap-default\">\n\t\t\t\t\t<div class=\"elementor-column elementor-col-100 elementor-top-column elementor-element elementor-element-23d0068e\" data-id=\"23d0068e\" data-element_type=\"column\" data-e-type=\"column\">\n\t\t\t<div class=\"elementor-widget-wrap elementor-element-populated\">\n\t\t\t\t\t\t<div class=\"elementor-element elementor-element-b531e63 elementor-widget elementor-widget-text-editor\" data-id=\"b531e63\" data-element_type=\"widget\" data-e-type=\"widget\" data-widget_type=\"text-editor.default\">\n\t\t\t\t<div class=\"elementor-widget-container\">\n\t\t\t\t\t\t\t\t\t<p>I voil\u00e0&#8230; Newsletter je serviran!<\/p>\t\t\t\t\t\t\t\t<\/div>\n\t\t\t\t<\/div>\n\t\t\t\t\t<\/div>\n\t\t<\/div>\n\t\t\t\t\t<\/div>\n\t\t<\/section>\n\t\t\t\t<\/div>\n\t\t","protected":false},"excerpt":{"rendered":"Me\u0111u preko predlo\u017eaka &#8211; koji su svi temeljito testirani, razvrstani po kategorijama i jezicima &#8211; sigurno \u0107ete prona\u0107i onaj pravi predlo\u017eak za va\u0161e potrebe&#8230; ali to nije sve! I voil\u00e0&#8230; Newsletter je serviran!","protected":false},"author":2,"featured_media":0,"parent":0,"menu_order":0,"comment_status":"closed","ping_status":"closed","template":"","meta":{"_acf_changed":false,"inline_featured_image":false,"footnotes":""},"g1_relation_tag":[],"class_list":["post-28124","page","type-page","status-publish","hentry"],"acf":[],"yoast_head":"<!-- This site is optimized with the Yoast SEO plugin v27.5 - https:\/\/yoast.com\/product\/yoast-seo-wordpress\/ -->\n<title>Graditelj e-mail predlo\u017eaka \u2014 Drag &amp; Drop Editor | Emailchef<\/title>\n<meta name=\"description\" content=\"Odaberite predlo\u017eak i prilagodite ga uz Emailchef&#039;s drag &amp; drop editor. Pristupite 1000+ dizajna \u2014 registrirajte se besplatno i po\u010dnite slati danas.\" \/>\n<meta name=\"robots\" content=\"index, follow, max-snippet:-1, max-image-preview:large, max-video-preview:-1\" \/>\n<link rel=\"canonical\" href=\"https:\/\/www.emailchef.com\/hr\/templates\/\" \/>\n<meta name=\"twitter:label1\" content=\"Procijenjeno vrijeme \u010ditanja\" \/>\n\t<meta name=\"twitter:data1\" content=\"1 minuta\" \/>\n<script type=\"application\/ld+json\" class=\"yoast-schema-graph\">{\"@context\":\"https:\\\/\\\/schema.org\",\"@graph\":[{\"@type\":\"WebPage\",\"@id\":\"https:\\\/\\\/www.emailchef.com\\\/hr\\\/templates\\\/\",\"url\":\"https:\\\/\\\/www.emailchef.com\\\/hr\\\/templates\\\/\",\"name\":\"Graditelj e-mail predlo\u017eaka \u2014 Drag & Drop Editor | Emailchef\",\"isPartOf\":{\"@id\":\"https:\\\/\\\/www.emailchef.com\\\/#website\"},\"datePublished\":\"2020-07-16T13:36:17+00:00\",\"dateModified\":\"2026-04-21T15:47:57+00:00\",\"description\":\"Odaberite predlo\u017eak i prilagodite ga uz Emailchef's drag & drop editor. Pristupite 1000+ dizajna \u2014 registrirajte se besplatno i po\u010dnite slati danas.\",\"breadcrumb\":{\"@id\":\"https:\\\/\\\/www.emailchef.com\\\/hr\\\/templates\\\/#breadcrumb\"},\"inLanguage\":\"hr\",\"potentialAction\":[{\"@type\":\"ReadAction\",\"target\":[\"https:\\\/\\\/www.emailchef.com\\\/hr\\\/templates\\\/\"]}]},{\"@type\":\"BreadcrumbList\",\"@id\":\"https:\\\/\\\/www.emailchef.com\\\/hr\\\/templates\\\/#breadcrumb\",\"itemListElement\":[{\"@type\":\"ListItem\",\"position\":1,\"name\":\"Home\",\"item\":\"https:\\\/\\\/www.emailchef.com\\\/hr\\\/\"},{\"@type\":\"ListItem\",\"position\":2,\"name\":\"Templates\"}]},{\"@type\":\"WebSite\",\"@id\":\"https:\\\/\\\/www.emailchef.com\\\/#website\",\"url\":\"https:\\\/\\\/www.emailchef.com\\\/\",\"name\":\"Emailchef\",\"description\":\"Izvrsni recepti za e-mail marketing\",\"publisher\":{\"@id\":\"https:\\\/\\\/www.emailchef.com\\\/#organization\"},\"potentialAction\":[{\"@type\":\"SearchAction\",\"target\":{\"@type\":\"EntryPoint\",\"urlTemplate\":\"https:\\\/\\\/www.emailchef.com\\\/?s={search_term_string}\"},\"query-input\":{\"@type\":\"PropertyValueSpecification\",\"valueRequired\":true,\"valueName\":\"search_term_string\"}}],\"inLanguage\":\"hr\"},{\"@type\":\"Organization\",\"@id\":\"https:\\\/\\\/www.emailchef.com\\\/#organization\",\"name\":\"Delivery Tech Corp.\",\"url\":\"https:\\\/\\\/www.emailchef.com\\\/\",\"logo\":{\"@type\":\"ImageObject\",\"inLanguage\":\"hr\",\"@id\":\"https:\\\/\\\/www.emailchef.com\\\/#\\\/schema\\\/logo\\\/image\\\/\",\"url\":\"https:\\\/\\\/www.emailchef.com\\\/wp-content\\\/uploads\\\/2022\\\/04\\\/logo-sama.png\",\"contentUrl\":\"https:\\\/\\\/www.emailchef.com\\\/wp-content\\\/uploads\\\/2022\\\/04\\\/logo-sama.png\",\"width\":237,\"height\":80,\"caption\":\"Delivery Tech Corp.\"},\"image\":{\"@id\":\"https:\\\/\\\/www.emailchef.com\\\/#\\\/schema\\\/logo\\\/image\\\/\"}}]}<\/script>\n<!-- \/ Yoast SEO plugin. -->","yoast_head_json":{"title":"Graditelj e-mail predlo\u017eaka \u2014 Drag & Drop Editor | Emailchef","description":"Odaberite predlo\u017eak i prilagodite ga uz Emailchef's drag & drop editor. Pristupite 1000+ dizajna \u2014 registrirajte se besplatno i po\u010dnite slati danas.","robots":{"index":"index","follow":"follow","max-snippet":"max-snippet:-1","max-image-preview":"max-image-preview:large","max-video-preview":"max-video-preview:-1"},"canonical":"https:\/\/www.emailchef.com\/hr\/templates\/","twitter_misc":{"Procijenjeno vrijeme \u010ditanja":"1 minuta"},"schema":{"@context":"https:\/\/schema.org","@graph":[{"@type":"WebPage","@id":"https:\/\/www.emailchef.com\/hr\/templates\/","url":"https:\/\/www.emailchef.com\/hr\/templates\/","name":"Graditelj e-mail predlo\u017eaka \u2014 Drag & Drop Editor | Emailchef","isPartOf":{"@id":"https:\/\/www.emailchef.com\/#website"},"datePublished":"2020-07-16T13:36:17+00:00","dateModified":"2026-04-21T15:47:57+00:00","description":"Odaberite predlo\u017eak i prilagodite ga uz Emailchef's drag & drop editor. Pristupite 1000+ dizajna \u2014 registrirajte se besplatno i po\u010dnite slati danas.","breadcrumb":{"@id":"https:\/\/www.emailchef.com\/hr\/templates\/#breadcrumb"},"inLanguage":"hr","potentialAction":[{"@type":"ReadAction","target":["https:\/\/www.emailchef.com\/hr\/templates\/"]}]},{"@type":"BreadcrumbList","@id":"https:\/\/www.emailchef.com\/hr\/templates\/#breadcrumb","itemListElement":[{"@type":"ListItem","position":1,"name":"Home","item":"https:\/\/www.emailchef.com\/hr\/"},{"@type":"ListItem","position":2,"name":"Templates"}]},{"@type":"WebSite","@id":"https:\/\/www.emailchef.com\/#website","url":"https:\/\/www.emailchef.com\/","name":"Emailchef","description":"Izvrsni recepti za e-mail marketing","publisher":{"@id":"https:\/\/www.emailchef.com\/#organization"},"potentialAction":[{"@type":"SearchAction","target":{"@type":"EntryPoint","urlTemplate":"https:\/\/www.emailchef.com\/?s={search_term_string}"},"query-input":{"@type":"PropertyValueSpecification","valueRequired":true,"valueName":"search_term_string"}}],"inLanguage":"hr"},{"@type":"Organization","@id":"https:\/\/www.emailchef.com\/#organization","name":"Delivery Tech Corp.","url":"https:\/\/www.emailchef.com\/","logo":{"@type":"ImageObject","inLanguage":"hr","@id":"https:\/\/www.emailchef.com\/#\/schema\/logo\/image\/","url":"https:\/\/www.emailchef.com\/wp-content\/uploads\/2022\/04\/logo-sama.png","contentUrl":"https:\/\/www.emailchef.com\/wp-content\/uploads\/2022\/04\/logo-sama.png","width":237,"height":80,"caption":"Delivery Tech Corp."},"image":{"@id":"https:\/\/www.emailchef.com\/#\/schema\/logo\/image\/"}}]}},"_links":{"self":[{"href":"https:\/\/www.emailchef.com\/hr\/wp-json\/wp\/v2\/pages\/28124","targetHints":{"allow":["GET"]}}],"collection":[{"href":"https:\/\/www.emailchef.com\/hr\/wp-json\/wp\/v2\/pages"}],"about":[{"href":"https:\/\/www.emailchef.com\/hr\/wp-json\/wp\/v2\/types\/page"}],"author":[{"embeddable":true,"href":"https:\/\/www.emailchef.com\/hr\/wp-json\/wp\/v2\/users\/2"}],"replies":[{"embeddable":true,"href":"https:\/\/www.emailchef.com\/hr\/wp-json\/wp\/v2\/comments?post=28124"}],"version-history":[{"count":21,"href":"https:\/\/www.emailchef.com\/hr\/wp-json\/wp\/v2\/pages\/28124\/revisions"}],"predecessor-version":[{"id":98039,"href":"https:\/\/www.emailchef.com\/hr\/wp-json\/wp\/v2\/pages\/28124\/revisions\/98039"}],"wp:attachment":[{"href":"https:\/\/www.emailchef.com\/hr\/wp-json\/wp\/v2\/media?parent=28124"}],"wp:term":[{"taxonomy":"g1_relation_tag","embeddable":true,"href":"https:\/\/www.emailchef.com\/hr\/wp-json\/wp\/v2\/g1_relation_tag?post=28124"}],"curies":[{"name":"wp","href":"https:\/\/api.w.org\/{rel}","templated":true}]}}