{"id":7151,"date":"2018-05-18T08:54:41","date_gmt":"2018-05-18T08:54:41","guid":{"rendered":"https:\/\/emailchef.com\/privacypolicy-eu-regulation-2016-79-gdpr\/basic-information\/"},"modified":"2026-05-10T17:52:10","modified_gmt":"2026-05-10T17:52:10","slug":"information-de-base","status":"publish","type":"page","link":"https:\/\/www.emailchef.com\/fr\/politique-de-confidentialite-reglement-ue-2016-79-rgpd\/information-de-base\/","title":{"rendered":"Information de base"},"content":{"rendered":"<p><img fetchpriority=\"high\" decoding=\"async\" class=\"noBorders aligncenter wp-image-7029 size-full\" src=\"https:\/\/emailchef.com\/wp-content\/uploads\/2018\/05\/gdpr-base.png\" alt=\"\" width=\"1280\" height=\"700\" srcset=\"https:\/\/www.emailchef.com\/wp-content\/uploads\/2018\/05\/gdpr-base.png 1280w, https:\/\/www.emailchef.com\/wp-content\/uploads\/2018\/05\/gdpr-base-300x164.png 300w, https:\/\/www.emailchef.com\/wp-content\/uploads\/2018\/05\/gdpr-base-1024x560.png 1024w, https:\/\/www.emailchef.com\/wp-content\/uploads\/2018\/05\/gdpr-base-768x420.png 768w\" sizes=\"(max-width: 1280px) 100vw, 1280px\" \/><\/p>\n<ul class=\"g1-grid\"><li class=\"g1-column g1-one-fourth g1-valign-top\">\n<h4>Qui sommes-nous<\/h4>\n<\/li><!-- -->\n<li class=\"g1-column g1-three-fourth g1-valign-top\">\n<p>Edisplay Srl est une entreprise bas\u00e9e en Italie qui offre des services \u00e0 l&#8217;\u00e9chelle mondiale. Vous trouverez des r\u00e9f\u00e9rences \u00e0 Edisplay Srl sur tous nos sites comme point de r\u00e9f\u00e9rence unique pour nos clients.<\/p>\n\n<ul id=\"\" class=\"g1-list g1-list--icon g1-list--simple \">\n<li><i class=\"fa fa-arrow-circle-right g1-list__icon\"><\/i><strong>Edisplay Srl, Viale del lavoro 53, 08023, Fonni (NU) &#8211; Italy<\/strong><\/li>\n<\/ul>\n\n<\/li><!-- --><\/ul>\n<div  class=\"g1-divider g1-divider--none g1-divider--noicon \"><\/div>\n<ul class=\"g1-grid\"><li class=\"g1-column g1-one-fourth g1-valign-top\">\n<h4>Champ d&#8217;application de la conformit\u00e9 aux r\u00e9glementations en mati\u00e8re de confidentialit\u00e9 et de s\u00e9curit\u00e9 \u2013 exigences europ\u00e9ennes<\/h4>\n<\/li><!-- -->\n<li class=\"g1-column g1-three-fourth g1-valign-top\">\n<p>Edisplay Srl est pleinement conforme aux r\u00e9glementations europ\u00e9ennes en mati\u00e8re de confidentialit\u00e9 et de s\u00e9curit\u00e9 des donn\u00e9es.<br \/>\n<strong>Le pr\u00e9sent Avis s&#8217;applique uniquement si Edisplay Srl traite des informations de clients dont les listes de contacts contiennent des donn\u00e9es personnelles de personnes morales ou physiques de l&#8217;UE. Pour tout autre client, les lois sur la confidentialit\u00e9 du pays dans lequel les informations collect\u00e9es sont utilis\u00e9es s&#8217;appliquent.<\/strong><br \/>\nNous accordons toujours une grande importance \u00e0 la s\u00e9curit\u00e9 et \u00e0 la confidentialit\u00e9 de nos clients du monde entier, c&#8217;est pourquoi nous avons pris les mesures n\u00e9cessaires pour garantir le service le plus transparent et le plus s\u00fbr possible. Cela inclut la pleine conformit\u00e9 \u00e0 la politique de confidentialit\u00e9 2016\/679 UE, en vigueur depuis le 25 mai.<br \/>\nEn utilisant nos sites web et nos services, vous comprenez et consentez \u00e0 la collecte, au stockage et au traitement de vos informations conform\u00e9ment aux termes et m\u00e9thodes d\u00e9crits dans la pr\u00e9sente d\u00e9claration.<br \/>\nPour prot\u00e9ger les informations des citoyens europ\u00e9ens saisies dans nos syst\u00e8mes par nos utilisateurs, nous appliquons un mod\u00e8le d&#8217;Accord sur le Traitement des Donn\u00e9es (DPA). Nous indiquons les m\u00e9thodes de traitement, de coop\u00e9ration et les conditions de service que nous avons adopt\u00e9es.<br \/>\nLes utilisateurs enregistr\u00e9s de l&#8217;UE (qu&#8217;ils soient abonn\u00e9s ou utilisateurs de nos versions gratuites) qui utilisent Edisplay Srl \u00e0 des fins commerciales doivent adh\u00e9rer \u00e0 notre DPR pour continuer \u00e0 utiliser nos applications.<\/p>\n<\/li><!-- --><\/ul>\n<div  class=\"g1-divider g1-divider--none g1-divider--noicon \"><\/div>\n<ul class=\"g1-grid\"><li class=\"g1-column g1-one-fourth g1-valign-top\">\n<h4>Responsable du traitement<\/h4>\n<\/li><!-- -->\n<li class=\"g1-column g1-three-fourth g1-valign-top\">\n<p>Chez Edisplay Srl, nous agissons \u00e9galement en tant que responsables du traitement, mais uniquement lorsque nous collectons vos informations personnelles pour notre propre usage dans le cadre de la fourniture des services que vous avez acquis. \u00c0 ce moment-l\u00e0, nous \u00e9tablissons une relation directe entre vous et nous.<br \/>\nEn tant que responsables du traitement, nous garantissons la conformit\u00e9 aux r\u00e8gles relatives \u00e0 la protection des donn\u00e9es personnelles. Nous fournissons toutes les informations n\u00e9cessaires sur le traitement des donn\u00e9es, aussi bien les informations communiqu\u00e9es directement et volontairement que toutes les informations collect\u00e9es par notre syst\u00e8me lors de la navigation sur le site web et de l&#8217;utilisation de nos services.<br \/>\nPlus pr\u00e9cis\u00e9ment, le responsable du traitement des donn\u00e9es pour Edisplay Srl est notre administrateur, d\u00e9sign\u00e9 par le D\u00e9l\u00e9gu\u00e9 \u00e0 la Protection des Donn\u00e9es (DPO), qui garantit le respect des r\u00e8gles impos\u00e9es par le RGPD.<br \/>\nLe responsable du traitement peut toujours \u00eatre contact\u00e9 \u00e0 l&#8217;adresse e-mail suivante : <a href=\"mailto:privacy@edisplay.it\" target=\"_blank\" rel=\"noopener\">privacy@edisplay.it<\/a>.<\/p>\n<\/li><!-- --><\/ul>\n<div  class=\"g1-divider g1-divider--none g1-divider--noicon \"><\/div>\n<ul class=\"g1-grid\"><li class=\"g1-column g1-one-fourth g1-valign-top\">\n<h4>Sous-traitant<\/h4>\n<\/li><!-- -->\n<li class=\"g1-column g1-three-fourth g1-valign-top\">\n<p>Lorsque vous utilisez nos services, vous pouvez importer des informations dans votre syst\u00e8me, ainsi que les donn\u00e9es personnelles que vous avez collect\u00e9es aupr\u00e8s de vos abonn\u00e9s ou d&#8217;autres personnes. Dans ce cas, comme il n&#8217;existe pas de relation directe avec nos membres ou quiconque en dehors de vous, vous devenez le responsable du traitement. Il vous incombera de vous assurer de disposer des autorisations appropri\u00e9es pour collecter et traiter les informations relatives aux diff\u00e9rentes personnes concern\u00e9es.<br \/>\nDe mani\u00e8re coh\u00e9rente avec l&#8217;utilisation des donn\u00e9es personnelles trait\u00e9es, vous concluez notre Accord sur la Politique de Confidentialit\u00e9 (DPR) avec Edisplay Srl en tant que prestataire de services pour vos abonn\u00e9s via nos plateformes. L&#8217;accord garantit une utilisation correcte des informations avec les garanties respectives que nous fournissons en tant que sous-traitant.<br \/>\nDans ce cas, nous conservons les donn\u00e9es personnelles, trait\u00e9es au nom de nos utilisateurs, aussi longtemps que n\u00e9cessaire pour :<\/p>\n\n<ul id=\"\" class=\"g1-list g1-list--upper-alpha g1-list--none \">\n<li>fournir nos services ;<\/li>\n<li>respecter nos obligations l\u00e9gales ;<\/li>\n<li>r\u00e9soudre les litiges ;<\/li>\n<li>pr\u00e9venir les abus ;<\/li>\n<li>garantir nos accords.<\/li>\n<\/ul>\n\n<\/li><!-- --><\/ul>\n","protected":false},"excerpt":{"rendered":"","protected":false},"author":2,"featured_media":0,"parent":7146,"menu_order":0,"comment_status":"closed","ping_status":"closed","template":"","meta":{"_acf_changed":false,"inline_featured_image":false,"footnotes":""},"g1_relation_tag":[],"class_list":["post-7151","page","type-page","status-publish","hentry"],"acf":[],"yoast_head":"<!-- This site is optimized with the Yoast SEO plugin v27.5 - https:\/\/yoast.com\/product\/yoast-seo-wordpress\/ -->\n<title>Information de base - Emailchef<\/title>\n<meta name=\"robots\" content=\"index, follow, max-snippet:-1, max-image-preview:large, max-video-preview:-1\" \/>\n<link rel=\"canonical\" href=\"https:\/\/www.emailchef.com\/fr\/politique-de-confidentialite-reglement-ue-2016-79-rgpd\/information-de-base\/\" \/>\n<meta name=\"twitter:label1\" content=\"Dur\u00e9e de lecture estim\u00e9e\" \/>\n\t<meta name=\"twitter:data1\" content=\"4 minutes\" \/>\n<script type=\"application\/ld+json\" class=\"yoast-schema-graph\">{\"@context\":\"https:\\\/\\\/schema.org\",\"@graph\":[{\"@type\":\"WebPage\",\"@id\":\"https:\\\/\\\/www.emailchef.com\\\/fr\\\/politique-de-confidentialite-reglement-ue-2016-79-rgpd\\\/information-de-base\\\/\",\"url\":\"https:\\\/\\\/www.emailchef.com\\\/fr\\\/politique-de-confidentialite-reglement-ue-2016-79-rgpd\\\/information-de-base\\\/\",\"name\":\"Information de base - Emailchef\",\"isPartOf\":{\"@id\":\"https:\\\/\\\/www.emailchef.com\\\/#website\"},\"primaryImageOfPage\":{\"@id\":\"https:\\\/\\\/www.emailchef.com\\\/fr\\\/politique-de-confidentialite-reglement-ue-2016-79-rgpd\\\/information-de-base\\\/#primaryimage\"},\"image\":{\"@id\":\"https:\\\/\\\/www.emailchef.com\\\/fr\\\/politique-de-confidentialite-reglement-ue-2016-79-rgpd\\\/information-de-base\\\/#primaryimage\"},\"thumbnailUrl\":\"https:\\\/\\\/emailchef.com\\\/wp-content\\\/uploads\\\/2018\\\/05\\\/gdpr-base.png\",\"datePublished\":\"2018-05-18T08:54:41+00:00\",\"dateModified\":\"2026-05-10T17:52:10+00:00\",\"breadcrumb\":{\"@id\":\"https:\\\/\\\/www.emailchef.com\\\/fr\\\/politique-de-confidentialite-reglement-ue-2016-79-rgpd\\\/information-de-base\\\/#breadcrumb\"},\"inLanguage\":\"fr-FR\",\"potentialAction\":[{\"@type\":\"ReadAction\",\"target\":[\"https:\\\/\\\/www.emailchef.com\\\/fr\\\/politique-de-confidentialite-reglement-ue-2016-79-rgpd\\\/information-de-base\\\/\"]}]},{\"@type\":\"ImageObject\",\"inLanguage\":\"fr-FR\",\"@id\":\"https:\\\/\\\/www.emailchef.com\\\/fr\\\/politique-de-confidentialite-reglement-ue-2016-79-rgpd\\\/information-de-base\\\/#primaryimage\",\"url\":\"https:\\\/\\\/emailchef.com\\\/wp-content\\\/uploads\\\/2018\\\/05\\\/gdpr-base.png\",\"contentUrl\":\"https:\\\/\\\/emailchef.com\\\/wp-content\\\/uploads\\\/2018\\\/05\\\/gdpr-base.png\"},{\"@type\":\"BreadcrumbList\",\"@id\":\"https:\\\/\\\/www.emailchef.com\\\/fr\\\/politique-de-confidentialite-reglement-ue-2016-79-rgpd\\\/information-de-base\\\/#breadcrumb\",\"itemListElement\":[{\"@type\":\"ListItem\",\"position\":1,\"name\":\"Home\",\"item\":\"https:\\\/\\\/www.emailchef.com\\\/fr\\\/\"},{\"@type\":\"ListItem\",\"position\":2,\"name\":\"RGPD &#8211; Introduction &#8211; Objectifs\",\"item\":\"https:\\\/\\\/www.emailchef.com\\\/fr\\\/politique-de-confidentialite-reglement-ue-2016-79-rgpd\\\/\"},{\"@type\":\"ListItem\",\"position\":3,\"name\":\"Information de base\"}]},{\"@type\":\"WebSite\",\"@id\":\"https:\\\/\\\/www.emailchef.com\\\/#website\",\"url\":\"https:\\\/\\\/www.emailchef.com\\\/\",\"name\":\"Emailchef\",\"description\":\"Recettes go\u00fbteuses pour vos emails\",\"publisher\":{\"@id\":\"https:\\\/\\\/www.emailchef.com\\\/#organization\"},\"potentialAction\":[{\"@type\":\"SearchAction\",\"target\":{\"@type\":\"EntryPoint\",\"urlTemplate\":\"https:\\\/\\\/www.emailchef.com\\\/?s={search_term_string}\"},\"query-input\":{\"@type\":\"PropertyValueSpecification\",\"valueRequired\":true,\"valueName\":\"search_term_string\"}}],\"inLanguage\":\"fr-FR\"},{\"@type\":\"Organization\",\"@id\":\"https:\\\/\\\/www.emailchef.com\\\/#organization\",\"name\":\"Delivery Tech Corp.\",\"url\":\"https:\\\/\\\/www.emailchef.com\\\/\",\"logo\":{\"@type\":\"ImageObject\",\"inLanguage\":\"fr-FR\",\"@id\":\"https:\\\/\\\/www.emailchef.com\\\/#\\\/schema\\\/logo\\\/image\\\/\",\"url\":\"https:\\\/\\\/www.emailchef.com\\\/wp-content\\\/uploads\\\/2022\\\/04\\\/logo-sama.png\",\"contentUrl\":\"https:\\\/\\\/www.emailchef.com\\\/wp-content\\\/uploads\\\/2022\\\/04\\\/logo-sama.png\",\"width\":237,\"height\":80,\"caption\":\"Delivery Tech Corp.\"},\"image\":{\"@id\":\"https:\\\/\\\/www.emailchef.com\\\/#\\\/schema\\\/logo\\\/image\\\/\"}}]}<\/script>\n<!-- \/ Yoast SEO plugin. -->","yoast_head_json":{"title":"Information de base - Emailchef","robots":{"index":"index","follow":"follow","max-snippet":"max-snippet:-1","max-image-preview":"max-image-preview:large","max-video-preview":"max-video-preview:-1"},"canonical":"https:\/\/www.emailchef.com\/fr\/politique-de-confidentialite-reglement-ue-2016-79-rgpd\/information-de-base\/","twitter_misc":{"Dur\u00e9e de lecture estim\u00e9e":"4 minutes"},"schema":{"@context":"https:\/\/schema.org","@graph":[{"@type":"WebPage","@id":"https:\/\/www.emailchef.com\/fr\/politique-de-confidentialite-reglement-ue-2016-79-rgpd\/information-de-base\/","url":"https:\/\/www.emailchef.com\/fr\/politique-de-confidentialite-reglement-ue-2016-79-rgpd\/information-de-base\/","name":"Information de base - Emailchef","isPartOf":{"@id":"https:\/\/www.emailchef.com\/#website"},"primaryImageOfPage":{"@id":"https:\/\/www.emailchef.com\/fr\/politique-de-confidentialite-reglement-ue-2016-79-rgpd\/information-de-base\/#primaryimage"},"image":{"@id":"https:\/\/www.emailchef.com\/fr\/politique-de-confidentialite-reglement-ue-2016-79-rgpd\/information-de-base\/#primaryimage"},"thumbnailUrl":"https:\/\/emailchef.com\/wp-content\/uploads\/2018\/05\/gdpr-base.png","datePublished":"2018-05-18T08:54:41+00:00","dateModified":"2026-05-10T17:52:10+00:00","breadcrumb":{"@id":"https:\/\/www.emailchef.com\/fr\/politique-de-confidentialite-reglement-ue-2016-79-rgpd\/information-de-base\/#breadcrumb"},"inLanguage":"fr-FR","potentialAction":[{"@type":"ReadAction","target":["https:\/\/www.emailchef.com\/fr\/politique-de-confidentialite-reglement-ue-2016-79-rgpd\/information-de-base\/"]}]},{"@type":"ImageObject","inLanguage":"fr-FR","@id":"https:\/\/www.emailchef.com\/fr\/politique-de-confidentialite-reglement-ue-2016-79-rgpd\/information-de-base\/#primaryimage","url":"https:\/\/emailchef.com\/wp-content\/uploads\/2018\/05\/gdpr-base.png","contentUrl":"https:\/\/emailchef.com\/wp-content\/uploads\/2018\/05\/gdpr-base.png"},{"@type":"BreadcrumbList","@id":"https:\/\/www.emailchef.com\/fr\/politique-de-confidentialite-reglement-ue-2016-79-rgpd\/information-de-base\/#breadcrumb","itemListElement":[{"@type":"ListItem","position":1,"name":"Home","item":"https:\/\/www.emailchef.com\/fr\/"},{"@type":"ListItem","position":2,"name":"RGPD &#8211; Introduction &#8211; Objectifs","item":"https:\/\/www.emailchef.com\/fr\/politique-de-confidentialite-reglement-ue-2016-79-rgpd\/"},{"@type":"ListItem","position":3,"name":"Information de base"}]},{"@type":"WebSite","@id":"https:\/\/www.emailchef.com\/#website","url":"https:\/\/www.emailchef.com\/","name":"Emailchef","description":"Recettes go\u00fbteuses pour vos emails","publisher":{"@id":"https:\/\/www.emailchef.com\/#organization"},"potentialAction":[{"@type":"SearchAction","target":{"@type":"EntryPoint","urlTemplate":"https:\/\/www.emailchef.com\/?s={search_term_string}"},"query-input":{"@type":"PropertyValueSpecification","valueRequired":true,"valueName":"search_term_string"}}],"inLanguage":"fr-FR"},{"@type":"Organization","@id":"https:\/\/www.emailchef.com\/#organization","name":"Delivery Tech Corp.","url":"https:\/\/www.emailchef.com\/","logo":{"@type":"ImageObject","inLanguage":"fr-FR","@id":"https:\/\/www.emailchef.com\/#\/schema\/logo\/image\/","url":"https:\/\/www.emailchef.com\/wp-content\/uploads\/2022\/04\/logo-sama.png","contentUrl":"https:\/\/www.emailchef.com\/wp-content\/uploads\/2022\/04\/logo-sama.png","width":237,"height":80,"caption":"Delivery Tech Corp."},"image":{"@id":"https:\/\/www.emailchef.com\/#\/schema\/logo\/image\/"}}]}},"_links":{"self":[{"href":"https:\/\/www.emailchef.com\/fr\/wp-json\/wp\/v2\/pages\/7151","targetHints":{"allow":["GET"]}}],"collection":[{"href":"https:\/\/www.emailchef.com\/fr\/wp-json\/wp\/v2\/pages"}],"about":[{"href":"https:\/\/www.emailchef.com\/fr\/wp-json\/wp\/v2\/types\/page"}],"author":[{"embeddable":true,"href":"https:\/\/www.emailchef.com\/fr\/wp-json\/wp\/v2\/users\/2"}],"replies":[{"embeddable":true,"href":"https:\/\/www.emailchef.com\/fr\/wp-json\/wp\/v2\/comments?post=7151"}],"version-history":[{"count":6,"href":"https:\/\/www.emailchef.com\/fr\/wp-json\/wp\/v2\/pages\/7151\/revisions"}],"predecessor-version":[{"id":98338,"href":"https:\/\/www.emailchef.com\/fr\/wp-json\/wp\/v2\/pages\/7151\/revisions\/98338"}],"up":[{"embeddable":true,"href":"https:\/\/www.emailchef.com\/fr\/wp-json\/wp\/v2\/pages\/7146"}],"wp:attachment":[{"href":"https:\/\/www.emailchef.com\/fr\/wp-json\/wp\/v2\/media?parent=7151"}],"wp:term":[{"taxonomy":"g1_relation_tag","embeddable":true,"href":"https:\/\/www.emailchef.com\/fr\/wp-json\/wp\/v2\/g1_relation_tag?post=7151"}],"curies":[{"name":"wp","href":"https:\/\/api.w.org\/{rel}","templated":true}]}}