{"id":17956,"date":"2020-03-11T13:45:00","date_gmt":"2020-03-11T13:45:00","guid":{"rendered":"https:\/\/emailchef.com\/?page_id=17956"},"modified":"2020-03-11T14:01:52","modified_gmt":"2020-03-11T14:01:52","slug":"coronavirus-email-comme-support-pour-urgence","status":"publish","type":"page","link":"https:\/\/www.emailchef.com\/fr\/coronavirus-email-comme-support-pour-urgence\/","title":{"rendered":"Coronavirus &#8211; Email comme support pour l&#8217;urgence"},"content":{"rendered":"<p><img fetchpriority=\"high\" decoding=\"async\" src=\"https:\/\/emailchef.com\/wp-content\/uploads\/2020\/03\/covid-2-en.png\" alt=\"Coronavirus - Email comme support pour l'urgence\" width=\"960\" height=\"540\" style=\"border: none;\" \/><\/p>\n<h2>Outils de Smartworking et de messagerie automatique<\/h2>\n<p>L&#8217;urgence sanitaire mondiale du coronavirus est actuellement le sujet num\u00e9ro 1. L&#8217;appel des autorit\u00e9s est clair: \u00abRestez \u00e0 la maison\u00bb. Mais quelles sont les cons\u00e9quences pour les travailleurs? Le mot cl\u00e9 est <strong>smartworking<\/strong>.<\/p>\n<p>Selon les statistiques, <strong>61% des entreprises mondiales<\/strong> permettent actuellement \u00e0 leur personnel d&#8217;avoir une sorte de politique de travail \u00e0 distance. Afin d&#8217;\u00e9viter le risque de contagion, ce pourcentage va augmenter.<\/p>\n<p>Quel sera <strong>le r\u00f4le des e-mails<\/strong> pendant l&#8217;urgence du Coronavirus? L&#8217;utilisation des e-mails simplifiera certainement la gestion du t\u00e9l\u00e9travail. Dans le m\u00eame temps, l&#8217;\u00e9change d&#8217;informations utiles entre les citoyens et les autorit\u00e9s comp\u00e9tentes sera facilit\u00e9.<\/p>\n<p>&nbsp;<\/p>\n<h2>Smartworking: qu&#8217;est-ce que c&#8217;est et comment peut-il nous aider \u00e0 faire face \u00e0 l&#8217;urgence du coronavirus<\/h2>\n<p>Smartworking est une sorte de travail ind\u00e9pendant qui permet aux employ\u00e9s de travailler \u00e0 domicile gr\u00e2ce \u00e0 l&#8217;utilisation des t\u00e9l\u00e9communications et des outils informatiques. M\u00eame s&#8217;il existe de l\u00e9g\u00e8res diff\u00e9rences entre le Smartworking et le <strong>t\u00e9l\u00e9travail<\/strong>, ces termes sont d\u00e9sormais interchangeables dans l&#8217;usage courant.<\/p>\n<p>&nbsp;<\/p>\n<h2>\u00c9pid\u00e9mie de coronavirus &#8211; T\u00e2ches d\u2019e-mail<\/h2>\n<p>Selon le bon sens, la propagation du coronavirus sur le lieu de travail peut \u00eatre contr\u00f4l\u00e9e par les mesures suivantes:<\/p>\n<ul>\n<li>Incitation au travail intelligent et au t\u00e9l\u00e9travail<\/li>\n<li>Utiliser des outils qui permettent aux travailleurs de mettre en place la visioconf\u00e9rence<\/li>\n<li>Utiliser le stockage cloud pour partager facilement des donn\u00e9es, des informations et des contenus<\/li>\n<li>Encourager les employ\u00e9s \u00e0 utiliser leur \u00e9quipement personnel lorsque leur \u00e9quipement de bureau n&#8217;est pas disponible<\/li>\n<\/ul>\n<p>Afin de garantir des performances de travail \u00e9lev\u00e9es \u00e9galement pour les t\u00e9l\u00e9travailleurs, l&#8217;utilisation accrue des <strong>e-mails peut \u00eatre un outil utile<\/strong> pour l&#8217;\u00e9change d&#8217;informations et de documents et pour maintenir les contacts entre les employeurs et les employ\u00e9s.<\/p>\n<p>Les <strong>outils d&#8217;automatisation des e-mails<\/strong> sont des alli\u00e9s parfaits pour cr\u00e9er des listes de contacts et les diviser facilement en segments sp\u00e9cifiques, vous permettant de g\u00e9rer votre t\u00e9l\u00e9travail le mieux possible.<\/p>\n<p>Les plates-formes de messagerie &#8211; telles que nos services <a href=\"https:\/\/emailchef.com\/fr\/\" title=\"Email marketing, emailing et envoi newsletter\"><strong>EmailChef<\/strong><\/a> ou SMTP tels que <a href=\"https:\/\/serversmtp.com\/fr\/\" target=\"_blank\" title=\"Smtp mail server - professional SMTP service provider\"><strong>TurboSMTP<\/strong><\/a>  &#8211; sont utiles pour suivre les r\u00e9sultats, mesurer le trafic et consulter les donn\u00e9es (taux d&#8217;ouverture, taux de clics et taux de rebond). De plus, en cette p\u00e9riode d&#8217;urgence sanitaire, il y a pr\u00e8s de <strong>trois raisons pour lesquelles les e-mails devraient \u00eatre un outil valide en \u00e9tat d&#8217;alerte<\/strong>:<\/p>\n<ol>\n<li>\n<h3>Les e-mails peuvent \u00eatre utilis\u00e9s \u00e0 partir de diff\u00e9rents emplacements<\/h3>\n<p>Quel que soit le support (une tablette, un PC ou portable, un smartphone), <strong>les e-mails peuvent \u00eatre ouverts n&#8217;importe o\u00f9<\/strong>. Cette caract\u00e9ristique les rend particuli\u00e8rement enclins \u00e0 s&#8217;adapter au travail intelligent, promu par les gouvernements nationaux en \u00e9tat d&#8217;alerte pour le coronavirus.<\/li>\n<li>\n<h3>E-Mail est l&#8217;une des m\u00e9thodes de communication institutionnelles les plus utilis\u00e9es<\/h3>\n<p>Pour diffuser des circulaires d&#8217;entreprise, de nouvelles r\u00e9glementations ou pour communiquer en toute s\u00e9curit\u00e9 avec les travailleurs, les e-mails sont le moyen le plus appropri\u00e9. L\u2019e-mail repr\u00e9sente pour les citoyens un outil de communication valable pour la <strong>transmission de documents et de certificats<\/strong>. Pour la m\u00eame raison, il peut \u00e9galement \u00eatre utilis\u00e9 par les \u00e9coles et les universit\u00e9s qui ont \u00e9t\u00e9 r\u00e9cemment bloqu\u00e9es \u00e0 cause du Coronavirus.<\/li>\n<li>\n<h3>E-Mail est le moyen le plus efficace d&#8217;atteindre de nombreuses personnes<\/h3>\n<p>Les e-mails peuvent atteindre un nombre potentiellement illimit\u00e9 de personnes. Les <strong>outils d&#8217;automatisation du marketing par e-mail<\/strong> tels que notre plateforme <strong>EmailChef <\/strong>peuvent faciliter la communication externe et interne (c&#8217;est-\u00e0-dire au sein d&#8217;une organisation). La mise en place des emails est une \u00e9tape cruciale vers la transparence, la num\u00e9risation, la d\u00e9mat\u00e9rialisation et la simplification du travail.<\/li>\n<\/ol>\n","protected":false},"excerpt":{"rendered":"<p>Outils de Smartworking et de messagerie automatique L&#8217;urgence sanitaire mondiale du coronavirus est actuellement le sujet num\u00e9ro 1. L&#8217;appel des autorit\u00e9s est clair: \u00abRestez \u00e0 la maison\u00bb. Mais quelles sont les cons\u00e9quences pour les travailleurs? Le mot cl\u00e9 est smartworking. Selon les statistiques, 61% des entreprises mondiales permettent actuellement \u00e0 leur personnel d&#8217;avoir une sorte [&hellip;]<\/p>\n","protected":false},"author":1,"featured_media":0,"parent":0,"menu_order":0,"comment_status":"closed","ping_status":"closed","template":"g1_template_page_sidebar_right.php","meta":{"_acf_changed":false,"inline_featured_image":false,"footnotes":""},"g1_relation_tag":[],"class_list":["post-17956","page","type-page","status-publish","hentry"],"acf":[],"yoast_head":"<!-- This site is optimized with the Yoast SEO plugin v27.5 - https:\/\/yoast.com\/product\/yoast-seo-wordpress\/ -->\n<title>Coronavirus - Email comme support pour l&#039;urgence - Emailchef<\/title>\n<meta name=\"robots\" content=\"index, follow, max-snippet:-1, max-image-preview:large, max-video-preview:-1\" \/>\n<link rel=\"canonical\" href=\"https:\/\/www.emailchef.com\/fr\/coronavirus-email-comme-support-pour-urgence\/\" \/>\n<meta name=\"twitter:label1\" content=\"Dur\u00e9e de lecture estim\u00e9e\" \/>\n\t<meta name=\"twitter:data1\" content=\"3 minutes\" \/>\n<script type=\"application\/ld+json\" class=\"yoast-schema-graph\">{\"@context\":\"https:\\\/\\\/schema.org\",\"@graph\":[{\"@type\":\"WebPage\",\"@id\":\"https:\\\/\\\/www.emailchef.com\\\/fr\\\/coronavirus-email-comme-support-pour-urgence\\\/\",\"url\":\"https:\\\/\\\/www.emailchef.com\\\/fr\\\/coronavirus-email-comme-support-pour-urgence\\\/\",\"name\":\"Coronavirus - Email comme support pour l'urgence - Emailchef\",\"isPartOf\":{\"@id\":\"https:\\\/\\\/www.emailchef.com\\\/#website\"},\"primaryImageOfPage\":{\"@id\":\"https:\\\/\\\/www.emailchef.com\\\/fr\\\/coronavirus-email-comme-support-pour-urgence\\\/#primaryimage\"},\"image\":{\"@id\":\"https:\\\/\\\/www.emailchef.com\\\/fr\\\/coronavirus-email-comme-support-pour-urgence\\\/#primaryimage\"},\"thumbnailUrl\":\"https:\\\/\\\/emailchef.com\\\/wp-content\\\/uploads\\\/2020\\\/03\\\/covid-2-en.png\",\"datePublished\":\"2020-03-11T13:45:00+00:00\",\"dateModified\":\"2020-03-11T14:01:52+00:00\",\"breadcrumb\":{\"@id\":\"https:\\\/\\\/www.emailchef.com\\\/fr\\\/coronavirus-email-comme-support-pour-urgence\\\/#breadcrumb\"},\"inLanguage\":\"fr-FR\",\"potentialAction\":[{\"@type\":\"ReadAction\",\"target\":[\"https:\\\/\\\/www.emailchef.com\\\/fr\\\/coronavirus-email-comme-support-pour-urgence\\\/\"]}]},{\"@type\":\"ImageObject\",\"inLanguage\":\"fr-FR\",\"@id\":\"https:\\\/\\\/www.emailchef.com\\\/fr\\\/coronavirus-email-comme-support-pour-urgence\\\/#primaryimage\",\"url\":\"https:\\\/\\\/emailchef.com\\\/wp-content\\\/uploads\\\/2020\\\/03\\\/covid-2-en.png\",\"contentUrl\":\"https:\\\/\\\/emailchef.com\\\/wp-content\\\/uploads\\\/2020\\\/03\\\/covid-2-en.png\"},{\"@type\":\"BreadcrumbList\",\"@id\":\"https:\\\/\\\/www.emailchef.com\\\/fr\\\/coronavirus-email-comme-support-pour-urgence\\\/#breadcrumb\",\"itemListElement\":[{\"@type\":\"ListItem\",\"position\":1,\"name\":\"Home\",\"item\":\"https:\\\/\\\/www.emailchef.com\\\/fr\\\/\"},{\"@type\":\"ListItem\",\"position\":2,\"name\":\"Coronavirus &#8211; Email comme support pour l&#8217;urgence\"}]},{\"@type\":\"WebSite\",\"@id\":\"https:\\\/\\\/www.emailchef.com\\\/#website\",\"url\":\"https:\\\/\\\/www.emailchef.com\\\/\",\"name\":\"Emailchef\",\"description\":\"Recettes go\u00fbteuses pour vos emails\",\"publisher\":{\"@id\":\"https:\\\/\\\/www.emailchef.com\\\/#organization\"},\"potentialAction\":[{\"@type\":\"SearchAction\",\"target\":{\"@type\":\"EntryPoint\",\"urlTemplate\":\"https:\\\/\\\/www.emailchef.com\\\/?s={search_term_string}\"},\"query-input\":{\"@type\":\"PropertyValueSpecification\",\"valueRequired\":true,\"valueName\":\"search_term_string\"}}],\"inLanguage\":\"fr-FR\"},{\"@type\":\"Organization\",\"@id\":\"https:\\\/\\\/www.emailchef.com\\\/#organization\",\"name\":\"Delivery Tech Corp.\",\"url\":\"https:\\\/\\\/www.emailchef.com\\\/\",\"logo\":{\"@type\":\"ImageObject\",\"inLanguage\":\"fr-FR\",\"@id\":\"https:\\\/\\\/www.emailchef.com\\\/#\\\/schema\\\/logo\\\/image\\\/\",\"url\":\"https:\\\/\\\/www.emailchef.com\\\/wp-content\\\/uploads\\\/2022\\\/04\\\/logo-sama.png\",\"contentUrl\":\"https:\\\/\\\/www.emailchef.com\\\/wp-content\\\/uploads\\\/2022\\\/04\\\/logo-sama.png\",\"width\":237,\"height\":80,\"caption\":\"Delivery Tech Corp.\"},\"image\":{\"@id\":\"https:\\\/\\\/www.emailchef.com\\\/#\\\/schema\\\/logo\\\/image\\\/\"}}]}<\/script>\n<!-- \/ Yoast SEO plugin. -->","yoast_head_json":{"title":"Coronavirus - Email comme support pour l'urgence - Emailchef","robots":{"index":"index","follow":"follow","max-snippet":"max-snippet:-1","max-image-preview":"max-image-preview:large","max-video-preview":"max-video-preview:-1"},"canonical":"https:\/\/www.emailchef.com\/fr\/coronavirus-email-comme-support-pour-urgence\/","twitter_misc":{"Dur\u00e9e de lecture estim\u00e9e":"3 minutes"},"schema":{"@context":"https:\/\/schema.org","@graph":[{"@type":"WebPage","@id":"https:\/\/www.emailchef.com\/fr\/coronavirus-email-comme-support-pour-urgence\/","url":"https:\/\/www.emailchef.com\/fr\/coronavirus-email-comme-support-pour-urgence\/","name":"Coronavirus - Email comme support pour l'urgence - Emailchef","isPartOf":{"@id":"https:\/\/www.emailchef.com\/#website"},"primaryImageOfPage":{"@id":"https:\/\/www.emailchef.com\/fr\/coronavirus-email-comme-support-pour-urgence\/#primaryimage"},"image":{"@id":"https:\/\/www.emailchef.com\/fr\/coronavirus-email-comme-support-pour-urgence\/#primaryimage"},"thumbnailUrl":"https:\/\/emailchef.com\/wp-content\/uploads\/2020\/03\/covid-2-en.png","datePublished":"2020-03-11T13:45:00+00:00","dateModified":"2020-03-11T14:01:52+00:00","breadcrumb":{"@id":"https:\/\/www.emailchef.com\/fr\/coronavirus-email-comme-support-pour-urgence\/#breadcrumb"},"inLanguage":"fr-FR","potentialAction":[{"@type":"ReadAction","target":["https:\/\/www.emailchef.com\/fr\/coronavirus-email-comme-support-pour-urgence\/"]}]},{"@type":"ImageObject","inLanguage":"fr-FR","@id":"https:\/\/www.emailchef.com\/fr\/coronavirus-email-comme-support-pour-urgence\/#primaryimage","url":"https:\/\/emailchef.com\/wp-content\/uploads\/2020\/03\/covid-2-en.png","contentUrl":"https:\/\/emailchef.com\/wp-content\/uploads\/2020\/03\/covid-2-en.png"},{"@type":"BreadcrumbList","@id":"https:\/\/www.emailchef.com\/fr\/coronavirus-email-comme-support-pour-urgence\/#breadcrumb","itemListElement":[{"@type":"ListItem","position":1,"name":"Home","item":"https:\/\/www.emailchef.com\/fr\/"},{"@type":"ListItem","position":2,"name":"Coronavirus &#8211; Email comme support pour l&#8217;urgence"}]},{"@type":"WebSite","@id":"https:\/\/www.emailchef.com\/#website","url":"https:\/\/www.emailchef.com\/","name":"Emailchef","description":"Recettes go\u00fbteuses pour vos emails","publisher":{"@id":"https:\/\/www.emailchef.com\/#organization"},"potentialAction":[{"@type":"SearchAction","target":{"@type":"EntryPoint","urlTemplate":"https:\/\/www.emailchef.com\/?s={search_term_string}"},"query-input":{"@type":"PropertyValueSpecification","valueRequired":true,"valueName":"search_term_string"}}],"inLanguage":"fr-FR"},{"@type":"Organization","@id":"https:\/\/www.emailchef.com\/#organization","name":"Delivery Tech Corp.","url":"https:\/\/www.emailchef.com\/","logo":{"@type":"ImageObject","inLanguage":"fr-FR","@id":"https:\/\/www.emailchef.com\/#\/schema\/logo\/image\/","url":"https:\/\/www.emailchef.com\/wp-content\/uploads\/2022\/04\/logo-sama.png","contentUrl":"https:\/\/www.emailchef.com\/wp-content\/uploads\/2022\/04\/logo-sama.png","width":237,"height":80,"caption":"Delivery Tech Corp."},"image":{"@id":"https:\/\/www.emailchef.com\/#\/schema\/logo\/image\/"}}]}},"_links":{"self":[{"href":"https:\/\/www.emailchef.com\/fr\/wp-json\/wp\/v2\/pages\/17956","targetHints":{"allow":["GET"]}}],"collection":[{"href":"https:\/\/www.emailchef.com\/fr\/wp-json\/wp\/v2\/pages"}],"about":[{"href":"https:\/\/www.emailchef.com\/fr\/wp-json\/wp\/v2\/types\/page"}],"author":[{"embeddable":true,"href":"https:\/\/www.emailchef.com\/fr\/wp-json\/wp\/v2\/users\/1"}],"replies":[{"embeddable":true,"href":"https:\/\/www.emailchef.com\/fr\/wp-json\/wp\/v2\/comments?post=17956"}],"version-history":[{"count":4,"href":"https:\/\/www.emailchef.com\/fr\/wp-json\/wp\/v2\/pages\/17956\/revisions"}],"predecessor-version":[{"id":17966,"href":"https:\/\/www.emailchef.com\/fr\/wp-json\/wp\/v2\/pages\/17956\/revisions\/17966"}],"wp:attachment":[{"href":"https:\/\/www.emailchef.com\/fr\/wp-json\/wp\/v2\/media?parent=17956"}],"wp:term":[{"taxonomy":"g1_relation_tag","embeddable":true,"href":"https:\/\/www.emailchef.com\/fr\/wp-json\/wp\/v2\/g1_relation_tag?post=17956"}],"curies":[{"name":"wp","href":"https:\/\/api.w.org\/{rel}","templated":true}]}}