{"id":1541,"date":"2014-09-22T08:38:02","date_gmt":"2014-09-22T08:38:02","guid":{"rendered":"http:\/\/emailchef.com\/?page_id=1541"},"modified":"2014-10-27T09:33:59","modified_gmt":"2014-10-27T09:33:59","slug":"vue-densemble-et-importance-des-rapports","status":"publish","type":"page","link":"https:\/\/www.emailchef.com\/fr\/base-de-connaissance\/vue-densemble-et-importance-des-rapports\/","title":{"rendered":"Vue d&#8217;ensemble et importance des rapports"},"content":{"rendered":"<p>Le but de toute campagne d&#8217;email marketing est d&#8217;obtenir des <b>r\u00e9sultats<\/b>. Que le r\u00e9sultat souhait\u00e9 est de faire cro\u00eetre votre base de donn\u00e9es d&#8217;abonn\u00e9s, g\u00e9n\u00e9rer plus de <i>prospects<\/i> pour votre entreprise ou de vendre plus de produts, il n&#8217;y a qu&#8217;une seule fa\u00e7on de savoir si vous \u00eates en train d&#8217;arriver \u00e0 vos objectifs. Si vous ne suivez pas vos r\u00e9sultats avec de <b>l&#8217;analyse <\/b><b>digitale <\/b><b>de qualit\u00e9<\/b>, vous ne pouvez jamais vraiment savoir si vos campagnes sont efficaces.<\/p>\n<p>Quelle que soit la nature de votre entreprise, il y a un certain nombre de donn\u00e9es que vous devez conna\u00eetre. Garder un \u0153il sur eux vous aidera \u00e0 d\u00e9terminer comment vous allez, mais ils peuvent aussi vous permettre d&#8217;<b>am\u00e9liorer vos performances <\/b>et de cr\u00e9er des campagnes futures <b>plus efficaces<\/b>.<\/p>\n<p>Tout aussi important, savoir quelles parties de votre campagne <b>ne fonctionnent pas<\/b>, rende plus facile d&#8217;am\u00e9lliorer votre message et <b>\u00e9viter des erreurs co\u00fbteuses<\/b>. Le suivi des facteurs comme les taux de clics, le taux de conversion, le taux d&#8217;ouverture, le taux de bouncebacks, et le ROI est la meilleure fa\u00e7on de mesurer l&#8217;efficacit\u00e9 de vos campagnes actuelles et construire sur ce succ\u00e8s celles suivantes.<\/p>\n","protected":false},"excerpt":{"rendered":"<p>Le but de toute campagne d&#8217;email marketing est d&#8217;obtenir des r\u00e9sultats. Que le r\u00e9sultat souhait\u00e9 est de faire cro\u00eetre votre base de donn\u00e9es d&#8217;abonn\u00e9s, g\u00e9n\u00e9rer plus de prospects pour votre entreprise ou de vendre plus de produts, il n&#8217;y a qu&#8217;une seule fa\u00e7on de savoir si vous \u00eates en train d&#8217;arriver \u00e0 vos objectifs. Si [&hellip;]<\/p>\n","protected":false},"author":3,"featured_media":0,"parent":1193,"menu_order":0,"comment_status":"closed","ping_status":"closed","template":"","meta":{"_acf_changed":false,"inline_featured_image":false,"footnotes":""},"g1_relation_tag":[],"class_list":["post-1541","page","type-page","status-publish","hentry"],"acf":[],"yoast_head":"<!-- This site is optimized with the Yoast SEO plugin v27.5 - https:\/\/yoast.com\/product\/yoast-seo-wordpress\/ -->\n<title>Vue d&#039;ensemble et importance des rapports - Emailchef<\/title>\n<meta name=\"robots\" content=\"index, follow, max-snippet:-1, max-image-preview:large, max-video-preview:-1\" \/>\n<link rel=\"canonical\" href=\"https:\/\/www.emailchef.com\/fr\/base-de-connaissance\/vue-densemble-et-importance-des-rapports\/\" \/>\n<meta name=\"twitter:label1\" content=\"Dur\u00e9e de lecture estim\u00e9e\" \/>\n\t<meta name=\"twitter:data1\" content=\"1 minute\" \/>\n<script type=\"application\/ld+json\" class=\"yoast-schema-graph\">{\"@context\":\"https:\\\/\\\/schema.org\",\"@graph\":[{\"@type\":\"WebPage\",\"@id\":\"https:\\\/\\\/www.emailchef.com\\\/fr\\\/base-de-connaissance\\\/vue-densemble-et-importance-des-rapports\\\/\",\"url\":\"https:\\\/\\\/www.emailchef.com\\\/fr\\\/base-de-connaissance\\\/vue-densemble-et-importance-des-rapports\\\/\",\"name\":\"Vue d'ensemble et importance des rapports - Emailchef\",\"isPartOf\":{\"@id\":\"https:\\\/\\\/www.emailchef.com\\\/#website\"},\"datePublished\":\"2014-09-22T08:38:02+00:00\",\"dateModified\":\"2014-10-27T09:33:59+00:00\",\"breadcrumb\":{\"@id\":\"https:\\\/\\\/www.emailchef.com\\\/fr\\\/base-de-connaissance\\\/vue-densemble-et-importance-des-rapports\\\/#breadcrumb\"},\"inLanguage\":\"fr-FR\",\"potentialAction\":[{\"@type\":\"ReadAction\",\"target\":[\"https:\\\/\\\/www.emailchef.com\\\/fr\\\/base-de-connaissance\\\/vue-densemble-et-importance-des-rapports\\\/\"]}]},{\"@type\":\"BreadcrumbList\",\"@id\":\"https:\\\/\\\/www.emailchef.com\\\/fr\\\/base-de-connaissance\\\/vue-densemble-et-importance-des-rapports\\\/#breadcrumb\",\"itemListElement\":[{\"@type\":\"ListItem\",\"position\":1,\"name\":\"Home\",\"item\":\"https:\\\/\\\/www.emailchef.com\\\/fr\\\/\"},{\"@type\":\"ListItem\",\"position\":2,\"name\":\"Base de connaissance\",\"item\":\"https:\\\/\\\/www.emailchef.com\\\/fr\\\/base-de-connaissance\\\/\"},{\"@type\":\"ListItem\",\"position\":3,\"name\":\"Vue d&#8217;ensemble et importance des rapports\"}]},{\"@type\":\"WebSite\",\"@id\":\"https:\\\/\\\/www.emailchef.com\\\/#website\",\"url\":\"https:\\\/\\\/www.emailchef.com\\\/\",\"name\":\"Emailchef\",\"description\":\"Recettes go\u00fbteuses pour vos emails\",\"publisher\":{\"@id\":\"https:\\\/\\\/www.emailchef.com\\\/#organization\"},\"potentialAction\":[{\"@type\":\"SearchAction\",\"target\":{\"@type\":\"EntryPoint\",\"urlTemplate\":\"https:\\\/\\\/www.emailchef.com\\\/?s={search_term_string}\"},\"query-input\":{\"@type\":\"PropertyValueSpecification\",\"valueRequired\":true,\"valueName\":\"search_term_string\"}}],\"inLanguage\":\"fr-FR\"},{\"@type\":\"Organization\",\"@id\":\"https:\\\/\\\/www.emailchef.com\\\/#organization\",\"name\":\"Delivery Tech Corp.\",\"url\":\"https:\\\/\\\/www.emailchef.com\\\/\",\"logo\":{\"@type\":\"ImageObject\",\"inLanguage\":\"fr-FR\",\"@id\":\"https:\\\/\\\/www.emailchef.com\\\/#\\\/schema\\\/logo\\\/image\\\/\",\"url\":\"https:\\\/\\\/www.emailchef.com\\\/wp-content\\\/uploads\\\/2022\\\/04\\\/logo-sama.png\",\"contentUrl\":\"https:\\\/\\\/www.emailchef.com\\\/wp-content\\\/uploads\\\/2022\\\/04\\\/logo-sama.png\",\"width\":237,\"height\":80,\"caption\":\"Delivery Tech Corp.\"},\"image\":{\"@id\":\"https:\\\/\\\/www.emailchef.com\\\/#\\\/schema\\\/logo\\\/image\\\/\"}}]}<\/script>\n<!-- \/ Yoast SEO plugin. -->","yoast_head_json":{"title":"Vue d'ensemble et importance des rapports - Emailchef","robots":{"index":"index","follow":"follow","max-snippet":"max-snippet:-1","max-image-preview":"max-image-preview:large","max-video-preview":"max-video-preview:-1"},"canonical":"https:\/\/www.emailchef.com\/fr\/base-de-connaissance\/vue-densemble-et-importance-des-rapports\/","twitter_misc":{"Dur\u00e9e de lecture estim\u00e9e":"1 minute"},"schema":{"@context":"https:\/\/schema.org","@graph":[{"@type":"WebPage","@id":"https:\/\/www.emailchef.com\/fr\/base-de-connaissance\/vue-densemble-et-importance-des-rapports\/","url":"https:\/\/www.emailchef.com\/fr\/base-de-connaissance\/vue-densemble-et-importance-des-rapports\/","name":"Vue d'ensemble et importance des rapports - Emailchef","isPartOf":{"@id":"https:\/\/www.emailchef.com\/#website"},"datePublished":"2014-09-22T08:38:02+00:00","dateModified":"2014-10-27T09:33:59+00:00","breadcrumb":{"@id":"https:\/\/www.emailchef.com\/fr\/base-de-connaissance\/vue-densemble-et-importance-des-rapports\/#breadcrumb"},"inLanguage":"fr-FR","potentialAction":[{"@type":"ReadAction","target":["https:\/\/www.emailchef.com\/fr\/base-de-connaissance\/vue-densemble-et-importance-des-rapports\/"]}]},{"@type":"BreadcrumbList","@id":"https:\/\/www.emailchef.com\/fr\/base-de-connaissance\/vue-densemble-et-importance-des-rapports\/#breadcrumb","itemListElement":[{"@type":"ListItem","position":1,"name":"Home","item":"https:\/\/www.emailchef.com\/fr\/"},{"@type":"ListItem","position":2,"name":"Base de connaissance","item":"https:\/\/www.emailchef.com\/fr\/base-de-connaissance\/"},{"@type":"ListItem","position":3,"name":"Vue d&#8217;ensemble et importance des rapports"}]},{"@type":"WebSite","@id":"https:\/\/www.emailchef.com\/#website","url":"https:\/\/www.emailchef.com\/","name":"Emailchef","description":"Recettes go\u00fbteuses pour vos emails","publisher":{"@id":"https:\/\/www.emailchef.com\/#organization"},"potentialAction":[{"@type":"SearchAction","target":{"@type":"EntryPoint","urlTemplate":"https:\/\/www.emailchef.com\/?s={search_term_string}"},"query-input":{"@type":"PropertyValueSpecification","valueRequired":true,"valueName":"search_term_string"}}],"inLanguage":"fr-FR"},{"@type":"Organization","@id":"https:\/\/www.emailchef.com\/#organization","name":"Delivery Tech Corp.","url":"https:\/\/www.emailchef.com\/","logo":{"@type":"ImageObject","inLanguage":"fr-FR","@id":"https:\/\/www.emailchef.com\/#\/schema\/logo\/image\/","url":"https:\/\/www.emailchef.com\/wp-content\/uploads\/2022\/04\/logo-sama.png","contentUrl":"https:\/\/www.emailchef.com\/wp-content\/uploads\/2022\/04\/logo-sama.png","width":237,"height":80,"caption":"Delivery Tech Corp."},"image":{"@id":"https:\/\/www.emailchef.com\/#\/schema\/logo\/image\/"}}]}},"_links":{"self":[{"href":"https:\/\/www.emailchef.com\/fr\/wp-json\/wp\/v2\/pages\/1541","targetHints":{"allow":["GET"]}}],"collection":[{"href":"https:\/\/www.emailchef.com\/fr\/wp-json\/wp\/v2\/pages"}],"about":[{"href":"https:\/\/www.emailchef.com\/fr\/wp-json\/wp\/v2\/types\/page"}],"author":[{"embeddable":true,"href":"https:\/\/www.emailchef.com\/fr\/wp-json\/wp\/v2\/users\/3"}],"replies":[{"embeddable":true,"href":"https:\/\/www.emailchef.com\/fr\/wp-json\/wp\/v2\/comments?post=1541"}],"version-history":[{"count":1,"href":"https:\/\/www.emailchef.com\/fr\/wp-json\/wp\/v2\/pages\/1541\/revisions"}],"predecessor-version":[{"id":1555,"href":"https:\/\/www.emailchef.com\/fr\/wp-json\/wp\/v2\/pages\/1541\/revisions\/1555"}],"up":[{"embeddable":true,"href":"https:\/\/www.emailchef.com\/fr\/wp-json\/wp\/v2\/pages\/1193"}],"wp:attachment":[{"href":"https:\/\/www.emailchef.com\/fr\/wp-json\/wp\/v2\/media?parent=1541"}],"wp:term":[{"taxonomy":"g1_relation_tag","embeddable":true,"href":"https:\/\/www.emailchef.com\/fr\/wp-json\/wp\/v2\/g1_relation_tag?post=1541"}],"curies":[{"name":"wp","href":"https:\/\/api.w.org\/{rel}","templated":true}]}}