{"id":1482,"date":"2014-09-22T08:19:23","date_gmt":"2014-09-22T08:19:23","guid":{"rendered":"http:\/\/emailchef.com\/?page_id=1482"},"modified":"2021-07-27T15:18:14","modified_gmt":"2021-07-27T15:18:14","slug":"ajouter-dautres-expediteurs","status":"publish","type":"page","link":"https:\/\/www.emailchef.com\/fr\/base-de-connaissance\/ajouter-dautres-expediteurs\/","title":{"rendered":"Ajouter d&#8217;autres exp\u00e9diteurs"},"content":{"rendered":"<p>Pour <strong>ajouter de nouvelles adresses d&#8217;exp\u00e9diteurs<\/strong>, s\u00e9lectionnez l&#8217;onglet &#8220;Exp\u00e9diteurs valid\u00e9s&#8221; sur la page &#8220;Param\u00e8tres&#8221;, puis cliquez sur &#8220;AJOUTER UN NOUVEL EXP\u00c9DITEUR&#8221;.<\/p>\n<p><a href=\"http:\/\/emailchef.com\/wp-content\/uploads\/2014\/10\/expediteurst_1.jpg\" rel=\"attachment wp-att-3834\"><img fetchpriority=\"high\" decoding=\"async\" class=\"alignnone size-full wp-image-3834\" src=\"http:\/\/emailchef.com\/wp-content\/uploads\/2014\/10\/expediteurst_1.jpg\" alt=\"expediteurst_1\" width=\"886\" height=\"470\"><\/a><\/p>\n<p>Vous ne pouvez d\u00e9finir qu&#8217;une adresse d&#8217;exp\u00e9diteur par d\u00e9faut, mais vous pouvez la modifier \u00e0 chaque fois que vous cr\u00e9ez une nouvelle campagne.<\/p>\n<p>Rappelez-vous que chaque nouvel exp\u00e9diteur doit \u00eatre <b>authentifi\u00e9<\/b>.<\/p>\n<p><a href=\"https:\/\/emailchef.com\/wp-content\/uploads\/2021\/05\/Screenshot_49.jpg\" rel=\"lightbox\"><img decoding=\"async\" class=\"alignnone wp-image-40728 size-full\" src=\"https:\/\/emailchef.com\/wp-content\/uploads\/2021\/05\/Screenshot_49.jpg\" alt=\"\" width=\"720\" height=\"207\" srcset=\"https:\/\/www.emailchef.com\/wp-content\/uploads\/2021\/05\/Screenshot_49.jpg 720w, https:\/\/www.emailchef.com\/wp-content\/uploads\/2021\/05\/Screenshot_49-300x86.jpg 300w, https:\/\/www.emailchef.com\/wp-content\/uploads\/2021\/05\/Screenshot_49-636x183.jpg 636w, https:\/\/www.emailchef.com\/wp-content\/uploads\/2021\/05\/Screenshot_49-320x92.jpg 320w, https:\/\/www.emailchef.com\/wp-content\/uploads\/2021\/05\/Screenshot_49-239x69.jpg 239w\" sizes=\"(max-width: 720px) 100vw, 720px\" \/><\/a><\/p>\n<p>Vous recevrez un message de confirmation sur l&#8217;adresse ajout\u00e9e, avec un lien \u00e0 cliquer.<\/p>\n<p><a href=\"https:\/\/emailchef.com\/wp-content\/uploads\/2021\/05\/Screenshot_50.jpg\" rel=\"lightbox\"><img decoding=\"async\" class=\"alignnone wp-image-40744 size-full\" src=\"https:\/\/emailchef.com\/wp-content\/uploads\/2021\/05\/Screenshot_50.jpg\" alt=\"\" width=\"644\" height=\"590\" srcset=\"https:\/\/www.emailchef.com\/wp-content\/uploads\/2021\/05\/Screenshot_50.jpg 644w, https:\/\/www.emailchef.com\/wp-content\/uploads\/2021\/05\/Screenshot_50-300x275.jpg 300w, https:\/\/www.emailchef.com\/wp-content\/uploads\/2021\/05\/Screenshot_50-636x583.jpg 636w, https:\/\/www.emailchef.com\/wp-content\/uploads\/2021\/05\/Screenshot_50-320x293.jpg 320w, https:\/\/www.emailchef.com\/wp-content\/uploads\/2021\/05\/Screenshot_50-239x219.jpg 239w\" sizes=\"(max-width: 644px) 100vw, 644px\" \/><\/a><\/p>\n<p><span style=\"font-weight: 400;\">Pour en savoir plus sur ce sujet, nous vous invitons \u00e0 regarder le vid\u00e9o suivant:<\/span><\/p>\n<div class=\"centered\" style=\"position:relative;padding-bottom:56.25%;height:0;overflow:hidden;\">\n                <iframe\n                    src=\"https:\/\/www.youtube-nocookie.com\/embed\/AwgjIVOOx2o\"\n                    title=\"YouTube video\"\n                    style=\"position:absolute;top:0;left:0;width:100%;height:100%;\"\n                    frameborder=\"0\"\n                    allow=\"accelerometer; autoplay; clipboard-write; encrypted-media; gyroscope; picture-in-picture; web-share\"\n                    allowfullscreen\n                    loading=\"lazy\">\n                <\/iframe>\n            <\/div>\n","protected":false},"excerpt":{"rendered":"<p>Pour ajouter de nouvelles adresses d&#8217;exp\u00e9diteurs, s\u00e9lectionnez l&#8217;onglet &#8220;Exp\u00e9diteurs valid\u00e9s&#8221; sur la page &#8220;Param\u00e8tres&#8221;, puis cliquez sur &#8220;AJOUTER UN NOUVEL EXP\u00c9DITEUR&#8221;. Vous ne pouvez d\u00e9finir qu&#8217;une adresse d&#8217;exp\u00e9diteur par d\u00e9faut, mais vous pouvez la modifier \u00e0 chaque fois que vous cr\u00e9ez une nouvelle campagne. Rappelez-vous que chaque nouvel exp\u00e9diteur doit \u00eatre authentifi\u00e9. Vous recevrez un [&hellip;]<\/p>\n","protected":false},"author":3,"featured_media":0,"parent":1193,"menu_order":0,"comment_status":"closed","ping_status":"closed","template":"","meta":{"_acf_changed":false,"inline_featured_image":false,"footnotes":""},"g1_relation_tag":[],"class_list":["post-1482","page","type-page","status-publish","hentry"],"acf":[],"yoast_head":"<!-- This site is optimized with the Yoast SEO plugin v27.5 - https:\/\/yoast.com\/product\/yoast-seo-wordpress\/ -->\n<title>Ajouter d&#039;autres exp\u00e9diteurs - Emailchef<\/title>\n<meta name=\"robots\" content=\"index, follow, max-snippet:-1, max-image-preview:large, max-video-preview:-1\" \/>\n<link rel=\"canonical\" href=\"https:\/\/www.emailchef.com\/fr\/base-de-connaissance\/ajouter-dautres-expediteurs\/\" \/>\n<meta name=\"twitter:label1\" content=\"Dur\u00e9e de lecture estim\u00e9e\" \/>\n\t<meta name=\"twitter:data1\" content=\"1 minute\" \/>\n<script type=\"application\/ld+json\" class=\"yoast-schema-graph\">{\"@context\":\"https:\\\/\\\/schema.org\",\"@graph\":[{\"@type\":\"WebPage\",\"@id\":\"https:\\\/\\\/www.emailchef.com\\\/fr\\\/base-de-connaissance\\\/ajouter-dautres-expediteurs\\\/\",\"url\":\"https:\\\/\\\/www.emailchef.com\\\/fr\\\/base-de-connaissance\\\/ajouter-dautres-expediteurs\\\/\",\"name\":\"Ajouter d'autres exp\u00e9diteurs - Emailchef\",\"isPartOf\":{\"@id\":\"https:\\\/\\\/www.emailchef.com\\\/#website\"},\"primaryImageOfPage\":{\"@id\":\"https:\\\/\\\/www.emailchef.com\\\/fr\\\/base-de-connaissance\\\/ajouter-dautres-expediteurs\\\/#primaryimage\"},\"image\":{\"@id\":\"https:\\\/\\\/www.emailchef.com\\\/fr\\\/base-de-connaissance\\\/ajouter-dautres-expediteurs\\\/#primaryimage\"},\"thumbnailUrl\":\"http:\\\/\\\/emailchef.com\\\/wp-content\\\/uploads\\\/2014\\\/10\\\/expediteurst_1.jpg\",\"datePublished\":\"2014-09-22T08:19:23+00:00\",\"dateModified\":\"2021-07-27T15:18:14+00:00\",\"breadcrumb\":{\"@id\":\"https:\\\/\\\/www.emailchef.com\\\/fr\\\/base-de-connaissance\\\/ajouter-dautres-expediteurs\\\/#breadcrumb\"},\"inLanguage\":\"fr-FR\",\"potentialAction\":[{\"@type\":\"ReadAction\",\"target\":[\"https:\\\/\\\/www.emailchef.com\\\/fr\\\/base-de-connaissance\\\/ajouter-dautres-expediteurs\\\/\"]}]},{\"@type\":\"ImageObject\",\"inLanguage\":\"fr-FR\",\"@id\":\"https:\\\/\\\/www.emailchef.com\\\/fr\\\/base-de-connaissance\\\/ajouter-dautres-expediteurs\\\/#primaryimage\",\"url\":\"http:\\\/\\\/emailchef.com\\\/wp-content\\\/uploads\\\/2014\\\/10\\\/expediteurst_1.jpg\",\"contentUrl\":\"http:\\\/\\\/emailchef.com\\\/wp-content\\\/uploads\\\/2014\\\/10\\\/expediteurst_1.jpg\"},{\"@type\":\"BreadcrumbList\",\"@id\":\"https:\\\/\\\/www.emailchef.com\\\/fr\\\/base-de-connaissance\\\/ajouter-dautres-expediteurs\\\/#breadcrumb\",\"itemListElement\":[{\"@type\":\"ListItem\",\"position\":1,\"name\":\"Home\",\"item\":\"https:\\\/\\\/www.emailchef.com\\\/fr\\\/\"},{\"@type\":\"ListItem\",\"position\":2,\"name\":\"Base de connaissance\",\"item\":\"https:\\\/\\\/www.emailchef.com\\\/fr\\\/base-de-connaissance\\\/\"},{\"@type\":\"ListItem\",\"position\":3,\"name\":\"Ajouter d&#8217;autres exp\u00e9diteurs\"}]},{\"@type\":\"WebSite\",\"@id\":\"https:\\\/\\\/www.emailchef.com\\\/#website\",\"url\":\"https:\\\/\\\/www.emailchef.com\\\/\",\"name\":\"Emailchef\",\"description\":\"Recettes go\u00fbteuses pour vos emails\",\"publisher\":{\"@id\":\"https:\\\/\\\/www.emailchef.com\\\/#organization\"},\"potentialAction\":[{\"@type\":\"SearchAction\",\"target\":{\"@type\":\"EntryPoint\",\"urlTemplate\":\"https:\\\/\\\/www.emailchef.com\\\/?s={search_term_string}\"},\"query-input\":{\"@type\":\"PropertyValueSpecification\",\"valueRequired\":true,\"valueName\":\"search_term_string\"}}],\"inLanguage\":\"fr-FR\"},{\"@type\":\"Organization\",\"@id\":\"https:\\\/\\\/www.emailchef.com\\\/#organization\",\"name\":\"Delivery Tech Corp.\",\"url\":\"https:\\\/\\\/www.emailchef.com\\\/\",\"logo\":{\"@type\":\"ImageObject\",\"inLanguage\":\"fr-FR\",\"@id\":\"https:\\\/\\\/www.emailchef.com\\\/#\\\/schema\\\/logo\\\/image\\\/\",\"url\":\"https:\\\/\\\/www.emailchef.com\\\/wp-content\\\/uploads\\\/2022\\\/04\\\/logo-sama.png\",\"contentUrl\":\"https:\\\/\\\/www.emailchef.com\\\/wp-content\\\/uploads\\\/2022\\\/04\\\/logo-sama.png\",\"width\":237,\"height\":80,\"caption\":\"Delivery Tech Corp.\"},\"image\":{\"@id\":\"https:\\\/\\\/www.emailchef.com\\\/#\\\/schema\\\/logo\\\/image\\\/\"}}]}<\/script>\n<!-- \/ Yoast SEO plugin. -->","yoast_head_json":{"title":"Ajouter d'autres exp\u00e9diteurs - Emailchef","robots":{"index":"index","follow":"follow","max-snippet":"max-snippet:-1","max-image-preview":"max-image-preview:large","max-video-preview":"max-video-preview:-1"},"canonical":"https:\/\/www.emailchef.com\/fr\/base-de-connaissance\/ajouter-dautres-expediteurs\/","twitter_misc":{"Dur\u00e9e de lecture estim\u00e9e":"1 minute"},"schema":{"@context":"https:\/\/schema.org","@graph":[{"@type":"WebPage","@id":"https:\/\/www.emailchef.com\/fr\/base-de-connaissance\/ajouter-dautres-expediteurs\/","url":"https:\/\/www.emailchef.com\/fr\/base-de-connaissance\/ajouter-dautres-expediteurs\/","name":"Ajouter d'autres exp\u00e9diteurs - Emailchef","isPartOf":{"@id":"https:\/\/www.emailchef.com\/#website"},"primaryImageOfPage":{"@id":"https:\/\/www.emailchef.com\/fr\/base-de-connaissance\/ajouter-dautres-expediteurs\/#primaryimage"},"image":{"@id":"https:\/\/www.emailchef.com\/fr\/base-de-connaissance\/ajouter-dautres-expediteurs\/#primaryimage"},"thumbnailUrl":"http:\/\/emailchef.com\/wp-content\/uploads\/2014\/10\/expediteurst_1.jpg","datePublished":"2014-09-22T08:19:23+00:00","dateModified":"2021-07-27T15:18:14+00:00","breadcrumb":{"@id":"https:\/\/www.emailchef.com\/fr\/base-de-connaissance\/ajouter-dautres-expediteurs\/#breadcrumb"},"inLanguage":"fr-FR","potentialAction":[{"@type":"ReadAction","target":["https:\/\/www.emailchef.com\/fr\/base-de-connaissance\/ajouter-dautres-expediteurs\/"]}]},{"@type":"ImageObject","inLanguage":"fr-FR","@id":"https:\/\/www.emailchef.com\/fr\/base-de-connaissance\/ajouter-dautres-expediteurs\/#primaryimage","url":"http:\/\/emailchef.com\/wp-content\/uploads\/2014\/10\/expediteurst_1.jpg","contentUrl":"http:\/\/emailchef.com\/wp-content\/uploads\/2014\/10\/expediteurst_1.jpg"},{"@type":"BreadcrumbList","@id":"https:\/\/www.emailchef.com\/fr\/base-de-connaissance\/ajouter-dautres-expediteurs\/#breadcrumb","itemListElement":[{"@type":"ListItem","position":1,"name":"Home","item":"https:\/\/www.emailchef.com\/fr\/"},{"@type":"ListItem","position":2,"name":"Base de connaissance","item":"https:\/\/www.emailchef.com\/fr\/base-de-connaissance\/"},{"@type":"ListItem","position":3,"name":"Ajouter d&#8217;autres exp\u00e9diteurs"}]},{"@type":"WebSite","@id":"https:\/\/www.emailchef.com\/#website","url":"https:\/\/www.emailchef.com\/","name":"Emailchef","description":"Recettes go\u00fbteuses pour vos emails","publisher":{"@id":"https:\/\/www.emailchef.com\/#organization"},"potentialAction":[{"@type":"SearchAction","target":{"@type":"EntryPoint","urlTemplate":"https:\/\/www.emailchef.com\/?s={search_term_string}"},"query-input":{"@type":"PropertyValueSpecification","valueRequired":true,"valueName":"search_term_string"}}],"inLanguage":"fr-FR"},{"@type":"Organization","@id":"https:\/\/www.emailchef.com\/#organization","name":"Delivery Tech Corp.","url":"https:\/\/www.emailchef.com\/","logo":{"@type":"ImageObject","inLanguage":"fr-FR","@id":"https:\/\/www.emailchef.com\/#\/schema\/logo\/image\/","url":"https:\/\/www.emailchef.com\/wp-content\/uploads\/2022\/04\/logo-sama.png","contentUrl":"https:\/\/www.emailchef.com\/wp-content\/uploads\/2022\/04\/logo-sama.png","width":237,"height":80,"caption":"Delivery Tech Corp."},"image":{"@id":"https:\/\/www.emailchef.com\/#\/schema\/logo\/image\/"}}]}},"_links":{"self":[{"href":"https:\/\/www.emailchef.com\/fr\/wp-json\/wp\/v2\/pages\/1482","targetHints":{"allow":["GET"]}}],"collection":[{"href":"https:\/\/www.emailchef.com\/fr\/wp-json\/wp\/v2\/pages"}],"about":[{"href":"https:\/\/www.emailchef.com\/fr\/wp-json\/wp\/v2\/types\/page"}],"author":[{"embeddable":true,"href":"https:\/\/www.emailchef.com\/fr\/wp-json\/wp\/v2\/users\/3"}],"replies":[{"embeddable":true,"href":"https:\/\/www.emailchef.com\/fr\/wp-json\/wp\/v2\/comments?post=1482"}],"version-history":[{"count":6,"href":"https:\/\/www.emailchef.com\/fr\/wp-json\/wp\/v2\/pages\/1482\/revisions"}],"predecessor-version":[{"id":47242,"href":"https:\/\/www.emailchef.com\/fr\/wp-json\/wp\/v2\/pages\/1482\/revisions\/47242"}],"up":[{"embeddable":true,"href":"https:\/\/www.emailchef.com\/fr\/wp-json\/wp\/v2\/pages\/1193"}],"wp:attachment":[{"href":"https:\/\/www.emailchef.com\/fr\/wp-json\/wp\/v2\/media?parent=1482"}],"wp:term":[{"taxonomy":"g1_relation_tag","embeddable":true,"href":"https:\/\/www.emailchef.com\/fr\/wp-json\/wp\/v2\/g1_relation_tag?post=1482"}],"curies":[{"name":"wp","href":"https:\/\/api.w.org\/{rel}","templated":true}]}}