{"id":1480,"date":"2014-09-22T08:15:04","date_gmt":"2014-09-22T08:15:04","guid":{"rendered":"http:\/\/emailchef.com\/?page_id=1480"},"modified":"2021-05-25T11:03:27","modified_gmt":"2021-05-25T11:03:27","slug":"inscription-et-regles-anti-spam","status":"publish","type":"page","link":"https:\/\/www.emailchef.com\/fr\/base-de-connaissance\/inscription-et-regles-anti-spam\/","title":{"rendered":"Inscription et r\u00e8gles anti-spam"},"content":{"rendered":"<p>Pour utiliser MailChef est n\u00e9cessaire pour se conformer \u00e0 la loi CAN-SPAM: c&#8217;est-\u00e0-dire, aux <b>normes nationales am\u00e9ricaines<\/b> concernant l&#8217;envoi de courriels promotionnels.<\/p>\n<p>Vous devez donc ajouter une <b>adresse postale <\/b>valide qui appara\u00eetra dans vos newsletters \u2014 d&#8217;habitude dans le pied de page.\u00a0Un <strong>lien de d\u00e9sinscription<\/strong> de vos newsletters est \u00e9galement obligatoire.<\/p>\n<p><a href=\"https:\/\/emailchef.com\/wp-content\/uploads\/2021\/05\/Screenshot_48.jpg\" rel=\"lightbox\"><img fetchpriority=\"high\" decoding=\"async\" class=\"alignnone wp-image-40706 size-full\" src=\"https:\/\/emailchef.com\/wp-content\/uploads\/2021\/05\/Screenshot_48.jpg\" alt=\"\" width=\"660\" height=\"207\" srcset=\"https:\/\/www.emailchef.com\/wp-content\/uploads\/2021\/05\/Screenshot_48.jpg 660w, https:\/\/www.emailchef.com\/wp-content\/uploads\/2021\/05\/Screenshot_48-300x94.jpg 300w, https:\/\/www.emailchef.com\/wp-content\/uploads\/2021\/05\/Screenshot_48-636x199.jpg 636w, https:\/\/www.emailchef.com\/wp-content\/uploads\/2021\/05\/Screenshot_48-320x100.jpg 320w, https:\/\/www.emailchef.com\/wp-content\/uploads\/2021\/05\/Screenshot_48-239x75.jpg 239w\" sizes=\"(max-width: 660px) 100vw, 660px\" \/><\/a><\/p>\n<p>Bien s\u00fbr, ce n&#8217;est pas assez pour faire de l&#8217;email marketing l\u00e9gitime: comme nous r\u00e9p\u00e8terons souvent, vous pouvez utiliser MailChef <b>uniquement pour envoyer des messages fond\u00e9s sur la permission<\/b>. C&#8217;est \u00e0 dire, \u00e0 personnes qui ont donn\u00e9 la permission explicite de recevoir vos newsletters.<\/p>\n","protected":false},"excerpt":{"rendered":"<p>Pour utiliser MailChef est n\u00e9cessaire pour se conformer \u00e0 la loi CAN-SPAM: c&#8217;est-\u00e0-dire, aux normes nationales am\u00e9ricaines concernant l&#8217;envoi de courriels promotionnels. Vous devez donc ajouter une adresse postale valide qui appara\u00eetra dans vos newsletters \u2014 d&#8217;habitude dans le pied de page.\u00a0Un lien de d\u00e9sinscription de vos newsletters est \u00e9galement obligatoire. Bien s\u00fbr, ce n&#8217;est [&hellip;]<\/p>\n","protected":false},"author":3,"featured_media":0,"parent":1193,"menu_order":0,"comment_status":"closed","ping_status":"closed","template":"","meta":{"_acf_changed":false,"inline_featured_image":false,"footnotes":""},"g1_relation_tag":[],"class_list":["post-1480","page","type-page","status-publish","hentry"],"acf":[],"yoast_head":"<!-- This site is optimized with the Yoast SEO plugin v27.5 - https:\/\/yoast.com\/product\/yoast-seo-wordpress\/ -->\n<title>Inscription et r\u00e8gles anti-spam - Emailchef<\/title>\n<meta name=\"robots\" content=\"index, follow, max-snippet:-1, max-image-preview:large, max-video-preview:-1\" \/>\n<link rel=\"canonical\" href=\"https:\/\/www.emailchef.com\/fr\/base-de-connaissance\/inscription-et-regles-anti-spam\/\" \/>\n<meta name=\"twitter:label1\" content=\"Dur\u00e9e de lecture estim\u00e9e\" \/>\n\t<meta name=\"twitter:data1\" content=\"1 minute\" \/>\n<script type=\"application\/ld+json\" class=\"yoast-schema-graph\">{\"@context\":\"https:\\\/\\\/schema.org\",\"@graph\":[{\"@type\":\"WebPage\",\"@id\":\"https:\\\/\\\/www.emailchef.com\\\/fr\\\/base-de-connaissance\\\/inscription-et-regles-anti-spam\\\/\",\"url\":\"https:\\\/\\\/www.emailchef.com\\\/fr\\\/base-de-connaissance\\\/inscription-et-regles-anti-spam\\\/\",\"name\":\"Inscription et r\u00e8gles anti-spam - Emailchef\",\"isPartOf\":{\"@id\":\"https:\\\/\\\/www.emailchef.com\\\/#website\"},\"primaryImageOfPage\":{\"@id\":\"https:\\\/\\\/www.emailchef.com\\\/fr\\\/base-de-connaissance\\\/inscription-et-regles-anti-spam\\\/#primaryimage\"},\"image\":{\"@id\":\"https:\\\/\\\/www.emailchef.com\\\/fr\\\/base-de-connaissance\\\/inscription-et-regles-anti-spam\\\/#primaryimage\"},\"thumbnailUrl\":\"https:\\\/\\\/emailchef.com\\\/wp-content\\\/uploads\\\/2021\\\/05\\\/Screenshot_48.jpg\",\"datePublished\":\"2014-09-22T08:15:04+00:00\",\"dateModified\":\"2021-05-25T11:03:27+00:00\",\"breadcrumb\":{\"@id\":\"https:\\\/\\\/www.emailchef.com\\\/fr\\\/base-de-connaissance\\\/inscription-et-regles-anti-spam\\\/#breadcrumb\"},\"inLanguage\":\"fr-FR\",\"potentialAction\":[{\"@type\":\"ReadAction\",\"target\":[\"https:\\\/\\\/www.emailchef.com\\\/fr\\\/base-de-connaissance\\\/inscription-et-regles-anti-spam\\\/\"]}]},{\"@type\":\"ImageObject\",\"inLanguage\":\"fr-FR\",\"@id\":\"https:\\\/\\\/www.emailchef.com\\\/fr\\\/base-de-connaissance\\\/inscription-et-regles-anti-spam\\\/#primaryimage\",\"url\":\"https:\\\/\\\/emailchef.com\\\/wp-content\\\/uploads\\\/2021\\\/05\\\/Screenshot_48.jpg\",\"contentUrl\":\"https:\\\/\\\/emailchef.com\\\/wp-content\\\/uploads\\\/2021\\\/05\\\/Screenshot_48.jpg\"},{\"@type\":\"BreadcrumbList\",\"@id\":\"https:\\\/\\\/www.emailchef.com\\\/fr\\\/base-de-connaissance\\\/inscription-et-regles-anti-spam\\\/#breadcrumb\",\"itemListElement\":[{\"@type\":\"ListItem\",\"position\":1,\"name\":\"Home\",\"item\":\"https:\\\/\\\/www.emailchef.com\\\/fr\\\/\"},{\"@type\":\"ListItem\",\"position\":2,\"name\":\"Base de connaissance\",\"item\":\"https:\\\/\\\/www.emailchef.com\\\/fr\\\/base-de-connaissance\\\/\"},{\"@type\":\"ListItem\",\"position\":3,\"name\":\"Inscription et r\u00e8gles anti-spam\"}]},{\"@type\":\"WebSite\",\"@id\":\"https:\\\/\\\/www.emailchef.com\\\/#website\",\"url\":\"https:\\\/\\\/www.emailchef.com\\\/\",\"name\":\"Emailchef\",\"description\":\"Recettes go\u00fbteuses pour vos emails\",\"publisher\":{\"@id\":\"https:\\\/\\\/www.emailchef.com\\\/#organization\"},\"potentialAction\":[{\"@type\":\"SearchAction\",\"target\":{\"@type\":\"EntryPoint\",\"urlTemplate\":\"https:\\\/\\\/www.emailchef.com\\\/?s={search_term_string}\"},\"query-input\":{\"@type\":\"PropertyValueSpecification\",\"valueRequired\":true,\"valueName\":\"search_term_string\"}}],\"inLanguage\":\"fr-FR\"},{\"@type\":\"Organization\",\"@id\":\"https:\\\/\\\/www.emailchef.com\\\/#organization\",\"name\":\"Delivery Tech Corp.\",\"url\":\"https:\\\/\\\/www.emailchef.com\\\/\",\"logo\":{\"@type\":\"ImageObject\",\"inLanguage\":\"fr-FR\",\"@id\":\"https:\\\/\\\/www.emailchef.com\\\/#\\\/schema\\\/logo\\\/image\\\/\",\"url\":\"https:\\\/\\\/www.emailchef.com\\\/wp-content\\\/uploads\\\/2022\\\/04\\\/logo-sama.png\",\"contentUrl\":\"https:\\\/\\\/www.emailchef.com\\\/wp-content\\\/uploads\\\/2022\\\/04\\\/logo-sama.png\",\"width\":237,\"height\":80,\"caption\":\"Delivery Tech Corp.\"},\"image\":{\"@id\":\"https:\\\/\\\/www.emailchef.com\\\/#\\\/schema\\\/logo\\\/image\\\/\"}}]}<\/script>\n<!-- \/ Yoast SEO plugin. -->","yoast_head_json":{"title":"Inscription et r\u00e8gles anti-spam - Emailchef","robots":{"index":"index","follow":"follow","max-snippet":"max-snippet:-1","max-image-preview":"max-image-preview:large","max-video-preview":"max-video-preview:-1"},"canonical":"https:\/\/www.emailchef.com\/fr\/base-de-connaissance\/inscription-et-regles-anti-spam\/","twitter_misc":{"Dur\u00e9e de lecture estim\u00e9e":"1 minute"},"schema":{"@context":"https:\/\/schema.org","@graph":[{"@type":"WebPage","@id":"https:\/\/www.emailchef.com\/fr\/base-de-connaissance\/inscription-et-regles-anti-spam\/","url":"https:\/\/www.emailchef.com\/fr\/base-de-connaissance\/inscription-et-regles-anti-spam\/","name":"Inscription et r\u00e8gles anti-spam - Emailchef","isPartOf":{"@id":"https:\/\/www.emailchef.com\/#website"},"primaryImageOfPage":{"@id":"https:\/\/www.emailchef.com\/fr\/base-de-connaissance\/inscription-et-regles-anti-spam\/#primaryimage"},"image":{"@id":"https:\/\/www.emailchef.com\/fr\/base-de-connaissance\/inscription-et-regles-anti-spam\/#primaryimage"},"thumbnailUrl":"https:\/\/emailchef.com\/wp-content\/uploads\/2021\/05\/Screenshot_48.jpg","datePublished":"2014-09-22T08:15:04+00:00","dateModified":"2021-05-25T11:03:27+00:00","breadcrumb":{"@id":"https:\/\/www.emailchef.com\/fr\/base-de-connaissance\/inscription-et-regles-anti-spam\/#breadcrumb"},"inLanguage":"fr-FR","potentialAction":[{"@type":"ReadAction","target":["https:\/\/www.emailchef.com\/fr\/base-de-connaissance\/inscription-et-regles-anti-spam\/"]}]},{"@type":"ImageObject","inLanguage":"fr-FR","@id":"https:\/\/www.emailchef.com\/fr\/base-de-connaissance\/inscription-et-regles-anti-spam\/#primaryimage","url":"https:\/\/emailchef.com\/wp-content\/uploads\/2021\/05\/Screenshot_48.jpg","contentUrl":"https:\/\/emailchef.com\/wp-content\/uploads\/2021\/05\/Screenshot_48.jpg"},{"@type":"BreadcrumbList","@id":"https:\/\/www.emailchef.com\/fr\/base-de-connaissance\/inscription-et-regles-anti-spam\/#breadcrumb","itemListElement":[{"@type":"ListItem","position":1,"name":"Home","item":"https:\/\/www.emailchef.com\/fr\/"},{"@type":"ListItem","position":2,"name":"Base de connaissance","item":"https:\/\/www.emailchef.com\/fr\/base-de-connaissance\/"},{"@type":"ListItem","position":3,"name":"Inscription et r\u00e8gles anti-spam"}]},{"@type":"WebSite","@id":"https:\/\/www.emailchef.com\/#website","url":"https:\/\/www.emailchef.com\/","name":"Emailchef","description":"Recettes go\u00fbteuses pour vos emails","publisher":{"@id":"https:\/\/www.emailchef.com\/#organization"},"potentialAction":[{"@type":"SearchAction","target":{"@type":"EntryPoint","urlTemplate":"https:\/\/www.emailchef.com\/?s={search_term_string}"},"query-input":{"@type":"PropertyValueSpecification","valueRequired":true,"valueName":"search_term_string"}}],"inLanguage":"fr-FR"},{"@type":"Organization","@id":"https:\/\/www.emailchef.com\/#organization","name":"Delivery Tech Corp.","url":"https:\/\/www.emailchef.com\/","logo":{"@type":"ImageObject","inLanguage":"fr-FR","@id":"https:\/\/www.emailchef.com\/#\/schema\/logo\/image\/","url":"https:\/\/www.emailchef.com\/wp-content\/uploads\/2022\/04\/logo-sama.png","contentUrl":"https:\/\/www.emailchef.com\/wp-content\/uploads\/2022\/04\/logo-sama.png","width":237,"height":80,"caption":"Delivery Tech Corp."},"image":{"@id":"https:\/\/www.emailchef.com\/#\/schema\/logo\/image\/"}}]}},"_links":{"self":[{"href":"https:\/\/www.emailchef.com\/fr\/wp-json\/wp\/v2\/pages\/1480","targetHints":{"allow":["GET"]}}],"collection":[{"href":"https:\/\/www.emailchef.com\/fr\/wp-json\/wp\/v2\/pages"}],"about":[{"href":"https:\/\/www.emailchef.com\/fr\/wp-json\/wp\/v2\/types\/page"}],"author":[{"embeddable":true,"href":"https:\/\/www.emailchef.com\/fr\/wp-json\/wp\/v2\/users\/3"}],"replies":[{"embeddable":true,"href":"https:\/\/www.emailchef.com\/fr\/wp-json\/wp\/v2\/comments?post=1480"}],"version-history":[{"count":4,"href":"https:\/\/www.emailchef.com\/fr\/wp-json\/wp\/v2\/pages\/1480\/revisions"}],"predecessor-version":[{"id":40722,"href":"https:\/\/www.emailchef.com\/fr\/wp-json\/wp\/v2\/pages\/1480\/revisions\/40722"}],"up":[{"embeddable":true,"href":"https:\/\/www.emailchef.com\/fr\/wp-json\/wp\/v2\/pages\/1193"}],"wp:attachment":[{"href":"https:\/\/www.emailchef.com\/fr\/wp-json\/wp\/v2\/media?parent=1480"}],"wp:term":[{"taxonomy":"g1_relation_tag","embeddable":true,"href":"https:\/\/www.emailchef.com\/fr\/wp-json\/wp\/v2\/g1_relation_tag?post=1480"}],"curies":[{"name":"wp","href":"https:\/\/api.w.org\/{rel}","templated":true}]}}