{"id":1371,"date":"2014-09-11T09:16:43","date_gmt":"2014-09-11T09:16:43","guid":{"rendered":"http:\/\/emailchef.com\/?page_id=1371"},"modified":"2026-05-10T14:16:31","modified_gmt":"2026-05-10T14:16:31","slug":"a-propos-de-emailchef","status":"publish","type":"page","link":"https:\/\/www.emailchef.com\/fr\/a-propos-de-emailchef\/","title":{"rendered":"\u00c0 propos de Emailchef"},"content":{"rendered":"\t\t<div data-elementor-type=\"wp-page\" data-elementor-id=\"1371\" class=\"elementor elementor-1371 elementor-265\" data-elementor-post-type=\"page\">\n\t\t\t\t\t\t<section class=\"elementor-section elementor-top-section elementor-element elementor-element-aec2e68 elementor-section-boxed elementor-section-height-default elementor-section-height-default\" data-id=\"aec2e68\" data-element_type=\"section\" data-e-type=\"section\">\n\t\t\t\t\t\t<div class=\"elementor-container elementor-column-gap-default\">\n\t\t\t\t\t<div class=\"elementor-column elementor-col-100 elementor-top-column elementor-element elementor-element-688b677\" data-id=\"688b677\" data-element_type=\"column\" data-e-type=\"column\">\n\t\t\t<div class=\"elementor-widget-wrap elementor-element-populated\">\n\t\t\t\t\t\t<div class=\"elementor-element elementor-element-dab63e4 elementor-widget elementor-widget-text-editor\" data-id=\"dab63e4\" data-element_type=\"widget\" data-e-type=\"widget\" data-widget_type=\"text-editor.default\">\n\t\t\t\t<div class=\"elementor-widget-container\">\n\t\t\t\t\t\t\t\t\t<div id=\"\" class=\"g1-lead  \" >\nEmailchef est une <strong>plateforme d&#8217;email marketing<\/strong> qui permet de cr\u00e9er, envoyer et analyser des emails en masse et des newsletters de mani\u00e8re simple et \u00e9volutive. Elle garantit un taux de d\u00e9livrabilit\u00e9 \u00e9lev\u00e9 et un envoi s\u00e9curis\u00e9.\nEmailchef est cr\u00e9\u00e9 et distribu\u00e9 par <strong>Edisplay srl<\/strong>, une soci\u00e9t\u00e9 sp\u00e9cialis\u00e9e dans les produits de marketing digital.\n<\/div>\n<ul class=\"g1-grid\"><li class=\"g1-column g1-one-half g1-valign-top\">\n<ul class=\"g1-grid\"><li class=\"g1-column g1-one-fourth g1-valign-top\">\n<i id=\"\" class=\"fa fa-map-marker g1-icon g1-icon--solid g1-icon--big g1-icon--circle \"  style=\"color: #ffffff; background-color: #ff7700; border-color: #ff7700;\"><\/i>\n<\/li><!-- -->\n<li class=\"g1-column g1-three-fourth g1-valign-top\">\n<strong>Edisplay srl<\/strong>\nVia Palmanova 24\n20132 Milan\nt\u00e9l\u00e9phone : +39 (02) 89 050 969\n<\/li><!-- --><\/ul>\n<\/li><!-- -->\n<li class=\"g1-column g1-one-half g1-valign-top\">\n<ul class=\"g1-grid\"><li class=\"g1-column g1-one-fourth g1-valign-top\">\n<i id=\"\" class=\"fa fa-map-marker g1-icon g1-icon--solid g1-icon--big g1-icon--circle \"  style=\"color: #ffffff; background-color: #ff7700; border-color: #ff7700;\"><\/i>\n<\/li><!-- -->\n<li class=\"g1-column g1-three-fourth g1-valign-top\">\n<strong>Edisplay srl<\/strong>\nViale del Lavoro 53,\n08023 Fonni (NU)\n<\/li><!-- --><\/ul>\n<\/li><!-- -->\t\t\t\t\t\t\t\t<\/div>\n\t\t\t\t<\/div>\n\t\t\t\t\t<\/div>\n\t\t<\/div>\n\t\t\t\t\t<\/div>\n\t\t<\/section>\n\t\t\t\t<\/div>\n\t\t","protected":false},"excerpt":{"rendered":"","protected":false},"author":3,"featured_media":0,"parent":0,"menu_order":49,"comment_status":"closed","ping_status":"closed","template":"","meta":{"_acf_changed":false,"inline_featured_image":false,"footnotes":""},"g1_relation_tag":[],"class_list":["post-1371","page","type-page","status-publish","hentry"],"acf":[],"yoast_head":"<!-- This site is optimized with the Yoast SEO plugin v27.5 - https:\/\/yoast.com\/product\/yoast-seo-wordpress\/ -->\n<title>\u00c0 propos de Emailchef - Emailchef<\/title>\n<meta name=\"description\" content=\"Emailchef est une plate-forme d&#039;email marketing qui vous permet de cr\u00e9er, envoyer et analyser des newsletters et d&#039;une mani\u00e8re simple et scalable.\" \/>\n<meta name=\"robots\" content=\"index, follow, max-snippet:-1, max-image-preview:large, max-video-preview:-1\" \/>\n<link rel=\"canonical\" href=\"https:\/\/www.emailchef.com\/fr\/a-propos-de-emailchef\/\" \/>\n<meta name=\"twitter:label1\" content=\"Dur\u00e9e de lecture estim\u00e9e\" \/>\n\t<meta name=\"twitter:data1\" content=\"1 minute\" \/>\n<script type=\"application\/ld+json\" class=\"yoast-schema-graph\">{\"@context\":\"https:\\\/\\\/schema.org\",\"@graph\":[{\"@type\":\"WebPage\",\"@id\":\"https:\\\/\\\/www.emailchef.com\\\/fr\\\/a-propos-de-emailchef\\\/\",\"url\":\"https:\\\/\\\/www.emailchef.com\\\/fr\\\/a-propos-de-emailchef\\\/\",\"name\":\"\u00c0 propos de Emailchef - Emailchef\",\"isPartOf\":{\"@id\":\"https:\\\/\\\/www.emailchef.com\\\/#website\"},\"datePublished\":\"2014-09-11T09:16:43+00:00\",\"dateModified\":\"2026-05-10T14:16:31+00:00\",\"description\":\"Emailchef est une plate-forme d'email marketing qui vous permet de cr\u00e9er, envoyer et analyser des newsletters et d'une mani\u00e8re simple et scalable.\",\"breadcrumb\":{\"@id\":\"https:\\\/\\\/www.emailchef.com\\\/fr\\\/a-propos-de-emailchef\\\/#breadcrumb\"},\"inLanguage\":\"fr-FR\",\"potentialAction\":[{\"@type\":\"ReadAction\",\"target\":[\"https:\\\/\\\/www.emailchef.com\\\/fr\\\/a-propos-de-emailchef\\\/\"]}]},{\"@type\":\"BreadcrumbList\",\"@id\":\"https:\\\/\\\/www.emailchef.com\\\/fr\\\/a-propos-de-emailchef\\\/#breadcrumb\",\"itemListElement\":[{\"@type\":\"ListItem\",\"position\":1,\"name\":\"Home\",\"item\":\"https:\\\/\\\/www.emailchef.com\\\/fr\\\/\"},{\"@type\":\"ListItem\",\"position\":2,\"name\":\"\u00c0 propos de Emailchef\"}]},{\"@type\":\"WebSite\",\"@id\":\"https:\\\/\\\/www.emailchef.com\\\/#website\",\"url\":\"https:\\\/\\\/www.emailchef.com\\\/\",\"name\":\"Emailchef\",\"description\":\"Recettes go\u00fbteuses pour vos emails\",\"publisher\":{\"@id\":\"https:\\\/\\\/www.emailchef.com\\\/#organization\"},\"potentialAction\":[{\"@type\":\"SearchAction\",\"target\":{\"@type\":\"EntryPoint\",\"urlTemplate\":\"https:\\\/\\\/www.emailchef.com\\\/?s={search_term_string}\"},\"query-input\":{\"@type\":\"PropertyValueSpecification\",\"valueRequired\":true,\"valueName\":\"search_term_string\"}}],\"inLanguage\":\"fr-FR\"},{\"@type\":\"Organization\",\"@id\":\"https:\\\/\\\/www.emailchef.com\\\/#organization\",\"name\":\"Delivery Tech Corp.\",\"url\":\"https:\\\/\\\/www.emailchef.com\\\/\",\"logo\":{\"@type\":\"ImageObject\",\"inLanguage\":\"fr-FR\",\"@id\":\"https:\\\/\\\/www.emailchef.com\\\/#\\\/schema\\\/logo\\\/image\\\/\",\"url\":\"https:\\\/\\\/www.emailchef.com\\\/wp-content\\\/uploads\\\/2022\\\/04\\\/logo-sama.png\",\"contentUrl\":\"https:\\\/\\\/www.emailchef.com\\\/wp-content\\\/uploads\\\/2022\\\/04\\\/logo-sama.png\",\"width\":237,\"height\":80,\"caption\":\"Delivery Tech Corp.\"},\"image\":{\"@id\":\"https:\\\/\\\/www.emailchef.com\\\/#\\\/schema\\\/logo\\\/image\\\/\"}}]}<\/script>\n<!-- \/ Yoast SEO plugin. -->","yoast_head_json":{"title":"\u00c0 propos de Emailchef - Emailchef","description":"Emailchef est une plate-forme d'email marketing qui vous permet de cr\u00e9er, envoyer et analyser des newsletters et d'une mani\u00e8re simple et scalable.","robots":{"index":"index","follow":"follow","max-snippet":"max-snippet:-1","max-image-preview":"max-image-preview:large","max-video-preview":"max-video-preview:-1"},"canonical":"https:\/\/www.emailchef.com\/fr\/a-propos-de-emailchef\/","twitter_misc":{"Dur\u00e9e de lecture estim\u00e9e":"1 minute"},"schema":{"@context":"https:\/\/schema.org","@graph":[{"@type":"WebPage","@id":"https:\/\/www.emailchef.com\/fr\/a-propos-de-emailchef\/","url":"https:\/\/www.emailchef.com\/fr\/a-propos-de-emailchef\/","name":"\u00c0 propos de Emailchef - Emailchef","isPartOf":{"@id":"https:\/\/www.emailchef.com\/#website"},"datePublished":"2014-09-11T09:16:43+00:00","dateModified":"2026-05-10T14:16:31+00:00","description":"Emailchef est une plate-forme d'email marketing qui vous permet de cr\u00e9er, envoyer et analyser des newsletters et d'une mani\u00e8re simple et scalable.","breadcrumb":{"@id":"https:\/\/www.emailchef.com\/fr\/a-propos-de-emailchef\/#breadcrumb"},"inLanguage":"fr-FR","potentialAction":[{"@type":"ReadAction","target":["https:\/\/www.emailchef.com\/fr\/a-propos-de-emailchef\/"]}]},{"@type":"BreadcrumbList","@id":"https:\/\/www.emailchef.com\/fr\/a-propos-de-emailchef\/#breadcrumb","itemListElement":[{"@type":"ListItem","position":1,"name":"Home","item":"https:\/\/www.emailchef.com\/fr\/"},{"@type":"ListItem","position":2,"name":"\u00c0 propos de Emailchef"}]},{"@type":"WebSite","@id":"https:\/\/www.emailchef.com\/#website","url":"https:\/\/www.emailchef.com\/","name":"Emailchef","description":"Recettes go\u00fbteuses pour vos emails","publisher":{"@id":"https:\/\/www.emailchef.com\/#organization"},"potentialAction":[{"@type":"SearchAction","target":{"@type":"EntryPoint","urlTemplate":"https:\/\/www.emailchef.com\/?s={search_term_string}"},"query-input":{"@type":"PropertyValueSpecification","valueRequired":true,"valueName":"search_term_string"}}],"inLanguage":"fr-FR"},{"@type":"Organization","@id":"https:\/\/www.emailchef.com\/#organization","name":"Delivery Tech Corp.","url":"https:\/\/www.emailchef.com\/","logo":{"@type":"ImageObject","inLanguage":"fr-FR","@id":"https:\/\/www.emailchef.com\/#\/schema\/logo\/image\/","url":"https:\/\/www.emailchef.com\/wp-content\/uploads\/2022\/04\/logo-sama.png","contentUrl":"https:\/\/www.emailchef.com\/wp-content\/uploads\/2022\/04\/logo-sama.png","width":237,"height":80,"caption":"Delivery Tech Corp."},"image":{"@id":"https:\/\/www.emailchef.com\/#\/schema\/logo\/image\/"}}]}},"_links":{"self":[{"href":"https:\/\/www.emailchef.com\/fr\/wp-json\/wp\/v2\/pages\/1371","targetHints":{"allow":["GET"]}}],"collection":[{"href":"https:\/\/www.emailchef.com\/fr\/wp-json\/wp\/v2\/pages"}],"about":[{"href":"https:\/\/www.emailchef.com\/fr\/wp-json\/wp\/v2\/types\/page"}],"author":[{"embeddable":true,"href":"https:\/\/www.emailchef.com\/fr\/wp-json\/wp\/v2\/users\/3"}],"replies":[{"embeddable":true,"href":"https:\/\/www.emailchef.com\/fr\/wp-json\/wp\/v2\/comments?post=1371"}],"version-history":[{"count":14,"href":"https:\/\/www.emailchef.com\/fr\/wp-json\/wp\/v2\/pages\/1371\/revisions"}],"predecessor-version":[{"id":98275,"href":"https:\/\/www.emailchef.com\/fr\/wp-json\/wp\/v2\/pages\/1371\/revisions\/98275"}],"wp:attachment":[{"href":"https:\/\/www.emailchef.com\/fr\/wp-json\/wp\/v2\/media?parent=1371"}],"wp:term":[{"taxonomy":"g1_relation_tag","embeddable":true,"href":"https:\/\/www.emailchef.com\/fr\/wp-json\/wp\/v2\/g1_relation_tag?post=1371"}],"curies":[{"name":"wp","href":"https:\/\/api.w.org\/{rel}","templated":true}]}}