{"id":7238,"date":"2018-05-18T08:54:41","date_gmt":"2018-05-18T08:54:41","guid":{"rendered":"https:\/\/emailchef.com\/?page_id=7238"},"modified":"2026-05-10T17:53:36","modified_gmt":"2026-05-10T17:53:36","slug":"informacion-basica","status":"publish","type":"page","link":"https:\/\/www.emailchef.com\/es\/politica-de-privacidad-regulacion-ue-2016-79-gdpr\/informacion-basica\/","title":{"rendered":"Informaci\u00f3n b\u00e1sica"},"content":{"rendered":"<p><img fetchpriority=\"high\" decoding=\"async\" class=\"noBorders aligncenter wp-image-7029 size-full\" src=\"https:\/\/emailchef.com\/wp-content\/uploads\/2018\/05\/gdpr-base.png\" alt=\"\" width=\"1280\" height=\"700\" srcset=\"https:\/\/www.emailchef.com\/wp-content\/uploads\/2018\/05\/gdpr-base.png 1280w, https:\/\/www.emailchef.com\/wp-content\/uploads\/2018\/05\/gdpr-base-300x164.png 300w, https:\/\/www.emailchef.com\/wp-content\/uploads\/2018\/05\/gdpr-base-1024x560.png 1024w, https:\/\/www.emailchef.com\/wp-content\/uploads\/2018\/05\/gdpr-base-768x420.png 768w\" sizes=\"(max-width: 1280px) 100vw, 1280px\" \/><\/p>\n<ul class=\"g1-grid\"><li class=\"g1-column g1-one-fourth g1-valign-top\">\n<h4>Qui\u00e9nes somos<\/h4>\n<\/li><!-- -->\n<li class=\"g1-column g1-three-fourth g1-valign-top\">\n<p>Edisplay Srl es una empresa con base en Italia que ofrece servicios a nivel global. Encontrar\u00e1 referencias a Edisplay Srl en todos nuestros sitios como \u00fanico punto de referencia para nuestros clientes.<\/p>\n\n<ul id=\"\" class=\"g1-list g1-list--icon g1-list--simple \">\n<li><i class=\"fa fa-arrow-circle-right g1-list__icon\"><\/i><strong>Edisplay Srl, Viale del lavoro 53, 08023, Fonni (NU) &#8211; Italy<\/strong><\/li>\n<\/ul>\n\n<\/li><!-- --><\/ul>\n<div  class=\"g1-divider g1-divider--none g1-divider--noicon \"><\/div>\n<ul class=\"g1-grid\"><li class=\"g1-column g1-one-fourth g1-valign-top\">\n<h4>Alcance de cumplimiento con la privacidad y regulaciones de seguridad \u2013 requerimientos Europeos<\/h4>\n<\/li><!-- -->\n<li class=\"g1-column g1-three-fourth g1-valign-top\">\n<p>Edisplay Srl cumple plenamente con las normativas europeas en materia de privacidad y seguridad de los datos.<br \/>\n<strong>Esta Noticia aplica s\u00f3lo si Edisplay Srl procesa informaci\u00f3n de clientes con listas de contactos que contengan informaci\u00f3n personal de entidades de la UE. Para cualquier otro cliente, aplican las leyes de privacidad del pa\u00eds en el cu\u00e1l la informaci\u00f3n obtenida es aplicada.<\/strong><br \/>\nSiempre nos encontramos muy presentes a la seguridad y privacidad de nuestros clientes de todo el mundo, por ello hemos tomado las acciones necesarias para asegurar el servicio m\u00e1s transparente y seguro posible. Esto incluye el pleno cumplimiento con la pol\u00edtica de privacidad 2016\/679 EU con vigencia del 25 de Mayo.<br \/>\nAl utilizar nuestros sitios web y nuestros servicios, usted entiende y otorga consentimiento a la obtenci\u00f3n, almacenamiento y procesamiento de su informaci\u00f3n de acuerdo con los t\u00e9rminos y m\u00e9todos descriptos en esta declaraci\u00f3n.<br \/>\nPara proteger la informaci\u00f3n de ciudadanos Europeos ingresados en nuestros sistemas por nuestros usuarios, aplicamos un modelo de Acuerdo de Privacidad de Informaci\u00f3n (DPA). Indicamos m\u00e9todos de tratamiento, cooperaci\u00f3n y condiciones de servicio que hemos adoptado.<br \/>\nLos usuarios registrados de la UE (sean suscriptores o usuarios de nuestras versiones gratuitas) que utilizan Edisplay Srl para prop\u00f3sitos comerciales deben unirse a nuestra DPR para continuar utilizando nuestras aplicaciones.<\/p>\n<\/li><!-- --><\/ul>\n<div  class=\"g1-divider g1-divider--none g1-divider--noicon \"><\/div>\n<ul class=\"g1-grid\"><li class=\"g1-column g1-one-fourth g1-valign-top\">\n<h4>Controlador de Informaci\u00f3n<\/h4>\n<\/li><!-- -->\n<li class=\"g1-column g1-three-fourth g1-valign-top\">\n<p>En Edisplay Srl. tambi\u00e9n actuamos como controladores de informaci\u00f3n pero s\u00f3lo cuando obtenemos su informaci\u00f3n personal para nuestro propio uso durante la entrega de los servicios que ha adquirido. En ese instante, establecemos una relaci\u00f3n directa entre usted y nosotros.<br \/>\nComo controladores de informaci\u00f3n garantizamos cumplimiento con las reglas respectivas a la protecci\u00f3n de informaci\u00f3n personal. Proveemos toda la informaci\u00f3n necesaria sobre el procesamiento de informaci\u00f3n, tanta informaci\u00f3n comunicada en forma directa y voluntaria y cualquier informaci\u00f3n obtenida por nuestro sistema mientras navega el sitio web y utiliza nuestros servicios.<br \/>\nEspec\u00edficamente, el procesador de informaci\u00f3n para Edisplay Srl. Es nuestro administrador, asignado por el Oficial de Protecci\u00f3n de Informaci\u00f3n (DPO), quien garantiza el cumplimiento de las reglas impuestas por GDPR.<br \/>\nEl procesador de informaci\u00f3n siempre puede ser contactado a trav\u00e9s de esta direcci\u00f3n de correo electr\u00f3nico: <a href=\"mailto:privacy@edisplay.it\" target=\"_blank\" rel=\"noopener\">privacy@edisplay.it<\/a>.<\/p>\n<\/li><!-- --><\/ul>\n<div  class=\"g1-divider g1-divider--none g1-divider--noicon \"><\/div>\n<ul class=\"g1-grid\"><li class=\"g1-column g1-one-fourth g1-valign-top\">\n<h4>Procesador de Informaci\u00f3n<\/h4>\n<\/li><!-- -->\n<li class=\"g1-column g1-three-fourth g1-valign-top\">\n<p>Cuando usted utiliza nuestros servicios, puede importar informaci\u00f3n en su sistema junto con la informaci\u00f3n personal que ha obtenido de sus suscriptores u otras personas. En este caso, debido a que no existe relaci\u00f3n directa con nuestros miembros o alguien m\u00e1s aparte de usted, usted se convierte en el controlador de informaci\u00f3n. Ser\u00e1 su tarea asegurar poseer la autorizaci\u00f3n apropiada para obtener y procesar informaci\u00f3n relativa a los varios sujetos.<br \/>\nEn forma consistente con el uso de informaci\u00f3n personal procesada, usted ingresa a nuestro Acuerdo de Pol\u00edtica de Privacidad (DPR) con Edisplay Srl como proveedor de servicios para sus suscriptores mediante nuestras plataformas. El acuerdo asegura el uso correcto de informaci\u00f3n con las garant\u00edas respectivas que proveemos como procesador de informaci\u00f3n.<br \/>\nEn este caso mantenemos informaci\u00f3n personal, procesada en nombre de nuestros usuarios, siempre que sea requerida para:<\/p>\n\n<ul id=\"\" class=\"g1-list g1-list--upper-alpha g1-list--none \">\n<li>proveer nuestros servicios;<\/li>\n<li>cumplir con nuestras obligaciones legales;<\/li>\n<li>resolver disputas;<\/li>\n<li>prevenir el abuso;<\/li>\n<li>asegurar nuestros acuerdos.<\/li>\n<\/ul>\n\n<\/li><!-- --><\/ul>\n","protected":false},"excerpt":{"rendered":"","protected":false},"author":2,"featured_media":0,"parent":7232,"menu_order":0,"comment_status":"closed","ping_status":"closed","template":"","meta":{"_acf_changed":false,"inline_featured_image":false,"footnotes":""},"g1_relation_tag":[],"class_list":["post-7238","page","type-page","status-publish","hentry"],"acf":[],"yoast_head":"<!-- This site is optimized with the Yoast SEO plugin v27.5 - https:\/\/yoast.com\/product\/yoast-seo-wordpress\/ -->\n<title>Informaci\u00f3n b\u00e1sica - Emailchef<\/title>\n<meta name=\"robots\" content=\"index, follow, max-snippet:-1, max-image-preview:large, max-video-preview:-1\" \/>\n<link rel=\"canonical\" href=\"https:\/\/www.emailchef.com\/es\/politica-de-privacidad-regulacion-ue-2016-79-gdpr\/informacion-basica\/\" \/>\n<meta name=\"twitter:label1\" content=\"Tiempo de lectura\" \/>\n\t<meta name=\"twitter:data1\" content=\"4 minutos\" \/>\n<script type=\"application\/ld+json\" class=\"yoast-schema-graph\">{\"@context\":\"https:\\\/\\\/schema.org\",\"@graph\":[{\"@type\":\"WebPage\",\"@id\":\"https:\\\/\\\/www.emailchef.com\\\/es\\\/politica-de-privacidad-regulacion-ue-2016-79-gdpr\\\/informacion-basica\\\/\",\"url\":\"https:\\\/\\\/www.emailchef.com\\\/es\\\/politica-de-privacidad-regulacion-ue-2016-79-gdpr\\\/informacion-basica\\\/\",\"name\":\"Informaci\u00f3n b\u00e1sica - Emailchef\",\"isPartOf\":{\"@id\":\"https:\\\/\\\/www.emailchef.com\\\/#website\"},\"primaryImageOfPage\":{\"@id\":\"https:\\\/\\\/www.emailchef.com\\\/es\\\/politica-de-privacidad-regulacion-ue-2016-79-gdpr\\\/informacion-basica\\\/#primaryimage\"},\"image\":{\"@id\":\"https:\\\/\\\/www.emailchef.com\\\/es\\\/politica-de-privacidad-regulacion-ue-2016-79-gdpr\\\/informacion-basica\\\/#primaryimage\"},\"thumbnailUrl\":\"https:\\\/\\\/emailchef.com\\\/wp-content\\\/uploads\\\/2018\\\/05\\\/gdpr-base.png\",\"datePublished\":\"2018-05-18T08:54:41+00:00\",\"dateModified\":\"2026-05-10T17:53:36+00:00\",\"breadcrumb\":{\"@id\":\"https:\\\/\\\/www.emailchef.com\\\/es\\\/politica-de-privacidad-regulacion-ue-2016-79-gdpr\\\/informacion-basica\\\/#breadcrumb\"},\"inLanguage\":\"es\",\"potentialAction\":[{\"@type\":\"ReadAction\",\"target\":[\"https:\\\/\\\/www.emailchef.com\\\/es\\\/politica-de-privacidad-regulacion-ue-2016-79-gdpr\\\/informacion-basica\\\/\"]}]},{\"@type\":\"ImageObject\",\"inLanguage\":\"es\",\"@id\":\"https:\\\/\\\/www.emailchef.com\\\/es\\\/politica-de-privacidad-regulacion-ue-2016-79-gdpr\\\/informacion-basica\\\/#primaryimage\",\"url\":\"https:\\\/\\\/emailchef.com\\\/wp-content\\\/uploads\\\/2018\\\/05\\\/gdpr-base.png\",\"contentUrl\":\"https:\\\/\\\/emailchef.com\\\/wp-content\\\/uploads\\\/2018\\\/05\\\/gdpr-base.png\"},{\"@type\":\"BreadcrumbList\",\"@id\":\"https:\\\/\\\/www.emailchef.com\\\/es\\\/politica-de-privacidad-regulacion-ue-2016-79-gdpr\\\/informacion-basica\\\/#breadcrumb\",\"itemListElement\":[{\"@type\":\"ListItem\",\"position\":1,\"name\":\"Home\",\"item\":\"https:\\\/\\\/www.emailchef.com\\\/es\\\/\"},{\"@type\":\"ListItem\",\"position\":2,\"name\":\"GDPR: Introducci\u00f3n &#8211; Objetivos\",\"item\":\"https:\\\/\\\/www.emailchef.com\\\/es\\\/politica-de-privacidad-regulacion-ue-2016-79-gdpr\\\/\"},{\"@type\":\"ListItem\",\"position\":3,\"name\":\"Informaci\u00f3n b\u00e1sica\"}]},{\"@type\":\"WebSite\",\"@id\":\"https:\\\/\\\/www.emailchef.com\\\/#website\",\"url\":\"https:\\\/\\\/www.emailchef.com\\\/\",\"name\":\"Emailchef\",\"description\":\"Tasty recipes for email marketing\",\"publisher\":{\"@id\":\"https:\\\/\\\/www.emailchef.com\\\/#organization\"},\"potentialAction\":[{\"@type\":\"SearchAction\",\"target\":{\"@type\":\"EntryPoint\",\"urlTemplate\":\"https:\\\/\\\/www.emailchef.com\\\/?s={search_term_string}\"},\"query-input\":{\"@type\":\"PropertyValueSpecification\",\"valueRequired\":true,\"valueName\":\"search_term_string\"}}],\"inLanguage\":\"es\"},{\"@type\":\"Organization\",\"@id\":\"https:\\\/\\\/www.emailchef.com\\\/#organization\",\"name\":\"Delivery Tech Corp.\",\"url\":\"https:\\\/\\\/www.emailchef.com\\\/\",\"logo\":{\"@type\":\"ImageObject\",\"inLanguage\":\"es\",\"@id\":\"https:\\\/\\\/www.emailchef.com\\\/#\\\/schema\\\/logo\\\/image\\\/\",\"url\":\"https:\\\/\\\/www.emailchef.com\\\/wp-content\\\/uploads\\\/2022\\\/04\\\/logo-sama.png\",\"contentUrl\":\"https:\\\/\\\/www.emailchef.com\\\/wp-content\\\/uploads\\\/2022\\\/04\\\/logo-sama.png\",\"width\":237,\"height\":80,\"caption\":\"Delivery Tech Corp.\"},\"image\":{\"@id\":\"https:\\\/\\\/www.emailchef.com\\\/#\\\/schema\\\/logo\\\/image\\\/\"}}]}<\/script>\n<!-- \/ Yoast SEO plugin. -->","yoast_head_json":{"title":"Informaci\u00f3n b\u00e1sica - Emailchef","robots":{"index":"index","follow":"follow","max-snippet":"max-snippet:-1","max-image-preview":"max-image-preview:large","max-video-preview":"max-video-preview:-1"},"canonical":"https:\/\/www.emailchef.com\/es\/politica-de-privacidad-regulacion-ue-2016-79-gdpr\/informacion-basica\/","twitter_misc":{"Tiempo de lectura":"4 minutos"},"schema":{"@context":"https:\/\/schema.org","@graph":[{"@type":"WebPage","@id":"https:\/\/www.emailchef.com\/es\/politica-de-privacidad-regulacion-ue-2016-79-gdpr\/informacion-basica\/","url":"https:\/\/www.emailchef.com\/es\/politica-de-privacidad-regulacion-ue-2016-79-gdpr\/informacion-basica\/","name":"Informaci\u00f3n b\u00e1sica - Emailchef","isPartOf":{"@id":"https:\/\/www.emailchef.com\/#website"},"primaryImageOfPage":{"@id":"https:\/\/www.emailchef.com\/es\/politica-de-privacidad-regulacion-ue-2016-79-gdpr\/informacion-basica\/#primaryimage"},"image":{"@id":"https:\/\/www.emailchef.com\/es\/politica-de-privacidad-regulacion-ue-2016-79-gdpr\/informacion-basica\/#primaryimage"},"thumbnailUrl":"https:\/\/emailchef.com\/wp-content\/uploads\/2018\/05\/gdpr-base.png","datePublished":"2018-05-18T08:54:41+00:00","dateModified":"2026-05-10T17:53:36+00:00","breadcrumb":{"@id":"https:\/\/www.emailchef.com\/es\/politica-de-privacidad-regulacion-ue-2016-79-gdpr\/informacion-basica\/#breadcrumb"},"inLanguage":"es","potentialAction":[{"@type":"ReadAction","target":["https:\/\/www.emailchef.com\/es\/politica-de-privacidad-regulacion-ue-2016-79-gdpr\/informacion-basica\/"]}]},{"@type":"ImageObject","inLanguage":"es","@id":"https:\/\/www.emailchef.com\/es\/politica-de-privacidad-regulacion-ue-2016-79-gdpr\/informacion-basica\/#primaryimage","url":"https:\/\/emailchef.com\/wp-content\/uploads\/2018\/05\/gdpr-base.png","contentUrl":"https:\/\/emailchef.com\/wp-content\/uploads\/2018\/05\/gdpr-base.png"},{"@type":"BreadcrumbList","@id":"https:\/\/www.emailchef.com\/es\/politica-de-privacidad-regulacion-ue-2016-79-gdpr\/informacion-basica\/#breadcrumb","itemListElement":[{"@type":"ListItem","position":1,"name":"Home","item":"https:\/\/www.emailchef.com\/es\/"},{"@type":"ListItem","position":2,"name":"GDPR: Introducci\u00f3n &#8211; Objetivos","item":"https:\/\/www.emailchef.com\/es\/politica-de-privacidad-regulacion-ue-2016-79-gdpr\/"},{"@type":"ListItem","position":3,"name":"Informaci\u00f3n b\u00e1sica"}]},{"@type":"WebSite","@id":"https:\/\/www.emailchef.com\/#website","url":"https:\/\/www.emailchef.com\/","name":"Emailchef","description":"Tasty recipes for email marketing","publisher":{"@id":"https:\/\/www.emailchef.com\/#organization"},"potentialAction":[{"@type":"SearchAction","target":{"@type":"EntryPoint","urlTemplate":"https:\/\/www.emailchef.com\/?s={search_term_string}"},"query-input":{"@type":"PropertyValueSpecification","valueRequired":true,"valueName":"search_term_string"}}],"inLanguage":"es"},{"@type":"Organization","@id":"https:\/\/www.emailchef.com\/#organization","name":"Delivery Tech Corp.","url":"https:\/\/www.emailchef.com\/","logo":{"@type":"ImageObject","inLanguage":"es","@id":"https:\/\/www.emailchef.com\/#\/schema\/logo\/image\/","url":"https:\/\/www.emailchef.com\/wp-content\/uploads\/2022\/04\/logo-sama.png","contentUrl":"https:\/\/www.emailchef.com\/wp-content\/uploads\/2022\/04\/logo-sama.png","width":237,"height":80,"caption":"Delivery Tech Corp."},"image":{"@id":"https:\/\/www.emailchef.com\/#\/schema\/logo\/image\/"}}]}},"_links":{"self":[{"href":"https:\/\/www.emailchef.com\/es\/wp-json\/wp\/v2\/pages\/7238","targetHints":{"allow":["GET"]}}],"collection":[{"href":"https:\/\/www.emailchef.com\/es\/wp-json\/wp\/v2\/pages"}],"about":[{"href":"https:\/\/www.emailchef.com\/es\/wp-json\/wp\/v2\/types\/page"}],"author":[{"embeddable":true,"href":"https:\/\/www.emailchef.com\/es\/wp-json\/wp\/v2\/users\/2"}],"replies":[{"embeddable":true,"href":"https:\/\/www.emailchef.com\/es\/wp-json\/wp\/v2\/comments?post=7238"}],"version-history":[{"count":5,"href":"https:\/\/www.emailchef.com\/es\/wp-json\/wp\/v2\/pages\/7238\/revisions"}],"predecessor-version":[{"id":98343,"href":"https:\/\/www.emailchef.com\/es\/wp-json\/wp\/v2\/pages\/7238\/revisions\/98343"}],"up":[{"embeddable":true,"href":"https:\/\/www.emailchef.com\/es\/wp-json\/wp\/v2\/pages\/7232"}],"wp:attachment":[{"href":"https:\/\/www.emailchef.com\/es\/wp-json\/wp\/v2\/media?parent=7238"}],"wp:term":[{"taxonomy":"g1_relation_tag","embeddable":true,"href":"https:\/\/www.emailchef.com\/es\/wp-json\/wp\/v2\/g1_relation_tag?post=7238"}],"curies":[{"name":"wp","href":"https:\/\/api.w.org\/{rel}","templated":true}]}}