{"id":6829,"date":"2018-05-02T10:25:54","date_gmt":"2018-05-02T10:25:54","guid":{"rendered":"http:\/\/emailchef.com\/?page_id=6829"},"modified":"2018-05-02T10:25:54","modified_gmt":"2018-05-02T10:25:54","slug":"programe-una-demostracion-gratuita","status":"publish","type":"page","link":"https:\/\/www.emailchef.com\/es\/programe-una-demostracion-gratuita\/","title":{"rendered":"Programe una demostraci\u00f3n gratuita"},"content":{"rendered":"<ul class=\"g1-grid\"><li class=\"g1-column g1-two-fifth g1-valign-top\">\n<p>\u00bfLe gustar\u00eda que uno de nuestros expertos le mostrara Emailchef y toda las herramientas disponibles?<\/p>\n<p>Rellene el formulario en esta p\u00e1gina y recibir\u00e1 una llamada en menos de 24 horas.<\/p>\n<p>Agendaremos una cita con Usted para una presentaci\u00f3n completa de nuestro software y todas sus herramientas \u00fatiles y espec\u00edficas para su caso en particular.<\/p>\n<h4>\u00bfQu\u00e9 aprender\u00e1?<\/h4>\n\n<ul id=\"\" class=\"g1-list g1-list--icon g1-list--simple \">\n<li><i class=\"fa fa-arrow-right g1-list__icon\" style=\"color: #F47200\"><\/i>C\u00f3mo importar y administrar sus listas<\/li>\n<li><i class=\"fa fa-arrow-right g1-list__icon\" style=\"color: #F47200\"><\/i>C\u00f3mo crear plantillas responsive<\/li>\n<li><i class=\"fa fa-arrow-right g1-list__icon\" style=\"color: #F47200\"><\/i>C\u00f3mo usar las ventanas de Reportes<\/li>\n<li><i class=\"fa fa-arrow-right g1-list__icon\" style=\"color: #F47200\"><\/i>C\u00f3mo integrar Emailchef a su sitio web<\/li>\n<\/ul>\n\n<div  class=\"g1-divider g1-divider--none g1-divider--noicon \"><\/div>\n<h4>\u00bfNo tiene Skype?<\/h4>\n<a id=\"\" class=\"g1-button g1-button--small g1-button--solid g1-button--standard \" href=\"https:\/\/www.skype.com\/en\/download-skype\/skype-for-computer\/\" title=\"Instale Skype\">Instale Skype: es gratis<\/a>\n<\/li><!-- -->\n<li class=\"g1-column g1-three-fifth g1-valign-top\">\n<p>[contact-form-7 id=&#8221;6828&#8243; title=&#8221;Demo Request ES&#8221;]<\/p>\n<\/li><!-- --><\/ul>\n","protected":false},"excerpt":{"rendered":"","protected":false},"author":2,"featured_media":0,"parent":0,"menu_order":34,"comment_status":"closed","ping_status":"closed","template":"g1_template_page_full.php","meta":{"_acf_changed":false,"inline_featured_image":false,"footnotes":""},"g1_relation_tag":[],"class_list":["post-6829","page","type-page","status-publish","hentry"],"acf":[],"yoast_head":"<!-- This site is optimized with the Yoast SEO plugin v27.5 - https:\/\/yoast.com\/product\/yoast-seo-wordpress\/ -->\n<title>Programe una demostraci\u00f3n gratuita - Emailchef<\/title>\n<meta name=\"robots\" content=\"index, follow, max-snippet:-1, max-image-preview:large, max-video-preview:-1\" \/>\n<link rel=\"canonical\" href=\"https:\/\/www.emailchef.com\/es\/programe-una-demostracion-gratuita\/\" \/>\n<meta name=\"twitter:label1\" content=\"Tiempo de lectura\" \/>\n\t<meta name=\"twitter:data1\" content=\"1 minuto\" \/>\n<script type=\"application\/ld+json\" class=\"yoast-schema-graph\">{\"@context\":\"https:\\\/\\\/schema.org\",\"@graph\":[{\"@type\":\"WebPage\",\"@id\":\"https:\\\/\\\/www.emailchef.com\\\/es\\\/programe-una-demostracion-gratuita\\\/\",\"url\":\"https:\\\/\\\/www.emailchef.com\\\/es\\\/programe-una-demostracion-gratuita\\\/\",\"name\":\"Programe una demostraci\u00f3n gratuita - Emailchef\",\"isPartOf\":{\"@id\":\"https:\\\/\\\/www.emailchef.com\\\/#website\"},\"datePublished\":\"2018-05-02T10:25:54+00:00\",\"breadcrumb\":{\"@id\":\"https:\\\/\\\/www.emailchef.com\\\/es\\\/programe-una-demostracion-gratuita\\\/#breadcrumb\"},\"inLanguage\":\"es\",\"potentialAction\":[{\"@type\":\"ReadAction\",\"target\":[\"https:\\\/\\\/www.emailchef.com\\\/es\\\/programe-una-demostracion-gratuita\\\/\"]}]},{\"@type\":\"BreadcrumbList\",\"@id\":\"https:\\\/\\\/www.emailchef.com\\\/es\\\/programe-una-demostracion-gratuita\\\/#breadcrumb\",\"itemListElement\":[{\"@type\":\"ListItem\",\"position\":1,\"name\":\"Home\",\"item\":\"https:\\\/\\\/www.emailchef.com\\\/es\\\/\"},{\"@type\":\"ListItem\",\"position\":2,\"name\":\"Programe una demostraci\u00f3n gratuita\"}]},{\"@type\":\"WebSite\",\"@id\":\"https:\\\/\\\/www.emailchef.com\\\/#website\",\"url\":\"https:\\\/\\\/www.emailchef.com\\\/\",\"name\":\"Emailchef\",\"description\":\"Tasty recipes for email marketing\",\"publisher\":{\"@id\":\"https:\\\/\\\/www.emailchef.com\\\/#organization\"},\"potentialAction\":[{\"@type\":\"SearchAction\",\"target\":{\"@type\":\"EntryPoint\",\"urlTemplate\":\"https:\\\/\\\/www.emailchef.com\\\/?s={search_term_string}\"},\"query-input\":{\"@type\":\"PropertyValueSpecification\",\"valueRequired\":true,\"valueName\":\"search_term_string\"}}],\"inLanguage\":\"es\"},{\"@type\":\"Organization\",\"@id\":\"https:\\\/\\\/www.emailchef.com\\\/#organization\",\"name\":\"Delivery Tech Corp.\",\"url\":\"https:\\\/\\\/www.emailchef.com\\\/\",\"logo\":{\"@type\":\"ImageObject\",\"inLanguage\":\"es\",\"@id\":\"https:\\\/\\\/www.emailchef.com\\\/#\\\/schema\\\/logo\\\/image\\\/\",\"url\":\"https:\\\/\\\/www.emailchef.com\\\/wp-content\\\/uploads\\\/2022\\\/04\\\/logo-sama.png\",\"contentUrl\":\"https:\\\/\\\/www.emailchef.com\\\/wp-content\\\/uploads\\\/2022\\\/04\\\/logo-sama.png\",\"width\":237,\"height\":80,\"caption\":\"Delivery Tech Corp.\"},\"image\":{\"@id\":\"https:\\\/\\\/www.emailchef.com\\\/#\\\/schema\\\/logo\\\/image\\\/\"}}]}<\/script>\n<!-- \/ Yoast SEO plugin. -->","yoast_head_json":{"title":"Programe una demostraci\u00f3n gratuita - Emailchef","robots":{"index":"index","follow":"follow","max-snippet":"max-snippet:-1","max-image-preview":"max-image-preview:large","max-video-preview":"max-video-preview:-1"},"canonical":"https:\/\/www.emailchef.com\/es\/programe-una-demostracion-gratuita\/","twitter_misc":{"Tiempo de lectura":"1 minuto"},"schema":{"@context":"https:\/\/schema.org","@graph":[{"@type":"WebPage","@id":"https:\/\/www.emailchef.com\/es\/programe-una-demostracion-gratuita\/","url":"https:\/\/www.emailchef.com\/es\/programe-una-demostracion-gratuita\/","name":"Programe una demostraci\u00f3n gratuita - Emailchef","isPartOf":{"@id":"https:\/\/www.emailchef.com\/#website"},"datePublished":"2018-05-02T10:25:54+00:00","breadcrumb":{"@id":"https:\/\/www.emailchef.com\/es\/programe-una-demostracion-gratuita\/#breadcrumb"},"inLanguage":"es","potentialAction":[{"@type":"ReadAction","target":["https:\/\/www.emailchef.com\/es\/programe-una-demostracion-gratuita\/"]}]},{"@type":"BreadcrumbList","@id":"https:\/\/www.emailchef.com\/es\/programe-una-demostracion-gratuita\/#breadcrumb","itemListElement":[{"@type":"ListItem","position":1,"name":"Home","item":"https:\/\/www.emailchef.com\/es\/"},{"@type":"ListItem","position":2,"name":"Programe una demostraci\u00f3n gratuita"}]},{"@type":"WebSite","@id":"https:\/\/www.emailchef.com\/#website","url":"https:\/\/www.emailchef.com\/","name":"Emailchef","description":"Tasty recipes for email marketing","publisher":{"@id":"https:\/\/www.emailchef.com\/#organization"},"potentialAction":[{"@type":"SearchAction","target":{"@type":"EntryPoint","urlTemplate":"https:\/\/www.emailchef.com\/?s={search_term_string}"},"query-input":{"@type":"PropertyValueSpecification","valueRequired":true,"valueName":"search_term_string"}}],"inLanguage":"es"},{"@type":"Organization","@id":"https:\/\/www.emailchef.com\/#organization","name":"Delivery Tech Corp.","url":"https:\/\/www.emailchef.com\/","logo":{"@type":"ImageObject","inLanguage":"es","@id":"https:\/\/www.emailchef.com\/#\/schema\/logo\/image\/","url":"https:\/\/www.emailchef.com\/wp-content\/uploads\/2022\/04\/logo-sama.png","contentUrl":"https:\/\/www.emailchef.com\/wp-content\/uploads\/2022\/04\/logo-sama.png","width":237,"height":80,"caption":"Delivery Tech Corp."},"image":{"@id":"https:\/\/www.emailchef.com\/#\/schema\/logo\/image\/"}}]}},"_links":{"self":[{"href":"https:\/\/www.emailchef.com\/es\/wp-json\/wp\/v2\/pages\/6829","targetHints":{"allow":["GET"]}}],"collection":[{"href":"https:\/\/www.emailchef.com\/es\/wp-json\/wp\/v2\/pages"}],"about":[{"href":"https:\/\/www.emailchef.com\/es\/wp-json\/wp\/v2\/types\/page"}],"author":[{"embeddable":true,"href":"https:\/\/www.emailchef.com\/es\/wp-json\/wp\/v2\/users\/2"}],"replies":[{"embeddable":true,"href":"https:\/\/www.emailchef.com\/es\/wp-json\/wp\/v2\/comments?post=6829"}],"version-history":[{"count":1,"href":"https:\/\/www.emailchef.com\/es\/wp-json\/wp\/v2\/pages\/6829\/revisions"}],"predecessor-version":[{"id":6830,"href":"https:\/\/www.emailchef.com\/es\/wp-json\/wp\/v2\/pages\/6829\/revisions\/6830"}],"wp:attachment":[{"href":"https:\/\/www.emailchef.com\/es\/wp-json\/wp\/v2\/media?parent=6829"}],"wp:term":[{"taxonomy":"g1_relation_tag","embeddable":true,"href":"https:\/\/www.emailchef.com\/es\/wp-json\/wp\/v2\/g1_relation_tag?post=6829"}],"curies":[{"name":"wp","href":"https:\/\/api.w.org\/{rel}","templated":true}]}}