{"id":3182,"date":"2014-09-22T08:23:27","date_gmt":"2014-09-22T08:23:27","guid":{"rendered":"http:\/\/emailchef.com\/es\/?page_id=3182"},"modified":"2021-07-27T15:30:50","modified_gmt":"2021-07-27T15:30:50","slug":"como-exportar-sus-contactos","status":"publish","type":"page","link":"https:\/\/www.emailchef.com\/es\/base-de-conocimiento\/como-exportar-sus-contactos\/","title":{"rendered":"C\u00f3mo exportar sus contactos"},"content":{"rendered":"<p class=\"western\" lang=\"es-AR\">Emailchef le permite exportar sus listas en un momento.<\/p>\n<p class=\"western\" lang=\"es-AR\"><span style=\"font-weight: 400;\">Abra la lista, y haga clic en &#8220;Administrar contactos&#8221;, luego seleccione &#8220;Exportar contactos&#8221;.<\/span><\/p>\n<p class=\"western\" lang=\"es-AR\"><a href=\"https:\/\/emailchef.com\/wp-content\/uploads\/2021\/01\/Screenshot_65.jpg\" rel=\"lightbox\"><img fetchpriority=\"high\" decoding=\"async\" class=\"alignnone wp-image-35798 size-full\" src=\"https:\/\/emailchef.com\/wp-content\/uploads\/2021\/01\/Screenshot_65.jpg\" alt=\"\" width=\"1461\" height=\"767\" srcset=\"https:\/\/www.emailchef.com\/wp-content\/uploads\/2021\/01\/Screenshot_65.jpg 1461w, https:\/\/www.emailchef.com\/wp-content\/uploads\/2021\/01\/Screenshot_65-300x157.jpg 300w, https:\/\/www.emailchef.com\/wp-content\/uploads\/2021\/01\/Screenshot_65-768x403.jpg 768w, https:\/\/www.emailchef.com\/wp-content\/uploads\/2021\/01\/Screenshot_65-1024x538.jpg 1024w, https:\/\/www.emailchef.com\/wp-content\/uploads\/2021\/01\/Screenshot_65-968x508.jpg 968w, https:\/\/www.emailchef.com\/wp-content\/uploads\/2021\/01\/Screenshot_65-636x334.jpg 636w, https:\/\/www.emailchef.com\/wp-content\/uploads\/2021\/01\/Screenshot_65-320x168.jpg 320w, https:\/\/www.emailchef.com\/wp-content\/uploads\/2021\/01\/Screenshot_65-239x125.jpg 239w\" sizes=\"(max-width: 1461px) 100vw, 1461px\" \/><\/a><\/p>\n<p lang=\"es-AR\"><span style=\"font-weight: 400;\">En el men\u00fa desplegable, puede elegir qu\u00e9 contactos desea exportar. <strong>Puede exportar la lista completa; contactos activos; contactos desuscritos; direcciones rebotadas; o contactos que lo han reportado como spam.<\/strong><\/span><\/p>\n<p lang=\"es-AR\"><a href=\"https:\/\/emailchef.com\/wp-content\/uploads\/2021\/01\/Screenshot_66.jpg\" rel=\"lightbox\"><img decoding=\"async\" class=\"alignnone wp-image-35814 size-full\" src=\"https:\/\/emailchef.com\/wp-content\/uploads\/2021\/01\/Screenshot_66.jpg\" alt=\"\" width=\"1220\" height=\"650\" srcset=\"https:\/\/www.emailchef.com\/wp-content\/uploads\/2021\/01\/Screenshot_66.jpg 1220w, https:\/\/www.emailchef.com\/wp-content\/uploads\/2021\/01\/Screenshot_66-300x160.jpg 300w, https:\/\/www.emailchef.com\/wp-content\/uploads\/2021\/01\/Screenshot_66-768x409.jpg 768w, https:\/\/www.emailchef.com\/wp-content\/uploads\/2021\/01\/Screenshot_66-1024x546.jpg 1024w, https:\/\/www.emailchef.com\/wp-content\/uploads\/2021\/01\/Screenshot_66-968x516.jpg 968w, https:\/\/www.emailchef.com\/wp-content\/uploads\/2021\/01\/Screenshot_66-636x339.jpg 636w, https:\/\/www.emailchef.com\/wp-content\/uploads\/2021\/01\/Screenshot_66-320x170.jpg 320w, https:\/\/www.emailchef.com\/wp-content\/uploads\/2021\/01\/Screenshot_66-239x127.jpg 239w\" sizes=\"(max-width: 1220px) 100vw, 1220px\" \/><\/a><\/p>\n<p><span style=\"font-weight: 400;\">Finalmente, elija el <strong>formato del archivo<\/strong> que desea descargar (<strong>JSON<\/strong> o <strong>CSV<\/strong>) haciendo clic en el bot\u00f3n correspondiente. La descarga comenzar\u00e1 autom\u00e1ticamente.<\/span><\/p>\n<p><span style=\"font-weight: 400;\">En este video tutorial se explican a detalle todos los pasos:<\/span><\/p>\n<div class=\"centered\" style=\"position:relative;padding-bottom:56.25%;height:0;overflow:hidden;\">\n                <iframe\n                    src=\"https:\/\/www.youtube-nocookie.com\/embed\/y3f90EqW6bg\"\n                    title=\"YouTube video\"\n                    style=\"position:absolute;top:0;left:0;width:100%;height:100%;\"\n                    frameborder=\"0\"\n                    allow=\"accelerometer; autoplay; clipboard-write; encrypted-media; gyroscope; picture-in-picture; web-share\"\n                    allowfullscreen\n                    loading=\"lazy\">\n                <\/iframe>\n            <\/div>\n","protected":false},"excerpt":{"rendered":"<p>Emailchef le permite exportar sus listas en un momento. Abra la lista, y haga clic en &#8220;Administrar contactos&#8221;, luego seleccione &#8220;Exportar contactos&#8221;. En el men\u00fa desplegable, puede elegir qu\u00e9 contactos desea exportar. Puede exportar la lista completa; contactos activos; contactos desuscritos; direcciones rebotadas; o contactos que lo han reportado como spam. Finalmente, elija el formato [&hellip;]<\/p>\n","protected":false},"author":5,"featured_media":0,"parent":3110,"menu_order":0,"comment_status":"closed","ping_status":"closed","template":"","meta":{"_acf_changed":false,"inline_featured_image":false,"footnotes":""},"g1_relation_tag":[],"class_list":["post-3182","page","type-page","status-publish","hentry"],"acf":[],"yoast_head":"<!-- This site is optimized with the Yoast SEO plugin v27.5 - https:\/\/yoast.com\/product\/yoast-seo-wordpress\/ -->\n<title>C\u00f3mo exportar sus contactos - Emailchef<\/title>\n<meta name=\"description\" content=\"Emailchef le permite exportar sus listas en un momento.\" \/>\n<meta name=\"robots\" content=\"index, follow, max-snippet:-1, max-image-preview:large, max-video-preview:-1\" \/>\n<link rel=\"canonical\" href=\"https:\/\/www.emailchef.com\/es\/base-de-conocimiento\/como-exportar-sus-contactos\/\" \/>\n<meta name=\"twitter:label1\" content=\"Tiempo de lectura\" \/>\n\t<meta name=\"twitter:data1\" content=\"1 minuto\" \/>\n<script type=\"application\/ld+json\" class=\"yoast-schema-graph\">{\"@context\":\"https:\\\/\\\/schema.org\",\"@graph\":[{\"@type\":\"WebPage\",\"@id\":\"https:\\\/\\\/www.emailchef.com\\\/es\\\/base-de-conocimiento\\\/como-exportar-sus-contactos\\\/\",\"url\":\"https:\\\/\\\/www.emailchef.com\\\/es\\\/base-de-conocimiento\\\/como-exportar-sus-contactos\\\/\",\"name\":\"C\u00f3mo exportar sus contactos - Emailchef\",\"isPartOf\":{\"@id\":\"https:\\\/\\\/www.emailchef.com\\\/#website\"},\"primaryImageOfPage\":{\"@id\":\"https:\\\/\\\/www.emailchef.com\\\/es\\\/base-de-conocimiento\\\/como-exportar-sus-contactos\\\/#primaryimage\"},\"image\":{\"@id\":\"https:\\\/\\\/www.emailchef.com\\\/es\\\/base-de-conocimiento\\\/como-exportar-sus-contactos\\\/#primaryimage\"},\"thumbnailUrl\":\"https:\\\/\\\/emailchef.com\\\/wp-content\\\/uploads\\\/2021\\\/01\\\/Screenshot_65.jpg\",\"datePublished\":\"2014-09-22T08:23:27+00:00\",\"dateModified\":\"2021-07-27T15:30:50+00:00\",\"description\":\"Emailchef le permite exportar sus listas en un momento.\",\"breadcrumb\":{\"@id\":\"https:\\\/\\\/www.emailchef.com\\\/es\\\/base-de-conocimiento\\\/como-exportar-sus-contactos\\\/#breadcrumb\"},\"inLanguage\":\"es\",\"potentialAction\":[{\"@type\":\"ReadAction\",\"target\":[\"https:\\\/\\\/www.emailchef.com\\\/es\\\/base-de-conocimiento\\\/como-exportar-sus-contactos\\\/\"]}]},{\"@type\":\"ImageObject\",\"inLanguage\":\"es\",\"@id\":\"https:\\\/\\\/www.emailchef.com\\\/es\\\/base-de-conocimiento\\\/como-exportar-sus-contactos\\\/#primaryimage\",\"url\":\"https:\\\/\\\/emailchef.com\\\/wp-content\\\/uploads\\\/2021\\\/01\\\/Screenshot_65.jpg\",\"contentUrl\":\"https:\\\/\\\/emailchef.com\\\/wp-content\\\/uploads\\\/2021\\\/01\\\/Screenshot_65.jpg\"},{\"@type\":\"BreadcrumbList\",\"@id\":\"https:\\\/\\\/www.emailchef.com\\\/es\\\/base-de-conocimiento\\\/como-exportar-sus-contactos\\\/#breadcrumb\",\"itemListElement\":[{\"@type\":\"ListItem\",\"position\":1,\"name\":\"Home\",\"item\":\"https:\\\/\\\/www.emailchef.com\\\/es\\\/\"},{\"@type\":\"ListItem\",\"position\":2,\"name\":\"Base de conocimiento\",\"item\":\"https:\\\/\\\/www.emailchef.com\\\/es\\\/base-de-conocimiento\\\/\"},{\"@type\":\"ListItem\",\"position\":3,\"name\":\"C\u00f3mo exportar sus contactos\"}]},{\"@type\":\"WebSite\",\"@id\":\"https:\\\/\\\/www.emailchef.com\\\/#website\",\"url\":\"https:\\\/\\\/www.emailchef.com\\\/\",\"name\":\"Emailchef\",\"description\":\"Tasty recipes for email marketing\",\"publisher\":{\"@id\":\"https:\\\/\\\/www.emailchef.com\\\/#organization\"},\"potentialAction\":[{\"@type\":\"SearchAction\",\"target\":{\"@type\":\"EntryPoint\",\"urlTemplate\":\"https:\\\/\\\/www.emailchef.com\\\/?s={search_term_string}\"},\"query-input\":{\"@type\":\"PropertyValueSpecification\",\"valueRequired\":true,\"valueName\":\"search_term_string\"}}],\"inLanguage\":\"es\"},{\"@type\":\"Organization\",\"@id\":\"https:\\\/\\\/www.emailchef.com\\\/#organization\",\"name\":\"Delivery Tech Corp.\",\"url\":\"https:\\\/\\\/www.emailchef.com\\\/\",\"logo\":{\"@type\":\"ImageObject\",\"inLanguage\":\"es\",\"@id\":\"https:\\\/\\\/www.emailchef.com\\\/#\\\/schema\\\/logo\\\/image\\\/\",\"url\":\"https:\\\/\\\/www.emailchef.com\\\/wp-content\\\/uploads\\\/2022\\\/04\\\/logo-sama.png\",\"contentUrl\":\"https:\\\/\\\/www.emailchef.com\\\/wp-content\\\/uploads\\\/2022\\\/04\\\/logo-sama.png\",\"width\":237,\"height\":80,\"caption\":\"Delivery Tech Corp.\"},\"image\":{\"@id\":\"https:\\\/\\\/www.emailchef.com\\\/#\\\/schema\\\/logo\\\/image\\\/\"}}]}<\/script>\n<!-- \/ Yoast SEO plugin. -->","yoast_head_json":{"title":"C\u00f3mo exportar sus contactos - Emailchef","description":"Emailchef le permite exportar sus listas en un momento.","robots":{"index":"index","follow":"follow","max-snippet":"max-snippet:-1","max-image-preview":"max-image-preview:large","max-video-preview":"max-video-preview:-1"},"canonical":"https:\/\/www.emailchef.com\/es\/base-de-conocimiento\/como-exportar-sus-contactos\/","twitter_misc":{"Tiempo de lectura":"1 minuto"},"schema":{"@context":"https:\/\/schema.org","@graph":[{"@type":"WebPage","@id":"https:\/\/www.emailchef.com\/es\/base-de-conocimiento\/como-exportar-sus-contactos\/","url":"https:\/\/www.emailchef.com\/es\/base-de-conocimiento\/como-exportar-sus-contactos\/","name":"C\u00f3mo exportar sus contactos - Emailchef","isPartOf":{"@id":"https:\/\/www.emailchef.com\/#website"},"primaryImageOfPage":{"@id":"https:\/\/www.emailchef.com\/es\/base-de-conocimiento\/como-exportar-sus-contactos\/#primaryimage"},"image":{"@id":"https:\/\/www.emailchef.com\/es\/base-de-conocimiento\/como-exportar-sus-contactos\/#primaryimage"},"thumbnailUrl":"https:\/\/emailchef.com\/wp-content\/uploads\/2021\/01\/Screenshot_65.jpg","datePublished":"2014-09-22T08:23:27+00:00","dateModified":"2021-07-27T15:30:50+00:00","description":"Emailchef le permite exportar sus listas en un momento.","breadcrumb":{"@id":"https:\/\/www.emailchef.com\/es\/base-de-conocimiento\/como-exportar-sus-contactos\/#breadcrumb"},"inLanguage":"es","potentialAction":[{"@type":"ReadAction","target":["https:\/\/www.emailchef.com\/es\/base-de-conocimiento\/como-exportar-sus-contactos\/"]}]},{"@type":"ImageObject","inLanguage":"es","@id":"https:\/\/www.emailchef.com\/es\/base-de-conocimiento\/como-exportar-sus-contactos\/#primaryimage","url":"https:\/\/emailchef.com\/wp-content\/uploads\/2021\/01\/Screenshot_65.jpg","contentUrl":"https:\/\/emailchef.com\/wp-content\/uploads\/2021\/01\/Screenshot_65.jpg"},{"@type":"BreadcrumbList","@id":"https:\/\/www.emailchef.com\/es\/base-de-conocimiento\/como-exportar-sus-contactos\/#breadcrumb","itemListElement":[{"@type":"ListItem","position":1,"name":"Home","item":"https:\/\/www.emailchef.com\/es\/"},{"@type":"ListItem","position":2,"name":"Base de conocimiento","item":"https:\/\/www.emailchef.com\/es\/base-de-conocimiento\/"},{"@type":"ListItem","position":3,"name":"C\u00f3mo exportar sus contactos"}]},{"@type":"WebSite","@id":"https:\/\/www.emailchef.com\/#website","url":"https:\/\/www.emailchef.com\/","name":"Emailchef","description":"Tasty recipes for email marketing","publisher":{"@id":"https:\/\/www.emailchef.com\/#organization"},"potentialAction":[{"@type":"SearchAction","target":{"@type":"EntryPoint","urlTemplate":"https:\/\/www.emailchef.com\/?s={search_term_string}"},"query-input":{"@type":"PropertyValueSpecification","valueRequired":true,"valueName":"search_term_string"}}],"inLanguage":"es"},{"@type":"Organization","@id":"https:\/\/www.emailchef.com\/#organization","name":"Delivery Tech Corp.","url":"https:\/\/www.emailchef.com\/","logo":{"@type":"ImageObject","inLanguage":"es","@id":"https:\/\/www.emailchef.com\/#\/schema\/logo\/image\/","url":"https:\/\/www.emailchef.com\/wp-content\/uploads\/2022\/04\/logo-sama.png","contentUrl":"https:\/\/www.emailchef.com\/wp-content\/uploads\/2022\/04\/logo-sama.png","width":237,"height":80,"caption":"Delivery Tech Corp."},"image":{"@id":"https:\/\/www.emailchef.com\/#\/schema\/logo\/image\/"}}]}},"_links":{"self":[{"href":"https:\/\/www.emailchef.com\/es\/wp-json\/wp\/v2\/pages\/3182","targetHints":{"allow":["GET"]}}],"collection":[{"href":"https:\/\/www.emailchef.com\/es\/wp-json\/wp\/v2\/pages"}],"about":[{"href":"https:\/\/www.emailchef.com\/es\/wp-json\/wp\/v2\/types\/page"}],"author":[{"embeddable":true,"href":"https:\/\/www.emailchef.com\/es\/wp-json\/wp\/v2\/users\/5"}],"replies":[{"embeddable":true,"href":"https:\/\/www.emailchef.com\/es\/wp-json\/wp\/v2\/comments?post=3182"}],"version-history":[{"count":5,"href":"https:\/\/www.emailchef.com\/es\/wp-json\/wp\/v2\/pages\/3182\/revisions"}],"predecessor-version":[{"id":47272,"href":"https:\/\/www.emailchef.com\/es\/wp-json\/wp\/v2\/pages\/3182\/revisions\/47272"}],"up":[{"embeddable":true,"href":"https:\/\/www.emailchef.com\/es\/wp-json\/wp\/v2\/pages\/3110"}],"wp:attachment":[{"href":"https:\/\/www.emailchef.com\/es\/wp-json\/wp\/v2\/media?parent=3182"}],"wp:term":[{"taxonomy":"g1_relation_tag","embeddable":true,"href":"https:\/\/www.emailchef.com\/es\/wp-json\/wp\/v2\/g1_relation_tag?post=3182"}],"curies":[{"name":"wp","href":"https:\/\/api.w.org\/{rel}","templated":true}]}}