{"id":3139,"date":"2014-09-22T08:37:44","date_gmt":"2014-09-22T08:37:44","guid":{"rendered":"http:\/\/emailchef.com\/es\/?page_id=3139"},"modified":"2021-07-27T15:34:53","modified_gmt":"2021-07-27T15:34:53","slug":"terminar-y-activar-el-autoresponder","status":"publish","type":"page","link":"https:\/\/www.emailchef.com\/es\/base-de-conocimiento\/terminar-y-activar-el-autoresponder\/","title":{"rendered":"Terminar y activar el autoresponder"},"content":{"rendered":"<p><span style=\"font-weight: 400;\">Una vez que haya seleccionado el evento &#8220;disparador&#8221;, debe seleccionar la campa\u00f1a o el v\u00ednculo que definir\u00e1 el evento.<\/span><\/p>\n<p><span style=\"font-weight: 400;\">A continuaci\u00f3n,<strong> seleccione las listas o segmentos de lista<\/strong> a los que enviar\u00e1 el autoresponder.&nbsp;<\/span>Recuerde que el email ser\u00e1 enviado s\u00f3lo a las direcciones de la lista que coincidan con las condiciones especificadas.<\/p>\n<p class=\"western\"><a href=\"https:\/\/emailchef.com\/wp-content\/uploads\/2021\/04\/Screenshot_138.jpg\" rel=\"lightbox\"><img fetchpriority=\"high\" decoding=\"async\" class=\"alignnone wp-image-38546 size-full\" src=\"https:\/\/emailchef.com\/wp-content\/uploads\/2021\/04\/Screenshot_138.jpg\" alt=\"\" width=\"1231\" height=\"715\" srcset=\"https:\/\/www.emailchef.com\/wp-content\/uploads\/2021\/04\/Screenshot_138.jpg 1231w, https:\/\/www.emailchef.com\/wp-content\/uploads\/2021\/04\/Screenshot_138-300x174.jpg 300w, https:\/\/www.emailchef.com\/wp-content\/uploads\/2021\/04\/Screenshot_138-768x446.jpg 768w, https:\/\/www.emailchef.com\/wp-content\/uploads\/2021\/04\/Screenshot_138-1024x595.jpg 1024w, https:\/\/www.emailchef.com\/wp-content\/uploads\/2021\/04\/Screenshot_138-968x562.jpg 968w, https:\/\/www.emailchef.com\/wp-content\/uploads\/2021\/04\/Screenshot_138-636x369.jpg 636w, https:\/\/www.emailchef.com\/wp-content\/uploads\/2021\/04\/Screenshot_138-320x186.jpg 320w, https:\/\/www.emailchef.com\/wp-content\/uploads\/2021\/04\/Screenshot_138-239x139.jpg 239w\" sizes=\"(max-width: 1231px) 100vw, 1231px\" \/><\/a><\/p>\n<p class=\"western\" lang=\"es-AR\"><span style=\"font-weight: 400;\"><strong>Establezca el lapso de tiempo<\/strong> para que despu\u00e9s de que ocurra el evento se env\u00ede el autoresponder. Si configura el tiempo en &#8220;0 d\u00edas&#8221; y &#8220;0 horas&#8221;, el mensaje autom\u00e1tico se enviar\u00e1 tan pronto como ocurra el evento.<\/span><\/p>\n<p><a href=\"https:\/\/emailchef.com\/wp-content\/uploads\/2021\/04\/Screenshot_139.jpg\" rel=\"lightbox\"><img decoding=\"async\" class=\"alignnone wp-image-38562 size-full\" src=\"https:\/\/emailchef.com\/wp-content\/uploads\/2021\/04\/Screenshot_139.jpg\" alt=\"\" width=\"1230\" height=\"715\" srcset=\"https:\/\/www.emailchef.com\/wp-content\/uploads\/2021\/04\/Screenshot_139.jpg 1230w, https:\/\/www.emailchef.com\/wp-content\/uploads\/2021\/04\/Screenshot_139-300x174.jpg 300w, https:\/\/www.emailchef.com\/wp-content\/uploads\/2021\/04\/Screenshot_139-768x446.jpg 768w, https:\/\/www.emailchef.com\/wp-content\/uploads\/2021\/04\/Screenshot_139-1024x595.jpg 1024w, https:\/\/www.emailchef.com\/wp-content\/uploads\/2021\/04\/Screenshot_139-968x563.jpg 968w, https:\/\/www.emailchef.com\/wp-content\/uploads\/2021\/04\/Screenshot_139-636x370.jpg 636w, https:\/\/www.emailchef.com\/wp-content\/uploads\/2021\/04\/Screenshot_139-320x186.jpg 320w, https:\/\/www.emailchef.com\/wp-content\/uploads\/2021\/04\/Screenshot_139-239x139.jpg 239w\" sizes=\"(max-width: 1230px) 100vw, 1230px\" \/><\/a><\/p>\n<p><span style=\"font-weight: 400;\">Presione \u201cSIGUIENTE\u201d para continuar.<\/span><\/p>\n<p><span style=\"font-weight: 400;\">Complete los campos con un nombre para el autoresponder, el email de remitente y el asunto. Tambi\u00e9n puede agregar una cabecera.<\/span><\/p>\n<p><a href=\"https:\/\/emailchef.com\/wp-content\/uploads\/2021\/04\/Screenshot_140.jpg\" rel=\"lightbox\"><img decoding=\"async\" class=\"alignnone wp-image-38578 size-full\" src=\"https:\/\/emailchef.com\/wp-content\/uploads\/2021\/04\/Screenshot_140.jpg\" alt=\"\" width=\"1235\" height=\"876\" srcset=\"https:\/\/www.emailchef.com\/wp-content\/uploads\/2021\/04\/Screenshot_140.jpg 1235w, https:\/\/www.emailchef.com\/wp-content\/uploads\/2021\/04\/Screenshot_140-300x213.jpg 300w, https:\/\/www.emailchef.com\/wp-content\/uploads\/2021\/04\/Screenshot_140-768x545.jpg 768w, https:\/\/www.emailchef.com\/wp-content\/uploads\/2021\/04\/Screenshot_140-1024x726.jpg 1024w, https:\/\/www.emailchef.com\/wp-content\/uploads\/2021\/04\/Screenshot_140-968x687.jpg 968w, https:\/\/www.emailchef.com\/wp-content\/uploads\/2021\/04\/Screenshot_140-636x451.jpg 636w, https:\/\/www.emailchef.com\/wp-content\/uploads\/2021\/04\/Screenshot_140-320x227.jpg 320w, https:\/\/www.emailchef.com\/wp-content\/uploads\/2021\/04\/Screenshot_140-239x170.jpg 239w\" sizes=\"(max-width: 1235px) 100vw, 1235px\" \/><\/a><\/p>\n<p><span style=\"font-weight: 400;\">Presione \u201cSIGUIENTE\u201d para continuar. En la p\u00e1gina de resumen, haga clic en &#8220;<strong>ACTIVAR AUTORESPONDER<\/strong>&#8221; para activarlo <strong>inmediatamente.<\/strong><\/span><\/p>\n<p><a href=\"https:\/\/emailchef.com\/wp-content\/uploads\/2021\/04\/Screenshot_141.jpg\" rel=\"lightbox\"><img loading=\"lazy\" decoding=\"async\" class=\"alignnone wp-image-38594 size-full\" src=\"https:\/\/emailchef.com\/wp-content\/uploads\/2021\/04\/Screenshot_141.jpg\" alt=\"\" width=\"1231\" height=\"621\" srcset=\"https:\/\/www.emailchef.com\/wp-content\/uploads\/2021\/04\/Screenshot_141.jpg 1231w, https:\/\/www.emailchef.com\/wp-content\/uploads\/2021\/04\/Screenshot_141-300x151.jpg 300w, https:\/\/www.emailchef.com\/wp-content\/uploads\/2021\/04\/Screenshot_141-768x387.jpg 768w, https:\/\/www.emailchef.com\/wp-content\/uploads\/2021\/04\/Screenshot_141-1024x517.jpg 1024w, https:\/\/www.emailchef.com\/wp-content\/uploads\/2021\/04\/Screenshot_141-968x488.jpg 968w, https:\/\/www.emailchef.com\/wp-content\/uploads\/2021\/04\/Screenshot_141-636x321.jpg 636w, https:\/\/www.emailchef.com\/wp-content\/uploads\/2021\/04\/Screenshot_141-320x161.jpg 320w, https:\/\/www.emailchef.com\/wp-content\/uploads\/2021\/04\/Screenshot_141-239x121.jpg 239w\" sizes=\"(max-width: 1231px) 100vw, 1231px\" \/><\/a><\/p>\n<p><span style=\"font-weight: 400;\">Le recomendamos ver este video que contiene un tutorial de c\u00f3mo usar los autoresponders y un ejemplo de c\u00f3mo crear uno para enviar felicitaciones de cumplea\u00f1os:<\/span><\/p>\n<div class=\"centered\" style=\"position:relative;padding-bottom:56.25%;height:0;overflow:hidden;\">\n                <iframe\n                    src=\"https:\/\/www.youtube-nocookie.com\/embed\/iBQadzVEfAQ\"\n                    title=\"YouTube video\"\n                    style=\"position:absolute;top:0;left:0;width:100%;height:100%;\"\n                    frameborder=\"0\"\n                    allow=\"accelerometer; autoplay; clipboard-write; encrypted-media; gyroscope; picture-in-picture; web-share\"\n                    allowfullscreen\n                    loading=\"lazy\">\n                <\/iframe>\n            <\/div>\n","protected":false},"excerpt":{"rendered":"<p>Una vez que haya seleccionado el evento &#8220;disparador&#8221;, debe seleccionar la campa\u00f1a o el v\u00ednculo que definir\u00e1 el evento. A continuaci\u00f3n, seleccione las listas o segmentos de lista a los que enviar\u00e1 el autoresponder.&nbsp;Recuerde que el email ser\u00e1 enviado s\u00f3lo a las direcciones de la lista que coincidan con las condiciones especificadas. Establezca el lapso [&hellip;]<\/p>\n","protected":false},"author":5,"featured_media":0,"parent":3110,"menu_order":0,"comment_status":"closed","ping_status":"closed","template":"","meta":{"_acf_changed":false,"inline_featured_image":false,"footnotes":""},"g1_relation_tag":[],"class_list":["post-3139","page","type-page","status-publish","hentry"],"acf":[],"yoast_head":"<!-- This site is optimized with the Yoast SEO plugin v27.5 - https:\/\/yoast.com\/product\/yoast-seo-wordpress\/ -->\n<title>Terminar y activar el autoresponder - Emailchef<\/title>\n<meta name=\"description\" content=\"A\u00fan en la misma p\u00e1gina, usted puede a continuaci\u00f3n seleccionar a qu\u00e9 lista desea enviar el autoresponder. Recuerde que el email ser\u00e1 enviado s\u00f3lo a las direcciones de la lista que coincidan con las condiciones especificadas.\" \/>\n<meta name=\"robots\" content=\"index, follow, max-snippet:-1, max-image-preview:large, max-video-preview:-1\" \/>\n<link rel=\"canonical\" href=\"https:\/\/www.emailchef.com\/es\/base-de-conocimiento\/terminar-y-activar-el-autoresponder\/\" \/>\n<meta name=\"twitter:label1\" content=\"Tiempo de lectura\" \/>\n\t<meta name=\"twitter:data1\" content=\"2 minutos\" \/>\n<script type=\"application\/ld+json\" class=\"yoast-schema-graph\">{\"@context\":\"https:\\\/\\\/schema.org\",\"@graph\":[{\"@type\":\"WebPage\",\"@id\":\"https:\\\/\\\/www.emailchef.com\\\/es\\\/base-de-conocimiento\\\/terminar-y-activar-el-autoresponder\\\/\",\"url\":\"https:\\\/\\\/www.emailchef.com\\\/es\\\/base-de-conocimiento\\\/terminar-y-activar-el-autoresponder\\\/\",\"name\":\"Terminar y activar el autoresponder - Emailchef\",\"isPartOf\":{\"@id\":\"https:\\\/\\\/www.emailchef.com\\\/#website\"},\"primaryImageOfPage\":{\"@id\":\"https:\\\/\\\/www.emailchef.com\\\/es\\\/base-de-conocimiento\\\/terminar-y-activar-el-autoresponder\\\/#primaryimage\"},\"image\":{\"@id\":\"https:\\\/\\\/www.emailchef.com\\\/es\\\/base-de-conocimiento\\\/terminar-y-activar-el-autoresponder\\\/#primaryimage\"},\"thumbnailUrl\":\"https:\\\/\\\/emailchef.com\\\/wp-content\\\/uploads\\\/2021\\\/04\\\/Screenshot_138.jpg\",\"datePublished\":\"2014-09-22T08:37:44+00:00\",\"dateModified\":\"2021-07-27T15:34:53+00:00\",\"description\":\"A\u00fan en la misma p\u00e1gina, usted puede a continuaci\u00f3n seleccionar a qu\u00e9 lista desea enviar el autoresponder. Recuerde que el email ser\u00e1 enviado s\u00f3lo a las direcciones de la lista que coincidan con las condiciones especificadas.\",\"breadcrumb\":{\"@id\":\"https:\\\/\\\/www.emailchef.com\\\/es\\\/base-de-conocimiento\\\/terminar-y-activar-el-autoresponder\\\/#breadcrumb\"},\"inLanguage\":\"es\",\"potentialAction\":[{\"@type\":\"ReadAction\",\"target\":[\"https:\\\/\\\/www.emailchef.com\\\/es\\\/base-de-conocimiento\\\/terminar-y-activar-el-autoresponder\\\/\"]}]},{\"@type\":\"ImageObject\",\"inLanguage\":\"es\",\"@id\":\"https:\\\/\\\/www.emailchef.com\\\/es\\\/base-de-conocimiento\\\/terminar-y-activar-el-autoresponder\\\/#primaryimage\",\"url\":\"https:\\\/\\\/emailchef.com\\\/wp-content\\\/uploads\\\/2021\\\/04\\\/Screenshot_138.jpg\",\"contentUrl\":\"https:\\\/\\\/emailchef.com\\\/wp-content\\\/uploads\\\/2021\\\/04\\\/Screenshot_138.jpg\"},{\"@type\":\"BreadcrumbList\",\"@id\":\"https:\\\/\\\/www.emailchef.com\\\/es\\\/base-de-conocimiento\\\/terminar-y-activar-el-autoresponder\\\/#breadcrumb\",\"itemListElement\":[{\"@type\":\"ListItem\",\"position\":1,\"name\":\"Home\",\"item\":\"https:\\\/\\\/www.emailchef.com\\\/es\\\/\"},{\"@type\":\"ListItem\",\"position\":2,\"name\":\"Base de conocimiento\",\"item\":\"https:\\\/\\\/www.emailchef.com\\\/es\\\/base-de-conocimiento\\\/\"},{\"@type\":\"ListItem\",\"position\":3,\"name\":\"Terminar y activar el autoresponder\"}]},{\"@type\":\"WebSite\",\"@id\":\"https:\\\/\\\/www.emailchef.com\\\/#website\",\"url\":\"https:\\\/\\\/www.emailchef.com\\\/\",\"name\":\"Emailchef\",\"description\":\"Tasty recipes for email marketing\",\"publisher\":{\"@id\":\"https:\\\/\\\/www.emailchef.com\\\/#organization\"},\"potentialAction\":[{\"@type\":\"SearchAction\",\"target\":{\"@type\":\"EntryPoint\",\"urlTemplate\":\"https:\\\/\\\/www.emailchef.com\\\/?s={search_term_string}\"},\"query-input\":{\"@type\":\"PropertyValueSpecification\",\"valueRequired\":true,\"valueName\":\"search_term_string\"}}],\"inLanguage\":\"es\"},{\"@type\":\"Organization\",\"@id\":\"https:\\\/\\\/www.emailchef.com\\\/#organization\",\"name\":\"Delivery Tech Corp.\",\"url\":\"https:\\\/\\\/www.emailchef.com\\\/\",\"logo\":{\"@type\":\"ImageObject\",\"inLanguage\":\"es\",\"@id\":\"https:\\\/\\\/www.emailchef.com\\\/#\\\/schema\\\/logo\\\/image\\\/\",\"url\":\"https:\\\/\\\/www.emailchef.com\\\/wp-content\\\/uploads\\\/2022\\\/04\\\/logo-sama.png\",\"contentUrl\":\"https:\\\/\\\/www.emailchef.com\\\/wp-content\\\/uploads\\\/2022\\\/04\\\/logo-sama.png\",\"width\":237,\"height\":80,\"caption\":\"Delivery Tech Corp.\"},\"image\":{\"@id\":\"https:\\\/\\\/www.emailchef.com\\\/#\\\/schema\\\/logo\\\/image\\\/\"}}]}<\/script>\n<!-- \/ Yoast SEO plugin. -->","yoast_head_json":{"title":"Terminar y activar el autoresponder - Emailchef","description":"A\u00fan en la misma p\u00e1gina, usted puede a continuaci\u00f3n seleccionar a qu\u00e9 lista desea enviar el autoresponder. Recuerde que el email ser\u00e1 enviado s\u00f3lo a las direcciones de la lista que coincidan con las condiciones especificadas.","robots":{"index":"index","follow":"follow","max-snippet":"max-snippet:-1","max-image-preview":"max-image-preview:large","max-video-preview":"max-video-preview:-1"},"canonical":"https:\/\/www.emailchef.com\/es\/base-de-conocimiento\/terminar-y-activar-el-autoresponder\/","twitter_misc":{"Tiempo de lectura":"2 minutos"},"schema":{"@context":"https:\/\/schema.org","@graph":[{"@type":"WebPage","@id":"https:\/\/www.emailchef.com\/es\/base-de-conocimiento\/terminar-y-activar-el-autoresponder\/","url":"https:\/\/www.emailchef.com\/es\/base-de-conocimiento\/terminar-y-activar-el-autoresponder\/","name":"Terminar y activar el autoresponder - Emailchef","isPartOf":{"@id":"https:\/\/www.emailchef.com\/#website"},"primaryImageOfPage":{"@id":"https:\/\/www.emailchef.com\/es\/base-de-conocimiento\/terminar-y-activar-el-autoresponder\/#primaryimage"},"image":{"@id":"https:\/\/www.emailchef.com\/es\/base-de-conocimiento\/terminar-y-activar-el-autoresponder\/#primaryimage"},"thumbnailUrl":"https:\/\/emailchef.com\/wp-content\/uploads\/2021\/04\/Screenshot_138.jpg","datePublished":"2014-09-22T08:37:44+00:00","dateModified":"2021-07-27T15:34:53+00:00","description":"A\u00fan en la misma p\u00e1gina, usted puede a continuaci\u00f3n seleccionar a qu\u00e9 lista desea enviar el autoresponder. Recuerde que el email ser\u00e1 enviado s\u00f3lo a las direcciones de la lista que coincidan con las condiciones especificadas.","breadcrumb":{"@id":"https:\/\/www.emailchef.com\/es\/base-de-conocimiento\/terminar-y-activar-el-autoresponder\/#breadcrumb"},"inLanguage":"es","potentialAction":[{"@type":"ReadAction","target":["https:\/\/www.emailchef.com\/es\/base-de-conocimiento\/terminar-y-activar-el-autoresponder\/"]}]},{"@type":"ImageObject","inLanguage":"es","@id":"https:\/\/www.emailchef.com\/es\/base-de-conocimiento\/terminar-y-activar-el-autoresponder\/#primaryimage","url":"https:\/\/emailchef.com\/wp-content\/uploads\/2021\/04\/Screenshot_138.jpg","contentUrl":"https:\/\/emailchef.com\/wp-content\/uploads\/2021\/04\/Screenshot_138.jpg"},{"@type":"BreadcrumbList","@id":"https:\/\/www.emailchef.com\/es\/base-de-conocimiento\/terminar-y-activar-el-autoresponder\/#breadcrumb","itemListElement":[{"@type":"ListItem","position":1,"name":"Home","item":"https:\/\/www.emailchef.com\/es\/"},{"@type":"ListItem","position":2,"name":"Base de conocimiento","item":"https:\/\/www.emailchef.com\/es\/base-de-conocimiento\/"},{"@type":"ListItem","position":3,"name":"Terminar y activar el autoresponder"}]},{"@type":"WebSite","@id":"https:\/\/www.emailchef.com\/#website","url":"https:\/\/www.emailchef.com\/","name":"Emailchef","description":"Tasty recipes for email marketing","publisher":{"@id":"https:\/\/www.emailchef.com\/#organization"},"potentialAction":[{"@type":"SearchAction","target":{"@type":"EntryPoint","urlTemplate":"https:\/\/www.emailchef.com\/?s={search_term_string}"},"query-input":{"@type":"PropertyValueSpecification","valueRequired":true,"valueName":"search_term_string"}}],"inLanguage":"es"},{"@type":"Organization","@id":"https:\/\/www.emailchef.com\/#organization","name":"Delivery Tech Corp.","url":"https:\/\/www.emailchef.com\/","logo":{"@type":"ImageObject","inLanguage":"es","@id":"https:\/\/www.emailchef.com\/#\/schema\/logo\/image\/","url":"https:\/\/www.emailchef.com\/wp-content\/uploads\/2022\/04\/logo-sama.png","contentUrl":"https:\/\/www.emailchef.com\/wp-content\/uploads\/2022\/04\/logo-sama.png","width":237,"height":80,"caption":"Delivery Tech Corp."},"image":{"@id":"https:\/\/www.emailchef.com\/#\/schema\/logo\/image\/"}}]}},"_links":{"self":[{"href":"https:\/\/www.emailchef.com\/es\/wp-json\/wp\/v2\/pages\/3139","targetHints":{"allow":["GET"]}}],"collection":[{"href":"https:\/\/www.emailchef.com\/es\/wp-json\/wp\/v2\/pages"}],"about":[{"href":"https:\/\/www.emailchef.com\/es\/wp-json\/wp\/v2\/types\/page"}],"author":[{"embeddable":true,"href":"https:\/\/www.emailchef.com\/es\/wp-json\/wp\/v2\/users\/5"}],"replies":[{"embeddable":true,"href":"https:\/\/www.emailchef.com\/es\/wp-json\/wp\/v2\/comments?post=3139"}],"version-history":[{"count":6,"href":"https:\/\/www.emailchef.com\/es\/wp-json\/wp\/v2\/pages\/3139\/revisions"}],"predecessor-version":[{"id":47290,"href":"https:\/\/www.emailchef.com\/es\/wp-json\/wp\/v2\/pages\/3139\/revisions\/47290"}],"up":[{"embeddable":true,"href":"https:\/\/www.emailchef.com\/es\/wp-json\/wp\/v2\/pages\/3110"}],"wp:attachment":[{"href":"https:\/\/www.emailchef.com\/es\/wp-json\/wp\/v2\/media?parent=3139"}],"wp:term":[{"taxonomy":"g1_relation_tag","embeddable":true,"href":"https:\/\/www.emailchef.com\/es\/wp-json\/wp\/v2\/g1_relation_tag?post=3139"}],"curies":[{"name":"wp","href":"https:\/\/api.w.org\/{rel}","templated":true}]}}