{"id":3121,"date":"2014-09-22T08:31:37","date_gmt":"2014-09-22T08:31:37","guid":{"rendered":"http:\/\/emailchef.com\/es\/?page_id=3121"},"modified":"2021-07-27T09:59:36","modified_gmt":"2021-07-27T09:59:36","slug":"cumplimiento-de-acta-can-spam","status":"publish","type":"page","link":"https:\/\/www.emailchef.com\/es\/base-de-conocimiento\/cumplimiento-de-acta-can-spam\/","title":{"rendered":"Cumplimiento de Acta CAN-SPAM"},"content":{"rendered":"<p><span style=\"font-weight: 400;\">Para agregar los datos requeridos en el <a href=\"https:\/\/emailchef.com\/es\/base-de-conocimiento\/registro-y-cumplimiento-de-la-ley-can-spam\/\">cumplimiento de la Ley CAN-SPAM<\/a>, debe enviar sus emails usando un <strong>remitente validado.<\/strong><\/span><\/p>\n<p><span style=\"font-weight: 400;\">En la secci\u00f3n &#8220;CONFIGURACI\u00d3N&#8221;, seleccione &#8220;REMITENTES VALIDADOS&#8221; del&nbsp; men\u00fa de la derecha. Haga clic en &#8220;AGREGAR UN NUEVO REMITENTE&#8221; e introduzca los datos requeridos por la Ley CAN-SPAM. Cuando haya terminado, s\u00f3lo haga clic en &#8220;GUARDAR&#8221;.<\/span><\/p>\n<p class=\"western\" lang=\"es-AR\"><a href=\"https:\/\/emailchef.com\/wp-content\/uploads\/2021\/03\/Screenshot_103.jpg\" rel=\"lightbox\"><img fetchpriority=\"high\" decoding=\"async\" class=\"alignnone wp-image-37868 size-full\" src=\"https:\/\/emailchef.com\/wp-content\/uploads\/2021\/03\/Screenshot_103.jpg\" alt=\"\" width=\"1506\" height=\"927\" srcset=\"https:\/\/www.emailchef.com\/wp-content\/uploads\/2021\/03\/Screenshot_103.jpg 1506w, https:\/\/www.emailchef.com\/wp-content\/uploads\/2021\/03\/Screenshot_103-300x185.jpg 300w, https:\/\/www.emailchef.com\/wp-content\/uploads\/2021\/03\/Screenshot_103-768x473.jpg 768w, https:\/\/www.emailchef.com\/wp-content\/uploads\/2021\/03\/Screenshot_103-1024x630.jpg 1024w, https:\/\/www.emailchef.com\/wp-content\/uploads\/2021\/03\/Screenshot_103-968x596.jpg 968w, https:\/\/www.emailchef.com\/wp-content\/uploads\/2021\/03\/Screenshot_103-636x391.jpg 636w, https:\/\/www.emailchef.com\/wp-content\/uploads\/2021\/03\/Screenshot_103-320x197.jpg 320w, https:\/\/www.emailchef.com\/wp-content\/uploads\/2021\/03\/Screenshot_103-239x147.jpg 239w\" sizes=\"(max-width: 1506px) 100vw, 1506px\" \/><\/a><\/p>\n<p><span style=\"font-weight: 400;\">Los datos que ingrese se reemplazar\u00e1n autom\u00e1ticamente en las <strong>etiquetas de la CAN-SPAM Act<\/strong> y aparecer\u00e1n en todos los emails que env\u00ede a sus destinatarios:<\/span><\/p>\n<p><a href=\"https:\/\/emailchef.com\/wp-content\/uploads\/2021\/03\/Screenshot_104.jpg\" rel=\"lightbox\"><img decoding=\"async\" class=\"alignnone wp-image-37884 size-full\" src=\"https:\/\/emailchef.com\/wp-content\/uploads\/2021\/03\/Screenshot_104.jpg\" alt=\"\" width=\"664\" height=\"215\" srcset=\"https:\/\/www.emailchef.com\/wp-content\/uploads\/2021\/03\/Screenshot_104.jpg 664w, https:\/\/www.emailchef.com\/wp-content\/uploads\/2021\/03\/Screenshot_104-300x97.jpg 300w, https:\/\/www.emailchef.com\/wp-content\/uploads\/2021\/03\/Screenshot_104-636x206.jpg 636w, https:\/\/www.emailchef.com\/wp-content\/uploads\/2021\/03\/Screenshot_104-320x104.jpg 320w, https:\/\/www.emailchef.com\/wp-content\/uploads\/2021\/03\/Screenshot_104-239x77.jpg 239w\" sizes=\"(max-width: 664px) 100vw, 664px\" \/><\/a><\/p>\n<p><span style=\"font-weight: 400;\">Para agregar estos elementos importantes a su plantilla, vaya a la secci\u00f3n &#8220;BLOQUES&#8221; en el editor Drag &amp; Drop y seleccione &#8220;Pie de p\u00e1gina&#8221;. Encontrar\u00e1 los bloques que contienen tanto las etiquetas de la CAN-SPAM como el <strong>link para desuscribirse:<\/strong><\/span><\/p>\n<p><a href=\"https:\/\/emailchef.com\/wp-content\/uploads\/2021\/03\/Screenshot_105.jpg\" rel=\"lightbox\"><img decoding=\"async\" class=\"alignnone wp-image-37900 size-full\" src=\"https:\/\/emailchef.com\/wp-content\/uploads\/2021\/03\/Screenshot_105.jpg\" alt=\"\" width=\"1506\" height=\"927\" srcset=\"https:\/\/www.emailchef.com\/wp-content\/uploads\/2021\/03\/Screenshot_105.jpg 1506w, https:\/\/www.emailchef.com\/wp-content\/uploads\/2021\/03\/Screenshot_105-300x185.jpg 300w, https:\/\/www.emailchef.com\/wp-content\/uploads\/2021\/03\/Screenshot_105-768x473.jpg 768w, https:\/\/www.emailchef.com\/wp-content\/uploads\/2021\/03\/Screenshot_105-1024x630.jpg 1024w, https:\/\/www.emailchef.com\/wp-content\/uploads\/2021\/03\/Screenshot_105-968x596.jpg 968w, https:\/\/www.emailchef.com\/wp-content\/uploads\/2021\/03\/Screenshot_105-636x391.jpg 636w, https:\/\/www.emailchef.com\/wp-content\/uploads\/2021\/03\/Screenshot_105-320x197.jpg 320w, https:\/\/www.emailchef.com\/wp-content\/uploads\/2021\/03\/Screenshot_105-239x147.jpg 239w\" sizes=\"(max-width: 1506px) 100vw, 1506px\" \/><\/a><\/p>\n<p><span style=\"font-weight: 400;\">Los bloques est\u00e1n disponibles en varios idiomas, y se identifican con una bandera. Arrastre y suelte el bloque en el idioma que desee. La Ley CAN-SPAM generalmente se inserta en el pie de p\u00e1gina del bolet\u00edn.<\/span><\/p>\n<p><span style=\"font-weight: 400;\">Para enviar emails desde y hacia Alemania, debe <a href=\"https:\/\/youtu.be\/eumVoFage04\">cumplir adem\u00e1s con la CSA<\/a>. Los bloques de la CAN-SPAM tambi\u00e9n contienen las etiquetas CSA.<\/span><span style=\"font-weight: 400;\"><br \/>\n<\/span><\/p>\n<p><span style=\"font-weight: 400;\">Para obtener m\u00e1s informaci\u00f3n sobre la CAN-SPAM ACT y la CSA, le recomendamos ver estos videos tutoriales:<\/span><\/p>\n<div style=\"text-align: center;\"><div class=\"centered\" style=\"position:relative;padding-bottom:56.25%;height:0;overflow:hidden;\">\n                <iframe\n                    src=\"https:\/\/www.youtube-nocookie.com\/embed\/RBc9JRpbLTg\"\n                    title=\"YouTube video\"\n                    style=\"position:absolute;top:0;left:0;width:100%;height:100%;\"\n                    frameborder=\"0\"\n                    allow=\"accelerometer; autoplay; clipboard-write; encrypted-media; gyroscope; picture-in-picture; web-share\"\n                    allowfullscreen\n                    loading=\"lazy\">\n                <\/iframe>\n            <\/div><\/div>\n<div style=\"text-align: center;\"><div class=\"centered\" style=\"position:relative;padding-bottom:56.25%;height:0;overflow:hidden;\">\n                <iframe\n                    src=\"https:\/\/www.youtube-nocookie.com\/embed\/b3gg5UCJmw8\"\n                    title=\"YouTube video\"\n                    style=\"position:absolute;top:0;left:0;width:100%;height:100%;\"\n                    frameborder=\"0\"\n                    allow=\"accelerometer; autoplay; clipboard-write; encrypted-media; gyroscope; picture-in-picture; web-share\"\n                    allowfullscreen\n                    loading=\"lazy\">\n                <\/iframe>\n            <\/div><\/div>\n","protected":false},"excerpt":{"rendered":"<p>Para agregar los datos requeridos en el cumplimiento de la Ley CAN-SPAM, debe enviar sus emails usando un remitente validado. En la secci\u00f3n &#8220;CONFIGURACI\u00d3N&#8221;, seleccione &#8220;REMITENTES VALIDADOS&#8221; del&nbsp; men\u00fa de la derecha. Haga clic en &#8220;AGREGAR UN NUEVO REMITENTE&#8221; e introduzca los datos requeridos por la Ley CAN-SPAM. Cuando haya terminado, s\u00f3lo haga clic en [&hellip;]<\/p>\n","protected":false},"author":5,"featured_media":0,"parent":3110,"menu_order":0,"comment_status":"closed","ping_status":"closed","template":"","meta":{"_acf_changed":false,"inline_featured_image":false,"footnotes":""},"g1_relation_tag":[],"class_list":["post-3121","page","type-page","status-publish","hentry"],"acf":[],"yoast_head":"<!-- This site is optimized with the Yoast SEO plugin v27.5 - https:\/\/yoast.com\/product\/yoast-seo-wordpress\/ -->\n<title>Cumplimiento de Acta CAN-SPAM - Emailchef<\/title>\n<meta name=\"description\" content=\"Para cumplir con las leyes americanas contra el spam (la denominada Acta CAN-SPAM) y enviar su newsletter en forma legal, usted necesita agregar una direcci\u00f3n postal v\u00e1lida y un v\u00ednculo de desuscripci\u00f3n.\" \/>\n<meta name=\"robots\" content=\"index, follow, max-snippet:-1, max-image-preview:large, max-video-preview:-1\" \/>\n<link rel=\"canonical\" href=\"https:\/\/www.emailchef.com\/es\/base-de-conocimiento\/cumplimiento-de-acta-can-spam\/\" \/>\n<meta name=\"twitter:label1\" content=\"Tiempo de lectura\" \/>\n\t<meta name=\"twitter:data1\" content=\"2 minutos\" \/>\n<script type=\"application\/ld+json\" class=\"yoast-schema-graph\">{\"@context\":\"https:\\\/\\\/schema.org\",\"@graph\":[{\"@type\":\"WebPage\",\"@id\":\"https:\\\/\\\/www.emailchef.com\\\/es\\\/base-de-conocimiento\\\/cumplimiento-de-acta-can-spam\\\/\",\"url\":\"https:\\\/\\\/www.emailchef.com\\\/es\\\/base-de-conocimiento\\\/cumplimiento-de-acta-can-spam\\\/\",\"name\":\"Cumplimiento de Acta CAN-SPAM - Emailchef\",\"isPartOf\":{\"@id\":\"https:\\\/\\\/www.emailchef.com\\\/#website\"},\"primaryImageOfPage\":{\"@id\":\"https:\\\/\\\/www.emailchef.com\\\/es\\\/base-de-conocimiento\\\/cumplimiento-de-acta-can-spam\\\/#primaryimage\"},\"image\":{\"@id\":\"https:\\\/\\\/www.emailchef.com\\\/es\\\/base-de-conocimiento\\\/cumplimiento-de-acta-can-spam\\\/#primaryimage\"},\"thumbnailUrl\":\"https:\\\/\\\/emailchef.com\\\/wp-content\\\/uploads\\\/2021\\\/03\\\/Screenshot_103.jpg\",\"datePublished\":\"2014-09-22T08:31:37+00:00\",\"dateModified\":\"2021-07-27T09:59:36+00:00\",\"description\":\"Para cumplir con las leyes americanas contra el spam (la denominada Acta CAN-SPAM) y enviar su newsletter en forma legal, usted necesita agregar una direcci\u00f3n postal v\u00e1lida y un v\u00ednculo de desuscripci\u00f3n.\",\"breadcrumb\":{\"@id\":\"https:\\\/\\\/www.emailchef.com\\\/es\\\/base-de-conocimiento\\\/cumplimiento-de-acta-can-spam\\\/#breadcrumb\"},\"inLanguage\":\"es\",\"potentialAction\":[{\"@type\":\"ReadAction\",\"target\":[\"https:\\\/\\\/www.emailchef.com\\\/es\\\/base-de-conocimiento\\\/cumplimiento-de-acta-can-spam\\\/\"]}]},{\"@type\":\"ImageObject\",\"inLanguage\":\"es\",\"@id\":\"https:\\\/\\\/www.emailchef.com\\\/es\\\/base-de-conocimiento\\\/cumplimiento-de-acta-can-spam\\\/#primaryimage\",\"url\":\"https:\\\/\\\/emailchef.com\\\/wp-content\\\/uploads\\\/2021\\\/03\\\/Screenshot_103.jpg\",\"contentUrl\":\"https:\\\/\\\/emailchef.com\\\/wp-content\\\/uploads\\\/2021\\\/03\\\/Screenshot_103.jpg\"},{\"@type\":\"BreadcrumbList\",\"@id\":\"https:\\\/\\\/www.emailchef.com\\\/es\\\/base-de-conocimiento\\\/cumplimiento-de-acta-can-spam\\\/#breadcrumb\",\"itemListElement\":[{\"@type\":\"ListItem\",\"position\":1,\"name\":\"Home\",\"item\":\"https:\\\/\\\/www.emailchef.com\\\/es\\\/\"},{\"@type\":\"ListItem\",\"position\":2,\"name\":\"Base de conocimiento\",\"item\":\"https:\\\/\\\/www.emailchef.com\\\/es\\\/base-de-conocimiento\\\/\"},{\"@type\":\"ListItem\",\"position\":3,\"name\":\"Cumplimiento de Acta CAN-SPAM\"}]},{\"@type\":\"WebSite\",\"@id\":\"https:\\\/\\\/www.emailchef.com\\\/#website\",\"url\":\"https:\\\/\\\/www.emailchef.com\\\/\",\"name\":\"Emailchef\",\"description\":\"Tasty recipes for email marketing\",\"publisher\":{\"@id\":\"https:\\\/\\\/www.emailchef.com\\\/#organization\"},\"potentialAction\":[{\"@type\":\"SearchAction\",\"target\":{\"@type\":\"EntryPoint\",\"urlTemplate\":\"https:\\\/\\\/www.emailchef.com\\\/?s={search_term_string}\"},\"query-input\":{\"@type\":\"PropertyValueSpecification\",\"valueRequired\":true,\"valueName\":\"search_term_string\"}}],\"inLanguage\":\"es\"},{\"@type\":\"Organization\",\"@id\":\"https:\\\/\\\/www.emailchef.com\\\/#organization\",\"name\":\"Delivery Tech Corp.\",\"url\":\"https:\\\/\\\/www.emailchef.com\\\/\",\"logo\":{\"@type\":\"ImageObject\",\"inLanguage\":\"es\",\"@id\":\"https:\\\/\\\/www.emailchef.com\\\/#\\\/schema\\\/logo\\\/image\\\/\",\"url\":\"https:\\\/\\\/www.emailchef.com\\\/wp-content\\\/uploads\\\/2022\\\/04\\\/logo-sama.png\",\"contentUrl\":\"https:\\\/\\\/www.emailchef.com\\\/wp-content\\\/uploads\\\/2022\\\/04\\\/logo-sama.png\",\"width\":237,\"height\":80,\"caption\":\"Delivery Tech Corp.\"},\"image\":{\"@id\":\"https:\\\/\\\/www.emailchef.com\\\/#\\\/schema\\\/logo\\\/image\\\/\"}}]}<\/script>\n<!-- \/ Yoast SEO plugin. -->","yoast_head_json":{"title":"Cumplimiento de Acta CAN-SPAM - Emailchef","description":"Para cumplir con las leyes americanas contra el spam (la denominada Acta CAN-SPAM) y enviar su newsletter en forma legal, usted necesita agregar una direcci\u00f3n postal v\u00e1lida y un v\u00ednculo de desuscripci\u00f3n.","robots":{"index":"index","follow":"follow","max-snippet":"max-snippet:-1","max-image-preview":"max-image-preview:large","max-video-preview":"max-video-preview:-1"},"canonical":"https:\/\/www.emailchef.com\/es\/base-de-conocimiento\/cumplimiento-de-acta-can-spam\/","twitter_misc":{"Tiempo de lectura":"2 minutos"},"schema":{"@context":"https:\/\/schema.org","@graph":[{"@type":"WebPage","@id":"https:\/\/www.emailchef.com\/es\/base-de-conocimiento\/cumplimiento-de-acta-can-spam\/","url":"https:\/\/www.emailchef.com\/es\/base-de-conocimiento\/cumplimiento-de-acta-can-spam\/","name":"Cumplimiento de Acta CAN-SPAM - Emailchef","isPartOf":{"@id":"https:\/\/www.emailchef.com\/#website"},"primaryImageOfPage":{"@id":"https:\/\/www.emailchef.com\/es\/base-de-conocimiento\/cumplimiento-de-acta-can-spam\/#primaryimage"},"image":{"@id":"https:\/\/www.emailchef.com\/es\/base-de-conocimiento\/cumplimiento-de-acta-can-spam\/#primaryimage"},"thumbnailUrl":"https:\/\/emailchef.com\/wp-content\/uploads\/2021\/03\/Screenshot_103.jpg","datePublished":"2014-09-22T08:31:37+00:00","dateModified":"2021-07-27T09:59:36+00:00","description":"Para cumplir con las leyes americanas contra el spam (la denominada Acta CAN-SPAM) y enviar su newsletter en forma legal, usted necesita agregar una direcci\u00f3n postal v\u00e1lida y un v\u00ednculo de desuscripci\u00f3n.","breadcrumb":{"@id":"https:\/\/www.emailchef.com\/es\/base-de-conocimiento\/cumplimiento-de-acta-can-spam\/#breadcrumb"},"inLanguage":"es","potentialAction":[{"@type":"ReadAction","target":["https:\/\/www.emailchef.com\/es\/base-de-conocimiento\/cumplimiento-de-acta-can-spam\/"]}]},{"@type":"ImageObject","inLanguage":"es","@id":"https:\/\/www.emailchef.com\/es\/base-de-conocimiento\/cumplimiento-de-acta-can-spam\/#primaryimage","url":"https:\/\/emailchef.com\/wp-content\/uploads\/2021\/03\/Screenshot_103.jpg","contentUrl":"https:\/\/emailchef.com\/wp-content\/uploads\/2021\/03\/Screenshot_103.jpg"},{"@type":"BreadcrumbList","@id":"https:\/\/www.emailchef.com\/es\/base-de-conocimiento\/cumplimiento-de-acta-can-spam\/#breadcrumb","itemListElement":[{"@type":"ListItem","position":1,"name":"Home","item":"https:\/\/www.emailchef.com\/es\/"},{"@type":"ListItem","position":2,"name":"Base de conocimiento","item":"https:\/\/www.emailchef.com\/es\/base-de-conocimiento\/"},{"@type":"ListItem","position":3,"name":"Cumplimiento de Acta CAN-SPAM"}]},{"@type":"WebSite","@id":"https:\/\/www.emailchef.com\/#website","url":"https:\/\/www.emailchef.com\/","name":"Emailchef","description":"Tasty recipes for email marketing","publisher":{"@id":"https:\/\/www.emailchef.com\/#organization"},"potentialAction":[{"@type":"SearchAction","target":{"@type":"EntryPoint","urlTemplate":"https:\/\/www.emailchef.com\/?s={search_term_string}"},"query-input":{"@type":"PropertyValueSpecification","valueRequired":true,"valueName":"search_term_string"}}],"inLanguage":"es"},{"@type":"Organization","@id":"https:\/\/www.emailchef.com\/#organization","name":"Delivery Tech Corp.","url":"https:\/\/www.emailchef.com\/","logo":{"@type":"ImageObject","inLanguage":"es","@id":"https:\/\/www.emailchef.com\/#\/schema\/logo\/image\/","url":"https:\/\/www.emailchef.com\/wp-content\/uploads\/2022\/04\/logo-sama.png","contentUrl":"https:\/\/www.emailchef.com\/wp-content\/uploads\/2022\/04\/logo-sama.png","width":237,"height":80,"caption":"Delivery Tech Corp."},"image":{"@id":"https:\/\/www.emailchef.com\/#\/schema\/logo\/image\/"}}]}},"_links":{"self":[{"href":"https:\/\/www.emailchef.com\/es\/wp-json\/wp\/v2\/pages\/3121","targetHints":{"allow":["GET"]}}],"collection":[{"href":"https:\/\/www.emailchef.com\/es\/wp-json\/wp\/v2\/pages"}],"about":[{"href":"https:\/\/www.emailchef.com\/es\/wp-json\/wp\/v2\/types\/page"}],"author":[{"embeddable":true,"href":"https:\/\/www.emailchef.com\/es\/wp-json\/wp\/v2\/users\/5"}],"replies":[{"embeddable":true,"href":"https:\/\/www.emailchef.com\/es\/wp-json\/wp\/v2\/comments?post=3121"}],"version-history":[{"count":6,"href":"https:\/\/www.emailchef.com\/es\/wp-json\/wp\/v2\/pages\/3121\/revisions"}],"predecessor-version":[{"id":46944,"href":"https:\/\/www.emailchef.com\/es\/wp-json\/wp\/v2\/pages\/3121\/revisions\/46944"}],"up":[{"embeddable":true,"href":"https:\/\/www.emailchef.com\/es\/wp-json\/wp\/v2\/pages\/3110"}],"wp:attachment":[{"href":"https:\/\/www.emailchef.com\/es\/wp-json\/wp\/v2\/media?parent=3121"}],"wp:term":[{"taxonomy":"g1_relation_tag","embeddable":true,"href":"https:\/\/www.emailchef.com\/es\/wp-json\/wp\/v2\/g1_relation_tag?post=3121"}],"curies":[{"name":"wp","href":"https:\/\/api.w.org\/{rel}","templated":true}]}}