{"id":3108,"date":"2014-09-18T10:02:50","date_gmt":"2014-09-18T10:02:50","guid":{"rendered":"http:\/\/emailchef.com\/es\/?page_id=3108"},"modified":"2021-07-09T08:59:57","modified_gmt":"2021-07-09T08:59:57","slug":"formulario-de-email-html","status":"publish","type":"page","link":"https:\/\/www.emailchef.com\/es\/formulario-de-email-html\/","title":{"rendered":"Formulario de email HTML"},"content":{"rendered":"<p class=\"western\" lang=\"es-AR\">Un <strong>formulario de email HTML<\/strong> a\u00fan representa la forma m\u00e1s segura para obtener direcciones para comenzar a enviar una campa\u00f1a de marketing por email. La idea es extremadamente simple: usted coloca un formulario de registro HTML en su sitio web, para <strong>proveer una forma de suscripci\u00f3n<\/strong> directa a sus usuarios. Pero c\u00f3mo crearlo?<\/p>\n<p class=\"western\"><span lang=\"es-AR\">F\u00e1cil: Emailchef&nbsp;ofrece un <strong>editor de formularios de registro<\/strong> intuitivo para ayudarle a hacerlo en minutos, con una simple serie de drags and drops (sin codificaci\u00f3n HTML!). Usted puede crear formularios de suscripci\u00f3n simple o confirmada ilimitados con diferentes tipos de campos y modificar sus colores, fuentes y tama\u00f1os; tambi\u00e9n es f\u00e1cil agregar un pie (por ejemplo un v\u00ednculo a su pol\u00edtica de privacidad).<\/span><\/p>\n<p class=\"western\" lang=\"es-AR\">Luego sugerimos colocar el formulario de suscripci\u00f3n a email HTML en un lugar <strong>relevante de su sitio web<\/strong> \u2013 por ejemplo en la esquina superior derecha. Toda la informaci\u00f3n obtenida de esta forma ser\u00e1 <strong>autom\u00e1ticamente procesada<\/strong> por Emailchef, y almacenada en una lista que usted puede luego modificar o segmentar como lo desee para mejorar sus campa\u00f1as de email. Cada lista posee su propio formulario de suscripci\u00f3n, pero por supuesto usted puede asociar una lista a m\u00e1s formularios.<\/p>\n<p class=\"western\">\n","protected":false},"excerpt":{"rendered":"<p>An HTML email form is the safest way to collect addresses to start an email marketing campaign. Here&#8217;s how to craft a bulletproof one in seconds.<\/p>\n","protected":false},"author":5,"featured_media":0,"parent":0,"menu_order":168,"comment_status":"closed","ping_status":"closed","template":"","meta":{"_acf_changed":false,"inline_featured_image":false,"footnotes":""},"g1_relation_tag":[18],"class_list":["post-3108","page","type-page","status-publish","hentry","g1_relation_tag-newsletter-subscription-form"],"acf":[],"yoast_head":"<!-- This site is optimized with the Yoast SEO plugin v27.5 - https:\/\/yoast.com\/product\/yoast-seo-wordpress\/ -->\n<title>Formulario de email HTML - Emailchef<\/title>\n<meta name=\"description\" content=\"Un formulario de email HTML a\u00fan representa la forma m\u00e1s segura para obtener direcciones para comenzar a enviar una campa\u00f1a de marketing por email.\" \/>\n<meta name=\"robots\" content=\"index, follow, max-snippet:-1, max-image-preview:large, max-video-preview:-1\" \/>\n<link rel=\"canonical\" href=\"https:\/\/www.emailchef.com\/es\/formulario-de-email-html\/\" \/>\n<meta name=\"twitter:label1\" content=\"Tiempo de lectura\" \/>\n\t<meta name=\"twitter:data1\" content=\"1 minuto\" \/>\n<script type=\"application\/ld+json\" class=\"yoast-schema-graph\">{\"@context\":\"https:\\\/\\\/schema.org\",\"@graph\":[{\"@type\":\"WebPage\",\"@id\":\"https:\\\/\\\/www.emailchef.com\\\/es\\\/formulario-de-email-html\\\/\",\"url\":\"https:\\\/\\\/www.emailchef.com\\\/es\\\/formulario-de-email-html\\\/\",\"name\":\"Formulario de email HTML - Emailchef\",\"isPartOf\":{\"@id\":\"https:\\\/\\\/www.emailchef.com\\\/#website\"},\"datePublished\":\"2014-09-18T10:02:50+00:00\",\"dateModified\":\"2021-07-09T08:59:57+00:00\",\"description\":\"Un formulario de email HTML a\u00fan representa la forma m\u00e1s segura para obtener direcciones para comenzar a enviar una campa\u00f1a de marketing por email.\",\"breadcrumb\":{\"@id\":\"https:\\\/\\\/www.emailchef.com\\\/es\\\/formulario-de-email-html\\\/#breadcrumb\"},\"inLanguage\":\"es\",\"potentialAction\":[{\"@type\":\"ReadAction\",\"target\":[\"https:\\\/\\\/www.emailchef.com\\\/es\\\/formulario-de-email-html\\\/\"]}]},{\"@type\":\"BreadcrumbList\",\"@id\":\"https:\\\/\\\/www.emailchef.com\\\/es\\\/formulario-de-email-html\\\/#breadcrumb\",\"itemListElement\":[{\"@type\":\"ListItem\",\"position\":1,\"name\":\"Home\",\"item\":\"https:\\\/\\\/www.emailchef.com\\\/es\\\/\"},{\"@type\":\"ListItem\",\"position\":2,\"name\":\"Formulario de email HTML\"}]},{\"@type\":\"WebSite\",\"@id\":\"https:\\\/\\\/www.emailchef.com\\\/#website\",\"url\":\"https:\\\/\\\/www.emailchef.com\\\/\",\"name\":\"Emailchef\",\"description\":\"Tasty recipes for email marketing\",\"publisher\":{\"@id\":\"https:\\\/\\\/www.emailchef.com\\\/#organization\"},\"potentialAction\":[{\"@type\":\"SearchAction\",\"target\":{\"@type\":\"EntryPoint\",\"urlTemplate\":\"https:\\\/\\\/www.emailchef.com\\\/?s={search_term_string}\"},\"query-input\":{\"@type\":\"PropertyValueSpecification\",\"valueRequired\":true,\"valueName\":\"search_term_string\"}}],\"inLanguage\":\"es\"},{\"@type\":\"Organization\",\"@id\":\"https:\\\/\\\/www.emailchef.com\\\/#organization\",\"name\":\"Delivery Tech Corp.\",\"url\":\"https:\\\/\\\/www.emailchef.com\\\/\",\"logo\":{\"@type\":\"ImageObject\",\"inLanguage\":\"es\",\"@id\":\"https:\\\/\\\/www.emailchef.com\\\/#\\\/schema\\\/logo\\\/image\\\/\",\"url\":\"https:\\\/\\\/www.emailchef.com\\\/wp-content\\\/uploads\\\/2022\\\/04\\\/logo-sama.png\",\"contentUrl\":\"https:\\\/\\\/www.emailchef.com\\\/wp-content\\\/uploads\\\/2022\\\/04\\\/logo-sama.png\",\"width\":237,\"height\":80,\"caption\":\"Delivery Tech Corp.\"},\"image\":{\"@id\":\"https:\\\/\\\/www.emailchef.com\\\/#\\\/schema\\\/logo\\\/image\\\/\"}}]}<\/script>\n<!-- \/ Yoast SEO plugin. -->","yoast_head_json":{"title":"Formulario de email HTML - Emailchef","description":"Un formulario de email HTML a\u00fan representa la forma m\u00e1s segura para obtener direcciones para comenzar a enviar una campa\u00f1a de marketing por email.","robots":{"index":"index","follow":"follow","max-snippet":"max-snippet:-1","max-image-preview":"max-image-preview:large","max-video-preview":"max-video-preview:-1"},"canonical":"https:\/\/www.emailchef.com\/es\/formulario-de-email-html\/","twitter_misc":{"Tiempo de lectura":"1 minuto"},"schema":{"@context":"https:\/\/schema.org","@graph":[{"@type":"WebPage","@id":"https:\/\/www.emailchef.com\/es\/formulario-de-email-html\/","url":"https:\/\/www.emailchef.com\/es\/formulario-de-email-html\/","name":"Formulario de email HTML - Emailchef","isPartOf":{"@id":"https:\/\/www.emailchef.com\/#website"},"datePublished":"2014-09-18T10:02:50+00:00","dateModified":"2021-07-09T08:59:57+00:00","description":"Un formulario de email HTML a\u00fan representa la forma m\u00e1s segura para obtener direcciones para comenzar a enviar una campa\u00f1a de marketing por email.","breadcrumb":{"@id":"https:\/\/www.emailchef.com\/es\/formulario-de-email-html\/#breadcrumb"},"inLanguage":"es","potentialAction":[{"@type":"ReadAction","target":["https:\/\/www.emailchef.com\/es\/formulario-de-email-html\/"]}]},{"@type":"BreadcrumbList","@id":"https:\/\/www.emailchef.com\/es\/formulario-de-email-html\/#breadcrumb","itemListElement":[{"@type":"ListItem","position":1,"name":"Home","item":"https:\/\/www.emailchef.com\/es\/"},{"@type":"ListItem","position":2,"name":"Formulario de email HTML"}]},{"@type":"WebSite","@id":"https:\/\/www.emailchef.com\/#website","url":"https:\/\/www.emailchef.com\/","name":"Emailchef","description":"Tasty recipes for email marketing","publisher":{"@id":"https:\/\/www.emailchef.com\/#organization"},"potentialAction":[{"@type":"SearchAction","target":{"@type":"EntryPoint","urlTemplate":"https:\/\/www.emailchef.com\/?s={search_term_string}"},"query-input":{"@type":"PropertyValueSpecification","valueRequired":true,"valueName":"search_term_string"}}],"inLanguage":"es"},{"@type":"Organization","@id":"https:\/\/www.emailchef.com\/#organization","name":"Delivery Tech Corp.","url":"https:\/\/www.emailchef.com\/","logo":{"@type":"ImageObject","inLanguage":"es","@id":"https:\/\/www.emailchef.com\/#\/schema\/logo\/image\/","url":"https:\/\/www.emailchef.com\/wp-content\/uploads\/2022\/04\/logo-sama.png","contentUrl":"https:\/\/www.emailchef.com\/wp-content\/uploads\/2022\/04\/logo-sama.png","width":237,"height":80,"caption":"Delivery Tech Corp."},"image":{"@id":"https:\/\/www.emailchef.com\/#\/schema\/logo\/image\/"}}]}},"_links":{"self":[{"href":"https:\/\/www.emailchef.com\/es\/wp-json\/wp\/v2\/pages\/3108","targetHints":{"allow":["GET"]}}],"collection":[{"href":"https:\/\/www.emailchef.com\/es\/wp-json\/wp\/v2\/pages"}],"about":[{"href":"https:\/\/www.emailchef.com\/es\/wp-json\/wp\/v2\/types\/page"}],"author":[{"embeddable":true,"href":"https:\/\/www.emailchef.com\/es\/wp-json\/wp\/v2\/users\/5"}],"replies":[{"embeddable":true,"href":"https:\/\/www.emailchef.com\/es\/wp-json\/wp\/v2\/comments?post=3108"}],"version-history":[{"count":5,"href":"https:\/\/www.emailchef.com\/es\/wp-json\/wp\/v2\/pages\/3108\/revisions"}],"predecessor-version":[{"id":45136,"href":"https:\/\/www.emailchef.com\/es\/wp-json\/wp\/v2\/pages\/3108\/revisions\/45136"}],"wp:attachment":[{"href":"https:\/\/www.emailchef.com\/es\/wp-json\/wp\/v2\/media?parent=3108"}],"wp:term":[{"taxonomy":"g1_relation_tag","embeddable":true,"href":"https:\/\/www.emailchef.com\/es\/wp-json\/wp\/v2\/g1_relation_tag?post=3108"}],"curies":[{"name":"wp","href":"https:\/\/api.w.org\/{rel}","templated":true}]}}