{"id":3013,"date":"2016-02-08T10:36:50","date_gmt":"2016-02-08T10:36:50","guid":{"rendered":"http:\/\/emailchef.com\/es\/?page_id=3013"},"modified":"2016-12-29T10:45:35","modified_gmt":"2016-12-29T10:45:35","slug":"solicitar-propuesta-personalizada","status":"publish","type":"page","link":"https:\/\/www.emailchef.com\/es\/solicitar-propuesta-personalizada\/","title":{"rendered":"Solicitar una propuesta personalizada"},"content":{"rendered":"<div id=\"\" class=\"g1-lead  \" >\n<p class=\"western\" lang=\"es-AR\">Si usted necesita enviar grandes cantidades y desea un plan mayor a los que proponemos, escr\u00edbanos algunas l\u00edneas para explicar sus necesidades. Estaremos complacidos en encontrar la mejor soluci\u00f3n para usted.<\/p>\n<\/div>\n<p>[contact-form-7 id=&#8221;3015&#8243; title=&#8221;Solicitar una propuesta personalizada&#8221;]<\/p>\n","protected":false},"excerpt":{"rendered":"<p>[contact-form-7 id=&#8221;3015&#8243; title=&#8221;Solicitar una propuesta personalizada&#8221;]<\/p>\n","protected":false},"author":5,"featured_media":0,"parent":0,"menu_order":51,"comment_status":"closed","ping_status":"closed","template":"g1_template_page_sidebar_right.php","meta":{"_acf_changed":false,"inline_featured_image":false,"footnotes":""},"g1_relation_tag":[],"class_list":["post-3013","page","type-page","status-publish","hentry"],"acf":[],"yoast_head":"<!-- This site is optimized with the Yoast SEO plugin v27.5 - https:\/\/yoast.com\/product\/yoast-seo-wordpress\/ -->\n<title>Solicitar una propuesta personalizada - Emailchef<\/title>\n<meta name=\"robots\" content=\"index, follow, max-snippet:-1, max-image-preview:large, max-video-preview:-1\" \/>\n<link rel=\"canonical\" href=\"https:\/\/www.emailchef.com\/es\/solicitar-propuesta-personalizada\/\" \/>\n<script type=\"application\/ld+json\" class=\"yoast-schema-graph\">{\"@context\":\"https:\\\/\\\/schema.org\",\"@graph\":[{\"@type\":\"WebPage\",\"@id\":\"https:\\\/\\\/www.emailchef.com\\\/es\\\/solicitar-propuesta-personalizada\\\/\",\"url\":\"https:\\\/\\\/www.emailchef.com\\\/es\\\/solicitar-propuesta-personalizada\\\/\",\"name\":\"Solicitar una propuesta personalizada - Emailchef\",\"isPartOf\":{\"@id\":\"https:\\\/\\\/www.emailchef.com\\\/#website\"},\"datePublished\":\"2016-02-08T10:36:50+00:00\",\"dateModified\":\"2016-12-29T10:45:35+00:00\",\"breadcrumb\":{\"@id\":\"https:\\\/\\\/www.emailchef.com\\\/es\\\/solicitar-propuesta-personalizada\\\/#breadcrumb\"},\"inLanguage\":\"es\",\"potentialAction\":[{\"@type\":\"ReadAction\",\"target\":[\"https:\\\/\\\/www.emailchef.com\\\/es\\\/solicitar-propuesta-personalizada\\\/\"]}]},{\"@type\":\"BreadcrumbList\",\"@id\":\"https:\\\/\\\/www.emailchef.com\\\/es\\\/solicitar-propuesta-personalizada\\\/#breadcrumb\",\"itemListElement\":[{\"@type\":\"ListItem\",\"position\":1,\"name\":\"Home\",\"item\":\"https:\\\/\\\/www.emailchef.com\\\/es\\\/\"},{\"@type\":\"ListItem\",\"position\":2,\"name\":\"Solicitar una propuesta personalizada\"}]},{\"@type\":\"WebSite\",\"@id\":\"https:\\\/\\\/www.emailchef.com\\\/#website\",\"url\":\"https:\\\/\\\/www.emailchef.com\\\/\",\"name\":\"Emailchef\",\"description\":\"Tasty recipes for email marketing\",\"publisher\":{\"@id\":\"https:\\\/\\\/www.emailchef.com\\\/#organization\"},\"potentialAction\":[{\"@type\":\"SearchAction\",\"target\":{\"@type\":\"EntryPoint\",\"urlTemplate\":\"https:\\\/\\\/www.emailchef.com\\\/?s={search_term_string}\"},\"query-input\":{\"@type\":\"PropertyValueSpecification\",\"valueRequired\":true,\"valueName\":\"search_term_string\"}}],\"inLanguage\":\"es\"},{\"@type\":\"Organization\",\"@id\":\"https:\\\/\\\/www.emailchef.com\\\/#organization\",\"name\":\"Delivery Tech Corp.\",\"url\":\"https:\\\/\\\/www.emailchef.com\\\/\",\"logo\":{\"@type\":\"ImageObject\",\"inLanguage\":\"es\",\"@id\":\"https:\\\/\\\/www.emailchef.com\\\/#\\\/schema\\\/logo\\\/image\\\/\",\"url\":\"https:\\\/\\\/www.emailchef.com\\\/wp-content\\\/uploads\\\/2022\\\/04\\\/logo-sama.png\",\"contentUrl\":\"https:\\\/\\\/www.emailchef.com\\\/wp-content\\\/uploads\\\/2022\\\/04\\\/logo-sama.png\",\"width\":237,\"height\":80,\"caption\":\"Delivery Tech Corp.\"},\"image\":{\"@id\":\"https:\\\/\\\/www.emailchef.com\\\/#\\\/schema\\\/logo\\\/image\\\/\"}}]}<\/script>\n<!-- \/ Yoast SEO plugin. -->","yoast_head_json":{"title":"Solicitar una propuesta personalizada - Emailchef","robots":{"index":"index","follow":"follow","max-snippet":"max-snippet:-1","max-image-preview":"max-image-preview:large","max-video-preview":"max-video-preview:-1"},"canonical":"https:\/\/www.emailchef.com\/es\/solicitar-propuesta-personalizada\/","schema":{"@context":"https:\/\/schema.org","@graph":[{"@type":"WebPage","@id":"https:\/\/www.emailchef.com\/es\/solicitar-propuesta-personalizada\/","url":"https:\/\/www.emailchef.com\/es\/solicitar-propuesta-personalizada\/","name":"Solicitar una propuesta personalizada - Emailchef","isPartOf":{"@id":"https:\/\/www.emailchef.com\/#website"},"datePublished":"2016-02-08T10:36:50+00:00","dateModified":"2016-12-29T10:45:35+00:00","breadcrumb":{"@id":"https:\/\/www.emailchef.com\/es\/solicitar-propuesta-personalizada\/#breadcrumb"},"inLanguage":"es","potentialAction":[{"@type":"ReadAction","target":["https:\/\/www.emailchef.com\/es\/solicitar-propuesta-personalizada\/"]}]},{"@type":"BreadcrumbList","@id":"https:\/\/www.emailchef.com\/es\/solicitar-propuesta-personalizada\/#breadcrumb","itemListElement":[{"@type":"ListItem","position":1,"name":"Home","item":"https:\/\/www.emailchef.com\/es\/"},{"@type":"ListItem","position":2,"name":"Solicitar una propuesta personalizada"}]},{"@type":"WebSite","@id":"https:\/\/www.emailchef.com\/#website","url":"https:\/\/www.emailchef.com\/","name":"Emailchef","description":"Tasty recipes for email marketing","publisher":{"@id":"https:\/\/www.emailchef.com\/#organization"},"potentialAction":[{"@type":"SearchAction","target":{"@type":"EntryPoint","urlTemplate":"https:\/\/www.emailchef.com\/?s={search_term_string}"},"query-input":{"@type":"PropertyValueSpecification","valueRequired":true,"valueName":"search_term_string"}}],"inLanguage":"es"},{"@type":"Organization","@id":"https:\/\/www.emailchef.com\/#organization","name":"Delivery Tech Corp.","url":"https:\/\/www.emailchef.com\/","logo":{"@type":"ImageObject","inLanguage":"es","@id":"https:\/\/www.emailchef.com\/#\/schema\/logo\/image\/","url":"https:\/\/www.emailchef.com\/wp-content\/uploads\/2022\/04\/logo-sama.png","contentUrl":"https:\/\/www.emailchef.com\/wp-content\/uploads\/2022\/04\/logo-sama.png","width":237,"height":80,"caption":"Delivery Tech Corp."},"image":{"@id":"https:\/\/www.emailchef.com\/#\/schema\/logo\/image\/"}}]}},"_links":{"self":[{"href":"https:\/\/www.emailchef.com\/es\/wp-json\/wp\/v2\/pages\/3013","targetHints":{"allow":["GET"]}}],"collection":[{"href":"https:\/\/www.emailchef.com\/es\/wp-json\/wp\/v2\/pages"}],"about":[{"href":"https:\/\/www.emailchef.com\/es\/wp-json\/wp\/v2\/types\/page"}],"author":[{"embeddable":true,"href":"https:\/\/www.emailchef.com\/es\/wp-json\/wp\/v2\/users\/5"}],"replies":[{"embeddable":true,"href":"https:\/\/www.emailchef.com\/es\/wp-json\/wp\/v2\/comments?post=3013"}],"version-history":[{"count":2,"href":"https:\/\/www.emailchef.com\/es\/wp-json\/wp\/v2\/pages\/3013\/revisions"}],"predecessor-version":[{"id":3016,"href":"https:\/\/www.emailchef.com\/es\/wp-json\/wp\/v2\/pages\/3013\/revisions\/3016"}],"wp:attachment":[{"href":"https:\/\/www.emailchef.com\/es\/wp-json\/wp\/v2\/media?parent=3013"}],"wp:term":[{"taxonomy":"g1_relation_tag","embeddable":true,"href":"https:\/\/www.emailchef.com\/es\/wp-json\/wp\/v2\/g1_relation_tag?post=3013"}],"curies":[{"name":"wp","href":"https:\/\/api.w.org\/{rel}","templated":true}]}}