{"id":7179,"date":"2018-05-18T08:54:41","date_gmt":"2018-05-18T08:54:41","guid":{"rendered":"https:\/\/emailchef.com\/datenschutzerklarung-eu-verordnung-2016-79-dsgvo\/basic-information\/"},"modified":"2026-05-10T17:52:53","modified_gmt":"2026-05-10T17:52:53","slug":"grundsaetzliche-information","status":"publish","type":"page","link":"https:\/\/www.emailchef.com\/de\/datenschutzerklarung-eu-verordnung-2016-79-dsgvo\/grundsaetzliche-information\/","title":{"rendered":"Grunds\u00e4tzliche Information"},"content":{"rendered":"<p><img fetchpriority=\"high\" decoding=\"async\" class=\"noBorders aligncenter wp-image-7029 size-full\" src=\"https:\/\/emailchef.com\/wp-content\/uploads\/2018\/05\/gdpr-base.png\" alt=\"\" width=\"1280\" height=\"700\" srcset=\"https:\/\/www.emailchef.com\/wp-content\/uploads\/2018\/05\/gdpr-base.png 1280w, https:\/\/www.emailchef.com\/wp-content\/uploads\/2018\/05\/gdpr-base-300x164.png 300w, https:\/\/www.emailchef.com\/wp-content\/uploads\/2018\/05\/gdpr-base-1024x560.png 1024w, https:\/\/www.emailchef.com\/wp-content\/uploads\/2018\/05\/gdpr-base-768x420.png 768w\" sizes=\"(max-width: 1280px) 100vw, 1280px\" \/><\/p>\n<ul class=\"g1-grid\"><li class=\"g1-column g1-one-fourth g1-valign-top\">\n<h4>Wer wir sind<\/h4>\n<\/li><!-- -->\n<li class=\"g1-column g1-three-fourth g1-valign-top\">\n<p>Edisplay Srl ist ein in Italien ans\u00e4ssiges Unternehmen, das Dienstleistungen auf globaler Ebene anbietet. Auf allen unseren Websites finden Sie Verweise auf Edisplay Srl als einzige Anlaufstelle f\u00fcr unsere Kunden.<\/p>\n\n<ul id=\"\" class=\"g1-list g1-list--icon g1-list--simple \">\n<li><i class=\"fa fa-arrow-circle-right g1-list__icon\"><\/i><strong>Edisplay Srl, Viale del lavoro 53, 08023, Fonni (NU) &#8211; Italy<\/strong><\/li>\n<\/ul>\n\n<\/li><!-- --><\/ul>\n<div  class=\"g1-divider g1-divider--none g1-divider--noicon \"><\/div>\n<ul class=\"g1-grid\"><li class=\"g1-column g1-one-fourth g1-valign-top\">\n<h4>Umfang der Einhaltung von Datenschutz- und Sicherheitsvorschriften \u2013 europ\u00e4ische Anforderungen<\/h4>\n<\/li><!-- -->\n<li class=\"g1-column g1-three-fourth g1-valign-top\">\n<p>Edisplay Srl erf\u00fcllt vollst\u00e4ndig die europ\u00e4ischen Datenschutz- und Datensicherheitsvorschriften.<br \/>\n<strong>Diese Mitteilung gilt nur, wenn Edisplay Srl Kundeninformationen mit Kontaktlisten verarbeitet, die personenbezogene Daten von EU-Rechtspersonen enthalten. F\u00fcr alle anderen Kunden gelten die Datenschutzgesetze des Landes, in dem die erhobenen Informationen verwendet werden.<\/strong><br \/>\nWir legen stets gro\u00dfen Wert auf die Sicherheit und den Datenschutz unserer Kunden weltweit und haben daher die erforderlichen Ma\u00dfnahmen ergriffen, um den transparentesten und sichersten Service zu gew\u00e4hrleisten. Dies umfasst die vollst\u00e4ndige Einhaltung der Datenschutzrichtlinie 2016\/679 EU, die seit dem 25. Mai in Kraft ist.<br \/>\nDurch die Nutzung unserer Websites und Dienste verstehen Sie und stimmen Sie der Erhebung, Speicherung und Verarbeitung Ihrer Daten gem\u00e4\u00df den in dieser Erkl\u00e4rung beschriebenen Bedingungen und Methoden zu.<br \/>\nZum Schutz der Daten europ\u00e4ischer B\u00fcrger, die von unseren Nutzern in unsere Systeme eingegeben werden, wenden wir ein Modell f\u00fcr einen Datenverarbeitungsvertrag (DPA) an. Wir legen die Verarbeitungsmethoden, die Zusammenarbeit und die Servicebedingungen fest, die wir \u00fcbernommen haben.<br \/>\nRegistrierte EU-Nutzer (ob Abonnenten oder Nutzer unserer kostenlosen Versionen), die Edisplay Srl f\u00fcr gewerbliche Zwecke verwenden, m\u00fcssen unserem DPR beitreten, um unsere Anwendungen weiterhin nutzen zu k\u00f6nnen.<\/p>\n<\/li><!-- --><\/ul>\n<div  class=\"g1-divider g1-divider--none g1-divider--noicon \"><\/div>\n<ul class=\"g1-grid\"><li class=\"g1-column g1-one-fourth g1-valign-top\">\n<h4>Verantwortlicher f\u00fcr die Datenverarbeitung<\/h4>\n<\/li><!-- -->\n<li class=\"g1-column g1-three-fourth g1-valign-top\">\n<p>Bei Edisplay Srl handeln wir auch als Verantwortliche f\u00fcr die Datenverarbeitung, jedoch nur, wenn wir Ihre personenbezogenen Daten f\u00fcr eigene Zwecke im Rahmen der Erbringung der von Ihnen erworbenen Dienstleistungen erheben. In diesem Moment entsteht eine direkte Beziehung zwischen Ihnen und uns.<br \/>\nAls Verantwortliche f\u00fcr die Datenverarbeitung gew\u00e4hrleisten wir die Einhaltung der Vorschriften zum Schutz personenbezogener Daten. Wir stellen alle erforderlichen Informationen \u00fcber die Datenverarbeitung bereit, sowohl direkt und freiwillig mitgeteilte Informationen als auch alle Informationen, die unser System w\u00e4hrend der Navigation auf der Website und der Nutzung unserer Dienste erhebt.<br \/>\nKonkret ist der Datenverarbeitungsverantwortliche f\u00fcr Edisplay Srl unser Administrator, der vom Datenschutzbeauftragten (DPO) ernannt wird und die Einhaltung der durch die DSGVO auferlegten Vorschriften gew\u00e4hrleistet.<br \/>\nDer Datenverarbeitungsverantwortliche kann jederzeit unter folgender E-Mail-Adresse kontaktiert werden: <a href=\"mailto:privacy@edisplay.it\" target=\"_blank\" rel=\"noopener\">privacy@edisplay.it<\/a>.<\/p>\n<\/li><!-- --><\/ul>\n<div  class=\"g1-divider g1-divider--none g1-divider--noicon \"><\/div>\n<ul class=\"g1-grid\"><li class=\"g1-column g1-one-fourth g1-valign-top\">\n<h4>Auftragsverarbeiter<\/h4>\n<\/li><!-- -->\n<li class=\"g1-column g1-three-fourth g1-valign-top\">\n<p>Wenn Sie unsere Dienste nutzen, k\u00f6nnen Sie Informationen in Ihr System importieren, zusammen mit den personenbezogenen Daten, die Sie von Ihren Abonnenten oder anderen Personen erhoben haben. Da in diesem Fall keine direkte Beziehung zu unseren Mitgliedern oder anderen Personen au\u00dfer Ihnen besteht, werden Sie zum Verantwortlichen f\u00fcr die Datenverarbeitung. Es liegt in Ihrer Verantwortung sicherzustellen, dass Sie \u00fcber die entsprechenden Genehmigungen zur Erhebung und Verarbeitung der Daten der verschiedenen betroffenen Personen verf\u00fcgen.<br \/>\nIn \u00dcbereinstimmung mit der Nutzung der verarbeiteten personenbezogenen Daten schlie\u00dfen Sie unseren Datenschutzvertrag (DPR) mit Edisplay Srl als Dienstleister f\u00fcr Ihre Abonnenten \u00fcber unsere Plattformen ab. Der Vertrag gew\u00e4hrleistet die ordnungsgem\u00e4\u00dfe Nutzung der Daten mit den jeweiligen Garantien, die wir als Auftragsverarbeiter bereitstellen.<br \/>\nIn diesem Fall speichern wir personenbezogene Daten, die im Auftrag unserer Nutzer verarbeitet werden, solange dies erforderlich ist, um:<\/p>\n\n<ul id=\"\" class=\"g1-list g1-list--upper-alpha g1-list--none \">\n<li>unsere Dienste bereitzustellen;<\/li>\n<li>unseren gesetzlichen Verpflichtungen nachzukommen;<\/li>\n<li>Streitigkeiten beizulegen;<\/li>\n<li>Missbrauch zu verhindern;<\/li>\n<li>unsere Vereinbarungen zu gew\u00e4hrleisten.<\/li>\n<\/ul>\n\n<\/li><!-- --><\/ul>\n","protected":false},"excerpt":{"rendered":"","protected":false},"author":2,"featured_media":0,"parent":7174,"menu_order":0,"comment_status":"closed","ping_status":"closed","template":"","meta":{"_acf_changed":false,"inline_featured_image":false,"footnotes":""},"g1_relation_tag":[],"class_list":["post-7179","page","type-page","status-publish","hentry"],"acf":[],"yoast_head":"<!-- This site is optimized with the Yoast SEO plugin v27.5 - https:\/\/yoast.com\/product\/yoast-seo-wordpress\/ -->\n<title>Grunds\u00e4tzliche Information - Emailchef<\/title>\n<meta name=\"robots\" content=\"index, follow, max-snippet:-1, max-image-preview:large, max-video-preview:-1\" \/>\n<link rel=\"canonical\" href=\"https:\/\/www.emailchef.com\/de\/datenschutzerklarung-eu-verordnung-2016-79-dsgvo\/grundsaetzliche-information\/\" \/>\n<meta name=\"twitter:label1\" content=\"Gesch\u00e4tzte Lesezeit\" \/>\n\t<meta name=\"twitter:data1\" content=\"3 Minuten\" \/>\n<script type=\"application\/ld+json\" class=\"yoast-schema-graph\">{\"@context\":\"https:\\\/\\\/schema.org\",\"@graph\":[{\"@type\":\"WebPage\",\"@id\":\"https:\\\/\\\/www.emailchef.com\\\/de\\\/datenschutzerklarung-eu-verordnung-2016-79-dsgvo\\\/grundsaetzliche-information\\\/\",\"url\":\"https:\\\/\\\/www.emailchef.com\\\/de\\\/datenschutzerklarung-eu-verordnung-2016-79-dsgvo\\\/grundsaetzliche-information\\\/\",\"name\":\"Grunds\u00e4tzliche Information - Emailchef\",\"isPartOf\":{\"@id\":\"https:\\\/\\\/www.emailchef.com\\\/#website\"},\"primaryImageOfPage\":{\"@id\":\"https:\\\/\\\/www.emailchef.com\\\/de\\\/datenschutzerklarung-eu-verordnung-2016-79-dsgvo\\\/grundsaetzliche-information\\\/#primaryimage\"},\"image\":{\"@id\":\"https:\\\/\\\/www.emailchef.com\\\/de\\\/datenschutzerklarung-eu-verordnung-2016-79-dsgvo\\\/grundsaetzliche-information\\\/#primaryimage\"},\"thumbnailUrl\":\"https:\\\/\\\/emailchef.com\\\/wp-content\\\/uploads\\\/2018\\\/05\\\/gdpr-base.png\",\"datePublished\":\"2018-05-18T08:54:41+00:00\",\"dateModified\":\"2026-05-10T17:52:53+00:00\",\"breadcrumb\":{\"@id\":\"https:\\\/\\\/www.emailchef.com\\\/de\\\/datenschutzerklarung-eu-verordnung-2016-79-dsgvo\\\/grundsaetzliche-information\\\/#breadcrumb\"},\"inLanguage\":\"de-DE\",\"potentialAction\":[{\"@type\":\"ReadAction\",\"target\":[\"https:\\\/\\\/www.emailchef.com\\\/de\\\/datenschutzerklarung-eu-verordnung-2016-79-dsgvo\\\/grundsaetzliche-information\\\/\"]}]},{\"@type\":\"ImageObject\",\"inLanguage\":\"de-DE\",\"@id\":\"https:\\\/\\\/www.emailchef.com\\\/de\\\/datenschutzerklarung-eu-verordnung-2016-79-dsgvo\\\/grundsaetzliche-information\\\/#primaryimage\",\"url\":\"https:\\\/\\\/emailchef.com\\\/wp-content\\\/uploads\\\/2018\\\/05\\\/gdpr-base.png\",\"contentUrl\":\"https:\\\/\\\/emailchef.com\\\/wp-content\\\/uploads\\\/2018\\\/05\\\/gdpr-base.png\"},{\"@type\":\"BreadcrumbList\",\"@id\":\"https:\\\/\\\/www.emailchef.com\\\/de\\\/datenschutzerklarung-eu-verordnung-2016-79-dsgvo\\\/grundsaetzliche-information\\\/#breadcrumb\",\"itemListElement\":[{\"@type\":\"ListItem\",\"position\":1,\"name\":\"Home\",\"item\":\"https:\\\/\\\/www.emailchef.com\\\/de\\\/\"},{\"@type\":\"ListItem\",\"position\":2,\"name\":\"DSGVO &#8211; Einf\u00fchrung &#8211; Ziele\",\"item\":\"https:\\\/\\\/www.emailchef.com\\\/de\\\/datenschutzerklarung-eu-verordnung-2016-79-dsgvo\\\/\"},{\"@type\":\"ListItem\",\"position\":3,\"name\":\"Grunds\u00e4tzliche Information\"}]},{\"@type\":\"WebSite\",\"@id\":\"https:\\\/\\\/www.emailchef.com\\\/#website\",\"url\":\"https:\\\/\\\/www.emailchef.com\\\/\",\"name\":\"Emailchef\",\"description\":\"K\u00f6stliche Rezepte f\u00fcr E-Mail-Marketing\",\"publisher\":{\"@id\":\"https:\\\/\\\/www.emailchef.com\\\/#organization\"},\"potentialAction\":[{\"@type\":\"SearchAction\",\"target\":{\"@type\":\"EntryPoint\",\"urlTemplate\":\"https:\\\/\\\/www.emailchef.com\\\/?s={search_term_string}\"},\"query-input\":{\"@type\":\"PropertyValueSpecification\",\"valueRequired\":true,\"valueName\":\"search_term_string\"}}],\"inLanguage\":\"de-DE\"},{\"@type\":\"Organization\",\"@id\":\"https:\\\/\\\/www.emailchef.com\\\/#organization\",\"name\":\"Delivery Tech Corp.\",\"url\":\"https:\\\/\\\/www.emailchef.com\\\/\",\"logo\":{\"@type\":\"ImageObject\",\"inLanguage\":\"de-DE\",\"@id\":\"https:\\\/\\\/www.emailchef.com\\\/#\\\/schema\\\/logo\\\/image\\\/\",\"url\":\"https:\\\/\\\/www.emailchef.com\\\/wp-content\\\/uploads\\\/2022\\\/04\\\/logo-sama.png\",\"contentUrl\":\"https:\\\/\\\/www.emailchef.com\\\/wp-content\\\/uploads\\\/2022\\\/04\\\/logo-sama.png\",\"width\":237,\"height\":80,\"caption\":\"Delivery Tech Corp.\"},\"image\":{\"@id\":\"https:\\\/\\\/www.emailchef.com\\\/#\\\/schema\\\/logo\\\/image\\\/\"}}]}<\/script>\n<!-- \/ Yoast SEO plugin. -->","yoast_head_json":{"title":"Grunds\u00e4tzliche Information - Emailchef","robots":{"index":"index","follow":"follow","max-snippet":"max-snippet:-1","max-image-preview":"max-image-preview:large","max-video-preview":"max-video-preview:-1"},"canonical":"https:\/\/www.emailchef.com\/de\/datenschutzerklarung-eu-verordnung-2016-79-dsgvo\/grundsaetzliche-information\/","twitter_misc":{"Gesch\u00e4tzte Lesezeit":"3 Minuten"},"schema":{"@context":"https:\/\/schema.org","@graph":[{"@type":"WebPage","@id":"https:\/\/www.emailchef.com\/de\/datenschutzerklarung-eu-verordnung-2016-79-dsgvo\/grundsaetzliche-information\/","url":"https:\/\/www.emailchef.com\/de\/datenschutzerklarung-eu-verordnung-2016-79-dsgvo\/grundsaetzliche-information\/","name":"Grunds\u00e4tzliche Information - Emailchef","isPartOf":{"@id":"https:\/\/www.emailchef.com\/#website"},"primaryImageOfPage":{"@id":"https:\/\/www.emailchef.com\/de\/datenschutzerklarung-eu-verordnung-2016-79-dsgvo\/grundsaetzliche-information\/#primaryimage"},"image":{"@id":"https:\/\/www.emailchef.com\/de\/datenschutzerklarung-eu-verordnung-2016-79-dsgvo\/grundsaetzliche-information\/#primaryimage"},"thumbnailUrl":"https:\/\/emailchef.com\/wp-content\/uploads\/2018\/05\/gdpr-base.png","datePublished":"2018-05-18T08:54:41+00:00","dateModified":"2026-05-10T17:52:53+00:00","breadcrumb":{"@id":"https:\/\/www.emailchef.com\/de\/datenschutzerklarung-eu-verordnung-2016-79-dsgvo\/grundsaetzliche-information\/#breadcrumb"},"inLanguage":"de-DE","potentialAction":[{"@type":"ReadAction","target":["https:\/\/www.emailchef.com\/de\/datenschutzerklarung-eu-verordnung-2016-79-dsgvo\/grundsaetzliche-information\/"]}]},{"@type":"ImageObject","inLanguage":"de-DE","@id":"https:\/\/www.emailchef.com\/de\/datenschutzerklarung-eu-verordnung-2016-79-dsgvo\/grundsaetzliche-information\/#primaryimage","url":"https:\/\/emailchef.com\/wp-content\/uploads\/2018\/05\/gdpr-base.png","contentUrl":"https:\/\/emailchef.com\/wp-content\/uploads\/2018\/05\/gdpr-base.png"},{"@type":"BreadcrumbList","@id":"https:\/\/www.emailchef.com\/de\/datenschutzerklarung-eu-verordnung-2016-79-dsgvo\/grundsaetzliche-information\/#breadcrumb","itemListElement":[{"@type":"ListItem","position":1,"name":"Home","item":"https:\/\/www.emailchef.com\/de\/"},{"@type":"ListItem","position":2,"name":"DSGVO &#8211; Einf\u00fchrung &#8211; Ziele","item":"https:\/\/www.emailchef.com\/de\/datenschutzerklarung-eu-verordnung-2016-79-dsgvo\/"},{"@type":"ListItem","position":3,"name":"Grunds\u00e4tzliche Information"}]},{"@type":"WebSite","@id":"https:\/\/www.emailchef.com\/#website","url":"https:\/\/www.emailchef.com\/","name":"Emailchef","description":"K\u00f6stliche Rezepte f\u00fcr E-Mail-Marketing","publisher":{"@id":"https:\/\/www.emailchef.com\/#organization"},"potentialAction":[{"@type":"SearchAction","target":{"@type":"EntryPoint","urlTemplate":"https:\/\/www.emailchef.com\/?s={search_term_string}"},"query-input":{"@type":"PropertyValueSpecification","valueRequired":true,"valueName":"search_term_string"}}],"inLanguage":"de-DE"},{"@type":"Organization","@id":"https:\/\/www.emailchef.com\/#organization","name":"Delivery Tech Corp.","url":"https:\/\/www.emailchef.com\/","logo":{"@type":"ImageObject","inLanguage":"de-DE","@id":"https:\/\/www.emailchef.com\/#\/schema\/logo\/image\/","url":"https:\/\/www.emailchef.com\/wp-content\/uploads\/2022\/04\/logo-sama.png","contentUrl":"https:\/\/www.emailchef.com\/wp-content\/uploads\/2022\/04\/logo-sama.png","width":237,"height":80,"caption":"Delivery Tech Corp."},"image":{"@id":"https:\/\/www.emailchef.com\/#\/schema\/logo\/image\/"}}]}},"_links":{"self":[{"href":"https:\/\/www.emailchef.com\/de\/wp-json\/wp\/v2\/pages\/7179","targetHints":{"allow":["GET"]}}],"collection":[{"href":"https:\/\/www.emailchef.com\/de\/wp-json\/wp\/v2\/pages"}],"about":[{"href":"https:\/\/www.emailchef.com\/de\/wp-json\/wp\/v2\/types\/page"}],"author":[{"embeddable":true,"href":"https:\/\/www.emailchef.com\/de\/wp-json\/wp\/v2\/users\/2"}],"replies":[{"embeddable":true,"href":"https:\/\/www.emailchef.com\/de\/wp-json\/wp\/v2\/comments?post=7179"}],"version-history":[{"count":10,"href":"https:\/\/www.emailchef.com\/de\/wp-json\/wp\/v2\/pages\/7179\/revisions"}],"predecessor-version":[{"id":98340,"href":"https:\/\/www.emailchef.com\/de\/wp-json\/wp\/v2\/pages\/7179\/revisions\/98340"}],"up":[{"embeddable":true,"href":"https:\/\/www.emailchef.com\/de\/wp-json\/wp\/v2\/pages\/7174"}],"wp:attachment":[{"href":"https:\/\/www.emailchef.com\/de\/wp-json\/wp\/v2\/media?parent=7179"}],"wp:term":[{"taxonomy":"g1_relation_tag","embeddable":true,"href":"https:\/\/www.emailchef.com\/de\/wp-json\/wp\/v2\/g1_relation_tag?post=7179"}],"curies":[{"name":"wp","href":"https:\/\/api.w.org\/{rel}","templated":true}]}}