{"id":53835,"date":"2020-07-16T13:36:17","date_gmt":"2020-07-16T13:36:17","guid":{"rendered":"https:\/\/speed.emailchef.com\/e-mail-vorlagen\/"},"modified":"2026-04-21T15:58:59","modified_gmt":"2026-04-21T15:58:59","slug":"e-mail-vorlagen","status":"publish","type":"page","link":"https:\/\/www.emailchef.com\/de\/e-mail-vorlagen\/","title":{"rendered":"E-Mail-Vorlagen"},"content":{"rendered":"\t\t<div data-elementor-type=\"wp-page\" data-elementor-id=\"53835\" class=\"elementor elementor-53835 elementor-21622\" data-elementor-post-type=\"page\">\n\t\t\t\t\t\t<section class=\"elementor-section elementor-top-section elementor-element elementor-element-286b42ad elementor-section-boxed elementor-section-height-default elementor-section-height-default\" data-id=\"286b42ad\" data-element_type=\"section\" data-e-type=\"section\">\n\t\t\t\t\t\t<div class=\"elementor-container elementor-column-gap-default\">\n\t\t\t\t\t<div class=\"elementor-column elementor-col-100 elementor-top-column elementor-element elementor-element-4d3dace5\" data-id=\"4d3dace5\" data-element_type=\"column\" data-e-type=\"column\">\n\t\t\t<div class=\"elementor-widget-wrap elementor-element-populated\">\n\t\t\t\t\t\t<div class=\"elementor-element elementor-element-79de106e elementor-widget elementor-widget-text-editor\" data-id=\"79de106e\" data-element_type=\"widget\" data-e-type=\"widget\" data-widget_type=\"text-editor.default\">\n\t\t\t\t<div class=\"elementor-widget-container\">\n\t\t\t\t\t\t\t\t\t<style>\r\n\t.ec_templates div.gallery {\r\n\t  border: 1px solid #ccc;\r\n\t\tposition: relative;\r\n\t\toverflow: hidden;\r\n\t\tmargin-bottom: 20px;\r\n\t}\r\n\t.ec_templates div.gallery:hover {\r\n\t  border: 1px solid #777;\r\n\t}\r\n\t.ec_templates div.gallery img {\r\n\t\ttransition: .5s;\r\n\t  width: 100%;\r\n\t  height: auto;\r\n\t\tdisplay: block;\r\n\t}\r\n\t.ec_templates div.gallery:hover img{\r\n\t  transform: scale(1.1);\r\n\t}\r\n\t.ec_templates div.desc {\r\n\t\twidth: 100%;\r\n\t\tbottom: -150px;\r\n\t\tposition: absolute;\r\n\t\tpadding: 15px 10px;\r\n\t\ttext-align: center;\r\n\t\tleft: 0;\r\n\t\tcolor: #FFFFFF;\r\n\t\tbackground-color: #899399;\r\n\t\ttransition: .5s;\r\n\t\t-webkit-box-shadow: 0px 0px 16px 0px rgba(0,0,0,0.33); \r\n\t\tbox-shadow: 0px 0px 16px 0px rgba(0,0,0,0.33);\r\n\t}\r\n\t.ec_templates .gallery:hover div.desc {\r\n\t\tbottom: 0;\r\n\t}\r\n\t.ec_templates * {\r\n\t  box-sizing: border-box;\r\n\t}\r\n\t.ec_templates-button{\r\n\t\tposition: absolute;\r\n\t\twidth: 100%;\r\n\t\theight: 100%;\r\n\t\tdisplay: flex;\r\n\t\ttop: 0;\r\n\t\tleft: 0;\r\n\t\talign-items: center;\r\n\t\tjustify-content: center;\r\n\t}\r\n\t.ec_templates a{\r\n\t\ttransition: .5s;\r\n\t\tdisplay: flex;\r\n\t\twidth: 100%;\r\n\t\theight: 100%;\r\n\t\tposition: relative;\r\n\t\ttop: 0;\r\n\t\tbottom: 0;\r\n\t\tleft: 0;\r\n\t\talign-items: center;\r\n\t\tjustify-content: center;\r\n\t}\r\n\t.ec_templates .responsive {\r\n\t  padding: 0 10px;\r\n\t  float: left;\r\n\t  width: 24.99999%;\r\n\t}\r\n\t.ec_templates .elementor-button-content-wrapper{\r\n\t\tdisplay: -webkit-box;\r\n\t\tdisplay: -ms-flexbox;\r\n\t\tdisplay: flex;\r\n\t\t-webkit-box-pack: center;\r\n\t\t-ms-flex-pack: center;\r\n\t\tjustify-content: center;\r\n\t\twidth: 100%;\r\n\t\theight: 100%;\r\n\t\tposition: absolute;\r\n\t\ttop: 0;\r\n\t\talign-items: center;\r\n\t}\r\n\t.ec_templates .elementor-button{\r\n\t\tbackground-color: #23244E;\r\n\t}\r\n\t@media only screen and (max-width: 1024px) {\r\n\t  .ec_templates .responsive {\r\n\t\twidth: 32.99999%;\r\n\t\tmargin: 6px 0;\r\n\t  }\r\n\t}\r\n\t@media only screen and (max-width: 600px) {\r\n\t  .ec_templates .responsive {\r\n\t\twidth: 100%;\r\n\t  }\r\n\t}\r\n\t\r\n<\/style>\r\n<div class=\"ec_templates clearfix\">\r\n<\/div>\r\n\t\t\t\t\t\t\t\t<\/div>\n\t\t\t\t<\/div>\n\t\t\t\t\t<\/div>\n\t\t<\/div>\n\t\t\t\t\t<\/div>\n\t\t<\/section>\n\t\t\t\t<section class=\"elementor-section elementor-top-section elementor-element elementor-element-79189824 elementor-section-boxed elementor-section-height-default elementor-section-height-default\" data-id=\"79189824\" data-element_type=\"section\" data-e-type=\"section\">\n\t\t\t\t\t\t<div class=\"elementor-container elementor-column-gap-default\">\n\t\t\t\t\t<div class=\"elementor-column elementor-col-100 elementor-top-column elementor-element elementor-element-98ce761\" data-id=\"98ce761\" data-element_type=\"column\" data-e-type=\"column\">\n\t\t\t<div class=\"elementor-widget-wrap elementor-element-populated\">\n\t\t\t\t\t\t<div class=\"elementor-element elementor-element-7259d972 elementor-widget elementor-widget-text-editor\" data-id=\"7259d972\" data-element_type=\"widget\" data-e-type=\"widget\" data-widget_type=\"text-editor.default\">\n\t\t\t\t<div class=\"elementor-widget-container\">\n\t\t\t\t\t\t\t\t\t<p>Unter den mehr <strong>als  Vorlagen<\/strong>, alle sorgf\u00e4ltig getestet und nach Kategorien sortiert, finden Sie sicher die Richtige f\u00fcr Ihre Anforderungen&#8230; aber damit nicht genug!<\/p>\t\t\t\t\t\t\t\t<\/div>\n\t\t\t\t<\/div>\n\t\t\t\t\t<\/div>\n\t\t<\/div>\n\t\t\t\t\t<\/div>\n\t\t<\/section>\n\t\t\t\t<section class=\"elementor-section elementor-top-section elementor-element elementor-element-37d5014d elementor-section-boxed elementor-section-height-default elementor-section-height-default\" data-id=\"37d5014d\" data-element_type=\"section\" data-e-type=\"section\">\n\t\t\t\t\t\t<div class=\"elementor-container elementor-column-gap-default\">\n\t\t\t\t\t<div class=\"elementor-column elementor-col-100 elementor-top-column elementor-element elementor-element-485624dd\" data-id=\"485624dd\" data-element_type=\"column\" data-e-type=\"column\">\n\t\t\t<div class=\"elementor-widget-wrap elementor-element-populated\">\n\t\t\t\t\t\t<div class=\"elementor-element elementor-element-4f2b5c86 elementor-widget elementor-widget-text-editor\" data-id=\"4f2b5c86\" data-element_type=\"widget\" data-e-type=\"widget\" data-widget_type=\"text-editor.default\">\n\t\t\t\t<div class=\"elementor-widget-container\">\n\t\t\t\t\t\t\t\t\t<p>Und voil\u00e0&#8230; der Newsletter ist serviert!<\/p>\t\t\t\t\t\t\t\t<\/div>\n\t\t\t\t<\/div>\n\t\t\t\t\t<\/div>\n\t\t<\/div>\n\t\t\t\t\t<\/div>\n\t\t<\/section>\n\t\t\t\t<\/div>\n\t\t","protected":false},"excerpt":{"rendered":"<p>Unter den mehr als Vorlagen, alle sorgf\u00e4ltig getestet und nach Kategorien sortiert, finden Sie sicher die Richtige f\u00fcr Ihre Anforderungen&#8230; aber damit nicht genug! Und voil\u00e0&#8230; der Newsletter ist serviert!<\/p>\n","protected":false},"author":2,"featured_media":0,"parent":0,"menu_order":0,"comment_status":"closed","ping_status":"closed","template":"","meta":{"_acf_changed":false,"inline_featured_image":false,"footnotes":""},"g1_relation_tag":[],"class_list":["post-53835","page","type-page","status-publish","hentry"],"acf":[],"yoast_head":"<!-- This site is optimized with the Yoast SEO plugin v27.5 - https:\/\/yoast.com\/product\/yoast-seo-wordpress\/ -->\n<title>E-Mail-Vorlagen-Builder \u2014 Drag &amp; Drop Editor | Emailchef<\/title>\n<meta name=\"description\" content=\"W\u00e4hlen Sie eine Vorlage und passen Sie sie mit Emailchefs Drag &amp; Drop Editor an. Zugang zu 1000+ Designs \u2014 jetzt kostenlos registrieren und loslegen.\" \/>\n<meta name=\"robots\" content=\"index, follow, max-snippet:-1, max-image-preview:large, max-video-preview:-1\" \/>\n<link rel=\"canonical\" href=\"https:\/\/www.emailchef.com\/de\/e-mail-vorlagen\/\" \/>\n<meta name=\"twitter:label1\" content=\"Gesch\u00e4tzte Lesezeit\" \/>\n\t<meta name=\"twitter:data1\" content=\"1 Minute\" \/>\n<script type=\"application\/ld+json\" class=\"yoast-schema-graph\">{\"@context\":\"https:\\\/\\\/schema.org\",\"@graph\":[{\"@type\":\"WebPage\",\"@id\":\"https:\\\/\\\/www.emailchef.com\\\/de\\\/e-mail-vorlagen\\\/\",\"url\":\"https:\\\/\\\/www.emailchef.com\\\/de\\\/e-mail-vorlagen\\\/\",\"name\":\"E-Mail-Vorlagen-Builder \u2014 Drag & Drop Editor | Emailchef\",\"isPartOf\":{\"@id\":\"https:\\\/\\\/www.emailchef.com\\\/#website\"},\"datePublished\":\"2020-07-16T13:36:17+00:00\",\"dateModified\":\"2026-04-21T15:58:59+00:00\",\"description\":\"W\u00e4hlen Sie eine Vorlage und passen Sie sie mit Emailchefs Drag & Drop Editor an. Zugang zu 1000+ Designs \u2014 jetzt kostenlos registrieren und loslegen.\",\"breadcrumb\":{\"@id\":\"https:\\\/\\\/www.emailchef.com\\\/de\\\/e-mail-vorlagen\\\/#breadcrumb\"},\"inLanguage\":\"de-DE\",\"potentialAction\":[{\"@type\":\"ReadAction\",\"target\":[\"https:\\\/\\\/www.emailchef.com\\\/de\\\/e-mail-vorlagen\\\/\"]}]},{\"@type\":\"BreadcrumbList\",\"@id\":\"https:\\\/\\\/www.emailchef.com\\\/de\\\/e-mail-vorlagen\\\/#breadcrumb\",\"itemListElement\":[{\"@type\":\"ListItem\",\"position\":1,\"name\":\"Home\",\"item\":\"https:\\\/\\\/www.emailchef.com\\\/de\\\/\"},{\"@type\":\"ListItem\",\"position\":2,\"name\":\"E-Mail-Vorlagen\"}]},{\"@type\":\"WebSite\",\"@id\":\"https:\\\/\\\/www.emailchef.com\\\/#website\",\"url\":\"https:\\\/\\\/www.emailchef.com\\\/\",\"name\":\"Emailchef\",\"description\":\"K\u00f6stliche Rezepte f\u00fcr E-Mail-Marketing\",\"publisher\":{\"@id\":\"https:\\\/\\\/www.emailchef.com\\\/#organization\"},\"potentialAction\":[{\"@type\":\"SearchAction\",\"target\":{\"@type\":\"EntryPoint\",\"urlTemplate\":\"https:\\\/\\\/www.emailchef.com\\\/?s={search_term_string}\"},\"query-input\":{\"@type\":\"PropertyValueSpecification\",\"valueRequired\":true,\"valueName\":\"search_term_string\"}}],\"inLanguage\":\"de-DE\"},{\"@type\":\"Organization\",\"@id\":\"https:\\\/\\\/www.emailchef.com\\\/#organization\",\"name\":\"Delivery Tech Corp.\",\"url\":\"https:\\\/\\\/www.emailchef.com\\\/\",\"logo\":{\"@type\":\"ImageObject\",\"inLanguage\":\"de-DE\",\"@id\":\"https:\\\/\\\/www.emailchef.com\\\/#\\\/schema\\\/logo\\\/image\\\/\",\"url\":\"https:\\\/\\\/www.emailchef.com\\\/wp-content\\\/uploads\\\/2022\\\/04\\\/logo-sama.png\",\"contentUrl\":\"https:\\\/\\\/www.emailchef.com\\\/wp-content\\\/uploads\\\/2022\\\/04\\\/logo-sama.png\",\"width\":237,\"height\":80,\"caption\":\"Delivery Tech Corp.\"},\"image\":{\"@id\":\"https:\\\/\\\/www.emailchef.com\\\/#\\\/schema\\\/logo\\\/image\\\/\"}}]}<\/script>\n<!-- \/ Yoast SEO plugin. -->","yoast_head_json":{"title":"E-Mail-Vorlagen-Builder \u2014 Drag & Drop Editor | Emailchef","description":"W\u00e4hlen Sie eine Vorlage und passen Sie sie mit Emailchefs Drag & Drop Editor an. Zugang zu 1000+ Designs \u2014 jetzt kostenlos registrieren und loslegen.","robots":{"index":"index","follow":"follow","max-snippet":"max-snippet:-1","max-image-preview":"max-image-preview:large","max-video-preview":"max-video-preview:-1"},"canonical":"https:\/\/www.emailchef.com\/de\/e-mail-vorlagen\/","twitter_misc":{"Gesch\u00e4tzte Lesezeit":"1 Minute"},"schema":{"@context":"https:\/\/schema.org","@graph":[{"@type":"WebPage","@id":"https:\/\/www.emailchef.com\/de\/e-mail-vorlagen\/","url":"https:\/\/www.emailchef.com\/de\/e-mail-vorlagen\/","name":"E-Mail-Vorlagen-Builder \u2014 Drag & Drop Editor | Emailchef","isPartOf":{"@id":"https:\/\/www.emailchef.com\/#website"},"datePublished":"2020-07-16T13:36:17+00:00","dateModified":"2026-04-21T15:58:59+00:00","description":"W\u00e4hlen Sie eine Vorlage und passen Sie sie mit Emailchefs Drag & Drop Editor an. Zugang zu 1000+ Designs \u2014 jetzt kostenlos registrieren und loslegen.","breadcrumb":{"@id":"https:\/\/www.emailchef.com\/de\/e-mail-vorlagen\/#breadcrumb"},"inLanguage":"de-DE","potentialAction":[{"@type":"ReadAction","target":["https:\/\/www.emailchef.com\/de\/e-mail-vorlagen\/"]}]},{"@type":"BreadcrumbList","@id":"https:\/\/www.emailchef.com\/de\/e-mail-vorlagen\/#breadcrumb","itemListElement":[{"@type":"ListItem","position":1,"name":"Home","item":"https:\/\/www.emailchef.com\/de\/"},{"@type":"ListItem","position":2,"name":"E-Mail-Vorlagen"}]},{"@type":"WebSite","@id":"https:\/\/www.emailchef.com\/#website","url":"https:\/\/www.emailchef.com\/","name":"Emailchef","description":"K\u00f6stliche Rezepte f\u00fcr E-Mail-Marketing","publisher":{"@id":"https:\/\/www.emailchef.com\/#organization"},"potentialAction":[{"@type":"SearchAction","target":{"@type":"EntryPoint","urlTemplate":"https:\/\/www.emailchef.com\/?s={search_term_string}"},"query-input":{"@type":"PropertyValueSpecification","valueRequired":true,"valueName":"search_term_string"}}],"inLanguage":"de-DE"},{"@type":"Organization","@id":"https:\/\/www.emailchef.com\/#organization","name":"Delivery Tech Corp.","url":"https:\/\/www.emailchef.com\/","logo":{"@type":"ImageObject","inLanguage":"de-DE","@id":"https:\/\/www.emailchef.com\/#\/schema\/logo\/image\/","url":"https:\/\/www.emailchef.com\/wp-content\/uploads\/2022\/04\/logo-sama.png","contentUrl":"https:\/\/www.emailchef.com\/wp-content\/uploads\/2022\/04\/logo-sama.png","width":237,"height":80,"caption":"Delivery Tech Corp."},"image":{"@id":"https:\/\/www.emailchef.com\/#\/schema\/logo\/image\/"}}]}},"_links":{"self":[{"href":"https:\/\/www.emailchef.com\/de\/wp-json\/wp\/v2\/pages\/53835","targetHints":{"allow":["GET"]}}],"collection":[{"href":"https:\/\/www.emailchef.com\/de\/wp-json\/wp\/v2\/pages"}],"about":[{"href":"https:\/\/www.emailchef.com\/de\/wp-json\/wp\/v2\/types\/page"}],"author":[{"embeddable":true,"href":"https:\/\/www.emailchef.com\/de\/wp-json\/wp\/v2\/users\/2"}],"replies":[{"embeddable":true,"href":"https:\/\/www.emailchef.com\/de\/wp-json\/wp\/v2\/comments?post=53835"}],"version-history":[{"count":14,"href":"https:\/\/www.emailchef.com\/de\/wp-json\/wp\/v2\/pages\/53835\/revisions"}],"predecessor-version":[{"id":98042,"href":"https:\/\/www.emailchef.com\/de\/wp-json\/wp\/v2\/pages\/53835\/revisions\/98042"}],"wp:attachment":[{"href":"https:\/\/www.emailchef.com\/de\/wp-json\/wp\/v2\/media?parent=53835"}],"wp:term":[{"taxonomy":"g1_relation_tag","embeddable":true,"href":"https:\/\/www.emailchef.com\/de\/wp-json\/wp\/v2\/g1_relation_tag?post=53835"}],"curies":[{"name":"wp","href":"https:\/\/api.w.org\/{rel}","templated":true}]}}