{"id":3467,"date":"2014-09-18T07:56:22","date_gmt":"2014-09-18T07:56:22","guid":{"rendered":"http:\/\/emailchef.com\/de\/?page_id=3467"},"modified":"2021-07-09T08:41:58","modified_gmt":"2021-07-09T08:41:58","slug":"versand-von-html-e-mails","status":"publish","type":"page","link":"https:\/\/www.emailchef.com\/de\/versand-von-html-e-mails\/","title":{"rendered":"Versand von HTML-E-Mails"},"content":{"rendered":"<p>Wenn es um <strong>Massen-E-Mail-Marketing<\/strong> geht, ist es heutzutage unumg\u00e4nglich, ausschlie\u00dflich <strong>HTML-E-Mails<\/strong> zu versenden und Nur-Text-Nachrichten zu vermeiden. Warum? Weil das Versenden von HTML-E-Mails Ihnen erm\u00f6glicht:<\/p>\n<ul>\n<li>Ihren Inhalten ein <strong>besseres und moderneres Layout<\/strong> zu geben<\/li>\n<li>mit einem kleinen Code, der in ein <strong>Analyse-Tool integriert<\/strong> wird, alle Interaktionen der Nutzer nachzuverfolgen<\/li>\n<li>die <strong>Lesbarkeit der E-Mail<\/strong> zu verbessern<\/li>\n<li><strong>Links<\/strong> und <strong>Bilder<\/strong> hinzuzuf\u00fcgen<\/li>\n<\/ul>\n<p>Nun ist der beste Weg dies zu tun, sich auf eine <strong>professionelle E-Mail-Versand-Plattform<\/strong> wie Emailchef zu verlassen. Sogar wenn es m\u00f6glich ist, HTML-E-Mails auch mit normalen E-Mail-Clients wie Thunderbird oder Outlook zu versenden, ganz gewiss k\u00f6nnen Sie nur mit einer speziellen Anwendung das Beste aus diesem wichtigen Marketing-Tool machen.<\/p>\n<p>Jedoch sollten Sie aufpassen \u2013 wenn Sie sich f\u00fcr eine <strong>HTML-Vorlage<\/strong> f\u00fcr Ihre E-Mail entscheiden, dann m\u00fcssen Sie diese perfekt programmieren und die besten Praktiken f\u00fcr das Erstellen von HTML-E-Mails befolgen, die sich ziemlich von denen f\u00fcr normales Web-Design unterscheiden. Insbesondere m\u00fcssen Sie Ihr Layout mit Spalten strukturieren (ja, Spalten), Ihr CSS inline einbinden, &lt;div&gt;-Elemente vermeiden etc. etc.<\/p>\n<p>Klingt ein wenig kompliziert? Nun, das ist es.<\/p>\n<p>Gl\u00fccklicherweise vereinfacht Emailchef diese Aufgabe, indem es Ihnen eine reichhaltige Palette von <strong>vorgefertigten HTML-Layouts<\/strong> bietet, die Sie innerhalb von Sekunden mit Ihren Inhalten bef\u00fcllen k\u00f6nnen. Sie k\u00f6nnen auch unseren <strong>Template Creator<\/strong> testen \u2013 einen professionellen Newsletter Creator, der Ihnen die Erstellung faszinierender E-Mail-Vorlagen mit einigen einfachen Drag-and-drop-Aktionen und ohne eine einzelne Zeile Code gestattet.<\/p>\n<p>Aber es gibt noch mehr.<\/p>\n<p>Mit der Nutzung von MailChef bekommen Sie automatisch ein <strong>integriertes Analyse-Tool<\/strong>, welches die Vorteile von HTML-E-Mails nutzt, um Sie mit den relevanten Messzahlen jeder Kampagne zu versorgen. Das hei\u00dft, Sie erhalten in Echtzeit Daten wie die \u00d6ffnungsrate, die Click-Through-Rate, die Anzahl der Abmeldungen und Spam-Beschwerden etc. &#8211; wesentliche Informationen, um Ihre Versandstrategie zu verbessern.<\/p>\n","protected":false},"excerpt":{"rendered":"<p>Wenn es um Massen-E-Mail-Marketing geht, ist es heutzutage unumg\u00e4nglich, ausschlie\u00dflich HTML-E-Mails zu versenden und Nur-Text-Nachrichten zu vermeiden. Warum? Weil das Versenden von HTML-E-Mails Ihnen erm\u00f6glicht.<\/p>\n","protected":false},"author":1,"featured_media":0,"parent":0,"menu_order":229,"comment_status":"closed","ping_status":"closed","template":"","meta":{"_acf_changed":false,"inline_featured_image":false,"footnotes":""},"g1_relation_tag":[73],"class_list":["post-3467","page","type-page","status-publish","hentry","g1_relation_tag-e-mail-versand-service"],"acf":[],"yoast_head":"<!-- This site is optimized with the Yoast SEO plugin v27.5 - https:\/\/yoast.com\/product\/yoast-seo-wordpress\/ -->\n<title>Versand von HTML-E-Mails - Emailchef<\/title>\n<meta name=\"description\" content=\"Wenn es um Massen-E-Mail-Marketing geht, ist es heutzutage unumg\u00e4nglich, ausschlie\u00dflich HTML-E-Mails zu versenden und Nur-Text-Nachrichten zu vermeiden.\" \/>\n<meta name=\"robots\" content=\"index, follow, max-snippet:-1, max-image-preview:large, max-video-preview:-1\" \/>\n<link rel=\"canonical\" href=\"https:\/\/www.emailchef.com\/de\/versand-von-html-e-mails\/\" \/>\n<meta name=\"twitter:label1\" content=\"Gesch\u00e4tzte Lesezeit\" \/>\n\t<meta name=\"twitter:data1\" content=\"2 Minuten\" \/>\n<script type=\"application\/ld+json\" class=\"yoast-schema-graph\">{\"@context\":\"https:\\\/\\\/schema.org\",\"@graph\":[{\"@type\":\"WebPage\",\"@id\":\"https:\\\/\\\/www.emailchef.com\\\/de\\\/versand-von-html-e-mails\\\/\",\"url\":\"https:\\\/\\\/www.emailchef.com\\\/de\\\/versand-von-html-e-mails\\\/\",\"name\":\"Versand von HTML-E-Mails - Emailchef\",\"isPartOf\":{\"@id\":\"https:\\\/\\\/www.emailchef.com\\\/#website\"},\"datePublished\":\"2014-09-18T07:56:22+00:00\",\"dateModified\":\"2021-07-09T08:41:58+00:00\",\"description\":\"Wenn es um Massen-E-Mail-Marketing geht, ist es heutzutage unumg\u00e4nglich, ausschlie\u00dflich HTML-E-Mails zu versenden und Nur-Text-Nachrichten zu vermeiden.\",\"breadcrumb\":{\"@id\":\"https:\\\/\\\/www.emailchef.com\\\/de\\\/versand-von-html-e-mails\\\/#breadcrumb\"},\"inLanguage\":\"de-DE\",\"potentialAction\":[{\"@type\":\"ReadAction\",\"target\":[\"https:\\\/\\\/www.emailchef.com\\\/de\\\/versand-von-html-e-mails\\\/\"]}]},{\"@type\":\"BreadcrumbList\",\"@id\":\"https:\\\/\\\/www.emailchef.com\\\/de\\\/versand-von-html-e-mails\\\/#breadcrumb\",\"itemListElement\":[{\"@type\":\"ListItem\",\"position\":1,\"name\":\"Home\",\"item\":\"https:\\\/\\\/www.emailchef.com\\\/de\\\/\"},{\"@type\":\"ListItem\",\"position\":2,\"name\":\"Versand von HTML-E-Mails\"}]},{\"@type\":\"WebSite\",\"@id\":\"https:\\\/\\\/www.emailchef.com\\\/#website\",\"url\":\"https:\\\/\\\/www.emailchef.com\\\/\",\"name\":\"Emailchef\",\"description\":\"K\u00f6stliche Rezepte f\u00fcr E-Mail-Marketing\",\"publisher\":{\"@id\":\"https:\\\/\\\/www.emailchef.com\\\/#organization\"},\"potentialAction\":[{\"@type\":\"SearchAction\",\"target\":{\"@type\":\"EntryPoint\",\"urlTemplate\":\"https:\\\/\\\/www.emailchef.com\\\/?s={search_term_string}\"},\"query-input\":{\"@type\":\"PropertyValueSpecification\",\"valueRequired\":true,\"valueName\":\"search_term_string\"}}],\"inLanguage\":\"de-DE\"},{\"@type\":\"Organization\",\"@id\":\"https:\\\/\\\/www.emailchef.com\\\/#organization\",\"name\":\"Delivery Tech Corp.\",\"url\":\"https:\\\/\\\/www.emailchef.com\\\/\",\"logo\":{\"@type\":\"ImageObject\",\"inLanguage\":\"de-DE\",\"@id\":\"https:\\\/\\\/www.emailchef.com\\\/#\\\/schema\\\/logo\\\/image\\\/\",\"url\":\"https:\\\/\\\/www.emailchef.com\\\/wp-content\\\/uploads\\\/2022\\\/04\\\/logo-sama.png\",\"contentUrl\":\"https:\\\/\\\/www.emailchef.com\\\/wp-content\\\/uploads\\\/2022\\\/04\\\/logo-sama.png\",\"width\":237,\"height\":80,\"caption\":\"Delivery Tech Corp.\"},\"image\":{\"@id\":\"https:\\\/\\\/www.emailchef.com\\\/#\\\/schema\\\/logo\\\/image\\\/\"}}]}<\/script>\n<!-- \/ Yoast SEO plugin. -->","yoast_head_json":{"title":"Versand von HTML-E-Mails - Emailchef","description":"Wenn es um Massen-E-Mail-Marketing geht, ist es heutzutage unumg\u00e4nglich, ausschlie\u00dflich HTML-E-Mails zu versenden und Nur-Text-Nachrichten zu vermeiden.","robots":{"index":"index","follow":"follow","max-snippet":"max-snippet:-1","max-image-preview":"max-image-preview:large","max-video-preview":"max-video-preview:-1"},"canonical":"https:\/\/www.emailchef.com\/de\/versand-von-html-e-mails\/","twitter_misc":{"Gesch\u00e4tzte Lesezeit":"2 Minuten"},"schema":{"@context":"https:\/\/schema.org","@graph":[{"@type":"WebPage","@id":"https:\/\/www.emailchef.com\/de\/versand-von-html-e-mails\/","url":"https:\/\/www.emailchef.com\/de\/versand-von-html-e-mails\/","name":"Versand von HTML-E-Mails - Emailchef","isPartOf":{"@id":"https:\/\/www.emailchef.com\/#website"},"datePublished":"2014-09-18T07:56:22+00:00","dateModified":"2021-07-09T08:41:58+00:00","description":"Wenn es um Massen-E-Mail-Marketing geht, ist es heutzutage unumg\u00e4nglich, ausschlie\u00dflich HTML-E-Mails zu versenden und Nur-Text-Nachrichten zu vermeiden.","breadcrumb":{"@id":"https:\/\/www.emailchef.com\/de\/versand-von-html-e-mails\/#breadcrumb"},"inLanguage":"de-DE","potentialAction":[{"@type":"ReadAction","target":["https:\/\/www.emailchef.com\/de\/versand-von-html-e-mails\/"]}]},{"@type":"BreadcrumbList","@id":"https:\/\/www.emailchef.com\/de\/versand-von-html-e-mails\/#breadcrumb","itemListElement":[{"@type":"ListItem","position":1,"name":"Home","item":"https:\/\/www.emailchef.com\/de\/"},{"@type":"ListItem","position":2,"name":"Versand von HTML-E-Mails"}]},{"@type":"WebSite","@id":"https:\/\/www.emailchef.com\/#website","url":"https:\/\/www.emailchef.com\/","name":"Emailchef","description":"K\u00f6stliche Rezepte f\u00fcr E-Mail-Marketing","publisher":{"@id":"https:\/\/www.emailchef.com\/#organization"},"potentialAction":[{"@type":"SearchAction","target":{"@type":"EntryPoint","urlTemplate":"https:\/\/www.emailchef.com\/?s={search_term_string}"},"query-input":{"@type":"PropertyValueSpecification","valueRequired":true,"valueName":"search_term_string"}}],"inLanguage":"de-DE"},{"@type":"Organization","@id":"https:\/\/www.emailchef.com\/#organization","name":"Delivery Tech Corp.","url":"https:\/\/www.emailchef.com\/","logo":{"@type":"ImageObject","inLanguage":"de-DE","@id":"https:\/\/www.emailchef.com\/#\/schema\/logo\/image\/","url":"https:\/\/www.emailchef.com\/wp-content\/uploads\/2022\/04\/logo-sama.png","contentUrl":"https:\/\/www.emailchef.com\/wp-content\/uploads\/2022\/04\/logo-sama.png","width":237,"height":80,"caption":"Delivery Tech Corp."},"image":{"@id":"https:\/\/www.emailchef.com\/#\/schema\/logo\/image\/"}}]}},"_links":{"self":[{"href":"https:\/\/www.emailchef.com\/de\/wp-json\/wp\/v2\/pages\/3467","targetHints":{"allow":["GET"]}}],"collection":[{"href":"https:\/\/www.emailchef.com\/de\/wp-json\/wp\/v2\/pages"}],"about":[{"href":"https:\/\/www.emailchef.com\/de\/wp-json\/wp\/v2\/types\/page"}],"author":[{"embeddable":true,"href":"https:\/\/www.emailchef.com\/de\/wp-json\/wp\/v2\/users\/1"}],"replies":[{"embeddable":true,"href":"https:\/\/www.emailchef.com\/de\/wp-json\/wp\/v2\/comments?post=3467"}],"version-history":[{"count":1,"href":"https:\/\/www.emailchef.com\/de\/wp-json\/wp\/v2\/pages\/3467\/revisions"}],"predecessor-version":[{"id":3468,"href":"https:\/\/www.emailchef.com\/de\/wp-json\/wp\/v2\/pages\/3467\/revisions\/3468"}],"wp:attachment":[{"href":"https:\/\/www.emailchef.com\/de\/wp-json\/wp\/v2\/media?parent=3467"}],"wp:term":[{"taxonomy":"g1_relation_tag","embeddable":true,"href":"https:\/\/www.emailchef.com\/de\/wp-json\/wp\/v2\/g1_relation_tag?post=3467"}],"curies":[{"name":"wp","href":"https:\/\/api.w.org\/{rel}","templated":true}]}}