{"id":17970,"date":"2020-03-11T13:45:00","date_gmt":"2020-03-11T13:45:00","guid":{"rendered":"https:\/\/emailchef.com\/?page_id=17970"},"modified":"2020-03-11T14:30:10","modified_gmt":"2020-03-11T14:30:10","slug":"coronavirus-e-mails-als-unterstuetzung-fuer-den-notfall","status":"publish","type":"page","link":"https:\/\/www.emailchef.com\/de\/coronavirus-e-mails-als-unterstuetzung-fuer-den-notfall\/","title":{"rendered":"Coronavirus &#8211; E-Mails als Unterst\u00fctzung f\u00fcr den Notfall"},"content":{"rendered":"<p><img fetchpriority=\"high\" decoding=\"async\" src=\"https:\/\/emailchef.com\/wp-content\/uploads\/2020\/03\/covid-2-en.png\" alt=\"Coronavirus - E-Mails als Unterst\u00fctzung f\u00fcr den Notfall\" width=\"960\" height=\"540\" style=\"border: none;\" \/><\/p>\n<h2>Smartworking und automatische E-Mail-Tools<\/h2>\n<p>Der <strong>globale Gesundheitsnotstand Coronavirus<\/strong> ist zurzeit das Thema Nr. 1. Die Empfehlung der Beh\u00f6rden ist eindeutig: \u201eZu Hause bleiben\u201c. Aber welche Auswirkungen hat das auf Berufst\u00e4tige? Die L\u00f6sung lautet <strong>Smartworking<\/strong>.<\/p>\n<p>Statistiken zufolge erlauben derzeit <strong>61%  globaler Unternehmen<\/strong> ihren Mitarbeitern eine gewisse Art von Fernarbeit. Um das Ansteckungsrisiko zu verringern, wird dieser Prozentsatz erh\u00f6ht werden.<\/p>\n<p><strong>Welche Rolle spielen E-Mails<\/strong> w\u00e4hrend des Coronavirus-Notstands? Die Verwendung von E-Mails wird das Teleworking-Management sicherlich vereinfachen. Gleichzeitig wird der Austausch n\u00fctzlicher Informationen zwischen B\u00fcrgern und zust\u00e4ndigen Beh\u00f6rden erleichtert.<\/p>\n<p>&nbsp;<\/p>\n<h2>Smartworking: Was ist es und wie kann es uns helfen, dem Coronavirus-Notstand gegen\u00fcberzutreten <\/h2>\n<p>Smartworking ist eine Art eigenst\u00e4ndigen Arbeitens, die es Mitarbeitern dank des Einsatzes von Telekommunikations- und IT-Tools erm\u00f6glicht, von zu Hause zu arbeiten. Obwohl geringf\u00fcgige Unterschiede zwischen Smartworking und <strong>Teleworking <\/strong>bestehen, sind diese Begriffe im allgemeinen Sprachgebrauch austauschbar.<\/p>\n<p>&nbsp;<\/p>\n<h2>Coronavirus-Ausbruch &#8211; E-Mail-Aufgaben<\/h2>\n<p>Nach gesundem Menschenverstand kann eine weitere Verbreitung des Coronavirus am Arbeitsplatz durch folgende Ma\u00dfnahmen kontrolliert werden:<\/p>\n<ul>\n<li>Smartworking und Teleworking inzentivieren<\/li>\n<li>Verwenden von Tools mit denen Mitarbeiter Videokonferenzen einrichten k\u00f6nnen<\/li>\n<li>Verwenden von Cloud-Speichern, um Daten, Informationen und Inhalte einfach auszutauschen <\/li>\n<li>Anregung der Mitarbeiter, ihre pers\u00f6nliche Ausr\u00fcstung zu verwenden, wenn die Ausr\u00fcstung ihres B\u00fcros nicht verf\u00fcgbar ist<\/li>\n<\/ul>\n<p>Um auch f\u00fcr Telearbeiter eine hohe Arbeitsleistung zu gew\u00e4hrleisten, kann der vermehrte Einsatz von <strong>E-Mails ein n\u00fctzliches Instrument<\/strong> zum Austausch von Informationen und Dokumenten und zur Kontaktepflege zwischen Arbeitgebern und -nehmern sein.<\/p>\n<p><strong>Automatisierte E-Mail-Tools<\/strong> sind zur einfachen Erstellung und Segmentierung von Kontaktlisten sehr geeignet-damit Sie Ihre Telearbeit so gut wie m\u00f6glich managen k\u00f6nnen.<\/p>\n<p>E-Mail-Plattformen &#8211; wie unser <a href=\"https:\/\/emailchef.com\/de\/\" title=\"E-Mail-Marketing Plattformen f\u00fcr Ihren Newsletter-Versand\"><strong>EmailChef<\/strong><\/a> oder SMTP-Services wie <a href=\"https:\/\/serversmtp.com\/de\/\" target=\"_blank\" title=\"Smtp mail server \u2013 professional SMTP service provider\"><strong>TurboSMTP<\/strong><\/a> helfen Ergebnisse zu verfolgen, Datenverkehr zu messen und Daten anzuzeigen (\u00d6ffnungsraten, Klickrate und Bounce-Rate). Dar\u00fcber hinaus bestehen in diesem Gesundheitsnotstand <strong>drei Gr\u00fcnde, warum E-Mails in diesem Alarmzustand ein wirksames Werkzeug sind<\/strong>:<\/p>\n<ol>\n<li>\n<h3>E-Mails k\u00f6nnen von verschiedenen Standorten aus verwendet werden<\/h3>\n<p>Unabh\u00e4ngig womit (Tablet, Computer, Laptop, oder Smartphone) k\u00f6nnen <strong>E-Mails \u00fcberall ge\u00f6ffnet werden<\/strong>. Wodurch sie besonders f\u00fcr die Verwendung mit Smartworking geeignet sind, was von nationalen Regierungen im Gesundheitsnotstand Coronavirus gef\u00f6rdert wird.<\/li>\n<li>\n<h3>E-Mail ist eine der am h\u00e4ufigsten verwendeten institutionellen Kommunikationsmethoden<\/h3>\n<p>E-Mails sind der beste Weg zur Verteilung von Unternehmensrundschreiben, neuen Vorschriften oder zur sicheren Kommunikation mit Arbeitnehmern. E-Mails sind auch f\u00fcr B\u00fcrger ein geeignetes Kommunikations-instrument zur <strong>\u00dcbermittlung von Dokumenten und Zertifikaten<\/strong>. Das gleiche gilt f\u00fcr Schulen und Universit\u00e4ten, die k\u00fcrzlich aufgrund von Coronavirus ebenfalls geschlossen wurden.<\/li>\n<li>\n<h3>E-Mail ist der effektivste Weg, um viele Menschen zu erreichen<\/h3>\n<p>E-Mails k\u00f6nnen eine potenziell unbegrenzte Anzahl von Personen erreichen. <strong>Tools zur Automatisierung von E-Mail-Marketing<\/strong> wie unsere <strong>EmailChef-Plattform<\/strong> k\u00f6nnen sowohl die externe als auch die interne Kommunikation (d. H. innerhalb eines Unternehmens) erleichtern. Die Implementierung von E-Mails ist ein entscheidender Schritt in Richtung Transparenz, Digitalisierung, Dematerialisierung und Vereinfachung der Arbeit.<\/li>\n<\/ol>\n","protected":false},"excerpt":{"rendered":"<p>Smartworking und automatische E-Mail-Tools Der globale Gesundheitsnotstand Coronavirus ist zurzeit das Thema Nr. 1. Die Empfehlung der Beh\u00f6rden ist eindeutig: \u201eZu Hause bleiben\u201c. Aber welche Auswirkungen hat das auf Berufst\u00e4tige? Die L\u00f6sung lautet Smartworking. Statistiken zufolge erlauben derzeit 61% globaler Unternehmen ihren Mitarbeitern eine gewisse Art von Fernarbeit. Um das Ansteckungsrisiko zu verringern, wird dieser [&hellip;]<\/p>\n","protected":false},"author":1,"featured_media":0,"parent":0,"menu_order":0,"comment_status":"closed","ping_status":"closed","template":"g1_template_page_sidebar_right.php","meta":{"_acf_changed":false,"inline_featured_image":false,"footnotes":""},"g1_relation_tag":[],"class_list":["post-17970","page","type-page","status-publish","hentry"],"acf":[],"yoast_head":"<!-- This site is optimized with the Yoast SEO plugin v27.5 - https:\/\/yoast.com\/product\/yoast-seo-wordpress\/ -->\n<title>Coronavirus - E-Mails als Unterst\u00fctzung f\u00fcr den Notfall - Emailchef<\/title>\n<meta name=\"robots\" content=\"index, follow, max-snippet:-1, max-image-preview:large, max-video-preview:-1\" \/>\n<link rel=\"canonical\" href=\"https:\/\/www.emailchef.com\/de\/coronavirus-e-mails-als-unterstuetzung-fuer-den-notfall\/\" \/>\n<meta name=\"twitter:label1\" content=\"Gesch\u00e4tzte Lesezeit\" \/>\n\t<meta name=\"twitter:data1\" content=\"2 Minuten\" \/>\n<script type=\"application\/ld+json\" class=\"yoast-schema-graph\">{\"@context\":\"https:\\\/\\\/schema.org\",\"@graph\":[{\"@type\":\"WebPage\",\"@id\":\"https:\\\/\\\/www.emailchef.com\\\/de\\\/coronavirus-e-mails-als-unterstuetzung-fuer-den-notfall\\\/\",\"url\":\"https:\\\/\\\/www.emailchef.com\\\/de\\\/coronavirus-e-mails-als-unterstuetzung-fuer-den-notfall\\\/\",\"name\":\"Coronavirus - E-Mails als Unterst\u00fctzung f\u00fcr den Notfall - Emailchef\",\"isPartOf\":{\"@id\":\"https:\\\/\\\/www.emailchef.com\\\/#website\"},\"primaryImageOfPage\":{\"@id\":\"https:\\\/\\\/www.emailchef.com\\\/de\\\/coronavirus-e-mails-als-unterstuetzung-fuer-den-notfall\\\/#primaryimage\"},\"image\":{\"@id\":\"https:\\\/\\\/www.emailchef.com\\\/de\\\/coronavirus-e-mails-als-unterstuetzung-fuer-den-notfall\\\/#primaryimage\"},\"thumbnailUrl\":\"https:\\\/\\\/emailchef.com\\\/wp-content\\\/uploads\\\/2020\\\/03\\\/covid-2-en.png\",\"datePublished\":\"2020-03-11T13:45:00+00:00\",\"dateModified\":\"2020-03-11T14:30:10+00:00\",\"breadcrumb\":{\"@id\":\"https:\\\/\\\/www.emailchef.com\\\/de\\\/coronavirus-e-mails-als-unterstuetzung-fuer-den-notfall\\\/#breadcrumb\"},\"inLanguage\":\"de-DE\",\"potentialAction\":[{\"@type\":\"ReadAction\",\"target\":[\"https:\\\/\\\/www.emailchef.com\\\/de\\\/coronavirus-e-mails-als-unterstuetzung-fuer-den-notfall\\\/\"]}]},{\"@type\":\"ImageObject\",\"inLanguage\":\"de-DE\",\"@id\":\"https:\\\/\\\/www.emailchef.com\\\/de\\\/coronavirus-e-mails-als-unterstuetzung-fuer-den-notfall\\\/#primaryimage\",\"url\":\"https:\\\/\\\/emailchef.com\\\/wp-content\\\/uploads\\\/2020\\\/03\\\/covid-2-en.png\",\"contentUrl\":\"https:\\\/\\\/emailchef.com\\\/wp-content\\\/uploads\\\/2020\\\/03\\\/covid-2-en.png\"},{\"@type\":\"BreadcrumbList\",\"@id\":\"https:\\\/\\\/www.emailchef.com\\\/de\\\/coronavirus-e-mails-als-unterstuetzung-fuer-den-notfall\\\/#breadcrumb\",\"itemListElement\":[{\"@type\":\"ListItem\",\"position\":1,\"name\":\"Home\",\"item\":\"https:\\\/\\\/www.emailchef.com\\\/de\\\/\"},{\"@type\":\"ListItem\",\"position\":2,\"name\":\"Coronavirus &#8211; E-Mails als Unterst\u00fctzung f\u00fcr den Notfall\"}]},{\"@type\":\"WebSite\",\"@id\":\"https:\\\/\\\/www.emailchef.com\\\/#website\",\"url\":\"https:\\\/\\\/www.emailchef.com\\\/\",\"name\":\"Emailchef\",\"description\":\"K\u00f6stliche Rezepte f\u00fcr E-Mail-Marketing\",\"publisher\":{\"@id\":\"https:\\\/\\\/www.emailchef.com\\\/#organization\"},\"potentialAction\":[{\"@type\":\"SearchAction\",\"target\":{\"@type\":\"EntryPoint\",\"urlTemplate\":\"https:\\\/\\\/www.emailchef.com\\\/?s={search_term_string}\"},\"query-input\":{\"@type\":\"PropertyValueSpecification\",\"valueRequired\":true,\"valueName\":\"search_term_string\"}}],\"inLanguage\":\"de-DE\"},{\"@type\":\"Organization\",\"@id\":\"https:\\\/\\\/www.emailchef.com\\\/#organization\",\"name\":\"Delivery Tech Corp.\",\"url\":\"https:\\\/\\\/www.emailchef.com\\\/\",\"logo\":{\"@type\":\"ImageObject\",\"inLanguage\":\"de-DE\",\"@id\":\"https:\\\/\\\/www.emailchef.com\\\/#\\\/schema\\\/logo\\\/image\\\/\",\"url\":\"https:\\\/\\\/www.emailchef.com\\\/wp-content\\\/uploads\\\/2022\\\/04\\\/logo-sama.png\",\"contentUrl\":\"https:\\\/\\\/www.emailchef.com\\\/wp-content\\\/uploads\\\/2022\\\/04\\\/logo-sama.png\",\"width\":237,\"height\":80,\"caption\":\"Delivery Tech Corp.\"},\"image\":{\"@id\":\"https:\\\/\\\/www.emailchef.com\\\/#\\\/schema\\\/logo\\\/image\\\/\"}}]}<\/script>\n<!-- \/ Yoast SEO plugin. -->","yoast_head_json":{"title":"Coronavirus - E-Mails als Unterst\u00fctzung f\u00fcr den Notfall - Emailchef","robots":{"index":"index","follow":"follow","max-snippet":"max-snippet:-1","max-image-preview":"max-image-preview:large","max-video-preview":"max-video-preview:-1"},"canonical":"https:\/\/www.emailchef.com\/de\/coronavirus-e-mails-als-unterstuetzung-fuer-den-notfall\/","twitter_misc":{"Gesch\u00e4tzte Lesezeit":"2 Minuten"},"schema":{"@context":"https:\/\/schema.org","@graph":[{"@type":"WebPage","@id":"https:\/\/www.emailchef.com\/de\/coronavirus-e-mails-als-unterstuetzung-fuer-den-notfall\/","url":"https:\/\/www.emailchef.com\/de\/coronavirus-e-mails-als-unterstuetzung-fuer-den-notfall\/","name":"Coronavirus - E-Mails als Unterst\u00fctzung f\u00fcr den Notfall - Emailchef","isPartOf":{"@id":"https:\/\/www.emailchef.com\/#website"},"primaryImageOfPage":{"@id":"https:\/\/www.emailchef.com\/de\/coronavirus-e-mails-als-unterstuetzung-fuer-den-notfall\/#primaryimage"},"image":{"@id":"https:\/\/www.emailchef.com\/de\/coronavirus-e-mails-als-unterstuetzung-fuer-den-notfall\/#primaryimage"},"thumbnailUrl":"https:\/\/emailchef.com\/wp-content\/uploads\/2020\/03\/covid-2-en.png","datePublished":"2020-03-11T13:45:00+00:00","dateModified":"2020-03-11T14:30:10+00:00","breadcrumb":{"@id":"https:\/\/www.emailchef.com\/de\/coronavirus-e-mails-als-unterstuetzung-fuer-den-notfall\/#breadcrumb"},"inLanguage":"de-DE","potentialAction":[{"@type":"ReadAction","target":["https:\/\/www.emailchef.com\/de\/coronavirus-e-mails-als-unterstuetzung-fuer-den-notfall\/"]}]},{"@type":"ImageObject","inLanguage":"de-DE","@id":"https:\/\/www.emailchef.com\/de\/coronavirus-e-mails-als-unterstuetzung-fuer-den-notfall\/#primaryimage","url":"https:\/\/emailchef.com\/wp-content\/uploads\/2020\/03\/covid-2-en.png","contentUrl":"https:\/\/emailchef.com\/wp-content\/uploads\/2020\/03\/covid-2-en.png"},{"@type":"BreadcrumbList","@id":"https:\/\/www.emailchef.com\/de\/coronavirus-e-mails-als-unterstuetzung-fuer-den-notfall\/#breadcrumb","itemListElement":[{"@type":"ListItem","position":1,"name":"Home","item":"https:\/\/www.emailchef.com\/de\/"},{"@type":"ListItem","position":2,"name":"Coronavirus &#8211; E-Mails als Unterst\u00fctzung f\u00fcr den Notfall"}]},{"@type":"WebSite","@id":"https:\/\/www.emailchef.com\/#website","url":"https:\/\/www.emailchef.com\/","name":"Emailchef","description":"K\u00f6stliche Rezepte f\u00fcr E-Mail-Marketing","publisher":{"@id":"https:\/\/www.emailchef.com\/#organization"},"potentialAction":[{"@type":"SearchAction","target":{"@type":"EntryPoint","urlTemplate":"https:\/\/www.emailchef.com\/?s={search_term_string}"},"query-input":{"@type":"PropertyValueSpecification","valueRequired":true,"valueName":"search_term_string"}}],"inLanguage":"de-DE"},{"@type":"Organization","@id":"https:\/\/www.emailchef.com\/#organization","name":"Delivery Tech Corp.","url":"https:\/\/www.emailchef.com\/","logo":{"@type":"ImageObject","inLanguage":"de-DE","@id":"https:\/\/www.emailchef.com\/#\/schema\/logo\/image\/","url":"https:\/\/www.emailchef.com\/wp-content\/uploads\/2022\/04\/logo-sama.png","contentUrl":"https:\/\/www.emailchef.com\/wp-content\/uploads\/2022\/04\/logo-sama.png","width":237,"height":80,"caption":"Delivery Tech Corp."},"image":{"@id":"https:\/\/www.emailchef.com\/#\/schema\/logo\/image\/"}}]}},"_links":{"self":[{"href":"https:\/\/www.emailchef.com\/de\/wp-json\/wp\/v2\/pages\/17970","targetHints":{"allow":["GET"]}}],"collection":[{"href":"https:\/\/www.emailchef.com\/de\/wp-json\/wp\/v2\/pages"}],"about":[{"href":"https:\/\/www.emailchef.com\/de\/wp-json\/wp\/v2\/types\/page"}],"author":[{"embeddable":true,"href":"https:\/\/www.emailchef.com\/de\/wp-json\/wp\/v2\/users\/1"}],"replies":[{"embeddable":true,"href":"https:\/\/www.emailchef.com\/de\/wp-json\/wp\/v2\/comments?post=17970"}],"version-history":[{"count":4,"href":"https:\/\/www.emailchef.com\/de\/wp-json\/wp\/v2\/pages\/17970\/revisions"}],"predecessor-version":[{"id":17978,"href":"https:\/\/www.emailchef.com\/de\/wp-json\/wp\/v2\/pages\/17970\/revisions\/17978"}],"wp:attachment":[{"href":"https:\/\/www.emailchef.com\/de\/wp-json\/wp\/v2\/media?parent=17970"}],"wp:term":[{"taxonomy":"g1_relation_tag","embeddable":true,"href":"https:\/\/www.emailchef.com\/de\/wp-json\/wp\/v2\/g1_relation_tag?post=17970"}],"curies":[{"name":"wp","href":"https:\/\/api.w.org\/{rel}","templated":true}]}}