{"id":6811,"date":"2018-04-26T15:08:16","date_gmt":"2018-04-26T15:08:16","guid":{"rendered":"http:\/\/emailchef.com\/?page_id=6811"},"modified":"2018-04-26T15:08:16","modified_gmt":"2018-04-26T15:08:16","slug":"zarezervujte-si-bezplatnou-prezentaci","status":"publish","type":"page","link":"https:\/\/www.emailchef.com\/cs\/zarezervujte-si-bezplatnou-prezentaci\/","title":{"rendered":"Zarezervujte si bezplatnou prezentaci"},"content":{"rendered":"<ul class=\"g1-grid\"><li class=\"g1-column g1-two-fifth g1-valign-top\">\n<p>P\u0159ejete si, aby v\u00e1m jeden z na\u0161ich odborn\u00edk\u016f p\u0159edvedl Emailchef a celou \u0159adu jeho funkc\u00ed?<\/p>\n<p>Vypl\u0148te formul\u00e1\u0159 na t\u00e9to str\u00e1nce a my v\u00e1s budeme telefonicky kontaktovat do 24 hodin.<\/p>\n<p>Domluv\u00edme si sch\u016fzku, abychom zajistili detailn\u00ed prezentaci na\u0161eho softwaru a v\u0161ech jeho u\u017eite\u010dn\u00fdch a specifick\u00fdch n\u00e1stroj\u016f ur\u010den\u00fdch pro va\u0161e pot\u0159eby.<\/p>\n<h4>Co se nau\u010d\u00edte?<\/h4>\n\n<ul id=\"\" class=\"g1-list g1-list--icon g1-list--simple \">\n<li><i class=\"fa fa-arrow-right g1-list__icon\" style=\"color: #F47200\"><\/i>Jak importovat a spravovat seznamy e-mail\u016f<\/li>\n<li><i class=\"fa fa-arrow-right g1-list__icon\" style=\"color: #F47200\"><\/i>Jak vytvo\u0159it responzivn\u00ed e-maily<\/li>\n<li><i class=\"fa fa-arrow-right g1-list__icon\" style=\"color: #F47200\"><\/i>Jak pou\u017e\u00edvat z\u00e1lo\u017eky p\u0159ehled\u016f<\/li>\n<li><i class=\"fa fa-arrow-right g1-list__icon\" style=\"color: #F47200\"><\/i>Jak integrovat Emailchef do sv\u00fdch webov\u00fdch str\u00e1nek<\/li>\n<\/ul>\n\n<div  class=\"g1-divider g1-divider--none g1-divider--noicon \"><\/div>\n<h4>Nem\u00e1te Skype?<\/h4>\n<a id=\"\" class=\"g1-button g1-button--small g1-button--solid g1-button--standard \" href=\"https:\/\/www.skype.com\/en\/download-skype\/skype-for-computer\/\" title=\"Nainstalujte si Skype\">Nainstalujte si Skype: je zdarma!<\/a>\n<\/li><!-- -->\n<li class=\"g1-column g1-three-fifth g1-valign-top\">\n<p>[contact-form-7 id=&#8221;6810&#8243; title=&#8221;Demo Request CZ&#8221;]<\/p>\n<\/li><!-- --><\/ul>\n","protected":false},"excerpt":{"rendered":"","protected":false},"author":2,"featured_media":0,"parent":0,"menu_order":34,"comment_status":"closed","ping_status":"closed","template":"g1_template_page_full.php","meta":{"_acf_changed":false,"inline_featured_image":false,"footnotes":""},"g1_relation_tag":[],"class_list":["post-6811","page","type-page","status-publish","hentry"],"acf":[],"yoast_head":"<!-- This site is optimized with the Yoast SEO plugin v27.5 - https:\/\/yoast.com\/product\/yoast-seo-wordpress\/ -->\n<title>Zarezervujte si bezplatnou prezentaci - Emailchef<\/title>\n<meta name=\"robots\" content=\"index, follow, max-snippet:-1, max-image-preview:large, max-video-preview:-1\" \/>\n<link rel=\"canonical\" href=\"https:\/\/www.emailchef.com\/cs\/zarezervujte-si-bezplatnou-prezentaci\/\" \/>\n<meta name=\"twitter:label1\" content=\"Odhadovan\u00e1 doba \u010dten\u00ed\" \/>\n\t<meta name=\"twitter:data1\" content=\"1 minuta\" \/>\n<script type=\"application\/ld+json\" class=\"yoast-schema-graph\">{\"@context\":\"https:\\\/\\\/schema.org\",\"@graph\":[{\"@type\":\"WebPage\",\"@id\":\"https:\\\/\\\/www.emailchef.com\\\/cs\\\/zarezervujte-si-bezplatnou-prezentaci\\\/\",\"url\":\"https:\\\/\\\/www.emailchef.com\\\/cs\\\/zarezervujte-si-bezplatnou-prezentaci\\\/\",\"name\":\"Zarezervujte si bezplatnou prezentaci - Emailchef\",\"isPartOf\":{\"@id\":\"https:\\\/\\\/www.emailchef.com\\\/#website\"},\"datePublished\":\"2018-04-26T15:08:16+00:00\",\"breadcrumb\":{\"@id\":\"https:\\\/\\\/www.emailchef.com\\\/cs\\\/zarezervujte-si-bezplatnou-prezentaci\\\/#breadcrumb\"},\"inLanguage\":\"cs\",\"potentialAction\":[{\"@type\":\"ReadAction\",\"target\":[\"https:\\\/\\\/www.emailchef.com\\\/cs\\\/zarezervujte-si-bezplatnou-prezentaci\\\/\"]}]},{\"@type\":\"BreadcrumbList\",\"@id\":\"https:\\\/\\\/www.emailchef.com\\\/cs\\\/zarezervujte-si-bezplatnou-prezentaci\\\/#breadcrumb\",\"itemListElement\":[{\"@type\":\"ListItem\",\"position\":1,\"name\":\"Home\",\"item\":\"https:\\\/\\\/www.emailchef.com\\\/cs\\\/\"},{\"@type\":\"ListItem\",\"position\":2,\"name\":\"Zarezervujte si bezplatnou prezentaci\"}]},{\"@type\":\"WebSite\",\"@id\":\"https:\\\/\\\/www.emailchef.com\\\/#website\",\"url\":\"https:\\\/\\\/www.emailchef.com\\\/\",\"name\":\"Emailchef\",\"description\":\"Chutn\u00e9 recepty pro email marketing\",\"publisher\":{\"@id\":\"https:\\\/\\\/www.emailchef.com\\\/#organization\"},\"potentialAction\":[{\"@type\":\"SearchAction\",\"target\":{\"@type\":\"EntryPoint\",\"urlTemplate\":\"https:\\\/\\\/www.emailchef.com\\\/?s={search_term_string}\"},\"query-input\":{\"@type\":\"PropertyValueSpecification\",\"valueRequired\":true,\"valueName\":\"search_term_string\"}}],\"inLanguage\":\"cs\"},{\"@type\":\"Organization\",\"@id\":\"https:\\\/\\\/www.emailchef.com\\\/#organization\",\"name\":\"Delivery Tech Corp.\",\"url\":\"https:\\\/\\\/www.emailchef.com\\\/\",\"logo\":{\"@type\":\"ImageObject\",\"inLanguage\":\"cs\",\"@id\":\"https:\\\/\\\/www.emailchef.com\\\/#\\\/schema\\\/logo\\\/image\\\/\",\"url\":\"https:\\\/\\\/www.emailchef.com\\\/wp-content\\\/uploads\\\/2022\\\/04\\\/logo-sama.png\",\"contentUrl\":\"https:\\\/\\\/www.emailchef.com\\\/wp-content\\\/uploads\\\/2022\\\/04\\\/logo-sama.png\",\"width\":237,\"height\":80,\"caption\":\"Delivery Tech Corp.\"},\"image\":{\"@id\":\"https:\\\/\\\/www.emailchef.com\\\/#\\\/schema\\\/logo\\\/image\\\/\"}}]}<\/script>\n<!-- \/ Yoast SEO plugin. -->","yoast_head_json":{"title":"Zarezervujte si bezplatnou prezentaci - Emailchef","robots":{"index":"index","follow":"follow","max-snippet":"max-snippet:-1","max-image-preview":"max-image-preview:large","max-video-preview":"max-video-preview:-1"},"canonical":"https:\/\/www.emailchef.com\/cs\/zarezervujte-si-bezplatnou-prezentaci\/","twitter_misc":{"Odhadovan\u00e1 doba \u010dten\u00ed":"1 minuta"},"schema":{"@context":"https:\/\/schema.org","@graph":[{"@type":"WebPage","@id":"https:\/\/www.emailchef.com\/cs\/zarezervujte-si-bezplatnou-prezentaci\/","url":"https:\/\/www.emailchef.com\/cs\/zarezervujte-si-bezplatnou-prezentaci\/","name":"Zarezervujte si bezplatnou prezentaci - Emailchef","isPartOf":{"@id":"https:\/\/www.emailchef.com\/#website"},"datePublished":"2018-04-26T15:08:16+00:00","breadcrumb":{"@id":"https:\/\/www.emailchef.com\/cs\/zarezervujte-si-bezplatnou-prezentaci\/#breadcrumb"},"inLanguage":"cs","potentialAction":[{"@type":"ReadAction","target":["https:\/\/www.emailchef.com\/cs\/zarezervujte-si-bezplatnou-prezentaci\/"]}]},{"@type":"BreadcrumbList","@id":"https:\/\/www.emailchef.com\/cs\/zarezervujte-si-bezplatnou-prezentaci\/#breadcrumb","itemListElement":[{"@type":"ListItem","position":1,"name":"Home","item":"https:\/\/www.emailchef.com\/cs\/"},{"@type":"ListItem","position":2,"name":"Zarezervujte si bezplatnou prezentaci"}]},{"@type":"WebSite","@id":"https:\/\/www.emailchef.com\/#website","url":"https:\/\/www.emailchef.com\/","name":"Emailchef","description":"Chutn\u00e9 recepty pro email marketing","publisher":{"@id":"https:\/\/www.emailchef.com\/#organization"},"potentialAction":[{"@type":"SearchAction","target":{"@type":"EntryPoint","urlTemplate":"https:\/\/www.emailchef.com\/?s={search_term_string}"},"query-input":{"@type":"PropertyValueSpecification","valueRequired":true,"valueName":"search_term_string"}}],"inLanguage":"cs"},{"@type":"Organization","@id":"https:\/\/www.emailchef.com\/#organization","name":"Delivery Tech Corp.","url":"https:\/\/www.emailchef.com\/","logo":{"@type":"ImageObject","inLanguage":"cs","@id":"https:\/\/www.emailchef.com\/#\/schema\/logo\/image\/","url":"https:\/\/www.emailchef.com\/wp-content\/uploads\/2022\/04\/logo-sama.png","contentUrl":"https:\/\/www.emailchef.com\/wp-content\/uploads\/2022\/04\/logo-sama.png","width":237,"height":80,"caption":"Delivery Tech Corp."},"image":{"@id":"https:\/\/www.emailchef.com\/#\/schema\/logo\/image\/"}}]}},"_links":{"self":[{"href":"https:\/\/www.emailchef.com\/cs\/wp-json\/wp\/v2\/pages\/6811","targetHints":{"allow":["GET"]}}],"collection":[{"href":"https:\/\/www.emailchef.com\/cs\/wp-json\/wp\/v2\/pages"}],"about":[{"href":"https:\/\/www.emailchef.com\/cs\/wp-json\/wp\/v2\/types\/page"}],"author":[{"embeddable":true,"href":"https:\/\/www.emailchef.com\/cs\/wp-json\/wp\/v2\/users\/2"}],"replies":[{"embeddable":true,"href":"https:\/\/www.emailchef.com\/cs\/wp-json\/wp\/v2\/comments?post=6811"}],"version-history":[{"count":1,"href":"https:\/\/www.emailchef.com\/cs\/wp-json\/wp\/v2\/pages\/6811\/revisions"}],"predecessor-version":[{"id":6812,"href":"https:\/\/www.emailchef.com\/cs\/wp-json\/wp\/v2\/pages\/6811\/revisions\/6812"}],"wp:attachment":[{"href":"https:\/\/www.emailchef.com\/cs\/wp-json\/wp\/v2\/media?parent=6811"}],"wp:term":[{"taxonomy":"g1_relation_tag","embeddable":true,"href":"https:\/\/www.emailchef.com\/cs\/wp-json\/wp\/v2\/g1_relation_tag?post=6811"}],"curies":[{"name":"wp","href":"https:\/\/api.w.org\/{rel}","templated":true}]}}