{"id":4403,"date":"2014-09-22T08:20:49","date_gmt":"2014-09-22T08:20:49","guid":{"rendered":"http:\/\/emailchef.com\/cs\/?page_id=4403"},"modified":"2016-03-31T06:44:47","modified_gmt":"2016-03-31T06:44:47","slug":"jak-vytvorit-novy-seznam","status":"publish","type":"page","link":"https:\/\/www.emailchef.com\/cs\/centrum-znalosti\/jak-vytvorit-novy-seznam\/","title":{"rendered":"Jak vytvo\u0159it nov\u00fd seznam"},"content":{"rendered":"<p>Pro vytvo\u0159en\u00ed nov\u00e9ho seznamu s Emailchef, klikn\u011bte na \u201eP\u0159idat kontakty\u201c na hlavn\u00edm panelu, nebo na druh\u00e9 tla\u010d\u00edtko v horn\u00edm menu, \u201eSeznamy\u201c. Budete p\u0159esm\u011brov\u00e1ni na str\u00e1nku spr\u00e1vy kontakt\u016f: klikn\u011bte na \u201eVytvo\u0159it nov\u00fd seznam\u201c.<\/p>\n<p><a href=\"https:\/\/emailchef.com\/wp-content\/uploads\/2014\/09\/new_list-1.jpg\"><img fetchpriority=\"high\" decoding=\"async\" class=\"alignnone wp-image-3994 size-full\" src=\"https:\/\/emailchef.com\/wp-content\/uploads\/2014\/09\/new_list-1.jpg\" alt=\"Jak vytvo\u0159it nov\u00fd seznam\" width=\"1190\" height=\"890\" \/><\/a><\/p>\n<p>Zde m\u016f\u017eete v\u00e1\u0161 seznam pojmenovat a d\u00e1t popis. Navrhujeme pou\u017e\u00edt popisn\u00e1 jm\u00e9na, aby v\u00e1m pomohli rychleji naj\u00edt seznam, kter\u00fd chcete pou\u017e\u00edt.<\/p>\n<p>Pak byste m\u011bli za\u0161krtnout 2 kolonky dole a potvrdit tak, \u017ee je v\u00e1\u0161 seznam v souladu s na\u0161\u00ed antispam politikou a tak\u00e9 politikou ochrany osobn\u00edch \u00fadaj\u016f. To znamen\u00e1, \u017ee p\u0159id\u00e1te jen kontakty, kter\u00e9 dali v\u00fdslovn\u00fd souhlas s p\u0159ij\u00edm\u00e1n\u00edm email\u016f od v\u00e1s: dan\u00e9 dohromady t\u0159eba p\u0159es webov\u00fd p\u0159ihla\u0161ovac\u00ed formul\u00e1\u0159. V \u017e\u00e1dn\u00e9m p\u0159\u00edpad\u011b nepovolujeme pou\u017eit\u00ed p\u016fj\u010den\u00fdch nebo zakoupen\u00fdch seznam\u016f. <\/p>\n","protected":false},"excerpt":{"rendered":"<p>Pro vytvo\u0159en\u00ed nov\u00e9ho seznamu s Emailchef, klikn\u011bte na \u201eP\u0159idat kontakty\u201c na hlavn\u00edm panelu, nebo na druh\u00e9 tla\u010d\u00edtko v horn\u00edm menu, \u201eSeznamy\u201c. Budete p\u0159esm\u011brov\u00e1ni na str\u00e1nku spr\u00e1vy kontakt\u016f: klikn\u011bte na \u201eVytvo\u0159it nov\u00fd seznam\u201c. Zde m\u016f\u017eete v\u00e1\u0161 seznam pojmenovat a d\u00e1t popis. Navrhujeme pou\u017e\u00edt popisn\u00e1 jm\u00e9na, aby v\u00e1m pomohli rychleji naj\u00edt seznam, kter\u00fd chcete pou\u017e\u00edt. Pak byste [&hellip;]<\/p>\n","protected":false},"author":1,"featured_media":0,"parent":4385,"menu_order":0,"comment_status":"closed","ping_status":"closed","template":"","meta":{"_acf_changed":false,"inline_featured_image":false,"footnotes":""},"g1_relation_tag":[],"class_list":["post-4403","page","type-page","status-publish","hentry"],"acf":[],"yoast_head":"<!-- This site is optimized with the Yoast SEO plugin v27.5 - https:\/\/yoast.com\/product\/yoast-seo-wordpress\/ -->\n<title>Jak vytvo\u0159it nov\u00fd seznam - Emailchef<\/title>\n<meta name=\"robots\" content=\"index, follow, max-snippet:-1, max-image-preview:large, max-video-preview:-1\" \/>\n<link rel=\"canonical\" href=\"https:\/\/www.emailchef.com\/cs\/centrum-znalosti\/jak-vytvorit-novy-seznam\/\" \/>\n<meta name=\"twitter:label1\" content=\"Odhadovan\u00e1 doba \u010dten\u00ed\" \/>\n\t<meta name=\"twitter:data1\" content=\"1 minuta\" \/>\n<script type=\"application\/ld+json\" class=\"yoast-schema-graph\">{\"@context\":\"https:\\\/\\\/schema.org\",\"@graph\":[{\"@type\":\"WebPage\",\"@id\":\"https:\\\/\\\/www.emailchef.com\\\/cs\\\/centrum-znalosti\\\/jak-vytvorit-novy-seznam\\\/\",\"url\":\"https:\\\/\\\/www.emailchef.com\\\/cs\\\/centrum-znalosti\\\/jak-vytvorit-novy-seznam\\\/\",\"name\":\"Jak vytvo\u0159it nov\u00fd seznam - Emailchef\",\"isPartOf\":{\"@id\":\"https:\\\/\\\/www.emailchef.com\\\/#website\"},\"primaryImageOfPage\":{\"@id\":\"https:\\\/\\\/www.emailchef.com\\\/cs\\\/centrum-znalosti\\\/jak-vytvorit-novy-seznam\\\/#primaryimage\"},\"image\":{\"@id\":\"https:\\\/\\\/www.emailchef.com\\\/cs\\\/centrum-znalosti\\\/jak-vytvorit-novy-seznam\\\/#primaryimage\"},\"thumbnailUrl\":\"https:\\\/\\\/emailchef.com\\\/wp-content\\\/uploads\\\/2014\\\/09\\\/new_list-1.jpg\",\"datePublished\":\"2014-09-22T08:20:49+00:00\",\"dateModified\":\"2016-03-31T06:44:47+00:00\",\"breadcrumb\":{\"@id\":\"https:\\\/\\\/www.emailchef.com\\\/cs\\\/centrum-znalosti\\\/jak-vytvorit-novy-seznam\\\/#breadcrumb\"},\"inLanguage\":\"cs\",\"potentialAction\":[{\"@type\":\"ReadAction\",\"target\":[\"https:\\\/\\\/www.emailchef.com\\\/cs\\\/centrum-znalosti\\\/jak-vytvorit-novy-seznam\\\/\"]}]},{\"@type\":\"ImageObject\",\"inLanguage\":\"cs\",\"@id\":\"https:\\\/\\\/www.emailchef.com\\\/cs\\\/centrum-znalosti\\\/jak-vytvorit-novy-seznam\\\/#primaryimage\",\"url\":\"https:\\\/\\\/emailchef.com\\\/wp-content\\\/uploads\\\/2014\\\/09\\\/new_list-1.jpg\",\"contentUrl\":\"https:\\\/\\\/emailchef.com\\\/wp-content\\\/uploads\\\/2014\\\/09\\\/new_list-1.jpg\"},{\"@type\":\"BreadcrumbList\",\"@id\":\"https:\\\/\\\/www.emailchef.com\\\/cs\\\/centrum-znalosti\\\/jak-vytvorit-novy-seznam\\\/#breadcrumb\",\"itemListElement\":[{\"@type\":\"ListItem\",\"position\":1,\"name\":\"Home\",\"item\":\"https:\\\/\\\/www.emailchef.com\\\/cs\\\/\"},{\"@type\":\"ListItem\",\"position\":2,\"name\":\"Centrum znalost\u00ed\",\"item\":\"https:\\\/\\\/www.emailchef.com\\\/cs\\\/centrum-znalosti\\\/\"},{\"@type\":\"ListItem\",\"position\":3,\"name\":\"Jak vytvo\u0159it nov\u00fd seznam\"}]},{\"@type\":\"WebSite\",\"@id\":\"https:\\\/\\\/www.emailchef.com\\\/#website\",\"url\":\"https:\\\/\\\/www.emailchef.com\\\/\",\"name\":\"Emailchef\",\"description\":\"Chutn\u00e9 recepty pro email marketing\",\"publisher\":{\"@id\":\"https:\\\/\\\/www.emailchef.com\\\/#organization\"},\"potentialAction\":[{\"@type\":\"SearchAction\",\"target\":{\"@type\":\"EntryPoint\",\"urlTemplate\":\"https:\\\/\\\/www.emailchef.com\\\/?s={search_term_string}\"},\"query-input\":{\"@type\":\"PropertyValueSpecification\",\"valueRequired\":true,\"valueName\":\"search_term_string\"}}],\"inLanguage\":\"cs\"},{\"@type\":\"Organization\",\"@id\":\"https:\\\/\\\/www.emailchef.com\\\/#organization\",\"name\":\"Delivery Tech Corp.\",\"url\":\"https:\\\/\\\/www.emailchef.com\\\/\",\"logo\":{\"@type\":\"ImageObject\",\"inLanguage\":\"cs\",\"@id\":\"https:\\\/\\\/www.emailchef.com\\\/#\\\/schema\\\/logo\\\/image\\\/\",\"url\":\"https:\\\/\\\/www.emailchef.com\\\/wp-content\\\/uploads\\\/2022\\\/04\\\/logo-sama.png\",\"contentUrl\":\"https:\\\/\\\/www.emailchef.com\\\/wp-content\\\/uploads\\\/2022\\\/04\\\/logo-sama.png\",\"width\":237,\"height\":80,\"caption\":\"Delivery Tech Corp.\"},\"image\":{\"@id\":\"https:\\\/\\\/www.emailchef.com\\\/#\\\/schema\\\/logo\\\/image\\\/\"}}]}<\/script>\n<!-- \/ Yoast SEO plugin. -->","yoast_head_json":{"title":"Jak vytvo\u0159it nov\u00fd seznam - Emailchef","robots":{"index":"index","follow":"follow","max-snippet":"max-snippet:-1","max-image-preview":"max-image-preview:large","max-video-preview":"max-video-preview:-1"},"canonical":"https:\/\/www.emailchef.com\/cs\/centrum-znalosti\/jak-vytvorit-novy-seznam\/","twitter_misc":{"Odhadovan\u00e1 doba \u010dten\u00ed":"1 minuta"},"schema":{"@context":"https:\/\/schema.org","@graph":[{"@type":"WebPage","@id":"https:\/\/www.emailchef.com\/cs\/centrum-znalosti\/jak-vytvorit-novy-seznam\/","url":"https:\/\/www.emailchef.com\/cs\/centrum-znalosti\/jak-vytvorit-novy-seznam\/","name":"Jak vytvo\u0159it nov\u00fd seznam - Emailchef","isPartOf":{"@id":"https:\/\/www.emailchef.com\/#website"},"primaryImageOfPage":{"@id":"https:\/\/www.emailchef.com\/cs\/centrum-znalosti\/jak-vytvorit-novy-seznam\/#primaryimage"},"image":{"@id":"https:\/\/www.emailchef.com\/cs\/centrum-znalosti\/jak-vytvorit-novy-seznam\/#primaryimage"},"thumbnailUrl":"https:\/\/emailchef.com\/wp-content\/uploads\/2014\/09\/new_list-1.jpg","datePublished":"2014-09-22T08:20:49+00:00","dateModified":"2016-03-31T06:44:47+00:00","breadcrumb":{"@id":"https:\/\/www.emailchef.com\/cs\/centrum-znalosti\/jak-vytvorit-novy-seznam\/#breadcrumb"},"inLanguage":"cs","potentialAction":[{"@type":"ReadAction","target":["https:\/\/www.emailchef.com\/cs\/centrum-znalosti\/jak-vytvorit-novy-seznam\/"]}]},{"@type":"ImageObject","inLanguage":"cs","@id":"https:\/\/www.emailchef.com\/cs\/centrum-znalosti\/jak-vytvorit-novy-seznam\/#primaryimage","url":"https:\/\/emailchef.com\/wp-content\/uploads\/2014\/09\/new_list-1.jpg","contentUrl":"https:\/\/emailchef.com\/wp-content\/uploads\/2014\/09\/new_list-1.jpg"},{"@type":"BreadcrumbList","@id":"https:\/\/www.emailchef.com\/cs\/centrum-znalosti\/jak-vytvorit-novy-seznam\/#breadcrumb","itemListElement":[{"@type":"ListItem","position":1,"name":"Home","item":"https:\/\/www.emailchef.com\/cs\/"},{"@type":"ListItem","position":2,"name":"Centrum znalost\u00ed","item":"https:\/\/www.emailchef.com\/cs\/centrum-znalosti\/"},{"@type":"ListItem","position":3,"name":"Jak vytvo\u0159it nov\u00fd seznam"}]},{"@type":"WebSite","@id":"https:\/\/www.emailchef.com\/#website","url":"https:\/\/www.emailchef.com\/","name":"Emailchef","description":"Chutn\u00e9 recepty pro email marketing","publisher":{"@id":"https:\/\/www.emailchef.com\/#organization"},"potentialAction":[{"@type":"SearchAction","target":{"@type":"EntryPoint","urlTemplate":"https:\/\/www.emailchef.com\/?s={search_term_string}"},"query-input":{"@type":"PropertyValueSpecification","valueRequired":true,"valueName":"search_term_string"}}],"inLanguage":"cs"},{"@type":"Organization","@id":"https:\/\/www.emailchef.com\/#organization","name":"Delivery Tech Corp.","url":"https:\/\/www.emailchef.com\/","logo":{"@type":"ImageObject","inLanguage":"cs","@id":"https:\/\/www.emailchef.com\/#\/schema\/logo\/image\/","url":"https:\/\/www.emailchef.com\/wp-content\/uploads\/2022\/04\/logo-sama.png","contentUrl":"https:\/\/www.emailchef.com\/wp-content\/uploads\/2022\/04\/logo-sama.png","width":237,"height":80,"caption":"Delivery Tech Corp."},"image":{"@id":"https:\/\/www.emailchef.com\/#\/schema\/logo\/image\/"}}]}},"_links":{"self":[{"href":"https:\/\/www.emailchef.com\/cs\/wp-json\/wp\/v2\/pages\/4403","targetHints":{"allow":["GET"]}}],"collection":[{"href":"https:\/\/www.emailchef.com\/cs\/wp-json\/wp\/v2\/pages"}],"about":[{"href":"https:\/\/www.emailchef.com\/cs\/wp-json\/wp\/v2\/types\/page"}],"author":[{"embeddable":true,"href":"https:\/\/www.emailchef.com\/cs\/wp-json\/wp\/v2\/users\/1"}],"replies":[{"embeddable":true,"href":"https:\/\/www.emailchef.com\/cs\/wp-json\/wp\/v2\/comments?post=4403"}],"version-history":[{"count":1,"href":"https:\/\/www.emailchef.com\/cs\/wp-json\/wp\/v2\/pages\/4403\/revisions"}],"predecessor-version":[{"id":4404,"href":"https:\/\/www.emailchef.com\/cs\/wp-json\/wp\/v2\/pages\/4403\/revisions\/4404"}],"up":[{"embeddable":true,"href":"https:\/\/www.emailchef.com\/cs\/wp-json\/wp\/v2\/pages\/4385"}],"wp:attachment":[{"href":"https:\/\/www.emailchef.com\/cs\/wp-json\/wp\/v2\/media?parent=4403"}],"wp:term":[{"taxonomy":"g1_relation_tag","embeddable":true,"href":"https:\/\/www.emailchef.com\/cs\/wp-json\/wp\/v2\/g1_relation_tag?post=4403"}],"curies":[{"name":"wp","href":"https:\/\/api.w.org\/{rel}","templated":true}]}}